{"id":128,"date":"2018-08-23T09:06:20","date_gmt":"2018-08-23T07:06:20","guid":{"rendered":"https:\/\/lo-werbung.de\/dr-pauly-2018\/?page_id=128"},"modified":"2020-05-14T15:53:04","modified_gmt":"2020-05-14T13:53:04","slug":"orthopaedie","status":"publish","type":"page","link":"https:\/\/dr-thomas-pauly.de\/ar\/%d8%ac%d8%b1%d8%a7%d8%ad%d8%a9-%d8%a7%d9%84%d8%b9%d8%b8%d8%a7%d9%85\/","title":{"rendered":"\u0637\u0628 \u0627\u0644\u0639\u0638\u0627\u0645"},"content":{"rendered":"<div data-elementor-type=\"wp-post\" data-elementor-id=\"128\" class=\"elementor elementor-128\" data-elementor-post-type=\"page\">\n\t\t\t\t\t\t<section class=\"elementor-section elementor-top-section elementor-element elementor-element-482a7ca elementor-section-boxed elementor-section-height-default elementor-section-height-default\" data-id=\"482a7ca\" data-element_type=\"section\" data-settings=\"{&quot;background_background&quot;:&quot;gradient&quot;}\">\n\t\t\t\t\t\t<div class=\"elementor-container elementor-column-gap-default\">\n\t\t\t\t\t<div class=\"elementor-column elementor-col-100 elementor-top-column elementor-element elementor-element-0ce6294\" data-id=\"0ce6294\" data-element_type=\"column\">\n\t\t\t<div class=\"elementor-widget-wrap elementor-element-populated\">\n\t\t\t\t\t\t<div class=\"elementor-element elementor-element-2ffb1f7 elementor-widget elementor-widget-image\" data-id=\"2ffb1f7\" data-element_type=\"widget\" data-widget_type=\"image.default\">\n\t\t\t\t<div class=\"elementor-widget-container\">\n\t\t\t\t\t\t\t\t\t\t\t\t\t\t\t<img fetchpriority=\"high\" decoding=\"async\" width=\"2000\" height=\"600\" src=\"https:\/\/dr-thomas-pauly.de\/wp-content\/uploads\/2020\/05\/orthopaede-duesseldorf-dr-pauly-koenigsallee-praxis-orthopaedie-1.jpg\" class=\"attachment-2048x2048 size-2048x2048 wp-image-1942\" alt=\"\" srcset=\"https:\/\/dr-thomas-pauly.de\/wp-content\/uploads\/2020\/05\/orthopaede-duesseldorf-dr-pauly-koenigsallee-praxis-orthopaedie-1.jpg 2000w, https:\/\/dr-thomas-pauly.de\/wp-content\/uploads\/2020\/05\/orthopaede-duesseldorf-dr-pauly-koenigsallee-praxis-orthopaedie-1-300x90.jpg 300w, https:\/\/dr-thomas-pauly.de\/wp-content\/uploads\/2020\/05\/orthopaede-duesseldorf-dr-pauly-koenigsallee-praxis-orthopaedie-1-1024x307.jpg 1024w, https:\/\/dr-thomas-pauly.de\/wp-content\/uploads\/2020\/05\/orthopaede-duesseldorf-dr-pauly-koenigsallee-praxis-orthopaedie-1-768x230.jpg 768w, https:\/\/dr-thomas-pauly.de\/wp-content\/uploads\/2020\/05\/orthopaede-duesseldorf-dr-pauly-koenigsallee-praxis-orthopaedie-1-1536x461.jpg 1536w\" sizes=\"(max-width: 2000px) 100vw, 2000px\" \/>\t\t\t\t\t\t\t\t\t\t\t\t\t\t\t<\/div>\n\t\t\t\t<\/div>\n\t\t\t\t\t<\/div>\n\t\t<\/div>\n\t\t\t\t\t<\/div>\n\t\t<\/section>\n\t\t\t\t<section class=\"elementor-section elementor-top-section elementor-element elementor-element-ea87989 elementor-section-boxed elementor-section-height-default elementor-section-height-default\" data-id=\"ea87989\" data-element_type=\"section\">\n\t\t\t\t\t\t<div class=\"elementor-container elementor-column-gap-default\">\n\t\t\t\t\t<div class=\"elementor-column elementor-col-66 elementor-top-column elementor-element elementor-element-ebd4774\" data-id=\"ebd4774\" data-element_type=\"column\">\n\t\t\t<div class=\"elementor-widget-wrap elementor-element-populated\">\n\t\t\t\t\t\t<div class=\"elementor-element elementor-element-5bee22f elementor-widget elementor-widget-text-editor\" data-id=\"5bee22f\" data-element_type=\"widget\" data-widget_type=\"text-editor.default\">\n\t\t\t\t<div class=\"elementor-widget-container\">\n\t\t\t\t\t\t\t\t\t<h1>Orthop\u00e4die in der Privatpraxis Dr. med. Thomas Pauly<\/h1><p>\u0628\u0627\u0644\u0646\u0633\u0628\u0629 \u0644\u0645\u0635\u0637\u0644\u062d (Orthop\u00e4die) \"\u0637\u0628 \u0627\u0644\u0639\u0638\u0627\u0645\": \u064a\u062a\u0623\u0644\u0641 \u0645\u0646 \u0627\u0644\u0643\u0644\u0645\u0627\u062a \u0627\u0644\u064a\u0648\u0646\u0627\u0646\u064a\u0629  orthos (\"\u0627\u0644\u0645\u0633\u062a\u0642\u064a\u0645\") \u0648 paidion (\"\u0627\u0644\u0637\u0641\u0644\")\u060c \u0648\u0647\u0648 \u0645\u0627 \u064a\u0639\u0646\u064a \u062d\u0631\u0641\u064a\u064b\u0627 \u0625\u0644\u0649 \u062d\u062f \u0643\u0628\u064a\u0631 \"\u062a\u0635\u0648\u064a\u0628 \u0627\u0644\u0637\u0641\u0644\".<\/p><p>\u062d\u064a\u062b \u0643\u0627\u0646 \u0637\u0628\u064a\u0628 \u0627\u0644\u0623\u0637\u0641\u0627\u0644 \u0627\u0644\u0628\u0627\u0631\u064a\u0633\u064a \u0646\u064a\u0643\u0648\u0644\u0627 \u0623\u0646\u062f\u0631\u064a (1658-1742) \u0648\u0627\u062d\u062f\u064b\u0627 \u0645\u0646 \u0623\u0648\u0627\u0626\u0644 \u0627\u0644\u0630\u064a\u0646 \u0623\u0635\u0628\u062d\u0648\u0627 \u063a\u064a\u0631 \u0645\u062a\u0642\u0628\u0644\u064a\u0646\u00a0\u0644\u0644\u0625\u0646\u062d\u0646\u0627\u0621\u0627\u062a \u0648\u0627\u0644\u062a\u0634\u0648\u0647\u0627\u062a \u0639\u0646\u062f \u0627\u0644\u0623\u0637\u0641\u0627\u0644 \u0628\u0627\u0639\u062a\u0628\u0627\u0631\u0647\u0627 \u0645\u0642\u062f\u0651\u0631\u0629 \u0645\u0646 \u0627\u0644\u0644\u0647\u060c \u0648\u0644\u0643\u0646 \u064a\u0645\u0643\u0646 \u062a\u0642\u0648\u064a\u0645\u0647\u0627 \u0639\u0646 \u0637\u0631\u064a\u0642 \u0627\u0644\u0642\u0636\u0628\u0627\u0646. \u0648\u0641\u064a \u0648\u0642\u062a\u0646\u0627 \u0627\u0644\u062d\u0627\u0644\u064a \u062a\u0623\u0633\u0633\u062a \u0637\u0628 \u0627\u0644\u0639\u0638\u0627\u0645 \u0628\u0627\u0639\u062a\u0628\u0627\u0631\u0647\u0627 \u0639\u0644\u0645 \u0643\u0634\u0641 \u0648\u0639\u0644\u0627\u062c \u0627\u0644\u0639\u064a\u0648\u0628 \u0627\u0644\u062e\u0644\u0642\u064a\u0629 \u0623\u0648 \u0627\u0644\u0645\u0643\u062a\u0633\u0628\u0629 \u0644\u0644\u062c\u0647\u0627\u0632 \u0627\u0644\u0648\u0636\u0639\u064a \u0648\u0627\u0644\u062d\u0631\u0643\u064a\u060c \u0648\u062a\u0646\u0642\u0633\u0645 \u0625\u0644\u0649 \u0637\u0628 \u0627\u0644\u0639\u0638\u0627\u0645 \u0627\u0644\u062c\u0631\u0627\u062d\u064a \u0648\u0627\u0644\u0645\u062d\u0627\u0641\u0638.<\/p><p>\u0648\u0623\u0646\u0627 -\u0634\u062e\u0635\u064a\u064b\u0627- \u0644\u0627 \u0623\u0639\u0645\u0644 \u0625\u0644\u0627 \u0628\u0637\u0628 \u0627\u0644\u0639\u0638\u0627\u0645 \u0627\u0644\u0645\u062d\u0627\u0641\u0638\u0629 (\u0623\u064a \u063a\u064a\u0631 \u0627\u0644\u062c\u0631\u0627\u062d\u064a\u0629).<\/p><h3>\u00a0<\/h3><h3>\u0644\u062d\u0645\u0629 \u0639\u0627\u0645\u0629 \u0639\u0646 \u0646\u0637\u0627\u0642 \u062e\u062f\u0645\u0627\u062a \u0639\u064a\u0627\u062f\u0629 \u0637\u0628 \u0627\u0644\u0639\u0638\u0627\u0645 \u0627\u0644\u062e\u0627\u0635 \"K\u00f694\":<\/h3><ul><li><a href=\"\/ar\/sportmedizin\/\">\u0627\u0644\u0637\u0628 \u0627\u0644\u0631\u064a\u0627\u0636\u064a<\/a><\/li><li><a href=\"https:\/\/dr-thomas-pauly.de\/ar\/4d-wirbelsaeulen-analyse\/\">\u062a\u062d\u0644\u064a\u0644 \u0627\u0644\u0639\u0645\u0648\u062f \u0627\u0644\u0641\u0642\u0631\u064a \u0628\u062a\u0642\u0646\u064a\u0629 4D<\/a><\/li><li>CMD-Diagnostik (CMD = cranio-mandibul\u00e4re Dysfunktion, d. h. Kiefergelenks-Probleme)<\/li><li><a href=\"https:\/\/dr-thomas-pauly.de\/ar\/stand-ganganalyse\/\">Stand-Analyse und Gang-Analyse<\/a><\/li><li><a href=\"https:\/\/dr-thomas-pauly.de\/ar\/einlagenversorgung\/\">\u0627\u0644\u0625\u0645\u062f\u0627\u062f \u0628\u0646\u0639\u0627\u0644 \u0627\u0644\u0623\u062d\u0630\u064a\u0629 \u0627\u0644\u0637\u0628\u064a\u0629\u060c \u0648\u062a\u0634\u0637\u064a\u0628\u0627\u062a \u0627\u0644\u0623\u062d\u0630\u064a\u0629 \u0625\u0630\u0627 \u0644\u0632\u0645 \u0627\u0644\u0623\u0645\u0631<\/a><\/li><li><a href=\"https:\/\/dr-thomas-pauly.de\/ar\/kraftmessung\/\">\u0642\u064a\u0627\u0633 \u0627\u0644\u0642\u0648\u0629 \u0628\u0627\u0633\u062a\u062e\u062f\u0627\u0645 \u062a\u0639\u0644\u064a\u0645\u0627\u062a \u0627\u0644\u062a\u062f\u0631\u064a\u0628 \u0627\u0644\u0645\u0633\u062a\u0647\u062f\u0641\u0629<\/a><\/li><li><a href=\"https:\/\/dr-thomas-pauly.de\/ar\/stosswellentherapie\/\">\u0627\u0644\u0639\u0644\u0627\u062c \u0628\u0627\u0644\u0645\u0648\u062c\u0627\u062a \u0627\u0644\u0635\u062f\u0645\u064a\u0629 (\u0645\u0631\u0643\u0632\u0629 \u0648\u0634\u0639\u0627\u0639\u064a\u0629):<\/a><\/li><li><a href=\"https:\/\/dr-thomas-pauly.de\/ar\/akupunktur\/\">\u0627\u0644\u0648\u062e\u0632 \u0628\u0627\u0644\u0625\u0628\u0631<\/a><\/li><li><a href=\"https:\/\/dr-thomas-pauly.de\/ar\/vibrationstraining\/\">\u0627\u0644\u062a\u062f\u0631\u064a\u0628 \u0627\u0644\u0627\u0647\u062a\u0632\u0627\u0632\u064a \u0643\u062a\u062f\u0631\u064a\u0628 \u0642\u0648\u0629 \u0648\u062d\u064a\u0648\u064a\u0629<\/a><\/li><li><a href=\"https:\/\/dr-thomas-pauly.de\/ar\/manuelle-therapie\/\">\u0627\u0644\u0639\u0644\u0627\u062c \u0627\u0644\u064a\u062f\u0648\u064a (\u062a\u0642\u0648\u064a\u0645 \u0627\u0644\u0639\u0645\u0648\u062f \u0627\u0644\u0641\u0642\u0631\u064a)<\/a><\/li><li><a href=\"https:\/\/dr-thomas-pauly.de\/ar\/spezielle-schmerztherapie\/\">\u0639\u0644\u0627\u062c \u0627\u0644\u0622\u0644\u0627\u0645 \u0627\u0644\u062e\u0627\u0635<\/a><\/li><li><a href=\"https:\/\/dr-thomas-pauly.de\/ar\/arthrosebehandlung\/\">\u0639\u0644\u0627\u062c \u0627\u0644\u062a\u0647\u0627\u0628 \u0627\u0644\u0645\u0641\u0627\u0635\u0644<\/a><\/li><li><a href=\"https:\/\/dr-thomas-pauly.de\/ar\/koerperanalyse-bioimpedanzmessung\/\">Bioimpendanzmessung<\/a><\/li><\/ul>\t\t\t\t\t\t\t\t<\/div>\n\t\t\t\t<\/div>\n\t\t\t\t\t<\/div>\n\t\t<\/div>\n\t\t\t\t<div class=\"elementor-column elementor-col-33 elementor-top-column elementor-element elementor-element-0ca6a8a\" data-id=\"0ca6a8a\" data-element_type=\"column\">\n\t\t\t<div class=\"elementor-widget-wrap elementor-element-populated\">\n\t\t\t\t\t\t<div class=\"elementor-element elementor-element-dbd5173 elementor-widget elementor-widget-accordion\" data-id=\"dbd5173\" data-element_type=\"widget\" data-widget_type=\"accordion.default\">\n\t\t\t\t<div class=\"elementor-widget-container\">\n\t\t\t\t\t\t\t<div class=\"elementor-accordion\">\n\t\t\t\t\t\t\t<div class=\"elementor-accordion-item\">\n\t\t\t\t\t<div id=\"elementor-tab-title-2301\" class=\"elementor-tab-title\" data-tab=\"1\" role=\"button\" aria-controls=\"elementor-tab-content-2301\" aria-expanded=\"false\">\n\t\t\t\t\t\t\t\t\t\t\t\t\t<span class=\"elementor-accordion-icon elementor-accordion-icon-right\" aria-hidden=\"true\">\n\t\t\t\t\t\t\t\t\t\t\t\t\t\t\t<span class=\"elementor-accordion-icon-closed\"><i class=\"far fa-caret-square-down\"><\/i><\/span>\n\t\t\t\t\t\t\t\t<span class=\"elementor-accordion-icon-opened\"><i class=\"far fa-caret-square-up\"><\/i><\/span>\n\t\t\t\t\t\t\t\t\t\t\t\t\t\t<\/span>\n\t\t\t\t\t\t\t\t\t\t\t\t<a class=\"elementor-accordion-title\" tabindex=\"0\">Navigation Orthop\u00e4die<\/a>\n\t\t\t\t\t<\/div>\n\t\t\t\t\t<div id=\"elementor-tab-content-2301\" class=\"elementor-tab-content elementor-clearfix\" data-tab=\"1\" role=\"region\" aria-labelledby=\"elementor-tab-title-2301\"><\/div>\n\t\t\t\t<\/div>\n\t\t\t\t\t\t\t\t<\/div>\n\t\t\t\t\t\t<\/div>\n\t\t\t\t<\/div>\n\t\t\t\t<div class=\"elementor-element elementor-element-7c771ac elementor-widget elementor-widget-image\" data-id=\"7c771ac\" data-element_type=\"widget\" data-widget_type=\"image.default\">\n\t\t\t\t<div class=\"elementor-widget-container\">\n\t\t\t\t\t\t\t\t\t\t\t\t\t\t\t<img decoding=\"async\" width=\"650\" height=\"433\" src=\"https:\/\/dr-thomas-pauly.de\/wp-content\/uploads\/2020\/05\/ortopaede-orthopaedie-duesseldorf-praxis-koenigsallee.jpg\" class=\"attachment-medium_large size-medium_large wp-image-1872\" alt=\"\" srcset=\"https:\/\/dr-thomas-pauly.de\/wp-content\/uploads\/2020\/05\/ortopaede-orthopaedie-duesseldorf-praxis-koenigsallee.jpg 650w, https:\/\/dr-thomas-pauly.de\/wp-content\/uploads\/2020\/05\/ortopaede-orthopaedie-duesseldorf-praxis-koenigsallee-300x200.jpg 300w\" sizes=\"(max-width: 650px) 100vw, 650px\" \/>\t\t\t\t\t\t\t\t\t\t\t\t\t\t\t<\/div>\n\t\t\t\t<\/div>\n\t\t\t\t\t<\/div>\n\t\t<\/div>\n\t\t\t\t\t<\/div>\n\t\t<\/section>\n\t\t\t\t<\/div>","protected":false},"excerpt":{"rendered":"<p>Orthop\u00e4die in der Privatpraxis Dr. med. Thomas Pauly Zum Begriff \u201eOrthop\u00e4die\u201c: Zusammengesetzt aus den griechischen Worten orthos (\u201egerade\u201c) und paidion (\u201eKind\u201c), bedeutet er w\u00f6rtlich so viel wie \u201eein Kind gerade richten\u201c. Der Pariser Kinderarzt Nicolas Andry (1658\u20131742) war einer der ersten, die Verkr\u00fcmmungen und Verkr\u00fcppelungen bei Kindern nicht mehr als gottgegeben hinnahmen, sondern durch Schienen [&hellip;]<\/p>","protected":false},"author":1,"featured_media":0,"parent":0,"menu_order":0,"comment_status":"closed","ping_status":"closed","template":"","meta":{"footnotes":""},"class_list":["post-128","page","type-page","status-publish","hentry"],"yoast_head":"<!-- This site is optimized with the Yoast SEO plugin v25.4 - https:\/\/yoast.com\/wordpress\/plugins\/seo\/ -->\n<title>Orthop\u00e4die in der Privatpraxis Dr. med. Thomas Pauly in D\u00fcsseldorf<\/title>\n<meta name=\"description\" content=\"Orthop\u00e4die in der Privatpraxis Dr. Thomas Pauly - der Spezialist auf der K\u00f6nigsallee in D\u00fcsseldorf f\u00fcr Knieschmerzen, Gelenkschmerzen und R\u00fcckenschmerzen\" \/>\n<meta name=\"robots\" content=\"index, follow, max-snippet:-1, max-image-preview:large, max-video-preview:-1\" \/>\n<link rel=\"canonical\" href=\"https:\/\/dr-thomas-pauly.de\/ar\/orthopaedie\/\" \/>\n<meta property=\"og:locale\" content=\"ar_AR\" \/>\n<meta property=\"og:type\" content=\"article\" \/>\n<meta property=\"og:title\" content=\"Orthop\u00e4die in der Privatpraxis Dr. med. Thomas Pauly in D\u00fcsseldorf\" \/>\n<meta property=\"og:description\" content=\"Orthop\u00e4die in der Privatpraxis Dr. Thomas Pauly - der Spezialist auf der K\u00f6nigsallee in D\u00fcsseldorf f\u00fcr Knieschmerzen, Gelenkschmerzen und R\u00fcckenschmerzen\" \/>\n<meta property=\"og:url\" content=\"https:\/\/dr-thomas-pauly.de\/ar\/orthopaedie\/\" \/>\n<meta property=\"og:site_name\" content=\"Dr. Thomas Pauly\" \/>\n<meta property=\"article:modified_time\" content=\"2020-05-14T13:53:04+00:00\" \/>\n<meta property=\"og:image\" content=\"https:\/\/dr-thomas-pauly.de\/wp-content\/uploads\/2020\/05\/orthopaede-duesseldorf-dr-pauly-koenigsallee-praxis-orthopaedie-1.jpg\" \/>\n<meta name=\"twitter:card\" content=\"summary_large_image\" \/>\n<meta name=\"twitter:site\" content=\"@koe94\" \/>\n<meta name=\"twitter:label1\" content=\"\u0648\u0642\u062a \u0627\u0644\u0642\u0631\u0627\u0621\u0629 \u0627\u0644\u0645\u064f\u0642\u062f\u0651\u0631\" \/>\n\t<meta name=\"twitter:data1\" content=\"\u062f\u0642\u064a\u0642\u0629 \u0648\u0627\u062d\u062f\u0629\" \/>\n<script type=\"application\/ld+json\" class=\"yoast-schema-graph\">{\"@context\":\"https:\/\/schema.org\",\"@graph\":[{\"@type\":\"WebPage\",\"@id\":\"https:\/\/dr-thomas-pauly.de\/orthopaedie\/\",\"url\":\"https:\/\/dr-thomas-pauly.de\/orthopaedie\/\",\"name\":\"Orthop\u00e4die in der Privatpraxis Dr. med. Thomas Pauly in D\u00fcsseldorf\",\"isPartOf\":{\"@id\":\"https:\/\/dr-thomas-pauly.de\/#website\"},\"primaryImageOfPage\":{\"@id\":\"https:\/\/dr-thomas-pauly.de\/orthopaedie\/#primaryimage\"},\"image\":{\"@id\":\"https:\/\/dr-thomas-pauly.de\/orthopaedie\/#primaryimage\"},\"thumbnailUrl\":\"https:\/\/dr-thomas-pauly.de\/wp-content\/uploads\/2020\/05\/orthopaede-duesseldorf-dr-pauly-koenigsallee-praxis-orthopaedie-1.jpg\",\"datePublished\":\"2018-08-23T07:06:20+00:00\",\"dateModified\":\"2020-05-14T13:53:04+00:00\",\"description\":\"Orthop\u00e4die in der Privatpraxis Dr. Thomas Pauly - der Spezialist auf der K\u00f6nigsallee in D\u00fcsseldorf f\u00fcr Knieschmerzen, Gelenkschmerzen und R\u00fcckenschmerzen\",\"breadcrumb\":{\"@id\":\"https:\/\/dr-thomas-pauly.de\/orthopaedie\/#breadcrumb\"},\"inLanguage\":\"ar\",\"potentialAction\":[{\"@type\":\"ReadAction\",\"target\":[\"https:\/\/dr-thomas-pauly.de\/orthopaedie\/\"]}]},{\"@type\":\"ImageObject\",\"inLanguage\":\"ar\",\"@id\":\"https:\/\/dr-thomas-pauly.de\/orthopaedie\/#primaryimage\",\"url\":\"https:\/\/dr-thomas-pauly.de\/wp-content\/uploads\/2020\/05\/orthopaede-duesseldorf-dr-pauly-koenigsallee-praxis-orthopaedie-1.jpg\",\"contentUrl\":\"https:\/\/dr-thomas-pauly.de\/wp-content\/uploads\/2020\/05\/orthopaede-duesseldorf-dr-pauly-koenigsallee-praxis-orthopaedie-1.jpg\"},{\"@type\":\"BreadcrumbList\",\"@id\":\"https:\/\/dr-thomas-pauly.de\/orthopaedie\/#breadcrumb\",\"itemListElement\":[{\"@type\":\"ListItem\",\"position\":1,\"name\":\"Startseite\",\"item\":\"https:\/\/dr-thomas-pauly.de\/\"},{\"@type\":\"ListItem\",\"position\":2,\"name\":\"Orthop\u00e4die\"}]},{\"@type\":\"WebSite\",\"@id\":\"https:\/\/dr-thomas-pauly.de\/#website\",\"url\":\"https:\/\/dr-thomas-pauly.de\/\",\"name\":\"Dr. Thomas Pauly\",\"description\":\"Orthop\u00e4dische Privatpraxis K\u00f6nigsallee 94 in D\u00fcsseldorf.\",\"publisher\":{\"@id\":\"https:\/\/dr-thomas-pauly.de\/#organization\"},\"potentialAction\":[{\"@type\":\"SearchAction\",\"target\":{\"@type\":\"EntryPoint\",\"urlTemplate\":\"https:\/\/dr-thomas-pauly.de\/?s={search_term_string}\"},\"query-input\":{\"@type\":\"PropertyValueSpecification\",\"valueRequired\":true,\"valueName\":\"search_term_string\"}}],\"inLanguage\":\"ar\"},{\"@type\":\"Organization\",\"@id\":\"https:\/\/dr-thomas-pauly.de\/#organization\",\"name\":\"Dr Thomas Pauly\",\"url\":\"https:\/\/dr-thomas-pauly.de\/\",\"logo\":{\"@type\":\"ImageObject\",\"inLanguage\":\"ar\",\"@id\":\"https:\/\/dr-thomas-pauly.de\/#\/schema\/logo\/image\/\",\"url\":\"https:\/\/dr-thomas-pauly.de\/wp-content\/uploads\/2019\/12\/logo-dr-thomas-pauly.png\",\"contentUrl\":\"https:\/\/dr-thomas-pauly.de\/wp-content\/uploads\/2019\/12\/logo-dr-thomas-pauly.png\",\"width\":804,\"height\":772,\"caption\":\"Dr Thomas Pauly\"},\"image\":{\"@id\":\"https:\/\/dr-thomas-pauly.de\/#\/schema\/logo\/image\/\"},\"sameAs\":[\"https:\/\/x.com\/koe94\",\"http:\/\/dr-thomas-pauly\"]}]}<\/script>\n<!-- \/ Yoast SEO plugin. -->","yoast_head_json":{"title":"Orthop\u00e4die in der Privatpraxis Dr. med. Thomas Pauly in D\u00fcsseldorf","description":"Orthop\u00e4die in der Privatpraxis Dr. Thomas Pauly - der Spezialist auf der K\u00f6nigsallee in D\u00fcsseldorf f\u00fcr Knieschmerzen, Gelenkschmerzen und R\u00fcckenschmerzen","robots":{"index":"index","follow":"follow","max-snippet":"max-snippet:-1","max-image-preview":"max-image-preview:large","max-video-preview":"max-video-preview:-1"},"canonical":"https:\/\/dr-thomas-pauly.de\/ar\/orthopaedie\/","og_locale":"ar_AR","og_type":"article","og_title":"Orthop\u00e4die in der Privatpraxis Dr. med. Thomas Pauly in D\u00fcsseldorf","og_description":"Orthop\u00e4die in der Privatpraxis Dr. Thomas Pauly - der Spezialist auf der K\u00f6nigsallee in D\u00fcsseldorf f\u00fcr Knieschmerzen, Gelenkschmerzen und R\u00fcckenschmerzen","og_url":"https:\/\/dr-thomas-pauly.de\/ar\/orthopaedie\/","og_site_name":"Dr. Thomas Pauly","article_modified_time":"2020-05-14T13:53:04+00:00","og_image":[{"url":"https:\/\/dr-thomas-pauly.de\/wp-content\/uploads\/2020\/05\/orthopaede-duesseldorf-dr-pauly-koenigsallee-praxis-orthopaedie-1.jpg","type":"","width":"","height":""}],"twitter_card":"summary_large_image","twitter_site":"@koe94","twitter_misc":{"\u0648\u0642\u062a \u0627\u0644\u0642\u0631\u0627\u0621\u0629 \u0627\u0644\u0645\u064f\u0642\u062f\u0651\u0631":"\u062f\u0642\u064a\u0642\u0629 \u0648\u0627\u062d\u062f\u0629"},"schema":{"@context":"https:\/\/schema.org","@graph":[{"@type":"WebPage","@id":"https:\/\/dr-thomas-pauly.de\/orthopaedie\/","url":"https:\/\/dr-thomas-pauly.de\/orthopaedie\/","name":"Orthop\u00e4die in der Privatpraxis Dr. med. Thomas Pauly in D\u00fcsseldorf","isPartOf":{"@id":"https:\/\/dr-thomas-pauly.de\/#website"},"primaryImageOfPage":{"@id":"https:\/\/dr-thomas-pauly.de\/orthopaedie\/#primaryimage"},"image":{"@id":"https:\/\/dr-thomas-pauly.de\/orthopaedie\/#primaryimage"},"thumbnailUrl":"https:\/\/dr-thomas-pauly.de\/wp-content\/uploads\/2020\/05\/orthopaede-duesseldorf-dr-pauly-koenigsallee-praxis-orthopaedie-1.jpg","datePublished":"2018-08-23T07:06:20+00:00","dateModified":"2020-05-14T13:53:04+00:00","description":"Orthop\u00e4die in der Privatpraxis Dr. Thomas Pauly - der Spezialist auf der K\u00f6nigsallee in D\u00fcsseldorf f\u00fcr Knieschmerzen, Gelenkschmerzen und R\u00fcckenschmerzen","breadcrumb":{"@id":"https:\/\/dr-thomas-pauly.de\/orthopaedie\/#breadcrumb"},"inLanguage":"ar","potentialAction":[{"@type":"ReadAction","target":["https:\/\/dr-thomas-pauly.de\/orthopaedie\/"]}]},{"@type":"ImageObject","inLanguage":"ar","@id":"https:\/\/dr-thomas-pauly.de\/orthopaedie\/#primaryimage","url":"https:\/\/dr-thomas-pauly.de\/wp-content\/uploads\/2020\/05\/orthopaede-duesseldorf-dr-pauly-koenigsallee-praxis-orthopaedie-1.jpg","contentUrl":"https:\/\/dr-thomas-pauly.de\/wp-content\/uploads\/2020\/05\/orthopaede-duesseldorf-dr-pauly-koenigsallee-praxis-orthopaedie-1.jpg"},{"@type":"BreadcrumbList","@id":"https:\/\/dr-thomas-pauly.de\/orthopaedie\/#breadcrumb","itemListElement":[{"@type":"ListItem","position":1,"name":"Startseite","item":"https:\/\/dr-thomas-pauly.de\/"},{"@type":"ListItem","position":2,"name":"Orthop\u00e4die"}]},{"@type":"WebSite","@id":"https:\/\/dr-thomas-pauly.de\/#website","url":"https:\/\/dr-thomas-pauly.de\/","name":"Dr. Thomas Pauly","description":"Orthop\u00e4dische Privatpraxis K\u00f6nigsallee 94 in D\u00fcsseldorf.","publisher":{"@id":"https:\/\/dr-thomas-pauly.de\/#organization"},"potentialAction":[{"@type":"SearchAction","target":{"@type":"EntryPoint","urlTemplate":"https:\/\/dr-thomas-pauly.de\/?s={search_term_string}"},"query-input":{"@type":"PropertyValueSpecification","valueRequired":true,"valueName":"search_term_string"}}],"inLanguage":"ar"},{"@type":"Organization","@id":"https:\/\/dr-thomas-pauly.de\/#organization","name":"Dr Thomas Pauly","url":"https:\/\/dr-thomas-pauly.de\/","logo":{"@type":"ImageObject","inLanguage":"ar","@id":"https:\/\/dr-thomas-pauly.de\/#\/schema\/logo\/image\/","url":"https:\/\/dr-thomas-pauly.de\/wp-content\/uploads\/2019\/12\/logo-dr-thomas-pauly.png","contentUrl":"https:\/\/dr-thomas-pauly.de\/wp-content\/uploads\/2019\/12\/logo-dr-thomas-pauly.png","width":804,"height":772,"caption":"Dr Thomas Pauly"},"image":{"@id":"https:\/\/dr-thomas-pauly.de\/#\/schema\/logo\/image\/"},"sameAs":["https:\/\/x.com\/koe94","http:\/\/dr-thomas-pauly"]}]}},"_links":{"self":[{"href":"https:\/\/dr-thomas-pauly.de\/ar\/wp-json\/wp\/v2\/pages\/128","targetHints":{"allow":["GET"]}}],"collection":[{"href":"https:\/\/dr-thomas-pauly.de\/ar\/wp-json\/wp\/v2\/pages"}],"about":[{"href":"https:\/\/dr-thomas-pauly.de\/ar\/wp-json\/wp\/v2\/types\/page"}],"author":[{"embeddable":true,"href":"https:\/\/dr-thomas-pauly.de\/ar\/wp-json\/wp\/v2\/users\/1"}],"replies":[{"embeddable":true,"href":"https:\/\/dr-thomas-pauly.de\/ar\/wp-json\/wp\/v2\/comments?post=128"}],"version-history":[{"count":34,"href":"https:\/\/dr-thomas-pauly.de\/ar\/wp-json\/wp\/v2\/pages\/128\/revisions"}],"predecessor-version":[{"id":1962,"href":"https:\/\/dr-thomas-pauly.de\/ar\/wp-json\/wp\/v2\/pages\/128\/revisions\/1962"}],"wp:attachment":[{"href":"https:\/\/dr-thomas-pauly.de\/ar\/wp-json\/wp\/v2\/media?parent=128"}],"curies":[{"name":"wp","href":"https:\/\/api.w.org\/{rel}","templated":true}]}}