{"id":142,"date":"2018-08-23T09:43:46","date_gmt":"2018-08-23T07:43:46","guid":{"rendered":"https:\/\/lo-werbung.de\/dr-pauly-2018\/?page_id=142"},"modified":"2020-06-08T12:24:11","modified_gmt":"2020-06-08T10:24:11","slug":"dr-thomas-pauly-duesseldorf-vita","status":"publish","type":"page","link":"https:\/\/dr-thomas-pauly.de\/ar\/dr-thomas-pauly-duesseldorf-vita\/","title":{"rendered":"\u0627\u0644\u0633\u064a\u0631\u0629 \u0627\u0644\u0630\u0627\u062a\u064a\u0629 \u0644\u0644\u062f\u0643\u062a\u0648\u0631 \u062a\u0648\u0645\u0627\u0633 \u0628\u0627\u0648\u0644\u064a"},"content":{"rendered":"<div data-elementor-type=\"wp-post\" data-elementor-id=\"142\" class=\"elementor elementor-142\" data-elementor-post-type=\"page\">\n\t\t\t\t\t\t<section class=\"elementor-section elementor-top-section elementor-element elementor-element-5004560b elementor-section-boxed elementor-section-height-default elementor-section-height-default\" data-id=\"5004560b\" data-element_type=\"section\" data-settings=\"{&quot;background_background&quot;:&quot;gradient&quot;}\">\n\t\t\t\t\t\t<div class=\"elementor-container elementor-column-gap-default\">\n\t\t\t\t\t<div class=\"elementor-column elementor-col-100 elementor-top-column elementor-element elementor-element-d5aebd6\" data-id=\"d5aebd6\" data-element_type=\"column\">\n\t\t\t<div class=\"elementor-widget-wrap elementor-element-populated\">\n\t\t\t\t\t\t<div class=\"elementor-element elementor-element-70c34364 elementor--h-position-center elementor--v-position-middle elementor-arrows-position-inside elementor-pagination-position-inside elementor-widget elementor-widget-slides\" data-id=\"70c34364\" data-element_type=\"widget\" data-settings=\"{&quot;transition_speed&quot;:1000,&quot;navigation&quot;:&quot;both&quot;,&quot;autoplay&quot;:&quot;yes&quot;,&quot;pause_on_hover&quot;:&quot;yes&quot;,&quot;pause_on_interaction&quot;:&quot;yes&quot;,&quot;autoplay_speed&quot;:5000,&quot;infinite&quot;:&quot;yes&quot;,&quot;transition&quot;:&quot;slide&quot;}\" data-widget_type=\"slides.default\">\n\t\t\t\t<div class=\"elementor-widget-container\">\n\t\t\t\t\t\t\t\t\t<div class=\"elementor-swiper\">\n\t\t\t\t\t<div class=\"elementor-slides-wrapper elementor-main-swiper swiper\" role=\"region\" aria-roledescription=\"carousel\" aria-label=\"Slides\" dir=\"rtl\" data-animation=\"\">\n\t\t\t\t<div class=\"swiper-wrapper elementor-slides\">\n\t\t\t\t\t\t\t\t\t\t<div class=\"elementor-repeater-item-f621fb9 swiper-slide\" role=\"group\" aria-roledescription=\"slide\"><div class=\"swiper-slide-bg elementor-ken-burns elementor-ken-burns--in\" role=\"img\"><\/div><div class=\"swiper-slide-inner\" ><div class=\"swiper-slide-contents\"><\/div><\/div><\/div>\t\t\t\t<\/div>\n\t\t\t\t\t\t\t<\/div>\n\t\t\t\t<\/div>\n\t\t\t\t\t\t\t\t<\/div>\n\t\t\t\t<\/div>\n\t\t\t\t\t<\/div>\n\t\t<\/div>\n\t\t\t\t\t<\/div>\n\t\t<\/section>\n\t\t\t\t<section class=\"elementor-section elementor-top-section elementor-element elementor-element-4d43fdd elementor-section-boxed elementor-section-height-default elementor-section-height-default\" data-id=\"4d43fdd\" data-element_type=\"section\">\n\t\t\t\t\t\t<div class=\"elementor-container elementor-column-gap-default\">\n\t\t\t\t\t<div class=\"elementor-column elementor-col-66 elementor-top-column elementor-element elementor-element-874a925\" data-id=\"874a925\" data-element_type=\"column\">\n\t\t\t<div class=\"elementor-widget-wrap elementor-element-populated\">\n\t\t\t\t\t\t<div class=\"elementor-element elementor-element-9c5f00c elementor-widget elementor-widget-text-editor\" data-id=\"9c5f00c\" data-element_type=\"widget\" data-widget_type=\"text-editor.default\">\n\t\t\t\t<div class=\"elementor-widget-container\">\n\t\t\t\t\t\t\t\t\t<h1>\u0627\u0644\u0633\u064a\u0631\u0629 \u0627\u0644\u0630\u0627\u062a\u064a\u0629 \u0644\u0644\u062f\u0643\u062a\u0648\u0631 \u062a\u0648\u0645\u0627\u0633 \u0628\u0627\u0648\u0644\u064a<\/h1>\n<ul>\n<li>\u0645\u0633\u0642\u0637 \u0631\u0623\u0633\u0647 \u0641\u064a \u0645\u062f\u064a\u0646\u0629 \u062f\u0648\u0633\u0644\u062f\u0648\u0631\u0641<\/li>\n<li>\u062f\u0631\u0627\u0633\u0629 \u0627\u0644\u0637\u0628 \u0641\u064a \u0628\u0631\u0644\u064a\u0646 \u0648\u062f\u0648\u0633\u0644\u062f\u0648\u0631\u0641 (1975-1983)<\/li>\n<li>(\u0627\u0645\u062a\u062d\u0627\u0646 \u0627\u0644\u062f\u0648\u0644\u0629 \u0627\u0644\u0637\u0628\u064a \u0641\u064a \u062f\u0648\u0633\u0644\u062f\u0648\u0631\u0641 (1983<\/li>\n<li>Promotion \u00fcber Verletzungen im Eishockeysport (Dr. med., Universit\u00e4t D\u00fcsseldorf, 1983)<br>Unfallchirurgische Ausbildung an der Berufsgenossenschaftlichen Unfallklinik Duis\u00adburg (1983\u20131985)<\/li>\n<li>\u062f\u0648\u0631\u0629 \u062a\u062f\u0631\u064a\u0628\u064a\u0629 \u0641\u064a \u0637\u0628 \u0627\u0644\u0639\u0638\u0627\u0645 \u0641\u064a \u0645\u0633\u062a\u0634\u0641\u0649 Alfried-Krupp-Krankenhaus  \u0628\u0645\u062f\u064a\u0646\u0629 \u0625\u064a\u0633\u0646\u060c \u0628\u064a\u0646 \u0639\u0627\u0645\u064a (1985-1988)<\/li>\n<li>\u0627\u0644\u0639\u0645\u0644 \u0641\u064a \u0645\u0639\u0647\u062f \u0627\u0644\u0637\u0628 \u0627\u0644\u0631\u064a\u0627\u0636\u064a Olympiast\u00fctzpunkt Rhein-Ruhr \u0641\u064a \u0625\u064a\u0633\u0646 (1988-1990\u060c \u0648\u0634\u063a\u0644 \u0645\u0646\u0635\u0628 \u0645\u062f\u064a\u0631 \u0645\u0624\u0642\u062a \u0641\u064a \u0627\u0644\u0639\u0627\u0645 \u0627\u0644\u0623\u062e\u064a\u0631)<\/li>\n<li>\u0637\u0628\u064a\u0628 \u0623\u062e\u0635\u0627\u0626\u064a \u0641\u064a \u0637\u0628 \u0627\u0644\u0639\u0638\u0627\u0645 (1989)<\/li>\n<li>\u0627\u0644\u0627\u0633\u062a\u0642\u0631\u0627\u0631 \u0641\u064a \u0639\u064a\u0627\u062f\u0629 \u062e\u0627\u0635\u0629 \u0637\u0628\u064a\u0628 \u0643\u0623\u062e\u0635\u0627\u0626\u064a \u0641\u064a \u0637\u0628 \u0627\u0644\u0639\u0638\u0627\u0645 (1990)<\/li>\n<li>Sportmedizinischer Betreuer von Bundesliga-Vereinen im Fu\u00dfball (wie Borussia Dortmund, KFC Uerdingen) sowie im Handball (bei der HSG D\u00fcsseldorf) (1989\u20132010)<\/li>\n<li>\u0639\u064a\u0627\u062f\u0629 \u062e\u0627\u0635\u0629 \u0641\u064a \u0623\u0648\u0628\u0631\u0643\u0627\u0633\u0644 \u062f\u0648\u0633\u0644\u062f\u0648\u0631\u0641\u060c \u062a\u0647\u062a\u0645 \u0628\u0635\u0641\u0629 \u062e\u0627\u0635\u0629 \u0628\u0639\u0644\u0627\u062c \u0627\u0644\u0625\u0635\u0627\u0628\u0627\u062a \u0627\u0644\u0631\u064a\u0627\u0636\u064a\u0629 \u0648\u0639\u0644\u0627\u062c \u0627\u0644\u0623\u0644\u0645 \u0648\u0627\u0644\u0648\u0642\u0627\u064a\u0629 \u0645\u0646\u0647\u060c \u0628\u064a\u0646 \u0639\u0627\u0645\u064a  (2010-2003)<\/li>\n<li>\u0645\u0646\u0630 \u0623\u0643\u062a\u0648\u0628\u0631 2013: \u0639\u064a\u0627\u062f\u0629 \u0637\u0628 \u0627\u0644\u0639\u0638\u0627\u0645 \u0627\u0644\u062e\u0627\u0635\u0629 \"K\u00f6 94\" \u0641\u064a \u062f\u0648\u0633\u0644\u062f\u0648\u0631\u0641 \u0627\u0644\u062a\u064a \u062a\u0647\u062a\u0645 \u0628\u0634\u0643\u0644 \u062e\u0627\u0635 \u0628\u0627\u0644\u062a\u0634\u062e\u064a\u0635 (\u062a\u062d\u0644\u064a\u0644 \u0627\u0644\u0639\u0645\u0648\u062f \u0627\u0644\u0641\u0642\u0631\u064a \u0628\u062a\u0642\u0646\u064a\u0629 4D\u060c \u0648\u0642\u064a\u0627\u0633 \u0627\u0644\u0642\u0648\u0629\u060c \u0648\u0627\u0644\u0645\u0648\u062c\u0627\u062a \u0641\u0648\u0642 \u0627\u0644\u0635\u0648\u062a\u064a\u0629) \u0648\u0627\u0644\u0639\u0644\u0627\u062c (\u0627\u0644\u0639\u0644\u0627\u062c \u0628\u0627\u0644\u0645\u0648\u062c\u0627\u062a \u0627\u0644\u0635\u062f\u0645\u064a\u0629\u060c \u0648\u0627\u0644\u0648\u062e\u0632 \u0628\u0627\u0644\u0625\u0628\u0631\u060c \u0648\u0627\u0644\u062a\u062f\u0631\u064a\u0628 \u0627\u0644\u0627\u0647\u062a\u0632\u0627\u0632\u064a \u0628\u0627\u0633\u062a\u062e\u062f\u0627\u0645 \u062c\u0647\u0627\u0632 \u0628\u0627\u0648\u0631 \u0628\u0644\u0627\u064a\u062a\u060c \u0648\u0639\u0644\u0627\u062c \u0627\u0644\u062a\u0647\u0627\u0628 \u0627\u0644\u0645\u0641\u0627\u0635\u0644\u060c \u0648\u0639\u0644\u0627\u062c \u0627\u0644\u0622\u0644\u0627\u0645)<\/li>\n<li>\u0647\u0648\u0627\u064a\u062a\u064a \u0647\u064a \u0627\u0644\u0637\u064a\u0631\u0627\u0646 (2011\/2012 \u062a\u062f\u0631\u064a\u0628 \u0639\u0644\u0649 \u0627\u0644\u0637\u064a\u0631\u0627\u0646 \u0641\u064a \u0627\u0644\u0648\u0644\u0627\u064a\u0627\u062a \u0627\u0644\u0645\u062a\u062d\u062f\u0629 \u0627\u0644\u0623\u0645\u0631\u064a\u0643\u064a\u0629 \u0648\u0641\u064a \u0623\u0644\u0645\u0627\u0646\u064a\u0627)<\/li>\n<\/ul>\t\t\t\t\t\t\t\t<\/div>\n\t\t\t\t<\/div>\n\t\t\t\t\t<\/div>\n\t\t<\/div>\n\t\t\t\t<div class=\"elementor-column elementor-col-33 elementor-top-column elementor-element elementor-element-c508eba\" data-id=\"c508eba\" data-element_type=\"column\">\n\t\t\t<div class=\"elementor-widget-wrap elementor-element-populated\">\n\t\t\t\t\t\t<div class=\"elementor-element elementor-element-4a20702 elementor-widget elementor-widget-image\" data-id=\"4a20702\" data-element_type=\"widget\" data-widget_type=\"image.default\">\n\t\t\t\t<div class=\"elementor-widget-container\">\n\t\t\t\t\t\t\t\t\t\t\t\t\t\t\t<img fetchpriority=\"high\" decoding=\"async\" width=\"433\" height=\"650\" src=\"https:\/\/dr-thomas-pauly.de\/wp-content\/uploads\/2020\/05\/dr-thomas-pauly-orthopaede-sportmedizin-duesseldorf-koenigsallee.jpg\" class=\"attachment-large size-large wp-image-1815\" alt=\"\" srcset=\"https:\/\/dr-thomas-pauly.de\/wp-content\/uploads\/2020\/05\/dr-thomas-pauly-orthopaede-sportmedizin-duesseldorf-koenigsallee.jpg 433w, https:\/\/dr-thomas-pauly.de\/wp-content\/uploads\/2020\/05\/dr-thomas-pauly-orthopaede-sportmedizin-duesseldorf-koenigsallee-200x300.jpg 200w\" sizes=\"(max-width: 433px) 100vw, 433px\" \/>\t\t\t\t\t\t\t\t\t\t\t\t\t\t\t<\/div>\n\t\t\t\t<\/div>\n\t\t\t\t\t<\/div>\n\t\t<\/div>\n\t\t\t\t\t<\/div>\n\t\t<\/section>\n\t\t\t\t<\/div>","protected":false},"excerpt":{"rendered":"<p>Dr. med. Thomas Pauly \u2013 Vita Geburtsstadt D\u00fcsseldorf Studium der Medizin in Berlin und D\u00fcsseldorf (1975\u20131983) Medizinisches Staatsexamen in D\u00fcsseldorf (1983) Promotion \u00fcber Verletzungen im Eishockeysport (Dr. med., Universit\u00e4t D\u00fcsseldorf, 1983)Unfallchirurgische Ausbildung an der Berufsgenossenschaftlichen Unfallklinik Duis\u00adburg (1983\u20131985) Orthop\u00e4dische Ausbildung am Alfried-Krupp-Krankenhaus, Essen (1985\u20131988) T\u00e4tigkeit am Sportmedizinischen Institut des Olympiast\u00fctzpunkts Ruhr-West, Essen (1988\u20131990; zuletzt als [&hellip;]<\/p>","protected":false},"author":1,"featured_media":0,"parent":0,"menu_order":0,"comment_status":"closed","ping_status":"closed","template":"","meta":{"footnotes":""},"class_list":["post-142","page","type-page","status-publish","hentry"],"yoast_head":"<!-- This site is optimized with the Yoast SEO plugin v25.4 - https:\/\/yoast.com\/wordpress\/plugins\/seo\/ -->\n<title>Vita - Dr. med. Thomas Pauly - Facharzt f\u00fcr Orthop\u00e4die in D\u00fcsseldorf<\/title>\n<meta name=\"description\" content=\"Dr. med. Thomas Pauly - Facharzt f\u00fcr Orthop\u00e4die | K\u00f6nigsallee 94 in D\u00fcsseldorf - Machen Sie sich ein Bild \u00fcber meinen pers\u00f6nlichen Werdegang\" \/>\n<meta name=\"robots\" content=\"index, follow, max-snippet:-1, max-image-preview:large, max-video-preview:-1\" \/>\n<link rel=\"canonical\" href=\"http:\/\/dr-thomas-pauly.de\/ar\/dr-thomas-pauly-duesseldorf-vita\/\" \/>\n<meta property=\"og:locale\" content=\"ar_AR\" \/>\n<meta property=\"og:type\" content=\"article\" \/>\n<meta property=\"og:title\" content=\"Vita - Dr. med. Thomas Pauly - Facharzt f\u00fcr Orthop\u00e4die in D\u00fcsseldorf\" \/>\n<meta property=\"og:description\" content=\"Dr. med. Thomas Pauly - Facharzt f\u00fcr Orthop\u00e4die | K\u00f6nigsallee 94 in D\u00fcsseldorf - Machen Sie sich ein Bild \u00fcber meinen pers\u00f6nlichen Werdegang\" \/>\n<meta property=\"og:url\" content=\"http:\/\/dr-thomas-pauly.de\/ar\/dr-thomas-pauly-duesseldorf-vita\/\" \/>\n<meta property=\"og:site_name\" content=\"Dr. Thomas Pauly\" \/>\n<meta property=\"article:modified_time\" content=\"2020-06-08T10:24:11+00:00\" \/>\n<meta property=\"og:image\" content=\"https:\/\/dr-thomas-pauly.de\/wp-content\/uploads\/2020\/05\/dr-thomas-pauly-orthopaede-sportmedizin-duesseldorf-koenigsallee.jpg\" \/>\n<meta name=\"twitter:card\" content=\"summary_large_image\" \/>\n<meta name=\"twitter:site\" content=\"@koe94\" \/>\n<meta name=\"twitter:label1\" content=\"\u0648\u0642\u062a \u0627\u0644\u0642\u0631\u0627\u0621\u0629 \u0627\u0644\u0645\u064f\u0642\u062f\u0651\u0631\" \/>\n\t<meta name=\"twitter:data1\" content=\"\u062f\u0642\u064a\u0642\u0629 \u0648\u0627\u062d\u062f\u0629\" \/>\n<script type=\"application\/ld+json\" class=\"yoast-schema-graph\">{\"@context\":\"https:\/\/schema.org\",\"@graph\":[{\"@type\":\"WebPage\",\"@id\":\"http:\/\/dr-thomas-pauly.de\/en\/dr-thomas-pauly-duesseldorf-vita\/\",\"url\":\"http:\/\/dr-thomas-pauly.de\/en\/dr-thomas-pauly-duesseldorf-vita\/\",\"name\":\"Vita - Dr. med. Thomas Pauly - Facharzt f\u00fcr Orthop\u00e4die in D\u00fcsseldorf\",\"isPartOf\":{\"@id\":\"https:\/\/dr-thomas-pauly.de\/#website\"},\"primaryImageOfPage\":{\"@id\":\"http:\/\/dr-thomas-pauly.de\/en\/dr-thomas-pauly-duesseldorf-vita\/#primaryimage\"},\"image\":{\"@id\":\"http:\/\/dr-thomas-pauly.de\/en\/dr-thomas-pauly-duesseldorf-vita\/#primaryimage\"},\"thumbnailUrl\":\"https:\/\/dr-thomas-pauly.de\/wp-content\/uploads\/2020\/05\/dr-thomas-pauly-orthopaede-sportmedizin-duesseldorf-koenigsallee.jpg\",\"datePublished\":\"2018-08-23T07:43:46+00:00\",\"dateModified\":\"2020-06-08T10:24:11+00:00\",\"description\":\"Dr. med. Thomas Pauly - Facharzt f\u00fcr Orthop\u00e4die | K\u00f6nigsallee 94 in D\u00fcsseldorf - Machen Sie sich ein Bild \u00fcber meinen pers\u00f6nlichen Werdegang\",\"breadcrumb\":{\"@id\":\"http:\/\/dr-thomas-pauly.de\/en\/dr-thomas-pauly-duesseldorf-vita\/#breadcrumb\"},\"inLanguage\":\"ar\",\"potentialAction\":[{\"@type\":\"ReadAction\",\"target\":[\"http:\/\/dr-thomas-pauly.de\/en\/dr-thomas-pauly-duesseldorf-vita\/\"]}]},{\"@type\":\"ImageObject\",\"inLanguage\":\"ar\",\"@id\":\"http:\/\/dr-thomas-pauly.de\/en\/dr-thomas-pauly-duesseldorf-vita\/#primaryimage\",\"url\":\"https:\/\/dr-thomas-pauly.de\/wp-content\/uploads\/2020\/05\/dr-thomas-pauly-orthopaede-sportmedizin-duesseldorf-koenigsallee.jpg\",\"contentUrl\":\"https:\/\/dr-thomas-pauly.de\/wp-content\/uploads\/2020\/05\/dr-thomas-pauly-orthopaede-sportmedizin-duesseldorf-koenigsallee.jpg\"},{\"@type\":\"BreadcrumbList\",\"@id\":\"http:\/\/dr-thomas-pauly.de\/en\/dr-thomas-pauly-duesseldorf-vita\/#breadcrumb\",\"itemListElement\":[{\"@type\":\"ListItem\",\"position\":1,\"name\":\"Startseite\",\"item\":\"https:\/\/dr-thomas-pauly.de\/\"},{\"@type\":\"ListItem\",\"position\":2,\"name\":\"Dr. Thomas Pauly &#8211; Vita\"}]},{\"@type\":\"WebSite\",\"@id\":\"https:\/\/dr-thomas-pauly.de\/#website\",\"url\":\"https:\/\/dr-thomas-pauly.de\/\",\"name\":\"Dr. Thomas Pauly\",\"description\":\"Orthop\u00e4dische Privatpraxis K\u00f6nigsallee 94 in D\u00fcsseldorf.\",\"publisher\":{\"@id\":\"https:\/\/dr-thomas-pauly.de\/#organization\"},\"potentialAction\":[{\"@type\":\"SearchAction\",\"target\":{\"@type\":\"EntryPoint\",\"urlTemplate\":\"https:\/\/dr-thomas-pauly.de\/?s={search_term_string}\"},\"query-input\":{\"@type\":\"PropertyValueSpecification\",\"valueRequired\":true,\"valueName\":\"search_term_string\"}}],\"inLanguage\":\"ar\"},{\"@type\":\"Organization\",\"@id\":\"https:\/\/dr-thomas-pauly.de\/#organization\",\"name\":\"Dr Thomas Pauly\",\"url\":\"https:\/\/dr-thomas-pauly.de\/\",\"logo\":{\"@type\":\"ImageObject\",\"inLanguage\":\"ar\",\"@id\":\"https:\/\/dr-thomas-pauly.de\/#\/schema\/logo\/image\/\",\"url\":\"https:\/\/dr-thomas-pauly.de\/wp-content\/uploads\/2019\/12\/logo-dr-thomas-pauly.png\",\"contentUrl\":\"https:\/\/dr-thomas-pauly.de\/wp-content\/uploads\/2019\/12\/logo-dr-thomas-pauly.png\",\"width\":804,\"height\":772,\"caption\":\"Dr Thomas Pauly\"},\"image\":{\"@id\":\"https:\/\/dr-thomas-pauly.de\/#\/schema\/logo\/image\/\"},\"sameAs\":[\"https:\/\/x.com\/koe94\",\"http:\/\/dr-thomas-pauly\"]}]}<\/script>\n<!-- \/ Yoast SEO plugin. -->","yoast_head_json":{"title":"Vita - Dr. med. Thomas Pauly - Facharzt f\u00fcr Orthop\u00e4die in D\u00fcsseldorf","description":"Dr. med. Thomas Pauly - Facharzt f\u00fcr Orthop\u00e4die | K\u00f6nigsallee 94 in D\u00fcsseldorf - Machen Sie sich ein Bild \u00fcber meinen pers\u00f6nlichen Werdegang","robots":{"index":"index","follow":"follow","max-snippet":"max-snippet:-1","max-image-preview":"max-image-preview:large","max-video-preview":"max-video-preview:-1"},"canonical":"http:\/\/dr-thomas-pauly.de\/ar\/dr-thomas-pauly-duesseldorf-vita\/","og_locale":"ar_AR","og_type":"article","og_title":"Vita - Dr. med. Thomas Pauly - Facharzt f\u00fcr Orthop\u00e4die in D\u00fcsseldorf","og_description":"Dr. med. Thomas Pauly - Facharzt f\u00fcr Orthop\u00e4die | K\u00f6nigsallee 94 in D\u00fcsseldorf - Machen Sie sich ein Bild \u00fcber meinen pers\u00f6nlichen Werdegang","og_url":"http:\/\/dr-thomas-pauly.de\/ar\/dr-thomas-pauly-duesseldorf-vita\/","og_site_name":"Dr. Thomas Pauly","article_modified_time":"2020-06-08T10:24:11+00:00","og_image":[{"url":"https:\/\/dr-thomas-pauly.de\/wp-content\/uploads\/2020\/05\/dr-thomas-pauly-orthopaede-sportmedizin-duesseldorf-koenigsallee.jpg","type":"","width":"","height":""}],"twitter_card":"summary_large_image","twitter_site":"@koe94","twitter_misc":{"\u0648\u0642\u062a \u0627\u0644\u0642\u0631\u0627\u0621\u0629 \u0627\u0644\u0645\u064f\u0642\u062f\u0651\u0631":"\u062f\u0642\u064a\u0642\u0629 \u0648\u0627\u062d\u062f\u0629"},"schema":{"@context":"https:\/\/schema.org","@graph":[{"@type":"WebPage","@id":"http:\/\/dr-thomas-pauly.de\/en\/dr-thomas-pauly-duesseldorf-vita\/","url":"http:\/\/dr-thomas-pauly.de\/en\/dr-thomas-pauly-duesseldorf-vita\/","name":"Vita - Dr. med. Thomas Pauly - Facharzt f\u00fcr Orthop\u00e4die in D\u00fcsseldorf","isPartOf":{"@id":"https:\/\/dr-thomas-pauly.de\/#website"},"primaryImageOfPage":{"@id":"http:\/\/dr-thomas-pauly.de\/en\/dr-thomas-pauly-duesseldorf-vita\/#primaryimage"},"image":{"@id":"http:\/\/dr-thomas-pauly.de\/en\/dr-thomas-pauly-duesseldorf-vita\/#primaryimage"},"thumbnailUrl":"https:\/\/dr-thomas-pauly.de\/wp-content\/uploads\/2020\/05\/dr-thomas-pauly-orthopaede-sportmedizin-duesseldorf-koenigsallee.jpg","datePublished":"2018-08-23T07:43:46+00:00","dateModified":"2020-06-08T10:24:11+00:00","description":"Dr. med. Thomas Pauly - Facharzt f\u00fcr Orthop\u00e4die | K\u00f6nigsallee 94 in D\u00fcsseldorf - Machen Sie sich ein Bild \u00fcber meinen pers\u00f6nlichen Werdegang","breadcrumb":{"@id":"http:\/\/dr-thomas-pauly.de\/en\/dr-thomas-pauly-duesseldorf-vita\/#breadcrumb"},"inLanguage":"ar","potentialAction":[{"@type":"ReadAction","target":["http:\/\/dr-thomas-pauly.de\/en\/dr-thomas-pauly-duesseldorf-vita\/"]}]},{"@type":"ImageObject","inLanguage":"ar","@id":"http:\/\/dr-thomas-pauly.de\/en\/dr-thomas-pauly-duesseldorf-vita\/#primaryimage","url":"https:\/\/dr-thomas-pauly.de\/wp-content\/uploads\/2020\/05\/dr-thomas-pauly-orthopaede-sportmedizin-duesseldorf-koenigsallee.jpg","contentUrl":"https:\/\/dr-thomas-pauly.de\/wp-content\/uploads\/2020\/05\/dr-thomas-pauly-orthopaede-sportmedizin-duesseldorf-koenigsallee.jpg"},{"@type":"BreadcrumbList","@id":"http:\/\/dr-thomas-pauly.de\/en\/dr-thomas-pauly-duesseldorf-vita\/#breadcrumb","itemListElement":[{"@type":"ListItem","position":1,"name":"Startseite","item":"https:\/\/dr-thomas-pauly.de\/"},{"@type":"ListItem","position":2,"name":"Dr. Thomas Pauly &#8211; Vita"}]},{"@type":"WebSite","@id":"https:\/\/dr-thomas-pauly.de\/#website","url":"https:\/\/dr-thomas-pauly.de\/","name":"Dr. Thomas Pauly","description":"Orthop\u00e4dische Privatpraxis K\u00f6nigsallee 94 in D\u00fcsseldorf.","publisher":{"@id":"https:\/\/dr-thomas-pauly.de\/#organization"},"potentialAction":[{"@type":"SearchAction","target":{"@type":"EntryPoint","urlTemplate":"https:\/\/dr-thomas-pauly.de\/?s={search_term_string}"},"query-input":{"@type":"PropertyValueSpecification","valueRequired":true,"valueName":"search_term_string"}}],"inLanguage":"ar"},{"@type":"Organization","@id":"https:\/\/dr-thomas-pauly.de\/#organization","name":"Dr Thomas Pauly","url":"https:\/\/dr-thomas-pauly.de\/","logo":{"@type":"ImageObject","inLanguage":"ar","@id":"https:\/\/dr-thomas-pauly.de\/#\/schema\/logo\/image\/","url":"https:\/\/dr-thomas-pauly.de\/wp-content\/uploads\/2019\/12\/logo-dr-thomas-pauly.png","contentUrl":"https:\/\/dr-thomas-pauly.de\/wp-content\/uploads\/2019\/12\/logo-dr-thomas-pauly.png","width":804,"height":772,"caption":"Dr Thomas Pauly"},"image":{"@id":"https:\/\/dr-thomas-pauly.de\/#\/schema\/logo\/image\/"},"sameAs":["https:\/\/x.com\/koe94","http:\/\/dr-thomas-pauly"]}]}},"_links":{"self":[{"href":"https:\/\/dr-thomas-pauly.de\/ar\/wp-json\/wp\/v2\/pages\/142","targetHints":{"allow":["GET"]}}],"collection":[{"href":"https:\/\/dr-thomas-pauly.de\/ar\/wp-json\/wp\/v2\/pages"}],"about":[{"href":"https:\/\/dr-thomas-pauly.de\/ar\/wp-json\/wp\/v2\/types\/page"}],"author":[{"embeddable":true,"href":"https:\/\/dr-thomas-pauly.de\/ar\/wp-json\/wp\/v2\/users\/1"}],"replies":[{"embeddable":true,"href":"https:\/\/dr-thomas-pauly.de\/ar\/wp-json\/wp\/v2\/comments?post=142"}],"version-history":[{"count":17,"href":"https:\/\/dr-thomas-pauly.de\/ar\/wp-json\/wp\/v2\/pages\/142\/revisions"}],"predecessor-version":[{"id":2007,"href":"https:\/\/dr-thomas-pauly.de\/ar\/wp-json\/wp\/v2\/pages\/142\/revisions\/2007"}],"wp:attachment":[{"href":"https:\/\/dr-thomas-pauly.de\/ar\/wp-json\/wp\/v2\/media?parent=142"}],"curies":[{"name":"wp","href":"https:\/\/api.w.org\/{rel}","templated":true}]}}