{"id":152,"date":"2018-08-23T09:49:56","date_gmt":"2018-08-23T07:49:56","guid":{"rendered":"https:\/\/lo-werbung.de\/dr-pauly-2018\/?page_id=152"},"modified":"2020-05-14T15:04:36","modified_gmt":"2020-05-14T13:04:36","slug":"stosswellentherapie-aesthetische-medizin","status":"publish","type":"page","link":"https:\/\/dr-thomas-pauly.de\/ar\/stosswellentherapie-aesthetische-medizin\/","title":{"rendered":"Sto\u00dfwellentherapie &#8211; \u00c4sthetische Medizin"},"content":{"rendered":"<div data-elementor-type=\"wp-post\" data-elementor-id=\"152\" class=\"elementor elementor-152\" data-elementor-post-type=\"page\">\n\t\t\t\t\t\t<section class=\"elementor-section elementor-top-section elementor-element elementor-element-516d6299 elementor-section-boxed elementor-section-height-default elementor-section-height-default\" data-id=\"516d6299\" data-element_type=\"section\" data-settings=\"{&quot;background_background&quot;:&quot;gradient&quot;}\">\n\t\t\t\t\t\t<div class=\"elementor-container elementor-column-gap-default\">\n\t\t\t\t\t<div class=\"elementor-column elementor-col-100 elementor-top-column elementor-element elementor-element-39971806\" data-id=\"39971806\" data-element_type=\"column\">\n\t\t\t<div class=\"elementor-widget-wrap elementor-element-populated\">\n\t\t\t\t\t\t<div class=\"elementor-element elementor-element-f44320c elementor-widget elementor-widget-image\" data-id=\"f44320c\" data-element_type=\"widget\" data-widget_type=\"image.default\">\n\t\t\t\t<div class=\"elementor-widget-container\">\n\t\t\t\t\t\t\t\t\t\t\t\t\t\t\t<img fetchpriority=\"high\" decoding=\"async\" width=\"2000\" height=\"600\" src=\"https:\/\/dr-thomas-pauly.de\/wp-content\/uploads\/2020\/05\/stosswellentherapie-eswt-stosswelle-duesseldorf-koenigsallee-duesseldorf-dr-thomas-pauly.jpg\" class=\"attachment-2048x2048 size-2048x2048 wp-image-1931\" alt=\"\" srcset=\"https:\/\/dr-thomas-pauly.de\/wp-content\/uploads\/2020\/05\/stosswellentherapie-eswt-stosswelle-duesseldorf-koenigsallee-duesseldorf-dr-thomas-pauly.jpg 2000w, https:\/\/dr-thomas-pauly.de\/wp-content\/uploads\/2020\/05\/stosswellentherapie-eswt-stosswelle-duesseldorf-koenigsallee-duesseldorf-dr-thomas-pauly-300x90.jpg 300w, https:\/\/dr-thomas-pauly.de\/wp-content\/uploads\/2020\/05\/stosswellentherapie-eswt-stosswelle-duesseldorf-koenigsallee-duesseldorf-dr-thomas-pauly-1024x307.jpg 1024w, https:\/\/dr-thomas-pauly.de\/wp-content\/uploads\/2020\/05\/stosswellentherapie-eswt-stosswelle-duesseldorf-koenigsallee-duesseldorf-dr-thomas-pauly-768x230.jpg 768w, https:\/\/dr-thomas-pauly.de\/wp-content\/uploads\/2020\/05\/stosswellentherapie-eswt-stosswelle-duesseldorf-koenigsallee-duesseldorf-dr-thomas-pauly-1536x461.jpg 1536w\" sizes=\"(max-width: 2000px) 100vw, 2000px\" \/>\t\t\t\t\t\t\t\t\t\t\t\t\t\t\t<\/div>\n\t\t\t\t<\/div>\n\t\t\t\t\t<\/div>\n\t\t<\/div>\n\t\t\t\t\t<\/div>\n\t\t<\/section>\n\t\t\t\t<section class=\"elementor-section elementor-top-section elementor-element elementor-element-c06fe3c elementor-section-boxed elementor-section-height-default elementor-section-height-default\" data-id=\"c06fe3c\" data-element_type=\"section\">\n\t\t\t\t\t\t<div class=\"elementor-container elementor-column-gap-default\">\n\t\t\t\t\t<div class=\"elementor-column elementor-col-50 elementor-top-column elementor-element elementor-element-1ddb29e\" data-id=\"1ddb29e\" data-element_type=\"column\">\n\t\t\t<div class=\"elementor-widget-wrap elementor-element-populated\">\n\t\t\t\t\t\t<div class=\"elementor-element elementor-element-23b2f9f elementor-widget elementor-widget-text-editor\" data-id=\"23b2f9f\" data-element_type=\"widget\" data-widget_type=\"text-editor.default\">\n\t\t\t\t<div class=\"elementor-widget-container\">\n\t\t\t\t\t\t\t\t\t<h1>\u0627\u0644\u0639\u0644\u0627\u062c \u0628\u0627\u0644\u0645\u0648\u062c\u0627\u062a \u0627\u0644\u0635\u062f\u0645\u064a\u0629 \u0641\u064a \u0639\u064a\u0627\u062f\u0629 \"K\u00f694\" \u2013 \u0627\u0644\u0637\u0628 \u0627\u0644\u062a\u062c\u0645\u064a\u0644\u064a:<\/h1><p>\u064a\u0634\u0645\u0644 \u0646\u0637\u0627\u0642 \u062e\u062f\u0645\u0627\u062a\u064a \u0641\u064a \u0627\u0644\u0639\u0644\u0627\u062c \u0628\u0627\u0644\u0645\u0648\u062c\u0627\u062a \u0627\u0644\u0635\u062f\u0645\u064a\u0629 \u0639\u0644\u0627\u062c \u0627\u0636\u0637\u0631\u0627\u0628\u0627\u062a \u0627\u0644\u062a\u0645\u062b\u064a\u0644 \u0627\u0644\u063a\u0630\u0627\u0626\u064a \u0644\u0644\u062f\u0647\u0648\u0646 \u0627\u0644\u0645\u0648\u0636\u0639\u064a\u0629\u060c \u0645\u062b\u0644 \u0627\u0644\u062a\u064a \u062a\u0648\u062c\u062f \u0641\u064a \u0627\u0644\u0633\u064a\u0644\u0648\u0644\u064a\u062a (\u0648\u0627\u0644\u0645\u0639\u0631\u0648\u0641\u0629 \u0628\u0640 peau d\u2018orange\u00a0\u0623\u0648 \u0642\u0634\u0631 \u0627\u0644\u0628\u0631\u062a\u0642\u0627\u0644) \u0623\u0648 \u0645\u0634\u0627\u0643\u0644 \"\u0627\u0644\u0641\u062e\u0630\".<\/p><p>\u0627\u0644\u0633\u064a\u0644\u0648\u0644\u064a\u062a (\u0627\u0646\u0638\u0631 \u0646\u0634\u0631\u0629 \u0627\u0644\u0645\u0639\u0644\u0648\u0645\u0627\u062a: \u0639\u0644\u0627\u062c \u0627\u0644\u0633\u064a\u0644\u0648\u0644\u064a\u062a) \u0639\u0628\u0627\u0631\u0629 \u0639\u0646 \u0627\u0646\u062e\u0641\u0627\u0636\u0627\u062a \u0641\u064a \u0627\u0644\u0623\u0646\u0633\u062c\u0629 \u0627\u0644\u062c\u0644\u062f\u064a\u0629 \u0648\u062a\u062d\u062a \u0627\u0644\u062c\u0644\u062f\u064a\u0629\u060c \u0648\u063a\u0627\u0644\u0628\u064b\u0627 \u0645\u0627 \u062a\u0643\u0648\u0646 \u0639\u0644\u0649 \u0627\u0644\u0641\u062e\u0630\u064a\u0646\u060c \u0648\u0643\u0630\u0644\u0643 \u0623\u064a\u0636\u0627 \u0639\u0644\u0649 \u0627\u0644\u0645\u0642\u0639\u062f\u0629. \u0648\u062a\u0646\u0634\u0623 \u0628\u0633\u0628\u0628 \u0639\u062f\u0629 \u0623\u0645\u0648\u0631\u060c \u0645\u0646 \u0628\u064a\u0646\u0647\u0627 \u0627\u0636\u0637\u0631\u0627\u0628\u0627\u062a \u0641\u064a \u0627\u0644\u0623\u0646\u0633\u062c\u0629 \u0627\u0644\u062f\u0647\u0646\u064a\u0629 \u062a\u062d\u062a \u0627\u0644\u062c\u0644\u062f\u064a\u0629\u060c \u0627\u0644\u062a\u064a \u062a\u062a\u0633\u0628\u0628 \u0641\u064a \u062a\u0648\u0633\u0639\u0627\u062a \u0627\u0644\u062e\u0644\u0627\u064a\u0627 \u0627\u0644\u062f\u0647\u0646\u064a\u0629.\u00a0\u0648\u0647\u0630\u0627 \u0628\u062f\u0648\u0631\u0647 \u064a\u0624\u062f\u064a \u0625\u0644\u0649 \u0627\u0636\u0637\u0631\u0627\u0628\u0627\u062a \u0627\u0644\u062f\u0648\u0631\u0629 \u0627\u0644\u062f\u0645\u0648\u064a\u0629\u060c \u0648\u0627\u0644\u062d\u062f \u0645\u0646 \u0641\u0642\u062f\u0627\u0646 \u0627\u0644\u062f\u0647\u0648\u0646. \u0648\u0645\u062b\u0644 \u0647\u0630\u0647 \u0627\u0644\u0627\u0636\u0637\u0631\u0627\u0628\u0627\u062a \u0627\u0644\u0623\u064a\u0636\u064a\u0629 \u0627\u0644\u0645\u0648\u0636\u0639\u064a\u0629 \u0644\u0627 \u064a\u0645\u0643\u0646 \u0627\u0644\u062a\u0635\u062f\u064a \u0644\u0647\u0627 \u0639\u0645\u0648\u0645\u064b\u0627 \u0628\u0627\u0644\u062d\u0645\u064a\u0627\u062a \u0627\u0644\u063a\u0630\u0627\u0626\u064a\u0629\u060c \u0623\u0648 \u0627\u0644\u0641\u064f\u0631\u064e\u0634 \u0627\u0644\u062c\u0627\u0641\u0629\/\u0623\u0648 \u0628\u0627\u0644\u0631\u064a\u0627\u0636\u0629. \u0648\u064a\u0645\u0643\u0646 \u0644\u0644\u0639\u0644\u0627\u062c \u0628\u0627\u0644\u0645\u0648\u062c\u0627\u062a \u0627\u0644\u0635\u062f\u0645\u064a\u0629 \u0627\u0644\u0634\u0639\u0627\u0639\u064a\u0629 \u0623\u0648 \u0627\u0644\u0645\u0631\u0643\u0632\u0629 \u0623\u0646 \u064a\u0642\u062f\u0645 \u062d\u0644\u0627\u064b \u0641\u064a \u0647\u0630\u0627 \u0627\u0644\u0635\u062f\u062f\u060c \u0645\u0646 \u062e\u0644\u0627\u0644 \u062a\u062d\u0633\u064a\u0646 \u0627\u0644\u062a\u062f\u0641\u0642 \u0627\u0644\u0644\u064a\u0645\u0641\u0627\u0648\u064a \u0627\u0644\u0645\u0636\u0637\u0631\u0628\u060c \u0648\u062a\u062d\u0641\u064a\u0632 \u0627\u0644\u0623\u064a\u0636 \u0648\u062f\u0639\u0645 \u0641\u0642\u062f\u0627\u0646 \u0627\u0644\u062f\u0647\u0648\u0646\u061b \u0648\u0628\u0630\u0644\u0643 \u062a\u062a\u062d\u0633\u0646 \u0644\u064a\u0648\u0646\u0629 \u0627\u0644\u062c\u0644\u062f.<\/p><p>\u0627\u0644\u0639\u0644\u0627\u062c \u0628\u0627\u0644\u0645\u0648\u062c\u0627\u062a \u0627\u0644\u0635\u062f\u0645\u064a\u0629 \u063a\u064a\u0631 \u0645\u0624\u0644\u0645 \u0648\u0622\u0645\u0646 \u062a\u0645\u0627\u0645\u064b\u0627. \u0648\u0644\u062a\u062d\u0642\u064a\u0642 \u0627\u0644\u0646\u062c\u0627\u062d \u0641\u064a \u0639\u0644\u0627\u062c \u0627\u0644\u0633\u064a\u0644\u0648\u0644\u064a\u062a\u060c \u064a\u062a\u0637\u0644\u0628 \u0627\u0644\u0623\u0645\u0631 \u0639\u0627\u062f\u0629\u064b \u0645\u0646 6 \u0625\u0644\u0649 8 \u062c\u0644\u0633\u0627\u062a (\u0645\u0648\u0632\u0639\u0629 \u0639\u0644\u0649 3-4 \u0623\u0633\u0627\u0628\u064a\u0639).\u00a0<span style=\"font-size: 0.9rem;\">\u00fcber 3 bis 4 Wochen) erforderlich.<\/span><\/p><p>\u0648\u0628\u0627\u0644\u0625\u0636\u0627\u0641\u0629 \u0625\u0644\u0649 \u0630\u0644\u0643\u060c \u0641\u0625\u0646\u0646\u0627 \u0646\u0642\u062f\u0645 \u0627\u0644\u0645\u0634\u0648\u0631\u0629 \u0627\u0644\u063a\u0630\u0627\u0626\u064a\u0629 \u0641\u0636\u0644\u0627\u064b \u0639\u0646 \u0627\u0644\u062a\u062f\u0631\u064a\u0628 \u0627\u0644\u0627\u0647\u062a\u0632\u0627\u0632\u064a \u0627\u0644\u0641\u0631\u062f\u064a (\u0639\u0644\u0649 \u0644\u0648\u062d\u0627\u062a \u0627\u0647\u062a\u0632\u0627\u0632\u064a\u0629 \u0645\u0627\u0631\u0643\u0629 PowerPlate) \u0641\u064a \u063a\u0631\u0641 \u0639\u064a\u0627\u062f\u062a\u0646\u0627.<\/p>\t\t\t\t\t\t\t\t<\/div>\n\t\t\t\t<\/div>\n\t\t\t\t\t<\/div>\n\t\t<\/div>\n\t\t\t\t<div class=\"elementor-column elementor-col-50 elementor-top-column elementor-element elementor-element-802d137\" data-id=\"802d137\" data-element_type=\"column\" data-settings=\"{&quot;background_background&quot;:&quot;classic&quot;}\">\n\t\t\t<div class=\"elementor-widget-wrap elementor-element-populated\">\n\t\t\t\t\t\t<div class=\"elementor-element elementor-element-6002c38 elementor-cta--skin-classic elementor-animated-content elementor-bg-transform elementor-bg-transform-zoom-in elementor-widget elementor-widget-call-to-action\" data-id=\"6002c38\" data-element_type=\"widget\" data-widget_type=\"call-to-action.default\">\n\t\t\t\t<div class=\"elementor-widget-container\">\n\t\t\t\t\t\t\t<div class=\"elementor-cta\">\n\t\t\t\t\t<div class=\"elementor-cta__bg-wrapper\">\n\t\t\t\t<div class=\"elementor-cta__bg elementor-bg\" style=\"background-image: url(https:\/\/dr-thomas-pauly.de\/wp-content\/uploads\/2019\/03\/cellolite-behandling-stosswelle-eswt-duesseldorf-orthopaede-koenigsallee-pauly.jpg);\" role=\"img\" aria-label=\"cellolite-behandling-stosswelle-eswt-duesseldorf-orthopaede-koenigsallee-pauly\"><\/div>\n\t\t\t\t<div class=\"elementor-cta__bg-overlay\"><\/div>\n\t\t\t<\/div>\n\t\t\t\t\t\t\t<div class=\"elementor-cta__content\">\n\t\t\t\t\n\t\t\t\t\t\t\t\t\t<h2 class=\"elementor-cta__title elementor-cta__content-item elementor-content-item\">\n\t\t\t\t\t\t\u0646\u0634\u0631\u0629 - \u062a\u062d\u0645\u064a\u0644\t\t\t\t\t<\/h2>\n\t\t\t\t\n\t\t\t\t\t\t\t\t\t<div class=\"elementor-cta__description elementor-cta__content-item elementor-content-item\">\n\t\t\t\t\t\t\u0639\u0644\u0627\u062c \u0627\u0644\u0633\u064a\u0644\u0648\u0644\u064a\u062a \u0641\u064a \u0639\u064a\u0627\u062f\u0629 \u0637\u0628 \u0627\u0644\u0639\u0638\u0627\u0645 \u0627\u0644\u062e\u0627\u0635\u0629 \u0644\u0644\u062f\u0643\u062a\u0648\u0631 \u0627\u0644\u0637\u0628\u064a\u0628 \u062a\u0648\u0645\u0627\u0633 \u0628\u0627\u0648\u0644\u064a.\t\t\t\t\t<\/div>\n\t\t\t\t\n\t\t\t\t\t\t\t\t\t<div class=\"elementor-cta__button-wrapper elementor-cta__content-item elementor-content-item\">\n\t\t\t\t\t<a class=\"elementor-cta__button elementor-button elementor-size-\" href=\"\/wp-content\/uploads\/2019\/03\/Orthop%C3%A4die-Praxis-Dr-Pauly-D%C3%BCsseldorf-Cellutite-Behandung.pdf\" target=\"_blank\">\n\t\t\t\t\t\t\u0639\u0631\u0636 \u0627\u0644\u0646\u0634\u0631\u0627\u062a!\t\t\t\t\t<\/a>\n\t\t\t\t\t<\/div>\n\t\t\t\t\t\t\t<\/div>\n\t\t\t\t\t\t<\/div>\n\t\t\t\t\t\t<\/div>\n\t\t\t\t<\/div>\n\t\t\t\t<div class=\"elementor-element elementor-element-7051e12 elementor-widget elementor-widget-accordion\" data-id=\"7051e12\" data-element_type=\"widget\" data-widget_type=\"accordion.default\">\n\t\t\t\t<div class=\"elementor-widget-container\">\n\t\t\t\t\t\t\t<div class=\"elementor-accordion\">\n\t\t\t\t\t\t\t<div class=\"elementor-accordion-item\">\n\t\t\t\t\t<div id=\"elementor-tab-title-1171\" class=\"elementor-tab-title\" data-tab=\"1\" role=\"button\" aria-controls=\"elementor-tab-content-1171\" aria-expanded=\"false\">\n\t\t\t\t\t\t\t\t\t\t\t\t\t<span class=\"elementor-accordion-icon elementor-accordion-icon-right\" aria-hidden=\"true\">\n\t\t\t\t\t\t\t\t\t\t\t\t\t\t\t<i class=\"elementor-accordion-icon-closed fa fa-toggle-down\"><\/i>\n\t\t\t\t\t\t\t\t<i class=\"elementor-accordion-icon-opened fa fa-toggle-up\"><\/i>\n\t\t\t\t\t\t\t\t\t\t\t\t\t\t<\/span>\n\t\t\t\t\t\t\t\t\t\t\t\t<a class=\"elementor-accordion-title\" tabindex=\"0\">\u0627\u0644\u0645\u0644\u0627\u062d\u0629 \u0627\u0644\u0642\u0627\u0626\u0645\u0629<\/a>\n\t\t\t\t\t<\/div>\n\t\t\t\t\t<div id=\"elementor-tab-content-1171\" class=\"elementor-tab-content elementor-clearfix\" data-tab=\"1\" role=\"region\" aria-labelledby=\"elementor-tab-title-1171\"><\/div>\n\t\t\t\t<\/div>\n\t\t\t\t\t\t\t\t<\/div>\n\t\t\t\t\t\t<\/div>\n\t\t\t\t<\/div>\n\t\t\t\t\t<\/div>\n\t\t<\/div>\n\t\t\t\t\t<\/div>\n\t\t<\/section>\n\t\t\t\t<\/div>","protected":false},"excerpt":{"rendered":"<p>Sto\u00dfwellentherapie K\u00f694 \u2013 \u00c4sthetische Medizin Mein Leistungsspektrum in der Sto\u00dfwellen-Therapie umfasst auch die Behandlung lokaler Fett-Stoffwechselst\u00f6rungen, wie sie bei einer Cellulite (auch als peau d\u2018orange oder Orangenhaut bekannt) oder der \u201eReithosen\u201c-Problematik vorliegen. Cellulite (siehe Infoflyer: Cellulite-Behandlung) sind Vertiefungen der Haut und des Unterhautgewebes, meist an den Oberschenkeln, aber auch am Ges\u00e4\u00df. Sie entstehen u. a. [&hellip;]<\/p>","protected":false},"author":1,"featured_media":0,"parent":0,"menu_order":0,"comment_status":"closed","ping_status":"closed","template":"","meta":{"footnotes":""},"class_list":["post-152","page","type-page","status-publish","hentry"],"yoast_head":"<!-- This site is optimized with the Yoast SEO plugin v25.4 - https:\/\/yoast.com\/wordpress\/plugins\/seo\/ -->\n<title>Stosswellentherapie | \u00c4sthetische Medizin - Dr. Thomas Pauly | D\u00fcsseldorf<\/title>\n<meta name=\"description\" content=\"Stosswellentherapie D\u00fcsseldorf - Behandlung von Cellulite (Orangenhaut) oder der Reithosenproblematik in der orthop\u00e4dischen Privatpraxis Dr. Thomas Pauly\" \/>\n<meta name=\"robots\" content=\"index, follow, max-snippet:-1, max-image-preview:large, max-video-preview:-1\" \/>\n<link rel=\"canonical\" href=\"https:\/\/dr-thomas-pauly.de\/ar\/stosswellentherapie-aesthetische-medizin\/\" \/>\n<meta property=\"og:locale\" content=\"ar_AR\" \/>\n<meta property=\"og:type\" content=\"article\" \/>\n<meta property=\"og:title\" content=\"Stosswellentherapie | \u00c4sthetische Medizin - Dr. Thomas Pauly | D\u00fcsseldorf\" \/>\n<meta property=\"og:description\" content=\"Stosswellentherapie D\u00fcsseldorf - Behandlung von Cellulite (Orangenhaut) oder der Reithosenproblematik in der orthop\u00e4dischen Privatpraxis Dr. Thomas Pauly\" \/>\n<meta property=\"og:url\" content=\"https:\/\/dr-thomas-pauly.de\/ar\/stosswellentherapie-aesthetische-medizin\/\" \/>\n<meta property=\"og:site_name\" content=\"Dr. Thomas Pauly\" \/>\n<meta property=\"article:modified_time\" content=\"2020-05-14T13:04:36+00:00\" \/>\n<meta property=\"og:image\" content=\"https:\/\/dr-thomas-pauly.de\/wp-content\/uploads\/2020\/05\/stosswellentherapie-eswt-stosswelle-duesseldorf-koenigsallee-duesseldorf-dr-thomas-pauly.jpg\" \/>\n<meta name=\"twitter:card\" content=\"summary_large_image\" \/>\n<meta name=\"twitter:site\" content=\"@koe94\" \/>\n<meta name=\"twitter:label1\" content=\"\u0648\u0642\u062a \u0627\u0644\u0642\u0631\u0627\u0621\u0629 \u0627\u0644\u0645\u064f\u0642\u062f\u0651\u0631\" \/>\n\t<meta name=\"twitter:data1\" content=\"\u062f\u0642\u064a\u0642\u0629 \u0648\u0627\u062d\u062f\u0629\" \/>\n<script type=\"application\/ld+json\" class=\"yoast-schema-graph\">{\"@context\":\"https:\/\/schema.org\",\"@graph\":[{\"@type\":\"WebPage\",\"@id\":\"https:\/\/dr-thomas-pauly.de\/ru\/stosswellentherapie-aesthetische-medizin\/\",\"url\":\"https:\/\/dr-thomas-pauly.de\/ru\/stosswellentherapie-aesthetische-medizin\/\",\"name\":\"Stosswellentherapie | \u00c4sthetische Medizin - Dr. Thomas Pauly | D\u00fcsseldorf\",\"isPartOf\":{\"@id\":\"https:\/\/dr-thomas-pauly.de\/#website\"},\"primaryImageOfPage\":{\"@id\":\"https:\/\/dr-thomas-pauly.de\/ru\/stosswellentherapie-aesthetische-medizin\/#primaryimage\"},\"image\":{\"@id\":\"https:\/\/dr-thomas-pauly.de\/ru\/stosswellentherapie-aesthetische-medizin\/#primaryimage\"},\"thumbnailUrl\":\"https:\/\/dr-thomas-pauly.de\/wp-content\/uploads\/2020\/05\/stosswellentherapie-eswt-stosswelle-duesseldorf-koenigsallee-duesseldorf-dr-thomas-pauly.jpg\",\"datePublished\":\"2018-08-23T07:49:56+00:00\",\"dateModified\":\"2020-05-14T13:04:36+00:00\",\"description\":\"Stosswellentherapie D\u00fcsseldorf - Behandlung von Cellulite (Orangenhaut) oder der Reithosenproblematik in der orthop\u00e4dischen Privatpraxis Dr. Thomas Pauly\",\"breadcrumb\":{\"@id\":\"https:\/\/dr-thomas-pauly.de\/ru\/stosswellentherapie-aesthetische-medizin\/#breadcrumb\"},\"inLanguage\":\"ar\",\"potentialAction\":[{\"@type\":\"ReadAction\",\"target\":[\"https:\/\/dr-thomas-pauly.de\/ru\/stosswellentherapie-aesthetische-medizin\/\"]}]},{\"@type\":\"ImageObject\",\"inLanguage\":\"ar\",\"@id\":\"https:\/\/dr-thomas-pauly.de\/ru\/stosswellentherapie-aesthetische-medizin\/#primaryimage\",\"url\":\"https:\/\/dr-thomas-pauly.de\/wp-content\/uploads\/2020\/05\/stosswellentherapie-eswt-stosswelle-duesseldorf-koenigsallee-duesseldorf-dr-thomas-pauly.jpg\",\"contentUrl\":\"https:\/\/dr-thomas-pauly.de\/wp-content\/uploads\/2020\/05\/stosswellentherapie-eswt-stosswelle-duesseldorf-koenigsallee-duesseldorf-dr-thomas-pauly.jpg\"},{\"@type\":\"BreadcrumbList\",\"@id\":\"https:\/\/dr-thomas-pauly.de\/ru\/stosswellentherapie-aesthetische-medizin\/#breadcrumb\",\"itemListElement\":[{\"@type\":\"ListItem\",\"position\":1,\"name\":\"Startseite\",\"item\":\"https:\/\/dr-thomas-pauly.de\/\"},{\"@type\":\"ListItem\",\"position\":2,\"name\":\"Sto\u00dfwellentherapie &#8211; \u00c4sthetische Medizin\"}]},{\"@type\":\"WebSite\",\"@id\":\"https:\/\/dr-thomas-pauly.de\/#website\",\"url\":\"https:\/\/dr-thomas-pauly.de\/\",\"name\":\"Dr. Thomas Pauly\",\"description\":\"Orthop\u00e4dische Privatpraxis K\u00f6nigsallee 94 in D\u00fcsseldorf.\",\"publisher\":{\"@id\":\"https:\/\/dr-thomas-pauly.de\/#organization\"},\"potentialAction\":[{\"@type\":\"SearchAction\",\"target\":{\"@type\":\"EntryPoint\",\"urlTemplate\":\"https:\/\/dr-thomas-pauly.de\/?s={search_term_string}\"},\"query-input\":{\"@type\":\"PropertyValueSpecification\",\"valueRequired\":true,\"valueName\":\"search_term_string\"}}],\"inLanguage\":\"ar\"},{\"@type\":\"Organization\",\"@id\":\"https:\/\/dr-thomas-pauly.de\/#organization\",\"name\":\"Dr Thomas Pauly\",\"url\":\"https:\/\/dr-thomas-pauly.de\/\",\"logo\":{\"@type\":\"ImageObject\",\"inLanguage\":\"ar\",\"@id\":\"https:\/\/dr-thomas-pauly.de\/#\/schema\/logo\/image\/\",\"url\":\"https:\/\/dr-thomas-pauly.de\/wp-content\/uploads\/2019\/12\/logo-dr-thomas-pauly.png\",\"contentUrl\":\"https:\/\/dr-thomas-pauly.de\/wp-content\/uploads\/2019\/12\/logo-dr-thomas-pauly.png\",\"width\":804,\"height\":772,\"caption\":\"Dr Thomas Pauly\"},\"image\":{\"@id\":\"https:\/\/dr-thomas-pauly.de\/#\/schema\/logo\/image\/\"},\"sameAs\":[\"https:\/\/x.com\/koe94\",\"http:\/\/dr-thomas-pauly\"]}]}<\/script>\n<!-- \/ Yoast SEO plugin. -->","yoast_head_json":{"title":"Stosswellentherapie | \u00c4sthetische Medizin - Dr. Thomas Pauly | D\u00fcsseldorf","description":"Stosswellentherapie D\u00fcsseldorf - Behandlung von Cellulite (Orangenhaut) oder der Reithosenproblematik in der orthop\u00e4dischen Privatpraxis Dr. Thomas Pauly","robots":{"index":"index","follow":"follow","max-snippet":"max-snippet:-1","max-image-preview":"max-image-preview:large","max-video-preview":"max-video-preview:-1"},"canonical":"https:\/\/dr-thomas-pauly.de\/ar\/stosswellentherapie-aesthetische-medizin\/","og_locale":"ar_AR","og_type":"article","og_title":"Stosswellentherapie | \u00c4sthetische Medizin - Dr. Thomas Pauly | D\u00fcsseldorf","og_description":"Stosswellentherapie D\u00fcsseldorf - Behandlung von Cellulite (Orangenhaut) oder der Reithosenproblematik in der orthop\u00e4dischen Privatpraxis Dr. Thomas Pauly","og_url":"https:\/\/dr-thomas-pauly.de\/ar\/stosswellentherapie-aesthetische-medizin\/","og_site_name":"Dr. Thomas Pauly","article_modified_time":"2020-05-14T13:04:36+00:00","og_image":[{"url":"https:\/\/dr-thomas-pauly.de\/wp-content\/uploads\/2020\/05\/stosswellentherapie-eswt-stosswelle-duesseldorf-koenigsallee-duesseldorf-dr-thomas-pauly.jpg","type":"","width":"","height":""}],"twitter_card":"summary_large_image","twitter_site":"@koe94","twitter_misc":{"\u0648\u0642\u062a \u0627\u0644\u0642\u0631\u0627\u0621\u0629 \u0627\u0644\u0645\u064f\u0642\u062f\u0651\u0631":"\u062f\u0642\u064a\u0642\u0629 \u0648\u0627\u062d\u062f\u0629"},"schema":{"@context":"https:\/\/schema.org","@graph":[{"@type":"WebPage","@id":"https:\/\/dr-thomas-pauly.de\/ru\/stosswellentherapie-aesthetische-medizin\/","url":"https:\/\/dr-thomas-pauly.de\/ru\/stosswellentherapie-aesthetische-medizin\/","name":"Stosswellentherapie | \u00c4sthetische Medizin - Dr. Thomas Pauly | D\u00fcsseldorf","isPartOf":{"@id":"https:\/\/dr-thomas-pauly.de\/#website"},"primaryImageOfPage":{"@id":"https:\/\/dr-thomas-pauly.de\/ru\/stosswellentherapie-aesthetische-medizin\/#primaryimage"},"image":{"@id":"https:\/\/dr-thomas-pauly.de\/ru\/stosswellentherapie-aesthetische-medizin\/#primaryimage"},"thumbnailUrl":"https:\/\/dr-thomas-pauly.de\/wp-content\/uploads\/2020\/05\/stosswellentherapie-eswt-stosswelle-duesseldorf-koenigsallee-duesseldorf-dr-thomas-pauly.jpg","datePublished":"2018-08-23T07:49:56+00:00","dateModified":"2020-05-14T13:04:36+00:00","description":"Stosswellentherapie D\u00fcsseldorf - Behandlung von Cellulite (Orangenhaut) oder der Reithosenproblematik in der orthop\u00e4dischen Privatpraxis Dr. Thomas Pauly","breadcrumb":{"@id":"https:\/\/dr-thomas-pauly.de\/ru\/stosswellentherapie-aesthetische-medizin\/#breadcrumb"},"inLanguage":"ar","potentialAction":[{"@type":"ReadAction","target":["https:\/\/dr-thomas-pauly.de\/ru\/stosswellentherapie-aesthetische-medizin\/"]}]},{"@type":"ImageObject","inLanguage":"ar","@id":"https:\/\/dr-thomas-pauly.de\/ru\/stosswellentherapie-aesthetische-medizin\/#primaryimage","url":"https:\/\/dr-thomas-pauly.de\/wp-content\/uploads\/2020\/05\/stosswellentherapie-eswt-stosswelle-duesseldorf-koenigsallee-duesseldorf-dr-thomas-pauly.jpg","contentUrl":"https:\/\/dr-thomas-pauly.de\/wp-content\/uploads\/2020\/05\/stosswellentherapie-eswt-stosswelle-duesseldorf-koenigsallee-duesseldorf-dr-thomas-pauly.jpg"},{"@type":"BreadcrumbList","@id":"https:\/\/dr-thomas-pauly.de\/ru\/stosswellentherapie-aesthetische-medizin\/#breadcrumb","itemListElement":[{"@type":"ListItem","position":1,"name":"Startseite","item":"https:\/\/dr-thomas-pauly.de\/"},{"@type":"ListItem","position":2,"name":"Sto\u00dfwellentherapie &#8211; \u00c4sthetische Medizin"}]},{"@type":"WebSite","@id":"https:\/\/dr-thomas-pauly.de\/#website","url":"https:\/\/dr-thomas-pauly.de\/","name":"Dr. Thomas Pauly","description":"Orthop\u00e4dische Privatpraxis K\u00f6nigsallee 94 in D\u00fcsseldorf.","publisher":{"@id":"https:\/\/dr-thomas-pauly.de\/#organization"},"potentialAction":[{"@type":"SearchAction","target":{"@type":"EntryPoint","urlTemplate":"https:\/\/dr-thomas-pauly.de\/?s={search_term_string}"},"query-input":{"@type":"PropertyValueSpecification","valueRequired":true,"valueName":"search_term_string"}}],"inLanguage":"ar"},{"@type":"Organization","@id":"https:\/\/dr-thomas-pauly.de\/#organization","name":"Dr Thomas Pauly","url":"https:\/\/dr-thomas-pauly.de\/","logo":{"@type":"ImageObject","inLanguage":"ar","@id":"https:\/\/dr-thomas-pauly.de\/#\/schema\/logo\/image\/","url":"https:\/\/dr-thomas-pauly.de\/wp-content\/uploads\/2019\/12\/logo-dr-thomas-pauly.png","contentUrl":"https:\/\/dr-thomas-pauly.de\/wp-content\/uploads\/2019\/12\/logo-dr-thomas-pauly.png","width":804,"height":772,"caption":"Dr Thomas Pauly"},"image":{"@id":"https:\/\/dr-thomas-pauly.de\/#\/schema\/logo\/image\/"},"sameAs":["https:\/\/x.com\/koe94","http:\/\/dr-thomas-pauly"]}]}},"_links":{"self":[{"href":"https:\/\/dr-thomas-pauly.de\/ar\/wp-json\/wp\/v2\/pages\/152","targetHints":{"allow":["GET"]}}],"collection":[{"href":"https:\/\/dr-thomas-pauly.de\/ar\/wp-json\/wp\/v2\/pages"}],"about":[{"href":"https:\/\/dr-thomas-pauly.de\/ar\/wp-json\/wp\/v2\/types\/page"}],"author":[{"embeddable":true,"href":"https:\/\/dr-thomas-pauly.de\/ar\/wp-json\/wp\/v2\/users\/1"}],"replies":[{"embeddable":true,"href":"https:\/\/dr-thomas-pauly.de\/ar\/wp-json\/wp\/v2\/comments?post=152"}],"version-history":[{"count":11,"href":"https:\/\/dr-thomas-pauly.de\/ar\/wp-json\/wp\/v2\/pages\/152\/revisions"}],"predecessor-version":[{"id":1933,"href":"https:\/\/dr-thomas-pauly.de\/ar\/wp-json\/wp\/v2\/pages\/152\/revisions\/1933"}],"wp:attachment":[{"href":"https:\/\/dr-thomas-pauly.de\/ar\/wp-json\/wp\/v2\/media?parent=152"}],"curies":[{"name":"wp","href":"https:\/\/api.w.org\/{rel}","templated":true}]}}