{"id":160,"date":"2018-08-23T09:51:21","date_gmt":"2018-08-23T07:51:21","guid":{"rendered":"https:\/\/lo-werbung.de\/dr-pauly-2018\/?page_id=160"},"modified":"2020-12-21T22:43:56","modified_gmt":"2020-12-21T21:43:56","slug":"impressum","status":"publish","type":"page","link":"https:\/\/dr-thomas-pauly.de\/ar\/impressum\/","title":{"rendered":"\u0645\u0639\u0644\u0648\u0645\u0627\u062a \u0642\u0627\u0646\u0648\u0646\u064a\u0629"},"content":{"rendered":"<div data-elementor-type=\"wp-post\" data-elementor-id=\"160\" class=\"elementor elementor-160\" data-elementor-post-type=\"page\">\n\t\t\t\t\t\t<section class=\"elementor-section elementor-top-section elementor-element elementor-element-7adcc5cc elementor-section-boxed elementor-section-height-default elementor-section-height-default\" data-id=\"7adcc5cc\" data-element_type=\"section\" data-settings=\"{&quot;background_background&quot;:&quot;gradient&quot;}\">\n\t\t\t\t\t\t<div class=\"elementor-container elementor-column-gap-default\">\n\t\t\t\t\t<div class=\"elementor-column elementor-col-100 elementor-top-column elementor-element elementor-element-2bc140b9\" data-id=\"2bc140b9\" data-element_type=\"column\">\n\t\t\t<div class=\"elementor-widget-wrap elementor-element-populated\">\n\t\t\t\t\t\t<div class=\"elementor-element elementor-element-2c15c640 elementor--h-position-center elementor--v-position-middle elementor-arrows-position-inside elementor-pagination-position-inside elementor-widget elementor-widget-slides\" data-id=\"2c15c640\" data-element_type=\"widget\" data-settings=\"{&quot;transition_speed&quot;:1000,&quot;navigation&quot;:&quot;both&quot;,&quot;autoplay&quot;:&quot;yes&quot;,&quot;pause_on_hover&quot;:&quot;yes&quot;,&quot;pause_on_interaction&quot;:&quot;yes&quot;,&quot;autoplay_speed&quot;:5000,&quot;infinite&quot;:&quot;yes&quot;,&quot;transition&quot;:&quot;slide&quot;}\" data-widget_type=\"slides.default\">\n\t\t\t\t<div class=\"elementor-widget-container\">\n\t\t\t\t\t\t\t\t\t<div class=\"elementor-swiper\">\n\t\t\t\t\t<div class=\"elementor-slides-wrapper elementor-main-swiper swiper\" role=\"region\" aria-roledescription=\"carousel\" aria-label=\"Slides\" dir=\"rtl\" data-animation=\"\">\n\t\t\t\t<div class=\"swiper-wrapper elementor-slides\">\n\t\t\t\t\t\t\t\t\t\t<div class=\"elementor-repeater-item-f621fb9 swiper-slide\" role=\"group\" aria-roledescription=\"slide\"><div class=\"swiper-slide-bg\" role=\"img\"><\/div><div class=\"swiper-slide-inner\" ><div class=\"swiper-slide-contents\"><\/div><\/div><\/div>\t\t\t\t<\/div>\n\t\t\t\t\t\t\t<\/div>\n\t\t\t\t<\/div>\n\t\t\t\t\t\t\t\t<\/div>\n\t\t\t\t<\/div>\n\t\t\t\t\t<\/div>\n\t\t<\/div>\n\t\t\t\t\t<\/div>\n\t\t<\/section>\n\t\t\t\t<section class=\"elementor-section elementor-top-section elementor-element elementor-element-6a13a5b9 elementor-section-boxed elementor-section-height-default elementor-section-height-default\" data-id=\"6a13a5b9\" data-element_type=\"section\">\n\t\t\t\t\t\t<div class=\"elementor-container elementor-column-gap-default\">\n\t\t\t\t\t<div class=\"elementor-column elementor-col-50 elementor-top-column elementor-element elementor-element-3b1d8015\" data-id=\"3b1d8015\" data-element_type=\"column\">\n\t\t\t<div class=\"elementor-widget-wrap elementor-element-populated\">\n\t\t\t\t\t\t<div class=\"elementor-element elementor-element-689c2e52 box-white elementor-widget elementor-widget-text-editor\" data-id=\"689c2e52\" data-element_type=\"widget\" data-widget_type=\"text-editor.default\">\n\t\t\t\t<div class=\"elementor-widget-container\">\n\t\t\t\t\t\t\t\t\t<h1>\u0645\u0639\u0644\u0648\u0645\u0627\u062a \u0642\u0627\u0646\u0648\u0646\u064a\u0629<\/h1><h2>\u0639\u064a\u0627\u062f\u0629 \u0637\u0628 \u0627\u0644\u0639\u0638\u0627\u0645 \u0627\u0644\u062e\u0627\u0635\u0629 \u0627\u0644\u062f\u0643\u062a\u0648\u0631 \u0627\u0644\u0637\u0628\u064a\u0628 \u062a\u0648\u0645\u0627\u0633 \u0628\u0627\u0648\u0644\u064a<\/h2><p>94 \u0643\u0648\u0646\u062c\u0633 \u0623\u0644\u0644\u064a<br \/>40212 \u062f\u0648\u0633\u0644\u062f\u0648\u0631\u0641<\/p><p>Telefon 0211 \/ 300 40 383<br \/>Telefax 0211 \/ 300 40 384<\/p><p>E-Mail: praxis@dr-thomas-pauly.de<br \/>Internet: www.dr-thomas-pauly.de<\/p><p>Verantwortlich f\u00fcr die Inhalte dieser Website ist:<\/p><p>Dr. Thomas Pauly<\/p><p>94 \u0643\u0648\u0646\u062c\u0633 \u0623\u0644\u0644\u064a<br \/>40212 \u062f\u0648\u0633\u0644\u062f\u0648\u0631\u0641<\/p><p>Telefon 0211 \/ 300 40 383<br \/>Telefax 0211 \/ 300 40 384<\/p><p>E-Mail: praxis@dr-thomas-pauly.de<\/p><p>Gesetzliche Berufsbezeichnung:\u00a0Arzt<\/p><p>Berufsbezeichnung\u00a0verliehen in der Bundesrepublik Deutschland<\/p><p>Dr. med. Thomas Pauly, Arzt<\/p><p>Zust\u00e4ndige \u00c4rztekammer als Aufsichtsbeh\u00f6rde:<\/p><p>\u00c4rztekammer Nordrhein<\/p><p>Tersteegenstra\u00dfe 9<br \/>40474 D\u00fcsseldorf<\/p><p>\u00a9 2013 Alle Rechte vorbehalten<\/p><p>Alle Texte sind urheberrechtlich gesch\u00fctzt. Die Ver\u00f6ffentlichung, \u00dcbernahme oder Nutzung von Texten, Bildern oder anderen Daten bedarf der schriftlichen Zustimmung.<\/p>\t\t\t\t\t\t\t\t<\/div>\n\t\t\t\t<\/div>\n\t\t\t\t\t<\/div>\n\t\t<\/div>\n\t\t\t\t<div class=\"elementor-column elementor-col-50 elementor-top-column elementor-element elementor-element-2190ccdf box-vertical\" data-id=\"2190ccdf\" data-element_type=\"column\" data-settings=\"{&quot;background_background&quot;:&quot;classic&quot;}\">\n\t\t\t<div class=\"elementor-widget-wrap elementor-element-populated\">\n\t\t\t\t\t\t<section class=\"elementor-section elementor-inner-section elementor-element elementor-element-3ff87b5f elementor-section-boxed elementor-section-height-default elementor-section-height-default\" data-id=\"3ff87b5f\" data-element_type=\"section\" data-settings=\"{&quot;background_background&quot;:&quot;classic&quot;}\">\n\t\t\t\t\t\t<div class=\"elementor-container elementor-column-gap-default\">\n\t\t\t\t\t<div class=\"elementor-column elementor-col-100 elementor-inner-column elementor-element elementor-element-206fdd3c\" data-id=\"206fdd3c\" data-element_type=\"column\" data-settings=\"{&quot;background_background&quot;:&quot;classic&quot;}\">\n\t\t\t<div class=\"elementor-widget-wrap elementor-element-populated\">\n\t\t\t\t\t\t\t<\/div>\n\t\t<\/div>\n\t\t\t\t\t<\/div>\n\t\t<\/section>\n\t\t\t\t<div class=\"elementor-element elementor-element-46ab9191 elementor-widget elementor-widget-text-editor\" data-id=\"46ab9191\" data-element_type=\"widget\" data-widget_type=\"text-editor.default\">\n\t\t\t\t<div class=\"elementor-widget-container\">\n\t\t\t\t\t\t\t\t\t<h2 style=\"text-align: center;\">\u062a\u062d\u062f\u064a\u062f \u0627\u0644\u0645\u0648\u0639\u062f<\/h2><p style=\"text-align: center;\">\u064a\u0629 \u0647\u0627\u062a\u0641\u064a\u064b\u0627 \u0639\u0628\u0631<\/p><p style=\"text-align: center;\"><a href=\"https:\/\/dr-thomas-pauly.de\/ar\/kontakt\/\">0211 300 40 383<\/a><\/p><p style=\"text-align: center;\">\u0623\u0648 \u0639\u0646 \u0637\u0631\u064a\u0642 \u0627\u0644\u0628\u0631\u064a\u062f \u0627\u0644\u0625\u0644\u0643\u062a\u0631\u0648\u0646\u064a \u0639\u0628\u0631<\/p><p style=\"text-align: center;\"><a href=\"mailto:praxis@dr-thomas-pauly.de\">clinic@dr-thomas-pauly.de<\/a>.<\/p><p><a class=\"pauly-button\" href=\"http:\/\/kontakt\">\u062a\u062d\u062f\u064a\u062f \u0645\u0648\u0639\u062f<\/a><\/p>\t\t\t\t\t\t\t\t<\/div>\n\t\t\t\t<\/div>\n\t\t\t\t\t<\/div>\n\t\t<\/div>\n\t\t\t\t\t<\/div>\n\t\t<\/section>\n\t\t\t\t<\/div>","protected":false},"excerpt":{"rendered":"<p>Impressum Orthop\u00e4dische Privatpraxis Dr. med. Thomas Pauly K\u00f6nigsallee 9440212 D\u00fcsseldorf Telefon 0211 \/ 300 40 383Telefax 0211 \/ 300 40 384 E-Mail: praxis@dr-thomas-pauly.deInternet: www.dr-thomas-pauly.de Verantwortlich f\u00fcr die Inhalte dieser Website ist: Dr. med. Thomas Pauly K\u00f6nigsallee 9440212 D\u00fcsseldorf Telefon 0211 \/ 300 40 383Telefax 0211 \/ 300 40 384 E-Mail: praxis@dr-thomas-pauly.de Gesetzliche Berufsbezeichnung:\u00a0Arzt Berufsbezeichnung\u00a0verliehen in [&hellip;]<\/p>","protected":false},"author":1,"featured_media":0,"parent":0,"menu_order":0,"comment_status":"closed","ping_status":"closed","template":"","meta":{"footnotes":""},"class_list":["post-160","page","type-page","status-publish","hentry"],"yoast_head":"<!-- This site is optimized with the Yoast SEO plugin v25.4 - https:\/\/yoast.com\/wordpress\/plugins\/seo\/ -->\n<title>Impressum - Privatpraxis Dr. Thomas Pauly | K\u00f6nigsallee 94 in D\u00fcsseldorf<\/title>\n<meta name=\"description\" content=\"Impressum - Privatpraxis Dr. Thomas Pauly | Adresse: K\u00f6nigsallee 94, 40212 D\u00fcsseldorf, Telefon: 0211-30040383 E-Mail: praxis@dr-thomas-pauly.de.\" \/>\n<meta name=\"robots\" content=\"index, follow, max-snippet:-1, max-image-preview:large, max-video-preview:-1\" \/>\n<link rel=\"canonical\" href=\"https:\/\/dr-thomas-pauly.de\/ar\/impressum\/\" \/>\n<meta property=\"og:locale\" content=\"ar_AR\" \/>\n<meta property=\"og:type\" content=\"article\" \/>\n<meta property=\"og:title\" content=\"Impressum - Privatpraxis Dr. Thomas Pauly | K\u00f6nigsallee 94 in D\u00fcsseldorf\" \/>\n<meta property=\"og:description\" content=\"Impressum - Privatpraxis Dr. Thomas Pauly | Adresse: K\u00f6nigsallee 94, 40212 D\u00fcsseldorf, Telefon: 0211-30040383 E-Mail: praxis@dr-thomas-pauly.de.\" \/>\n<meta property=\"og:url\" content=\"https:\/\/dr-thomas-pauly.de\/ar\/impressum\/\" \/>\n<meta property=\"og:site_name\" content=\"Dr. Thomas Pauly\" \/>\n<meta property=\"article:modified_time\" content=\"2020-12-21T21:43:56+00:00\" \/>\n<meta name=\"twitter:card\" content=\"summary_large_image\" \/>\n<meta name=\"twitter:site\" content=\"@koe94\" \/>\n<script type=\"application\/ld+json\" class=\"yoast-schema-graph\">{\"@context\":\"https:\/\/schema.org\",\"@graph\":[{\"@type\":\"WebPage\",\"@id\":\"https:\/\/dr-thomas-pauly.de\/impressum\/\",\"url\":\"https:\/\/dr-thomas-pauly.de\/impressum\/\",\"name\":\"Impressum - Privatpraxis Dr. Thomas Pauly | K\u00f6nigsallee 94 in D\u00fcsseldorf\",\"isPartOf\":{\"@id\":\"https:\/\/dr-thomas-pauly.de\/#website\"},\"datePublished\":\"2018-08-23T07:51:21+00:00\",\"dateModified\":\"2020-12-21T21:43:56+00:00\",\"description\":\"Impressum - Privatpraxis Dr. Thomas Pauly | Adresse: K\u00f6nigsallee 94, 40212 D\u00fcsseldorf, Telefon: 0211-30040383 E-Mail: praxis@dr-thomas-pauly.de.\",\"breadcrumb\":{\"@id\":\"https:\/\/dr-thomas-pauly.de\/impressum\/#breadcrumb\"},\"inLanguage\":\"ar\",\"potentialAction\":[{\"@type\":\"ReadAction\",\"target\":[\"https:\/\/dr-thomas-pauly.de\/impressum\/\"]}]},{\"@type\":\"BreadcrumbList\",\"@id\":\"https:\/\/dr-thomas-pauly.de\/impressum\/#breadcrumb\",\"itemListElement\":[{\"@type\":\"ListItem\",\"position\":1,\"name\":\"Startseite\",\"item\":\"https:\/\/dr-thomas-pauly.de\/\"},{\"@type\":\"ListItem\",\"position\":2,\"name\":\"Impressum\"}]},{\"@type\":\"WebSite\",\"@id\":\"https:\/\/dr-thomas-pauly.de\/#website\",\"url\":\"https:\/\/dr-thomas-pauly.de\/\",\"name\":\"Dr. Thomas Pauly\",\"description\":\"Orthop\u00e4dische Privatpraxis K\u00f6nigsallee 94 in D\u00fcsseldorf.\",\"publisher\":{\"@id\":\"https:\/\/dr-thomas-pauly.de\/#organization\"},\"potentialAction\":[{\"@type\":\"SearchAction\",\"target\":{\"@type\":\"EntryPoint\",\"urlTemplate\":\"https:\/\/dr-thomas-pauly.de\/?s={search_term_string}\"},\"query-input\":{\"@type\":\"PropertyValueSpecification\",\"valueRequired\":true,\"valueName\":\"search_term_string\"}}],\"inLanguage\":\"ar\"},{\"@type\":\"Organization\",\"@id\":\"https:\/\/dr-thomas-pauly.de\/#organization\",\"name\":\"Dr Thomas Pauly\",\"url\":\"https:\/\/dr-thomas-pauly.de\/\",\"logo\":{\"@type\":\"ImageObject\",\"inLanguage\":\"ar\",\"@id\":\"https:\/\/dr-thomas-pauly.de\/#\/schema\/logo\/image\/\",\"url\":\"https:\/\/dr-thomas-pauly.de\/wp-content\/uploads\/2019\/12\/logo-dr-thomas-pauly.png\",\"contentUrl\":\"https:\/\/dr-thomas-pauly.de\/wp-content\/uploads\/2019\/12\/logo-dr-thomas-pauly.png\",\"width\":804,\"height\":772,\"caption\":\"Dr Thomas Pauly\"},\"image\":{\"@id\":\"https:\/\/dr-thomas-pauly.de\/#\/schema\/logo\/image\/\"},\"sameAs\":[\"https:\/\/x.com\/koe94\",\"http:\/\/dr-thomas-pauly\"]}]}<\/script>\n<!-- \/ Yoast SEO plugin. -->","yoast_head_json":{"title":"Impressum - Privatpraxis Dr. Thomas Pauly | K\u00f6nigsallee 94 in D\u00fcsseldorf","description":"Impressum - Privatpraxis Dr. Thomas Pauly | Adresse: K\u00f6nigsallee 94, 40212 D\u00fcsseldorf, Telefon: 0211-30040383 E-Mail: praxis@dr-thomas-pauly.de.","robots":{"index":"index","follow":"follow","max-snippet":"max-snippet:-1","max-image-preview":"max-image-preview:large","max-video-preview":"max-video-preview:-1"},"canonical":"https:\/\/dr-thomas-pauly.de\/ar\/impressum\/","og_locale":"ar_AR","og_type":"article","og_title":"Impressum - Privatpraxis Dr. Thomas Pauly | K\u00f6nigsallee 94 in D\u00fcsseldorf","og_description":"Impressum - Privatpraxis Dr. Thomas Pauly | Adresse: K\u00f6nigsallee 94, 40212 D\u00fcsseldorf, Telefon: 0211-30040383 E-Mail: praxis@dr-thomas-pauly.de.","og_url":"https:\/\/dr-thomas-pauly.de\/ar\/impressum\/","og_site_name":"Dr. Thomas Pauly","article_modified_time":"2020-12-21T21:43:56+00:00","twitter_card":"summary_large_image","twitter_site":"@koe94","schema":{"@context":"https:\/\/schema.org","@graph":[{"@type":"WebPage","@id":"https:\/\/dr-thomas-pauly.de\/impressum\/","url":"https:\/\/dr-thomas-pauly.de\/impressum\/","name":"Impressum - Privatpraxis Dr. Thomas Pauly | K\u00f6nigsallee 94 in D\u00fcsseldorf","isPartOf":{"@id":"https:\/\/dr-thomas-pauly.de\/#website"},"datePublished":"2018-08-23T07:51:21+00:00","dateModified":"2020-12-21T21:43:56+00:00","description":"Impressum - Privatpraxis Dr. Thomas Pauly | Adresse: K\u00f6nigsallee 94, 40212 D\u00fcsseldorf, Telefon: 0211-30040383 E-Mail: praxis@dr-thomas-pauly.de.","breadcrumb":{"@id":"https:\/\/dr-thomas-pauly.de\/impressum\/#breadcrumb"},"inLanguage":"ar","potentialAction":[{"@type":"ReadAction","target":["https:\/\/dr-thomas-pauly.de\/impressum\/"]}]},{"@type":"BreadcrumbList","@id":"https:\/\/dr-thomas-pauly.de\/impressum\/#breadcrumb","itemListElement":[{"@type":"ListItem","position":1,"name":"Startseite","item":"https:\/\/dr-thomas-pauly.de\/"},{"@type":"ListItem","position":2,"name":"Impressum"}]},{"@type":"WebSite","@id":"https:\/\/dr-thomas-pauly.de\/#website","url":"https:\/\/dr-thomas-pauly.de\/","name":"Dr. Thomas Pauly","description":"Orthop\u00e4dische Privatpraxis K\u00f6nigsallee 94 in D\u00fcsseldorf.","publisher":{"@id":"https:\/\/dr-thomas-pauly.de\/#organization"},"potentialAction":[{"@type":"SearchAction","target":{"@type":"EntryPoint","urlTemplate":"https:\/\/dr-thomas-pauly.de\/?s={search_term_string}"},"query-input":{"@type":"PropertyValueSpecification","valueRequired":true,"valueName":"search_term_string"}}],"inLanguage":"ar"},{"@type":"Organization","@id":"https:\/\/dr-thomas-pauly.de\/#organization","name":"Dr Thomas Pauly","url":"https:\/\/dr-thomas-pauly.de\/","logo":{"@type":"ImageObject","inLanguage":"ar","@id":"https:\/\/dr-thomas-pauly.de\/#\/schema\/logo\/image\/","url":"https:\/\/dr-thomas-pauly.de\/wp-content\/uploads\/2019\/12\/logo-dr-thomas-pauly.png","contentUrl":"https:\/\/dr-thomas-pauly.de\/wp-content\/uploads\/2019\/12\/logo-dr-thomas-pauly.png","width":804,"height":772,"caption":"Dr Thomas Pauly"},"image":{"@id":"https:\/\/dr-thomas-pauly.de\/#\/schema\/logo\/image\/"},"sameAs":["https:\/\/x.com\/koe94","http:\/\/dr-thomas-pauly"]}]}},"_links":{"self":[{"href":"https:\/\/dr-thomas-pauly.de\/ar\/wp-json\/wp\/v2\/pages\/160","targetHints":{"allow":["GET"]}}],"collection":[{"href":"https:\/\/dr-thomas-pauly.de\/ar\/wp-json\/wp\/v2\/pages"}],"about":[{"href":"https:\/\/dr-thomas-pauly.de\/ar\/wp-json\/wp\/v2\/types\/page"}],"author":[{"embeddable":true,"href":"https:\/\/dr-thomas-pauly.de\/ar\/wp-json\/wp\/v2\/users\/1"}],"replies":[{"embeddable":true,"href":"https:\/\/dr-thomas-pauly.de\/ar\/wp-json\/wp\/v2\/comments?post=160"}],"version-history":[{"count":9,"href":"https:\/\/dr-thomas-pauly.de\/ar\/wp-json\/wp\/v2\/pages\/160\/revisions"}],"predecessor-version":[{"id":2076,"href":"https:\/\/dr-thomas-pauly.de\/ar\/wp-json\/wp\/v2\/pages\/160\/revisions\/2076"}],"wp:attachment":[{"href":"https:\/\/dr-thomas-pauly.de\/ar\/wp-json\/wp\/v2\/media?parent=160"}],"curies":[{"name":"wp","href":"https:\/\/api.w.org\/{rel}","templated":true}]}}