{"id":1657,"date":"2020-01-16T08:18:38","date_gmt":"2020-01-16T07:18:38","guid":{"rendered":"https:\/\/dr-thomas-pauly.de\/?page_id=1657"},"modified":"2020-01-16T08:20:33","modified_gmt":"2020-01-16T07:20:33","slug":"terminvereinbarung","status":"publish","type":"page","link":"https:\/\/dr-thomas-pauly.de\/ar\/terminvereinbarung\/","title":{"rendered":"Terminvereinbarung"},"content":{"rendered":"<div data-elementor-type=\"wp-page\" data-elementor-id=\"1657\" class=\"elementor elementor-1657\" data-elementor-post-type=\"page\">\n\t\t\t\t\t\t<section class=\"elementor-section elementor-top-section elementor-element elementor-element-7b4bf391 elementor-section-boxed elementor-section-height-default elementor-section-height-default\" data-id=\"7b4bf391\" data-element_type=\"section\" data-settings=\"{&quot;background_background&quot;:&quot;gradient&quot;}\">\n\t\t\t\t\t\t<div class=\"elementor-container elementor-column-gap-default\">\n\t\t\t\t\t<div class=\"elementor-column elementor-col-100 elementor-top-column elementor-element elementor-element-52ada3e9\" data-id=\"52ada3e9\" data-element_type=\"column\">\n\t\t\t<div class=\"elementor-widget-wrap elementor-element-populated\">\n\t\t\t\t\t\t<div class=\"elementor-element elementor-element-77233fc1 elementor--h-position-center elementor--v-position-middle elementor-arrows-position-inside elementor-pagination-position-inside elementor-widget elementor-widget-slides\" data-id=\"77233fc1\" data-element_type=\"widget\" data-settings=\"{&quot;transition_speed&quot;:1000,&quot;navigation&quot;:&quot;both&quot;,&quot;autoplay&quot;:&quot;yes&quot;,&quot;pause_on_hover&quot;:&quot;yes&quot;,&quot;pause_on_interaction&quot;:&quot;yes&quot;,&quot;autoplay_speed&quot;:5000,&quot;infinite&quot;:&quot;yes&quot;,&quot;transition&quot;:&quot;slide&quot;}\" data-widget_type=\"slides.default\">\n\t\t\t\t<div class=\"elementor-widget-container\">\n\t\t\t\t\t\t\t\t\t<div class=\"elementor-swiper\">\n\t\t\t\t\t<div class=\"elementor-slides-wrapper elementor-main-swiper swiper\" role=\"region\" aria-roledescription=\"carousel\" aria-label=\"Slides\" dir=\"rtl\" data-animation=\"\">\n\t\t\t\t<div class=\"swiper-wrapper elementor-slides\">\n\t\t\t\t\t\t\t\t\t\t<div class=\"elementor-repeater-item-f621fb9 swiper-slide\" role=\"group\" aria-roledescription=\"slide\"><div class=\"swiper-slide-bg\" role=\"img\"><\/div><div class=\"swiper-slide-inner\" ><div class=\"swiper-slide-contents\"><\/div><\/div><\/div>\t\t\t\t<\/div>\n\t\t\t\t\t\t\t<\/div>\n\t\t\t\t<\/div>\n\t\t\t\t\t\t\t\t<\/div>\n\t\t\t\t<\/div>\n\t\t\t\t\t<\/div>\n\t\t<\/div>\n\t\t\t\t\t<\/div>\n\t\t<\/section>\n\t\t\t\t<section class=\"elementor-section elementor-top-section elementor-element elementor-element-3090f06 elementor-section-boxed elementor-section-height-default elementor-section-height-default\" data-id=\"3090f06\" data-element_type=\"section\">\n\t\t\t\t\t\t<div class=\"elementor-container elementor-column-gap-default\">\n\t\t\t\t\t<div class=\"elementor-column elementor-col-50 elementor-top-column elementor-element elementor-element-e01d20c\" data-id=\"e01d20c\" data-element_type=\"column\">\n\t\t\t<div class=\"elementor-widget-wrap elementor-element-populated\">\n\t\t\t\t\t\t<div class=\"elementor-element elementor-element-c0ff442 elementor-widget elementor-widget-text-editor\" data-id=\"c0ff442\" data-element_type=\"widget\" data-widget_type=\"text-editor.default\">\n\t\t\t\t<div class=\"elementor-widget-container\">\n\t\t\t\t\t\t\t\t\t<h1>\u062a\u062d\u062f\u064a\u062f \u0627\u0644\u0645\u0648\u0627\u0639\u064a\u062f \u0639\u0628\u0631 \u0627\u0644\u0625\u0646\u062a\u0631\u0646\u062a<\/h1><p>\u064a\u0645\u0643\u0646\u0643\u0645 \u0628\u0643\u0644 \u0633\u0631\u0648\u0631 \u0627\u0644\u0627\u062a\u0641\u0627\u0642 \u0645\u0639\u0646\u0627 \u0639\u0644\u0649 \u0645\u0648\u0639\u062f \u0644\u0644\u0632\u064a\u0627\u0631\u0629 \u0639\u0628\u0631 \u0627\u0644\u0625\u0646\u062a\u0631\u0646\u062a. \u0644\u0644\u0642\u064a\u0627\u0645 \u0628\u0630\u0644\u0643 \u064a\u0631\u062c\u0649 \u0641\u0642\u0637 \u0645\u0644\u0621 \u0627\u0644\u0627\u0633\u062a\u0645\u0627\u0631\u0629 \u0627\u0644\u0648\u0627\u0631\u062f\u0629 \u0623\u062f\u0646\u0627\u0647. \u0648\u0628\u0639\u062f \u0627\u0644\u062d\u0635\u0648\u0644 \u0639\u0644\u0649 \u0637\u0644\u0628\u0643\u0645 \u0633\u0646\u062a\u0635\u0644 \u0628\u0643\u0645 \u0641\u064a \u0623\u0633\u0631\u0639 \u0648\u0642\u062a \u0645\u0645\u0643\u0646 \u0644\u0644\u062a\u0623\u0643\u064a\u062f \u0639\u0644\u0649 \u0645\u0648\u0639\u062f\u0643\u0645. \u064a\u0631\u062c\u0649 \u0627\u0644\u0627\u0646\u062a\u0628\u0627\u0647 \u0625\u0644\u0649 \u0623\u0646 \u0627\u0644\u0645\u0648\u0639\u062f \u0644\u0646 \u064a\u0643\u0648\u0646 \u0645\u064f\u062a\u0641\u0642\u064b\u0627 \u0639\u0644\u064a\u0647 \u0628\u0635\u0648\u0631\u0629 \u0645\u064f\u0644\u0632\u0650\u0645\u064e\u0629 \u0625\u0644\u0627 \u0628\u0639\u062f \u062a\u0623\u0643\u064a\u062f\u0646\u0627 \u0639\u0644\u064a\u0647.<br \/><em style=\"font-size: 0.9rem;\"><br \/>\u0645\u0644\u0627\u062d\u0638\u0629: \u0627\u0644\u062d\u0642\u0648\u0644 \u0627\u0644\u0645\u0632\u0648\u062f\u0629 \u0628\u0639\u0644\u0627\u0645\u0629 * \u0647\u064a \u062d\u0642\u0648\u0644 \u0625\u062c\u0628\u0627\u0631\u064a\u0629.<\/em><\/p>\t\t\t\t\t\t\t\t<\/div>\n\t\t\t\t<\/div>\n\t\t\t\t\t<\/div>\n\t\t<\/div>\n\t\t\t\t<div class=\"elementor-column elementor-col-50 elementor-top-column elementor-element elementor-element-41948e2\" data-id=\"41948e2\" data-element_type=\"column\">\n\t\t\t<div class=\"elementor-widget-wrap elementor-element-populated\">\n\t\t\t\t\t\t<div class=\"elementor-element elementor-element-f36f1c4 elementor-widget elementor-widget-image\" data-id=\"f36f1c4\" data-element_type=\"widget\" data-widget_type=\"image.default\">\n\t\t\t\t<div class=\"elementor-widget-container\">\n\t\t\t\t\t\t\t\t\t\t\t\t\t\t\t<img fetchpriority=\"high\" decoding=\"async\" width=\"300\" height=\"200\" src=\"https:\/\/dr-thomas-pauly.de\/wp-content\/uploads\/2019\/03\/arthrosebehandlung-arthrose-duesseldorf-orthopaede-koenigsallee.jpg\" class=\"attachment-large size-large wp-image-1255\" alt=\"\" \/>\t\t\t\t\t\t\t\t\t\t\t\t\t\t\t<\/div>\n\t\t\t\t<\/div>\n\t\t\t\t\t<\/div>\n\t\t<\/div>\n\t\t\t\t\t<\/div>\n\t\t<\/section>\n\t\t\t\t<section class=\"elementor-section elementor-top-section elementor-element elementor-element-9c01548 elementor-section-boxed elementor-section-height-default elementor-section-height-default\" data-id=\"9c01548\" data-element_type=\"section\">\n\t\t\t\t\t\t<div class=\"elementor-container elementor-column-gap-default\">\n\t\t\t\t\t<div class=\"elementor-column elementor-col-100 elementor-top-column elementor-element elementor-element-b871d96\" data-id=\"b871d96\" data-element_type=\"column\">\n\t\t\t<div class=\"elementor-widget-wrap elementor-element-populated\">\n\t\t\t\t\t\t<div class=\"elementor-element elementor-element-4b19a2b elementor-widget elementor-widget-html\" data-id=\"4b19a2b\" data-element_type=\"widget\" data-widget_type=\"html.default\">\n\t\t\t\t<div class=\"elementor-widget-container\">\n\t\t\t\t\t<script src=\"https:\/\/www.jameda.de\/api\/otb-widget\/?refid=80334442_1\" async><\/script><div id=\"jam-ota-info_80334442_1\"><div style=\"float:left;\"><span style=\"color:#01a3d4\">\ud83d\udd12<\/span> SSL encryption<\/div><div style=\"float:right;\">ein Service von <a href=\"https:\/\/www.jameda.de\/duesseldorf\/aerzte\/orthopaeden\/dr-thomas-pauly\/uebersicht\/80334442_1\/\" target=\"_blank\" style=\"color:#01a3d4; text-decoration:none;\"><strong>jameda<\/strong><\/a>&nbsp;<\/div><\/div>\t\t\t\t<\/div>\n\t\t\t\t<\/div>\n\t\t\t\t\t<\/div>\n\t\t<\/div>\n\t\t\t\t\t<\/div>\n\t\t<\/section>\n\t\t\t\t<\/div>","protected":false},"excerpt":{"rendered":"<p>Online-Termin: Gerne k\u00f6nnen Sie online einen Termin vereinbaren. Bitte f\u00fcllen Sie dazu einfach das unten stehende Formular aus. Wir werden uns nach Erhalt Ihrer Anfrage schnellstm\u00f6glich bei Ihnen melden, um Ihnen Ihren Termin zu best\u00e4tigen. Bitte beachten Sie, dass ein Termin erst durch uns best\u00e4tigt werden muss, bevor die Vereinbarung wirksam wird.Hinweis: Mit * markierte [&hellip;]<\/p>","protected":false},"author":1,"featured_media":0,"parent":0,"menu_order":0,"comment_status":"closed","ping_status":"closed","template":"","meta":{"footnotes":""},"class_list":["post-1657","page","type-page","status-publish","hentry"],"yoast_head":"<!-- This site is optimized with the Yoast SEO plugin v25.4 - https:\/\/yoast.com\/wordpress\/plugins\/seo\/ -->\n<title>Terminvereinbarung - Dr. Thomas Pauly<\/title>\n<meta name=\"robots\" content=\"index, follow, max-snippet:-1, max-image-preview:large, max-video-preview:-1\" \/>\n<link rel=\"canonical\" href=\"https:\/\/dr-thomas-pauly.de\/ar\/terminvereinbarung\/\" \/>\n<meta property=\"og:locale\" content=\"ar_AR\" \/>\n<meta property=\"og:type\" content=\"article\" \/>\n<meta property=\"og:title\" content=\"Terminvereinbarung - Dr. Thomas Pauly\" \/>\n<meta property=\"og:description\" content=\"Online-Termin: Gerne k\u00f6nnen Sie online einen Termin vereinbaren. Bitte f\u00fcllen Sie dazu einfach das unten stehende Formular aus. Wir werden uns nach Erhalt Ihrer Anfrage schnellstm\u00f6glich bei Ihnen melden, um Ihnen Ihren Termin zu best\u00e4tigen. Bitte beachten Sie, dass ein Termin erst durch uns best\u00e4tigt werden muss, bevor die Vereinbarung wirksam wird.Hinweis: Mit * markierte [&hellip;]\" \/>\n<meta property=\"og:url\" content=\"https:\/\/dr-thomas-pauly.de\/ar\/terminvereinbarung\/\" \/>\n<meta property=\"og:site_name\" content=\"Dr. Thomas Pauly\" \/>\n<meta property=\"article:modified_time\" content=\"2020-01-16T07:20:33+00:00\" \/>\n<meta property=\"og:image\" content=\"https:\/\/dr-thomas-pauly.de\/wp-content\/uploads\/2019\/03\/arthrosebehandlung-arthrose-duesseldorf-orthopaede-koenigsallee.jpg\" \/>\n<meta name=\"twitter:card\" content=\"summary_large_image\" \/>\n<meta name=\"twitter:site\" content=\"@koe94\" \/>\n<script type=\"application\/ld+json\" class=\"yoast-schema-graph\">{\"@context\":\"https:\/\/schema.org\",\"@graph\":[{\"@type\":\"WebPage\",\"@id\":\"https:\/\/dr-thomas-pauly.de\/terminvereinbarung\/\",\"url\":\"https:\/\/dr-thomas-pauly.de\/terminvereinbarung\/\",\"name\":\"Terminvereinbarung - Dr. Thomas Pauly\",\"isPartOf\":{\"@id\":\"https:\/\/dr-thomas-pauly.de\/#website\"},\"primaryImageOfPage\":{\"@id\":\"https:\/\/dr-thomas-pauly.de\/terminvereinbarung\/#primaryimage\"},\"image\":{\"@id\":\"https:\/\/dr-thomas-pauly.de\/terminvereinbarung\/#primaryimage\"},\"thumbnailUrl\":\"https:\/\/dr-thomas-pauly.de\/wp-content\/uploads\/2019\/03\/arthrosebehandlung-arthrose-duesseldorf-orthopaede-koenigsallee.jpg\",\"datePublished\":\"2020-01-16T07:18:38+00:00\",\"dateModified\":\"2020-01-16T07:20:33+00:00\",\"breadcrumb\":{\"@id\":\"https:\/\/dr-thomas-pauly.de\/terminvereinbarung\/#breadcrumb\"},\"inLanguage\":\"ar\",\"potentialAction\":[{\"@type\":\"ReadAction\",\"target\":[\"https:\/\/dr-thomas-pauly.de\/terminvereinbarung\/\"]}]},{\"@type\":\"ImageObject\",\"inLanguage\":\"ar\",\"@id\":\"https:\/\/dr-thomas-pauly.de\/terminvereinbarung\/#primaryimage\",\"url\":\"https:\/\/dr-thomas-pauly.de\/wp-content\/uploads\/2019\/03\/arthrosebehandlung-arthrose-duesseldorf-orthopaede-koenigsallee.jpg\",\"contentUrl\":\"https:\/\/dr-thomas-pauly.de\/wp-content\/uploads\/2019\/03\/arthrosebehandlung-arthrose-duesseldorf-orthopaede-koenigsallee.jpg\"},{\"@type\":\"BreadcrumbList\",\"@id\":\"https:\/\/dr-thomas-pauly.de\/terminvereinbarung\/#breadcrumb\",\"itemListElement\":[{\"@type\":\"ListItem\",\"position\":1,\"name\":\"Startseite\",\"item\":\"https:\/\/dr-thomas-pauly.de\/\"},{\"@type\":\"ListItem\",\"position\":2,\"name\":\"Terminvereinbarung\"}]},{\"@type\":\"WebSite\",\"@id\":\"https:\/\/dr-thomas-pauly.de\/#website\",\"url\":\"https:\/\/dr-thomas-pauly.de\/\",\"name\":\"Dr. Thomas Pauly\",\"description\":\"Orthop\u00e4dische Privatpraxis K\u00f6nigsallee 94 in D\u00fcsseldorf.\",\"publisher\":{\"@id\":\"https:\/\/dr-thomas-pauly.de\/#organization\"},\"potentialAction\":[{\"@type\":\"SearchAction\",\"target\":{\"@type\":\"EntryPoint\",\"urlTemplate\":\"https:\/\/dr-thomas-pauly.de\/?s={search_term_string}\"},\"query-input\":{\"@type\":\"PropertyValueSpecification\",\"valueRequired\":true,\"valueName\":\"search_term_string\"}}],\"inLanguage\":\"ar\"},{\"@type\":\"Organization\",\"@id\":\"https:\/\/dr-thomas-pauly.de\/#organization\",\"name\":\"Dr Thomas Pauly\",\"url\":\"https:\/\/dr-thomas-pauly.de\/\",\"logo\":{\"@type\":\"ImageObject\",\"inLanguage\":\"ar\",\"@id\":\"https:\/\/dr-thomas-pauly.de\/#\/schema\/logo\/image\/\",\"url\":\"https:\/\/dr-thomas-pauly.de\/wp-content\/uploads\/2019\/12\/logo-dr-thomas-pauly.png\",\"contentUrl\":\"https:\/\/dr-thomas-pauly.de\/wp-content\/uploads\/2019\/12\/logo-dr-thomas-pauly.png\",\"width\":804,\"height\":772,\"caption\":\"Dr Thomas Pauly\"},\"image\":{\"@id\":\"https:\/\/dr-thomas-pauly.de\/#\/schema\/logo\/image\/\"},\"sameAs\":[\"https:\/\/x.com\/koe94\",\"http:\/\/dr-thomas-pauly\"]}]}<\/script>\n<!-- \/ Yoast SEO plugin. -->","yoast_head_json":{"title":"Terminvereinbarung - Dr. Thomas Pauly","robots":{"index":"index","follow":"follow","max-snippet":"max-snippet:-1","max-image-preview":"max-image-preview:large","max-video-preview":"max-video-preview:-1"},"canonical":"https:\/\/dr-thomas-pauly.de\/ar\/terminvereinbarung\/","og_locale":"ar_AR","og_type":"article","og_title":"Terminvereinbarung - Dr. Thomas Pauly","og_description":"Online-Termin: Gerne k\u00f6nnen Sie online einen Termin vereinbaren. Bitte f\u00fcllen Sie dazu einfach das unten stehende Formular aus. Wir werden uns nach Erhalt Ihrer Anfrage schnellstm\u00f6glich bei Ihnen melden, um Ihnen Ihren Termin zu best\u00e4tigen. Bitte beachten Sie, dass ein Termin erst durch uns best\u00e4tigt werden muss, bevor die Vereinbarung wirksam wird.Hinweis: Mit * markierte [&hellip;]","og_url":"https:\/\/dr-thomas-pauly.de\/ar\/terminvereinbarung\/","og_site_name":"Dr. Thomas Pauly","article_modified_time":"2020-01-16T07:20:33+00:00","og_image":[{"url":"https:\/\/dr-thomas-pauly.de\/wp-content\/uploads\/2019\/03\/arthrosebehandlung-arthrose-duesseldorf-orthopaede-koenigsallee.jpg","type":"","width":"","height":""}],"twitter_card":"summary_large_image","twitter_site":"@koe94","schema":{"@context":"https:\/\/schema.org","@graph":[{"@type":"WebPage","@id":"https:\/\/dr-thomas-pauly.de\/terminvereinbarung\/","url":"https:\/\/dr-thomas-pauly.de\/terminvereinbarung\/","name":"Terminvereinbarung - Dr. Thomas Pauly","isPartOf":{"@id":"https:\/\/dr-thomas-pauly.de\/#website"},"primaryImageOfPage":{"@id":"https:\/\/dr-thomas-pauly.de\/terminvereinbarung\/#primaryimage"},"image":{"@id":"https:\/\/dr-thomas-pauly.de\/terminvereinbarung\/#primaryimage"},"thumbnailUrl":"https:\/\/dr-thomas-pauly.de\/wp-content\/uploads\/2019\/03\/arthrosebehandlung-arthrose-duesseldorf-orthopaede-koenigsallee.jpg","datePublished":"2020-01-16T07:18:38+00:00","dateModified":"2020-01-16T07:20:33+00:00","breadcrumb":{"@id":"https:\/\/dr-thomas-pauly.de\/terminvereinbarung\/#breadcrumb"},"inLanguage":"ar","potentialAction":[{"@type":"ReadAction","target":["https:\/\/dr-thomas-pauly.de\/terminvereinbarung\/"]}]},{"@type":"ImageObject","inLanguage":"ar","@id":"https:\/\/dr-thomas-pauly.de\/terminvereinbarung\/#primaryimage","url":"https:\/\/dr-thomas-pauly.de\/wp-content\/uploads\/2019\/03\/arthrosebehandlung-arthrose-duesseldorf-orthopaede-koenigsallee.jpg","contentUrl":"https:\/\/dr-thomas-pauly.de\/wp-content\/uploads\/2019\/03\/arthrosebehandlung-arthrose-duesseldorf-orthopaede-koenigsallee.jpg"},{"@type":"BreadcrumbList","@id":"https:\/\/dr-thomas-pauly.de\/terminvereinbarung\/#breadcrumb","itemListElement":[{"@type":"ListItem","position":1,"name":"Startseite","item":"https:\/\/dr-thomas-pauly.de\/"},{"@type":"ListItem","position":2,"name":"Terminvereinbarung"}]},{"@type":"WebSite","@id":"https:\/\/dr-thomas-pauly.de\/#website","url":"https:\/\/dr-thomas-pauly.de\/","name":"Dr. Thomas Pauly","description":"Orthop\u00e4dische Privatpraxis K\u00f6nigsallee 94 in D\u00fcsseldorf.","publisher":{"@id":"https:\/\/dr-thomas-pauly.de\/#organization"},"potentialAction":[{"@type":"SearchAction","target":{"@type":"EntryPoint","urlTemplate":"https:\/\/dr-thomas-pauly.de\/?s={search_term_string}"},"query-input":{"@type":"PropertyValueSpecification","valueRequired":true,"valueName":"search_term_string"}}],"inLanguage":"ar"},{"@type":"Organization","@id":"https:\/\/dr-thomas-pauly.de\/#organization","name":"Dr Thomas Pauly","url":"https:\/\/dr-thomas-pauly.de\/","logo":{"@type":"ImageObject","inLanguage":"ar","@id":"https:\/\/dr-thomas-pauly.de\/#\/schema\/logo\/image\/","url":"https:\/\/dr-thomas-pauly.de\/wp-content\/uploads\/2019\/12\/logo-dr-thomas-pauly.png","contentUrl":"https:\/\/dr-thomas-pauly.de\/wp-content\/uploads\/2019\/12\/logo-dr-thomas-pauly.png","width":804,"height":772,"caption":"Dr Thomas Pauly"},"image":{"@id":"https:\/\/dr-thomas-pauly.de\/#\/schema\/logo\/image\/"},"sameAs":["https:\/\/x.com\/koe94","http:\/\/dr-thomas-pauly"]}]}},"_links":{"self":[{"href":"https:\/\/dr-thomas-pauly.de\/ar\/wp-json\/wp\/v2\/pages\/1657","targetHints":{"allow":["GET"]}}],"collection":[{"href":"https:\/\/dr-thomas-pauly.de\/ar\/wp-json\/wp\/v2\/pages"}],"about":[{"href":"https:\/\/dr-thomas-pauly.de\/ar\/wp-json\/wp\/v2\/types\/page"}],"author":[{"embeddable":true,"href":"https:\/\/dr-thomas-pauly.de\/ar\/wp-json\/wp\/v2\/users\/1"}],"replies":[{"embeddable":true,"href":"https:\/\/dr-thomas-pauly.de\/ar\/wp-json\/wp\/v2\/comments?post=1657"}],"version-history":[{"count":2,"href":"https:\/\/dr-thomas-pauly.de\/ar\/wp-json\/wp\/v2\/pages\/1657\/revisions"}],"predecessor-version":[{"id":1659,"href":"https:\/\/dr-thomas-pauly.de\/ar\/wp-json\/wp\/v2\/pages\/1657\/revisions\/1659"}],"wp:attachment":[{"href":"https:\/\/dr-thomas-pauly.de\/ar\/wp-json\/wp\/v2\/media?parent=1657"}],"curies":[{"name":"wp","href":"https:\/\/api.w.org\/{rel}","templated":true}]}}