{"id":225,"date":"2018-08-25T04:20:10","date_gmt":"2018-08-25T02:20:10","guid":{"rendered":"https:\/\/lo-werbung.de\/dr-pauly-2018\/?page_id=225"},"modified":"2020-05-14T15:06:30","modified_gmt":"2020-05-14T13:06:30","slug":"nachhaltigkeit","status":"publish","type":"page","link":"https:\/\/dr-thomas-pauly.de\/ar\/%d8%a7%d9%84%d8%a7%d8%b3%d8%aa%d8%af%d8%a7%d9%85%d8%a9\/","title":{"rendered":"\u0627\u0644\u0627\u0633\u062a\u062f\u0627\u0645\u0629"},"content":{"rendered":"<div data-elementor-type=\"wp-post\" data-elementor-id=\"225\" class=\"elementor elementor-225\" data-elementor-post-type=\"page\">\n\t\t\t\t\t\t<section class=\"elementor-section elementor-top-section elementor-element elementor-element-5c4d0a51 elementor-section-boxed elementor-section-height-default elementor-section-height-default\" data-id=\"5c4d0a51\" data-element_type=\"section\" data-settings=\"{&quot;background_background&quot;:&quot;gradient&quot;}\">\n\t\t\t\t\t\t<div class=\"elementor-container elementor-column-gap-default\">\n\t\t\t\t\t<div class=\"elementor-column elementor-col-100 elementor-top-column elementor-element elementor-element-285164c0\" data-id=\"285164c0\" data-element_type=\"column\">\n\t\t\t<div class=\"elementor-widget-wrap elementor-element-populated\">\n\t\t\t\t\t\t<div class=\"elementor-element elementor-element-4a215191 elementor-widget elementor-widget-image\" data-id=\"4a215191\" data-element_type=\"widget\" data-widget_type=\"image.default\">\n\t\t\t\t<div class=\"elementor-widget-container\">\n\t\t\t\t\t\t\t\t\t\t\t\t\t\t\t<img fetchpriority=\"high\" decoding=\"async\" width=\"2000\" height=\"698\" src=\"https:\/\/dr-thomas-pauly.de\/wp-content\/uploads\/2020\/05\/dr-pauly-online-praxis-koenisallee-duesseldorf-nachhaltigkeit-header.jpg\" class=\"attachment-full size-full wp-image-1927\" alt=\"\" srcset=\"https:\/\/dr-thomas-pauly.de\/wp-content\/uploads\/2020\/05\/dr-pauly-online-praxis-koenisallee-duesseldorf-nachhaltigkeit-header.jpg 2000w, https:\/\/dr-thomas-pauly.de\/wp-content\/uploads\/2020\/05\/dr-pauly-online-praxis-koenisallee-duesseldorf-nachhaltigkeit-header-300x105.jpg 300w, https:\/\/dr-thomas-pauly.de\/wp-content\/uploads\/2020\/05\/dr-pauly-online-praxis-koenisallee-duesseldorf-nachhaltigkeit-header-1024x357.jpg 1024w, https:\/\/dr-thomas-pauly.de\/wp-content\/uploads\/2020\/05\/dr-pauly-online-praxis-koenisallee-duesseldorf-nachhaltigkeit-header-768x268.jpg 768w, https:\/\/dr-thomas-pauly.de\/wp-content\/uploads\/2020\/05\/dr-pauly-online-praxis-koenisallee-duesseldorf-nachhaltigkeit-header-1536x536.jpg 1536w\" sizes=\"(max-width: 2000px) 100vw, 2000px\" \/>\t\t\t\t\t\t\t\t\t\t\t\t\t\t\t<\/div>\n\t\t\t\t<\/div>\n\t\t\t\t\t<\/div>\n\t\t<\/div>\n\t\t\t\t\t<\/div>\n\t\t<\/section>\n\t\t\t\t<section class=\"elementor-section elementor-top-section elementor-element elementor-element-1898ed89 elementor-section-boxed elementor-section-height-default elementor-section-height-default\" data-id=\"1898ed89\" data-element_type=\"section\">\n\t\t\t\t\t\t<div class=\"elementor-container elementor-column-gap-default\">\n\t\t\t\t\t<div class=\"elementor-column elementor-col-50 elementor-top-column elementor-element elementor-element-7d295655\" data-id=\"7d295655\" data-element_type=\"column\">\n\t\t\t<div class=\"elementor-widget-wrap elementor-element-populated\">\n\t\t\t\t\t\t<div class=\"elementor-element elementor-element-383d7ab6 box-white elementor-widget elementor-widget-text-editor\" data-id=\"383d7ab6\" data-element_type=\"widget\" data-widget_type=\"text-editor.default\">\n\t\t\t\t<div class=\"elementor-widget-container\">\n\t\t\t\t\t\t\t\t\t<h1>\u0627\u0644\u0627\u0633\u062a\u062f\u0627\u0645\u0629<\/h1>\n<h2>\u0627\u0644\u0627\u0633\u062a\u062f\u0627\u0645\u0629 \u0641\u064a \u0639\u064a\u0627\u062f\u0629 \u0637\u0628 \u0627\u0644\u0639\u0638\u0627\u0645 \u0627\u0644\u062e\u0627\u0635\u0629 \u0644\u0644\u062f\u0643\u062a\u0648\u0631 \u0627\u0644\u0637\u0628\u064a\u0628 \u062a\u0648\u0645\u0627\u0633 \u0628\u0627\u0648\u0644\u064a<\/h2>\n<p style=\"font-size: 14.4px; color: #7a7a7a;\">\u0646\u062f\u064a\u0631 \u0639\u064a\u0627\u062f\u062a\u0646\u0627 \u0628\u0648\u0639\u064a \u0628\u064a\u0626\u064a \u0648\u0645\u0633\u062a\u062f\u0627\u0645: \u0646\u062e\u062a\u0627\u0631 \u0645\u062d\u0627\u0644\u064a\u0644 \u0645\u062d\u0627\u064a\u062f\u0629 \u0644\u062b\u0627\u0646\u064a \u0623\u0643\u0633\u064a\u062f \u0627\u0644\u0643\u0631\u0628\u0648\u0646 \u0642\u062f\u0631 \u0627\u0644\u0625\u0645\u0643\u0627\u0646\u061b \u0643\u0645\u0627 \u0623\u0646 \u0647\u0630\u0647 \u0627\u0644\u0639\u064a\u0627\u062f\u0629 \u0631\u0642\u0645\u064a\u0629 \u0628\u0627\u0644\u0643\u0627\u0645\u0644\u060c \u0648\u062a\u0639\u0645\u0644 \u0628\u0646\u0633\u0628\u0629 \u0642\u0644\u064a\u0644\u0629 \u062c\u062f\u064b\u0627 \u0645\u0646 \u0627\u0644\u0623\u0648\u0631\u0627\u0642 (\u062a\u064f\u0639\u0631\u0636 \u0627\u0633\u062a\u0628\u064a\u0627\u0646\u0627\u062a \u062a\u0634\u062e\u064a\u0635 \u0627\u0644\u0622\u0644\u0627\u0645 \u0639\u0644\u0649 \"\u0623\u062c\u0647\u0632\u0629 \u0627\u0644\u062d\u0627\u0633\u0648\u0628 \u0627\u0644\u0644\u0648\u062d\u064a\u0629\" \u062d\u064a\u062b\u0645\u0627 \u062a\u0648\u0627\u062c\u062f \u0627\u0644\u0645\u0631\u064a\u0636)\u061b \u0648\u0646\u062d\u0646 \u0646\u0639\u0645\u0644 \u0628\u0633\u062c\u0644\u0627\u062a \u0631\u0642\u0645\u064a\u0629 \u0644\u0644\u0645\u0631\u0636\u0649\u060c \u0648\u062a\u064f\u0636\u0627\u0641 \u0625\u0644\u064a\u0647\u0627 \u0623\u064a\u0636\u064b\u0627 \u0627\u0644\u0646\u062a\u0627\u0626\u062c \u0627\u0644\u062a\u0634\u062e\u064a\u0635\u064a\u0629 \u0627\u0644\u0635\u0627\u062f\u0631\u0629 \u0645\u0646 \u062c\u0647\u0627\u062a \u062e\u0627\u0631\u062c\u064a\u0629\u061b \u0648\u0628\u0627\u0644\u0646\u0633\u0628\u0629 \u0644\u0625\u0639\u062f\u0627\u062f \u0627\u0644\u0623\u062f\u0648\u0627\u062a \u0648\u062a\u0646\u0638\u064a\u0641 \u063a\u0631\u0641 \u0627\u0644\u0639\u064a\u0627\u062f\u0629\u060c \u0641\u0625\u0646\u0646\u0627 \u0646\u0633\u062a\u0639\u064a\u0646 \u0641\u0642\u0637 \u0628\u0648\u0633\u0627\u0626\u0644 \u0635\u062f\u064a\u0642\u0629 \u0644\u0644\u0628\u064a\u0626\u0629.<span style=\"font-size: small; vertical-align: sub;\">2<\/span><span style=\"font-size: 14.4px;\">-neutrale L\u00f6sungen; die Praxis ist voll digitalisiert und wird papierarm gef\u00fchrt (Befragungen zur Schmerzdiagnostik etwa werden auf Tablet-PCs vor Ort angeboten); wir arbeiten mit digitalen Patientenakten, zu denen auch Drittbefunde erg\u00e4nzt werden; zur Aufbereitung der Instrumente und zur Reinigung der Praxisr\u00e4ume werden ausschlie\u00dflich umweltschonende Mittel verwendet.<\/span><\/p>\t\t\t\t\t\t\t\t<\/div>\n\t\t\t\t<\/div>\n\t\t\t\t\t<\/div>\n\t\t<\/div>\n\t\t\t\t<div class=\"elementor-column elementor-col-50 elementor-top-column elementor-element elementor-element-e808c2b\" data-id=\"e808c2b\" data-element_type=\"column\">\n\t\t\t<div class=\"elementor-widget-wrap elementor-element-populated\">\n\t\t\t\t\t\t<section class=\"elementor-section elementor-inner-section elementor-element elementor-element-993c11f elementor-section-boxed elementor-section-height-default elementor-section-height-default\" data-id=\"993c11f\" data-element_type=\"section\">\n\t\t\t\t\t\t<div class=\"elementor-container elementor-column-gap-default\">\n\t\t\t\t\t<div class=\"elementor-column elementor-col-100 elementor-inner-column elementor-element elementor-element-e44363e\" data-id=\"e44363e\" data-element_type=\"column\">\n\t\t\t<div class=\"elementor-widget-wrap elementor-element-populated\">\n\t\t\t\t\t\t<div class=\"elementor-element elementor-element-42d4e267 elementor-widget elementor-widget-accordion\" data-id=\"42d4e267\" data-element_type=\"widget\" data-widget_type=\"accordion.default\">\n\t\t\t\t<div class=\"elementor-widget-container\">\n\t\t\t\t\t\t\t<div class=\"elementor-accordion\">\n\t\t\t\t\t\t\t<div class=\"elementor-accordion-item\">\n\t\t\t\t\t<div id=\"elementor-tab-title-1121\" class=\"elementor-tab-title\" data-tab=\"1\" role=\"button\" aria-controls=\"elementor-tab-content-1121\" aria-expanded=\"false\">\n\t\t\t\t\t\t\t\t\t\t\t\t\t<span class=\"elementor-accordion-icon elementor-accordion-icon-right\" aria-hidden=\"true\">\n\t\t\t\t\t\t\t\t\t\t\t\t\t\t\t<span class=\"elementor-accordion-icon-closed\"><i class=\"far fa-caret-square-down\"><\/i><\/span>\n\t\t\t\t\t\t\t\t<span class=\"elementor-accordion-icon-opened\"><i class=\"far fa-caret-square-up\"><\/i><\/span>\n\t\t\t\t\t\t\t\t\t\t\t\t\t\t<\/span>\n\t\t\t\t\t\t\t\t\t\t\t\t<a class=\"elementor-accordion-title\" tabindex=\"0\">\u0639\u064a\u0627\u062f\u0629 \u0627\u0644\u0645\u0644\u0627\u062d\u0629 <\/a>\n\t\t\t\t\t<\/div>\n\t\t\t\t\t<div id=\"elementor-tab-content-1121\" class=\"elementor-tab-content elementor-clearfix\" data-tab=\"1\" role=\"region\" aria-labelledby=\"elementor-tab-title-1121\"><\/div>\n\t\t\t\t<\/div>\n\t\t\t\t\t\t\t\t<\/div>\n\t\t\t\t\t\t<\/div>\n\t\t\t\t<\/div>\n\t\t\t\t<div class=\"elementor-element elementor-element-2e699ea elementor--h-position-center elementor--v-position-middle elementor-arrows-position-inside elementor-pagination-position-inside elementor-widget elementor-widget-slides\" data-id=\"2e699ea\" data-element_type=\"widget\" data-settings=\"{&quot;navigation&quot;:&quot;both&quot;,&quot;autoplay&quot;:&quot;yes&quot;,&quot;pause_on_hover&quot;:&quot;yes&quot;,&quot;pause_on_interaction&quot;:&quot;yes&quot;,&quot;autoplay_speed&quot;:5000,&quot;infinite&quot;:&quot;yes&quot;,&quot;transition&quot;:&quot;slide&quot;,&quot;transition_speed&quot;:500}\" data-widget_type=\"slides.default\">\n\t\t\t\t<div class=\"elementor-widget-container\">\n\t\t\t\t\t\t\t\t\t<div class=\"elementor-swiper\">\n\t\t\t\t\t<div class=\"elementor-slides-wrapper elementor-main-swiper swiper\" role=\"region\" aria-roledescription=\"carousel\" aria-label=\"Slides\" dir=\"rtl\" data-animation=\"fadeInUp\">\n\t\t\t\t<div class=\"swiper-wrapper elementor-slides\">\n\t\t\t\t\t\t\t\t\t\t<div class=\"elementor-repeater-item-af9ec4f swiper-slide\" role=\"group\" aria-roledescription=\"slide\"><div class=\"swiper-slide-bg\" role=\"img\"><\/div><div class=\"swiper-slide-inner\" ><div class=\"swiper-slide-contents\"><\/div><\/div><\/div><div class=\"elementor-repeater-item-edb4350 swiper-slide\" role=\"group\" aria-roledescription=\"slide\"><div class=\"swiper-slide-bg\" role=\"img\"><\/div><div class=\"swiper-slide-inner\" ><div class=\"swiper-slide-contents\"><\/div><\/div><\/div><div class=\"elementor-repeater-item-796b496 swiper-slide\" role=\"group\" aria-roledescription=\"slide\"><div class=\"swiper-slide-bg\" role=\"img\"><\/div><div class=\"swiper-slide-inner\" ><div class=\"swiper-slide-contents\"><\/div><\/div><\/div><div class=\"elementor-repeater-item-a9adba7 swiper-slide\" role=\"group\" aria-roledescription=\"slide\"><div class=\"swiper-slide-bg\" role=\"img\"><\/div><div class=\"swiper-slide-inner\" ><div class=\"swiper-slide-contents\"><\/div><\/div><\/div><div class=\"elementor-repeater-item-b6a6db6 swiper-slide\" role=\"group\" aria-roledescription=\"slide\"><div class=\"swiper-slide-bg\" role=\"img\"><\/div><div class=\"swiper-slide-inner\" ><div class=\"swiper-slide-contents\"><\/div><\/div><\/div>\t\t\t\t<\/div>\n\t\t\t\t\t\t\t\t\t\t\t\t\t\t\t<div class=\"elementor-swiper-button elementor-swiper-button-prev\" role=\"button\" tabindex=\"0\" aria-label=\"Previous slide\">\n\t\t\t\t\t\t\t<i aria-hidden=\"true\" class=\"eicon-chevron-right\"><\/i>\t\t\t\t\t\t<\/div>\n\t\t\t\t\t\t<div class=\"elementor-swiper-button elementor-swiper-button-next\" role=\"button\" tabindex=\"0\" aria-label=\"Next slide\">\n\t\t\t\t\t\t\t<i aria-hidden=\"true\" class=\"eicon-chevron-left\"><\/i>\t\t\t\t\t\t<\/div>\n\t\t\t\t\t\t\t\t\t\t\t\t\t\t\t\t<div class=\"swiper-pagination\"><\/div>\n\t\t\t\t\t\t\t\t\t\t\t\t<\/div>\n\t\t\t\t<\/div>\n\t\t\t\t\t\t\t\t<\/div>\n\t\t\t\t<\/div>\n\t\t\t\t<div class=\"elementor-element elementor-element-5962712 elementor-widget elementor-widget-text-editor\" data-id=\"5962712\" data-element_type=\"widget\" data-widget_type=\"text-editor.default\">\n\t\t\t\t<div class=\"elementor-widget-container\">\n\t\t\t\t\t\t\t\t\t<p style=\"text-align: left;\">\u0639\u064a\u0627\u062f\u0629 \u062c\u0631\u0627\u062d\u0629 \u0627\u0644\u0639\u0638\u0627\u0645 \u0627\u0644\u062e\u0627\u0635\u0629\n\u0627\u0644\u062f\u0643\u062a\u0648\u0631 \u0627\u0644\u0637\u0628\u064a\u0628 \u062a\u0648\u0645\u0627\u0633 \u0628\u0627\u0648\u0644\u064a\n94 \u0643\u0648\u0646\u062c\u0633 \u0623\u0644\u0644\u064a\n40212 \u062f\u0648\u0633\u0644\u062f\u0648\u0631\u0641\n\u0627\u0644\u0647\u0627\u062a\u0641: 0211 300 40 383\n\u0627\u0644\u0628\u0631\u064a\u062f \u0627\u0644\u0625\u0644\u0643\u062a\u0631\u0648\u0646\u064a: clinic@dr-thomas-pauly.de\n\u0639\u064a\u0627\u062f\u0629 \u0637\u0628 \u0627\u0644\u0639\u0638\u0627\u0645 \u0627\u0644\u062e\u0627\u0635\u0629 \u0644\u0644\u062f\u0643\u062a\u0648\u0631 \u0627\u0644\u0637\u0628\u064a\u0628 \u062a\u0648\u0645\u0627\u0633 \u0628\u0627\u0648\u0644\u064a\u060c \u0645\u0648\u062c\u0648\u062f \u0641\u064a \u0634\u0627\u0631\u0639 K\u00f6nigsallee 94  \u0628\u0645\u062f\u064a\u0646\u0629 \u062f\u0648\u0633\u0644\u062f\u0648\u0631\u0641.<\/p><p style=\"text-align: left;\">\u064a\u0645\u0643\u0646\u0643 \u0627\u0644\u0648\u0635\u0648\u0644 \u0625\u0644\u064a\u0646\u0627 \u0645\u0646 \u0627\u0644\u0625\u062b\u0646\u064a\u0646 \u0625\u0644\u0649 \u0627\u0644\u062c\u0645\u0639\u0629\u060c \u0645\u0646 \u0627\u0644\u0633\u0627\u0639\u0629 7:00 \u0625\u0644\u0649 08:00 \u0645\u0633\u0627\u0621\u060c \u0648\u0641\u064a \u0623\u064a\u0627\u0645 \u0627\u0644\u0633\u0628\u062a \u0625\u0630\u0627 \u062f\u0639\u062a \u0627\u0644\u0636\u0631\u0648\u0631\u0629.<\/p><p style=\"text-align: left;\">\u0647\u0627\u062a\u0641\u00a0<a href=\"https:\/\/dr-thomas-pauly.de\/ar\/kontakt\/\">0211 300 40 383<\/a><\/p><p style=\"text-align: left;\">\u0628\u0631\u064a\u062f \u0625\u0644\u0643\u062a\u0631\u0648\u0646\u064a\u00a0<a href=\"mailto:praxis@dr-thomas-pauly.de\">clinic@dr-thomas-pauly.de<\/a>.<\/p><p style=\"text-align: left;\"><a class=\"pauly-button\" href=\"http:\/\/kontakt\">\u062a\u062d\u062f\u064a\u062f \u0645\u0648\u0639\u062f<\/a><\/p>\t\t\t\t\t\t\t\t<\/div>\n\t\t\t\t<\/div>\n\t\t\t\t\t<\/div>\n\t\t<\/div>\n\t\t\t\t\t<\/div>\n\t\t<\/section>\n\t\t\t\t\t<\/div>\n\t\t<\/div>\n\t\t\t\t\t<\/div>\n\t\t<\/section>\n\t\t\t\t<\/div>","protected":false},"excerpt":{"rendered":"<p>Nachhaltigkeit der orthop\u00e4dischen Privatpraxis Dr. med. Thomas Pauly Wir betreiben unsere Praxis umwelt- und nachhaltigkeitsbewusst: Wir w\u00e4hlen m\u00f6glichst CO2-neutrale L\u00f6sungen; die Praxis ist voll digitalisiert und wird papierarm gef\u00fchrt (Befragungen zur Schmerzdiagnostik etwa werden auf Tablet-PCs vor Ort angeboten); wir arbeiten mit digitalen Patientenakten, zu denen auch Drittbefunde erg\u00e4nzt werden; zur Aufbereitung der Instrumente und [&hellip;]<\/p>","protected":false},"author":1,"featured_media":0,"parent":0,"menu_order":0,"comment_status":"closed","ping_status":"closed","template":"","meta":{"footnotes":""},"class_list":["post-225","page","type-page","status-publish","hentry"],"yoast_head":"<!-- This site is optimized with the Yoast SEO plugin v25.4 - https:\/\/yoast.com\/wordpress\/plugins\/seo\/ -->\n<title>Nachhaltigkeit in der orthop\u00e4dischen Privatpraxis Dr. med. Thomas Pauly<\/title>\n<meta name=\"description\" content=\"Umwelt- und Nachhaltigkeitsbewusst - Voll digitalisiert und Papierarm! Es werden m\u00f6glichst CO2-neutrale L\u00f6sungen verwendet. Dr. Thomas Pauly - D\u00fcsseldorf\" \/>\n<meta name=\"robots\" content=\"index, follow, max-snippet:-1, max-image-preview:large, max-video-preview:-1\" \/>\n<link rel=\"canonical\" href=\"https:\/\/dr-thomas-pauly.de\/ar\/nachhaltigkeit\/\" \/>\n<meta property=\"og:locale\" content=\"ar_AR\" \/>\n<meta property=\"og:type\" content=\"article\" \/>\n<meta property=\"og:title\" content=\"Nachhaltigkeit in der orthop\u00e4dischen Privatpraxis Dr. med. Thomas Pauly\" \/>\n<meta property=\"og:description\" content=\"Umwelt- und Nachhaltigkeitsbewusst - Voll digitalisiert und Papierarm! Es werden m\u00f6glichst CO2-neutrale L\u00f6sungen verwendet. Dr. Thomas Pauly - D\u00fcsseldorf\" \/>\n<meta property=\"og:url\" content=\"https:\/\/dr-thomas-pauly.de\/ar\/nachhaltigkeit\/\" \/>\n<meta property=\"og:site_name\" content=\"Dr. Thomas Pauly\" \/>\n<meta property=\"article:modified_time\" content=\"2020-05-14T13:06:30+00:00\" \/>\n<meta property=\"og:image\" content=\"https:\/\/dr-thomas-pauly.de\/wp-content\/uploads\/2020\/05\/dr-pauly-online-praxis-koenisallee-duesseldorf-nachhaltigkeit-header.jpg\" \/>\n<meta name=\"twitter:card\" content=\"summary_large_image\" \/>\n<meta name=\"twitter:site\" content=\"@koe94\" \/>\n<meta name=\"twitter:label1\" content=\"\u0648\u0642\u062a \u0627\u0644\u0642\u0631\u0627\u0621\u0629 \u0627\u0644\u0645\u064f\u0642\u062f\u0651\u0631\" \/>\n\t<meta name=\"twitter:data1\" content=\"\u062f\u0642\u064a\u0642\u0629 \u0648\u0627\u062d\u062f\u0629\" \/>\n<script type=\"application\/ld+json\" class=\"yoast-schema-graph\">{\"@context\":\"https:\/\/schema.org\",\"@graph\":[{\"@type\":\"WebPage\",\"@id\":\"https:\/\/dr-thomas-pauly.de\/nachhaltigkeit\/\",\"url\":\"https:\/\/dr-thomas-pauly.de\/nachhaltigkeit\/\",\"name\":\"Nachhaltigkeit in der orthop\u00e4dischen Privatpraxis Dr. med. Thomas Pauly\",\"isPartOf\":{\"@id\":\"https:\/\/dr-thomas-pauly.de\/#website\"},\"primaryImageOfPage\":{\"@id\":\"https:\/\/dr-thomas-pauly.de\/nachhaltigkeit\/#primaryimage\"},\"image\":{\"@id\":\"https:\/\/dr-thomas-pauly.de\/nachhaltigkeit\/#primaryimage\"},\"thumbnailUrl\":\"https:\/\/dr-thomas-pauly.de\/wp-content\/uploads\/2020\/05\/dr-pauly-online-praxis-koenisallee-duesseldorf-nachhaltigkeit-header.jpg\",\"datePublished\":\"2018-08-25T02:20:10+00:00\",\"dateModified\":\"2020-05-14T13:06:30+00:00\",\"description\":\"Umwelt- und Nachhaltigkeitsbewusst - Voll digitalisiert und Papierarm! Es werden m\u00f6glichst CO2-neutrale L\u00f6sungen verwendet. Dr. Thomas Pauly - D\u00fcsseldorf\",\"breadcrumb\":{\"@id\":\"https:\/\/dr-thomas-pauly.de\/nachhaltigkeit\/#breadcrumb\"},\"inLanguage\":\"ar\",\"potentialAction\":[{\"@type\":\"ReadAction\",\"target\":[\"https:\/\/dr-thomas-pauly.de\/nachhaltigkeit\/\"]}]},{\"@type\":\"ImageObject\",\"inLanguage\":\"ar\",\"@id\":\"https:\/\/dr-thomas-pauly.de\/nachhaltigkeit\/#primaryimage\",\"url\":\"https:\/\/dr-thomas-pauly.de\/wp-content\/uploads\/2020\/05\/dr-pauly-online-praxis-koenisallee-duesseldorf-nachhaltigkeit-header.jpg\",\"contentUrl\":\"https:\/\/dr-thomas-pauly.de\/wp-content\/uploads\/2020\/05\/dr-pauly-online-praxis-koenisallee-duesseldorf-nachhaltigkeit-header.jpg\"},{\"@type\":\"BreadcrumbList\",\"@id\":\"https:\/\/dr-thomas-pauly.de\/nachhaltigkeit\/#breadcrumb\",\"itemListElement\":[{\"@type\":\"ListItem\",\"position\":1,\"name\":\"Startseite\",\"item\":\"https:\/\/dr-thomas-pauly.de\/\"},{\"@type\":\"ListItem\",\"position\":2,\"name\":\"Nachhaltigkeit\"}]},{\"@type\":\"WebSite\",\"@id\":\"https:\/\/dr-thomas-pauly.de\/#website\",\"url\":\"https:\/\/dr-thomas-pauly.de\/\",\"name\":\"Dr. Thomas Pauly\",\"description\":\"Orthop\u00e4dische Privatpraxis K\u00f6nigsallee 94 in D\u00fcsseldorf.\",\"publisher\":{\"@id\":\"https:\/\/dr-thomas-pauly.de\/#organization\"},\"potentialAction\":[{\"@type\":\"SearchAction\",\"target\":{\"@type\":\"EntryPoint\",\"urlTemplate\":\"https:\/\/dr-thomas-pauly.de\/?s={search_term_string}\"},\"query-input\":{\"@type\":\"PropertyValueSpecification\",\"valueRequired\":true,\"valueName\":\"search_term_string\"}}],\"inLanguage\":\"ar\"},{\"@type\":\"Organization\",\"@id\":\"https:\/\/dr-thomas-pauly.de\/#organization\",\"name\":\"Dr Thomas Pauly\",\"url\":\"https:\/\/dr-thomas-pauly.de\/\",\"logo\":{\"@type\":\"ImageObject\",\"inLanguage\":\"ar\",\"@id\":\"https:\/\/dr-thomas-pauly.de\/#\/schema\/logo\/image\/\",\"url\":\"https:\/\/dr-thomas-pauly.de\/wp-content\/uploads\/2019\/12\/logo-dr-thomas-pauly.png\",\"contentUrl\":\"https:\/\/dr-thomas-pauly.de\/wp-content\/uploads\/2019\/12\/logo-dr-thomas-pauly.png\",\"width\":804,\"height\":772,\"caption\":\"Dr Thomas Pauly\"},\"image\":{\"@id\":\"https:\/\/dr-thomas-pauly.de\/#\/schema\/logo\/image\/\"},\"sameAs\":[\"https:\/\/x.com\/koe94\",\"http:\/\/dr-thomas-pauly\"]}]}<\/script>\n<!-- \/ Yoast SEO plugin. -->","yoast_head_json":{"title":"Nachhaltigkeit in der orthop\u00e4dischen Privatpraxis Dr. med. Thomas Pauly","description":"Umwelt- und Nachhaltigkeitsbewusst - Voll digitalisiert und Papierarm! Es werden m\u00f6glichst CO2-neutrale L\u00f6sungen verwendet. Dr. Thomas Pauly - D\u00fcsseldorf","robots":{"index":"index","follow":"follow","max-snippet":"max-snippet:-1","max-image-preview":"max-image-preview:large","max-video-preview":"max-video-preview:-1"},"canonical":"https:\/\/dr-thomas-pauly.de\/ar\/nachhaltigkeit\/","og_locale":"ar_AR","og_type":"article","og_title":"Nachhaltigkeit in der orthop\u00e4dischen Privatpraxis Dr. med. Thomas Pauly","og_description":"Umwelt- und Nachhaltigkeitsbewusst - Voll digitalisiert und Papierarm! Es werden m\u00f6glichst CO2-neutrale L\u00f6sungen verwendet. Dr. Thomas Pauly - D\u00fcsseldorf","og_url":"https:\/\/dr-thomas-pauly.de\/ar\/nachhaltigkeit\/","og_site_name":"Dr. Thomas Pauly","article_modified_time":"2020-05-14T13:06:30+00:00","og_image":[{"url":"https:\/\/dr-thomas-pauly.de\/wp-content\/uploads\/2020\/05\/dr-pauly-online-praxis-koenisallee-duesseldorf-nachhaltigkeit-header.jpg","type":"","width":"","height":""}],"twitter_card":"summary_large_image","twitter_site":"@koe94","twitter_misc":{"\u0648\u0642\u062a \u0627\u0644\u0642\u0631\u0627\u0621\u0629 \u0627\u0644\u0645\u064f\u0642\u062f\u0651\u0631":"\u062f\u0642\u064a\u0642\u0629 \u0648\u0627\u062d\u062f\u0629"},"schema":{"@context":"https:\/\/schema.org","@graph":[{"@type":"WebPage","@id":"https:\/\/dr-thomas-pauly.de\/nachhaltigkeit\/","url":"https:\/\/dr-thomas-pauly.de\/nachhaltigkeit\/","name":"Nachhaltigkeit in der orthop\u00e4dischen Privatpraxis Dr. med. Thomas Pauly","isPartOf":{"@id":"https:\/\/dr-thomas-pauly.de\/#website"},"primaryImageOfPage":{"@id":"https:\/\/dr-thomas-pauly.de\/nachhaltigkeit\/#primaryimage"},"image":{"@id":"https:\/\/dr-thomas-pauly.de\/nachhaltigkeit\/#primaryimage"},"thumbnailUrl":"https:\/\/dr-thomas-pauly.de\/wp-content\/uploads\/2020\/05\/dr-pauly-online-praxis-koenisallee-duesseldorf-nachhaltigkeit-header.jpg","datePublished":"2018-08-25T02:20:10+00:00","dateModified":"2020-05-14T13:06:30+00:00","description":"Umwelt- und Nachhaltigkeitsbewusst - Voll digitalisiert und Papierarm! Es werden m\u00f6glichst CO2-neutrale L\u00f6sungen verwendet. Dr. Thomas Pauly - D\u00fcsseldorf","breadcrumb":{"@id":"https:\/\/dr-thomas-pauly.de\/nachhaltigkeit\/#breadcrumb"},"inLanguage":"ar","potentialAction":[{"@type":"ReadAction","target":["https:\/\/dr-thomas-pauly.de\/nachhaltigkeit\/"]}]},{"@type":"ImageObject","inLanguage":"ar","@id":"https:\/\/dr-thomas-pauly.de\/nachhaltigkeit\/#primaryimage","url":"https:\/\/dr-thomas-pauly.de\/wp-content\/uploads\/2020\/05\/dr-pauly-online-praxis-koenisallee-duesseldorf-nachhaltigkeit-header.jpg","contentUrl":"https:\/\/dr-thomas-pauly.de\/wp-content\/uploads\/2020\/05\/dr-pauly-online-praxis-koenisallee-duesseldorf-nachhaltigkeit-header.jpg"},{"@type":"BreadcrumbList","@id":"https:\/\/dr-thomas-pauly.de\/nachhaltigkeit\/#breadcrumb","itemListElement":[{"@type":"ListItem","position":1,"name":"Startseite","item":"https:\/\/dr-thomas-pauly.de\/"},{"@type":"ListItem","position":2,"name":"Nachhaltigkeit"}]},{"@type":"WebSite","@id":"https:\/\/dr-thomas-pauly.de\/#website","url":"https:\/\/dr-thomas-pauly.de\/","name":"Dr. Thomas Pauly","description":"Orthop\u00e4dische Privatpraxis K\u00f6nigsallee 94 in D\u00fcsseldorf.","publisher":{"@id":"https:\/\/dr-thomas-pauly.de\/#organization"},"potentialAction":[{"@type":"SearchAction","target":{"@type":"EntryPoint","urlTemplate":"https:\/\/dr-thomas-pauly.de\/?s={search_term_string}"},"query-input":{"@type":"PropertyValueSpecification","valueRequired":true,"valueName":"search_term_string"}}],"inLanguage":"ar"},{"@type":"Organization","@id":"https:\/\/dr-thomas-pauly.de\/#organization","name":"Dr Thomas Pauly","url":"https:\/\/dr-thomas-pauly.de\/","logo":{"@type":"ImageObject","inLanguage":"ar","@id":"https:\/\/dr-thomas-pauly.de\/#\/schema\/logo\/image\/","url":"https:\/\/dr-thomas-pauly.de\/wp-content\/uploads\/2019\/12\/logo-dr-thomas-pauly.png","contentUrl":"https:\/\/dr-thomas-pauly.de\/wp-content\/uploads\/2019\/12\/logo-dr-thomas-pauly.png","width":804,"height":772,"caption":"Dr Thomas Pauly"},"image":{"@id":"https:\/\/dr-thomas-pauly.de\/#\/schema\/logo\/image\/"},"sameAs":["https:\/\/x.com\/koe94","http:\/\/dr-thomas-pauly"]}]}},"_links":{"self":[{"href":"https:\/\/dr-thomas-pauly.de\/ar\/wp-json\/wp\/v2\/pages\/225","targetHints":{"allow":["GET"]}}],"collection":[{"href":"https:\/\/dr-thomas-pauly.de\/ar\/wp-json\/wp\/v2\/pages"}],"about":[{"href":"https:\/\/dr-thomas-pauly.de\/ar\/wp-json\/wp\/v2\/types\/page"}],"author":[{"embeddable":true,"href":"https:\/\/dr-thomas-pauly.de\/ar\/wp-json\/wp\/v2\/users\/1"}],"replies":[{"embeddable":true,"href":"https:\/\/dr-thomas-pauly.de\/ar\/wp-json\/wp\/v2\/comments?post=225"}],"version-history":[{"count":13,"href":"https:\/\/dr-thomas-pauly.de\/ar\/wp-json\/wp\/v2\/pages\/225\/revisions"}],"predecessor-version":[{"id":1939,"href":"https:\/\/dr-thomas-pauly.de\/ar\/wp-json\/wp\/v2\/pages\/225\/revisions\/1939"}],"wp:attachment":[{"href":"https:\/\/dr-thomas-pauly.de\/ar\/wp-json\/wp\/v2\/media?parent=225"}],"curies":[{"name":"wp","href":"https:\/\/api.w.org\/{rel}","templated":true}]}}