{"id":233,"date":"2018-08-25T04:21:46","date_gmt":"2018-08-25T02:21:46","guid":{"rendered":"https:\/\/lo-werbung.de\/dr-pauly-2018\/?page_id=233"},"modified":"2020-06-06T12:26:32","modified_gmt":"2020-06-06T10:26:32","slug":"akupunktur","status":"publish","type":"page","link":"https:\/\/dr-thomas-pauly.de\/ar\/akupunktur\/","title":{"rendered":"\u0627\u0644\u0648\u062e\u0632 \u0628\u0627\u0644\u0625\u0628\u0631"},"content":{"rendered":"<div data-elementor-type=\"wp-post\" data-elementor-id=\"233\" class=\"elementor elementor-233\" data-elementor-post-type=\"page\">\n\t\t\t\t\t\t<section class=\"elementor-section elementor-top-section elementor-element elementor-element-4a5f29e row-full elementor-section-boxed elementor-section-height-default elementor-section-height-default\" data-id=\"4a5f29e\" data-element_type=\"section\" data-settings=\"{&quot;background_background&quot;:&quot;gradient&quot;}\">\n\t\t\t\t\t\t<div class=\"elementor-container elementor-column-gap-default\">\n\t\t\t\t\t<div class=\"elementor-column elementor-col-100 elementor-top-column elementor-element elementor-element-44e53c7\" data-id=\"44e53c7\" data-element_type=\"column\">\n\t\t\t<div class=\"elementor-widget-wrap elementor-element-populated\">\n\t\t\t\t\t\t<div class=\"elementor-element elementor-element-d91219a elementor--h-position-center elementor--v-position-middle elementor-arrows-position-inside elementor-pagination-position-inside elementor-widget elementor-widget-slides\" data-id=\"d91219a\" data-element_type=\"widget\" data-settings=\"{&quot;transition_speed&quot;:2000,&quot;transition&quot;:&quot;fade&quot;,&quot;navigation&quot;:&quot;both&quot;,&quot;autoplay&quot;:&quot;yes&quot;,&quot;pause_on_hover&quot;:&quot;yes&quot;,&quot;pause_on_interaction&quot;:&quot;yes&quot;,&quot;autoplay_speed&quot;:5000,&quot;infinite&quot;:&quot;yes&quot;}\" data-widget_type=\"slides.default\">\n\t\t\t\t<div class=\"elementor-widget-container\">\n\t\t\t\t\t\t\t\t\t<div class=\"elementor-swiper\">\n\t\t\t\t\t<div class=\"elementor-slides-wrapper elementor-main-swiper swiper\" role=\"region\" aria-roledescription=\"carousel\" aria-label=\"Slides\" dir=\"rtl\" data-animation=\"\">\n\t\t\t\t<div class=\"swiper-wrapper elementor-slides\">\n\t\t\t\t\t\t\t\t\t\t<div class=\"elementor-repeater-item-63caeff swiper-slide\" role=\"group\" aria-roledescription=\"slide\"><div class=\"swiper-slide-bg elementor-ken-burns elementor-ken-burns--in\" role=\"img\"><\/div><div class=\"swiper-slide-inner\" ><div class=\"swiper-slide-contents\"><\/div><\/div><\/div><div class=\"elementor-repeater-item-b5a61ff swiper-slide\" role=\"group\" aria-roledescription=\"slide\"><div class=\"swiper-slide-bg elementor-ken-burns elementor-ken-burns--out\" role=\"img\"><\/div><div class=\"swiper-slide-inner\" ><div class=\"swiper-slide-contents\"><\/div><\/div><\/div>\t\t\t\t<\/div>\n\t\t\t\t\t\t\t\t\t\t\t\t\t\t\t<div class=\"elementor-swiper-button elementor-swiper-button-prev\" role=\"button\" tabindex=\"0\" aria-label=\"Previous slide\">\n\t\t\t\t\t\t\t<i aria-hidden=\"true\" class=\"eicon-chevron-right\"><\/i>\t\t\t\t\t\t<\/div>\n\t\t\t\t\t\t<div class=\"elementor-swiper-button elementor-swiper-button-next\" role=\"button\" tabindex=\"0\" aria-label=\"Next slide\">\n\t\t\t\t\t\t\t<i aria-hidden=\"true\" class=\"eicon-chevron-left\"><\/i>\t\t\t\t\t\t<\/div>\n\t\t\t\t\t\t\t\t\t\t\t\t\t\t\t\t<div class=\"swiper-pagination\"><\/div>\n\t\t\t\t\t\t\t\t\t\t\t\t<\/div>\n\t\t\t\t<\/div>\n\t\t\t\t\t\t\t\t<\/div>\n\t\t\t\t<\/div>\n\t\t\t\t\t<\/div>\n\t\t<\/div>\n\t\t\t\t\t<\/div>\n\t\t<\/section>\n\t\t\t\t<section class=\"elementor-section elementor-top-section elementor-element elementor-element-5349e9bb elementor-section-boxed elementor-section-height-default elementor-section-height-default\" data-id=\"5349e9bb\" data-element_type=\"section\">\n\t\t\t\t\t\t<div class=\"elementor-container elementor-column-gap-default\">\n\t\t\t\t\t<div class=\"elementor-column elementor-col-50 elementor-top-column elementor-element elementor-element-2cd89075\" data-id=\"2cd89075\" data-element_type=\"column\">\n\t\t\t<div class=\"elementor-widget-wrap elementor-element-populated\">\n\t\t\t\t\t\t<div class=\"elementor-element elementor-element-1d90dbba box-white elementor-widget elementor-widget-text-editor\" data-id=\"1d90dbba\" data-element_type=\"widget\" data-widget_type=\"text-editor.default\">\n\t\t\t\t<div class=\"elementor-widget-container\">\n\t\t\t\t\t\t\t\t\t<h1>\u0627\u0644\u0639\u064a\u0627\u062f\u0629 \u0627\u0644\u062e\u0627\u0635\u0629 \u0628\u0627\u0644\u062f\u0643\u062a\u0648\u0631 \u062a\u0648\u0645\u0627\u0633 \u0628\u0627\u0648\u0644\u064a \u2013 \u0627\u0644\u0648\u062e\u0632 \u0628\u0627\u0644\u0625\u0628\u0631<\/h1><p>\u0641\u0646 \u0627\u0644\u0639\u0644\u0627\u062c \u0627\u0644\u0635\u064a\u0646\u064a \u0628\u0627\u0644\u0648\u062e\u0632 \u0628\u0627\u0644\u0625\u0628\u0631 \u0627\u0644\u0630\u064a \u064a\u0632\u064a\u062f \u0639\u0645\u0631\u0647 \u0639\u0644\u0649 \u0623\u0644\u0641\u064a \u0633\u0646\u0629\u060c \u0647\u0648 \u0641\u0646 \u0645\u0639\u062a\u0631\u0641 \u0628\u0647 \u0631\u0633\u0645\u064a\u064b\u0627 \u0641\u064a \u0647\u0630\u0627 \u0627\u0644\u0628\u0644\u062f \u0643\u0648\u0633\u064a\u0644\u0629 \u0645\u0646 \u0648\u0633\u0627\u0626\u0644 \u0627\u0644\u0639\u0644\u0627\u062c. \u0645\u0646 \u062e\u0644\u0627\u0644 \u0648\u0636\u0639 \u062f\u0642\u064a\u0642 \u0644\u0644\u0625\u0628\u0631 \u0627\u0644\u0635\u063a\u064a\u0631\u0629 \u0641\u064a \u0646\u0642\u0627\u0637 \u0645\u062d\u062f\u062f\u0629 \u0645\u0646 \u0627\u0644\u062c\u0633\u0645 \u064a\u0645\u0643\u0646 \u0625\u064a\u0642\u0627\u0641 \u0627\u0644\u0623\u0644\u0645\u060c \u0648\u0645\u0646\u062d \u0627\u0644\u0634\u0641\u0627\u0621 \u0644\u0645\u0646\u0637\u0642\u0629 \u0627\u0644\u062c\u0647\u0627\u0632 \u0627\u0644\u0639\u0636\u0644\u064a \u0648\u0627\u0644\u062d\u0631\u0643\u064a.<\/p><p><span style=\"font-size: 0.9rem;\">\u064a\u0645\u0643\u0646 \u0625\u064a\u062c\u0627\u0632 \u062e\u0644\u0641\u064a\u0629 \u0627\u0644\u0648\u062e\u0632 \u0628\u0627\u0644\u0625\u0628\u0631 \u0643\u0645\u0627 \u064a\u0644\u064a: \u062a\u062a\u0642\u0627\u0637\u0639 \u0623\u062c\u0633\u0627\u0645\u0646\u0627 \u0639\u0646 \u0637\u0631\u064a\u0642 \u0646\u0638\u0627\u0645 \u064a\u0633\u0645\u0649 \u062e\u0637\u0648\u0637 \u0627\u0644\u0637\u0648\u0644\u060c \u0623\u064a \u0634\u0628\u0643\u0629 \u0645\u0646 \u0627\u0644\u0645\u0645\u0631\u0627\u062a \u0627\u0644\u062a\u064a \u064a\u062a\u062f\u0641\u0642 \u0645\u0646 \u062e\u0644\u0627\u0644\u0647\u0627 \u0645\u0627 \u064a\u0633\u0645\u0649 \u062a\u0634\u064a - \u0627\u0644\u0637\u0627\u0642\u0629 \u0627\u0644\u062d\u064a\u0648\u064a\u0629. \u0641\u0625\u0630\u0627 \u0645\u0627 \u0627\u062e\u062a\u0644 \u062a\u062f\u0641\u0642 \u062a\u0634\u064a\u060c \u064a\u0645\u0643\u0646 \u0623\u0646 \u064a\u062d\u062f\u062b \u0627\u0644\u0645\u0631\u0636. \u0648\u0645\u0646 \u062e\u0644\u0627\u0644 \u0627\u0644\u0639\u0644\u0627\u062c \u0628\u0627\u0644\u0625\u0628\u0631 \u0644\u0646\u0642\u0627\u0637 \u0627\u0644\u0648\u062e\u0632 \u0628\u0627\u0644\u0625\u0628\u0631 \u0627\u0644\u0645\u0639\u0646\u064a\u0629 \u0639\u0644\u0649 \u0627\u0644\u062c\u0633\u0645\u060c \u064a\u0645\u0643\u0646 \u0625\u0639\u0627\u062f\u0629 \u062a\u0634\u0649 \u0645\u0631\u0629 \u0623\u062e\u0631\u0649 \u0625\u0644\u0649 \u0627\u0644\u062a\u062f\u0641\u0642\u060c \u0648\u064a\u0645\u0643\u0646 \u0645\u0648\u0627\u0621\u0645\u0629 \u0627\u0644\u0627\u062e\u062a\u0644\u0627\u0644\u0627\u062a\u060c \u0648\u062a\u0639\u0648\u064a\u0636 \u0627\u0644\u0627\u0646\u0633\u062f\u0627\u062f\u0627\u062a \u0648\u062d\u0627\u0644\u0627\u062a \u0627\u0644\u0636\u0639\u0641.<\/span><\/p><p><span style=\"font-size: 0.9rem;\">\u0639\u0627\u062f\u0629 \u0645\u0627 \u064a\u062c\u0631\u064a \u0627\u0644\u0642\u064a\u0627\u0645 \u0628\u0633\u0644\u0627\u0633\u0644 \u0645\u0643\u0648\u0646\u0629 \u0645\u0646 10- 15 \u0639\u0644\u0627\u062c\u064b\u0627\u060c \u0645\u0639 \u0627\u062b\u0646\u064a\u0646 \u0645\u0646\u00a0\u0639\u0644\u0627\u062c\u0627\u062a \u0627\u0644\u0648\u062e\u0632 \u0628\u0627\u0644\u0625\u0628\u0631 \u0623\u0633\u0628\u0648\u0639\u064a\u064b\u0627. \u0648\u0641\u064a \u062d\u0627\u0644\u0629 \u0627\u0644\u0636\u0631\u0648\u0631\u0629\u060c \u064a\u0645\u0643\u0646 \u0627\u0644\u0645\u0648\u0627\u0635\u0644\u0629 \u0628\u0633\u0644\u0633\u0644\u0629 \u0644\u0627\u062d\u0642\u0629 \u0645\u0646 \u0627\u0644\u0639\u0644\u0627\u062c\u0627\u062a \u0628\u0639\u062f \u0645\u0631\u0648\u0631 \u0628\u0639\u0636 \u0627\u0644\u0648\u0642\u062a.<\/span><\/p>\t\t\t\t\t\t\t\t<\/div>\n\t\t\t\t<\/div>\n\t\t\t\t\t<\/div>\n\t\t<\/div>\n\t\t\t\t<div class=\"elementor-column elementor-col-50 elementor-top-column elementor-element elementor-element-a2ef94f\" data-id=\"a2ef94f\" data-element_type=\"column\">\n\t\t\t<div class=\"elementor-widget-wrap elementor-element-populated\">\n\t\t\t\t\t\t<div class=\"elementor-element elementor-element-6539879 elementor-widget elementor-widget-accordion\" data-id=\"6539879\" data-element_type=\"widget\" data-widget_type=\"accordion.default\">\n\t\t\t\t<div class=\"elementor-widget-container\">\n\t\t\t\t\t\t\t<div class=\"elementor-accordion\">\n\t\t\t\t\t\t\t<div class=\"elementor-accordion-item\">\n\t\t\t\t\t<div id=\"elementor-tab-title-1061\" class=\"elementor-tab-title\" data-tab=\"1\" role=\"button\" aria-controls=\"elementor-tab-content-1061\" aria-expanded=\"false\">\n\t\t\t\t\t\t\t\t\t\t\t\t\t<span class=\"elementor-accordion-icon elementor-accordion-icon-right\" aria-hidden=\"true\">\n\t\t\t\t\t\t\t\t\t\t\t\t\t\t\t<span class=\"elementor-accordion-icon-closed\"><i class=\"far fa-caret-square-down\"><\/i><\/span>\n\t\t\t\t\t\t\t\t<span class=\"elementor-accordion-icon-opened\"><i class=\"far fa-caret-square-up\"><\/i><\/span>\n\t\t\t\t\t\t\t\t\t\t\t\t\t\t<\/span>\n\t\t\t\t\t\t\t\t\t\t\t\t<a class=\"elementor-accordion-title\" tabindex=\"0\">\u0639\u064a\u0627\u062f\u0629 \u0627\u0644\u0645\u0644\u0627\u062d\u0629 <\/a>\n\t\t\t\t\t<\/div>\n\t\t\t\t\t<div id=\"elementor-tab-content-1061\" class=\"elementor-tab-content elementor-clearfix\" data-tab=\"1\" role=\"region\" aria-labelledby=\"elementor-tab-title-1061\"><\/div>\n\t\t\t\t<\/div>\n\t\t\t\t\t\t\t\t<\/div>\n\t\t\t\t\t\t<\/div>\n\t\t\t\t<\/div>\n\t\t\t\t<div class=\"elementor-element elementor-element-333cf7e elementor--h-position-center elementor--v-position-middle elementor-arrows-position-inside elementor-pagination-position-inside elementor-widget elementor-widget-slides\" data-id=\"333cf7e\" data-element_type=\"widget\" data-settings=\"{&quot;navigation&quot;:&quot;both&quot;,&quot;autoplay&quot;:&quot;yes&quot;,&quot;pause_on_hover&quot;:&quot;yes&quot;,&quot;pause_on_interaction&quot;:&quot;yes&quot;,&quot;autoplay_speed&quot;:5000,&quot;infinite&quot;:&quot;yes&quot;,&quot;transition&quot;:&quot;slide&quot;,&quot;transition_speed&quot;:500}\" data-widget_type=\"slides.default\">\n\t\t\t\t<div class=\"elementor-widget-container\">\n\t\t\t\t\t\t\t\t\t<div class=\"elementor-swiper\">\n\t\t\t\t\t<div class=\"elementor-slides-wrapper elementor-main-swiper swiper\" role=\"region\" aria-roledescription=\"carousel\" aria-label=\"Slides\" dir=\"rtl\" data-animation=\"fadeInUp\">\n\t\t\t\t<div class=\"swiper-wrapper elementor-slides\">\n\t\t\t\t\t\t\t\t\t\t<div class=\"elementor-repeater-item-796b496 swiper-slide\" role=\"group\" aria-roledescription=\"slide\"><div class=\"swiper-slide-bg\" role=\"img\"><\/div><div class=\"swiper-slide-inner\" ><div class=\"swiper-slide-contents\"><\/div><\/div><\/div><div class=\"elementor-repeater-item-af9ec4f swiper-slide\" role=\"group\" aria-roledescription=\"slide\"><div class=\"swiper-slide-bg\" role=\"img\"><\/div><div class=\"swiper-slide-inner\" ><div class=\"swiper-slide-contents\"><\/div><\/div><\/div>\t\t\t\t<\/div>\n\t\t\t\t\t\t\t\t\t\t\t\t\t\t\t<div class=\"elementor-swiper-button elementor-swiper-button-prev\" role=\"button\" tabindex=\"0\" aria-label=\"Previous slide\">\n\t\t\t\t\t\t\t<i aria-hidden=\"true\" class=\"eicon-chevron-right\"><\/i>\t\t\t\t\t\t<\/div>\n\t\t\t\t\t\t<div class=\"elementor-swiper-button elementor-swiper-button-next\" role=\"button\" tabindex=\"0\" aria-label=\"Next slide\">\n\t\t\t\t\t\t\t<i aria-hidden=\"true\" class=\"eicon-chevron-left\"><\/i>\t\t\t\t\t\t<\/div>\n\t\t\t\t\t\t\t\t\t\t\t\t\t\t\t\t<div class=\"swiper-pagination\"><\/div>\n\t\t\t\t\t\t\t\t\t\t\t\t<\/div>\n\t\t\t\t<\/div>\n\t\t\t\t\t\t\t\t<\/div>\n\t\t\t\t<\/div>\n\t\t\t\t<div class=\"elementor-element elementor-element-6c7bb07 elementor-widget elementor-widget-text-editor\" data-id=\"6c7bb07\" data-element_type=\"widget\" data-widget_type=\"text-editor.default\">\n\t\t\t\t<div class=\"elementor-widget-container\">\n\t\t\t\t\t\t\t\t\t<p style=\"text-align: left;\">\u0639\u064a\u0627\u062f\u0629 \u062c\u0631\u0627\u062d\u0629 \u0627\u0644\u0639\u0638\u0627\u0645 \u0627\u0644\u062e\u0627\u0635\u0629\n\u0627\u0644\u062f\u0643\u062a\u0648\u0631 \u0627\u0644\u0637\u0628\u064a\u0628 \u062a\u0648\u0645\u0627\u0633 \u0628\u0627\u0648\u0644\u064a\n94 \u0643\u0648\u0646\u062c\u0633 \u0623\u0644\u0644\u064a\n40212 \u062f\u0648\u0633\u0644\u062f\u0648\u0631\u0641\n\u0627\u0644\u0647\u0627\u062a\u0641: 0211 300 40 383\n\u0627\u0644\u0628\u0631\u064a\u062f \u0627\u0644\u0625\u0644\u0643\u062a\u0631\u0648\u0646\u064a: clinic@dr-thomas-pauly.de\n\u0639\u064a\u0627\u062f\u0629 \u0637\u0628 \u0627\u0644\u0639\u0638\u0627\u0645 \u0627\u0644\u062e\u0627\u0635\u0629 \u0644\u0644\u062f\u0643\u062a\u0648\u0631 \u0627\u0644\u0637\u0628\u064a\u0628 \u062a\u0648\u0645\u0627\u0633 \u0628\u0627\u0648\u0644\u064a\u060c \u0645\u0648\u062c\u0648\u062f \u0641\u064a \u0634\u0627\u0631\u0639 K\u00f6nigsallee 94  \u0628\u0645\u062f\u064a\u0646\u0629 \u062f\u0648\u0633\u0644\u062f\u0648\u0631\u0641.<\/p><p style=\"text-align: left;\">\u064a\u0645\u0643\u0646\u0643 \u0627\u0644\u0648\u0635\u0648\u0644 \u0625\u0644\u064a\u0646\u0627 \u0645\u0646 \u0627\u0644\u0625\u062b\u0646\u064a\u0646 \u0625\u0644\u0649 \u0627\u0644\u062c\u0645\u0639\u0629\u060c \u0645\u0646 \u0627\u0644\u0633\u0627\u0639\u0629 7:00 \u0625\u0644\u0649 08:00 \u0645\u0633\u0627\u0621\u060c \u0648\u0641\u064a \u0623\u064a\u0627\u0645 \u0627\u0644\u0633\u0628\u062a \u0625\u0630\u0627 \u062f\u0639\u062a \u0627\u0644\u0636\u0631\u0648\u0631\u0629.<\/p><p style=\"text-align: left;\">\u0647\u0627\u062a\u0641\u00a0<a href=\"https:\/\/dr-thomas-pauly.de\/ar\/kontakt\/\">0211 300 40 383<\/a><\/p><p style=\"text-align: left;\">\u0628\u0631\u064a\u062f \u0625\u0644\u0643\u062a\u0631\u0648\u0646\u064a\u00a0<a href=\"mailto:praxis@dr-thomas-pauly.de\">clinic@dr-thomas-pauly.de<\/a>.<\/p><p style=\"text-align: left;\"><a class=\"pauly-button\" href=\"http:\/\/kontakt\">\u062a\u062d\u062f\u064a\u062f \u0645\u0648\u0639\u062f<\/a><\/p>\t\t\t\t\t\t\t\t<\/div>\n\t\t\t\t<\/div>\n\t\t\t\t\t<\/div>\n\t\t<\/div>\n\t\t\t\t\t<\/div>\n\t\t<\/section>\n\t\t\t\t<\/div>","protected":false},"excerpt":{"rendered":"<p>Voriger N\u00e4chster Privatpraxis Dr. med. Thomas Pauly \u2013 Akupunktur Die \u00fcber zweitausend Jahre alte chinesische Heilkunst der Akupunktur ist auch hierzulande als Behandlungsmethode offiziell anerkannt. Durch das behutsame Setzen kleiner Nadeln an spezifischen K\u00f6rperpunkten kann Schmerz ausgeschaltet sowie Heilung im Bereich des St\u00fctz- und Bewegungsapparats bewirkt werden. Der Hintergrund der Akupunktur l\u00e4sst sich folgenderma\u00dfen skizzieren: [&hellip;]<\/p>","protected":false},"author":1,"featured_media":0,"parent":0,"menu_order":0,"comment_status":"closed","ping_status":"closed","template":"","meta":{"footnotes":""},"class_list":["post-233","page","type-page","status-publish","hentry"],"yoast_head":"<!-- This site is optimized with the Yoast SEO plugin v25.4 - https:\/\/yoast.com\/wordpress\/plugins\/seo\/ -->\n<title>Akupunktur - Privatpraxis Dr. Thomas Pauly - K\u00f6nigsallee 94 in D\u00fcsseldorf<\/title>\n<meta name=\"description\" content=\"Akupunktur - Akupunktur- und Schmerzbehandlung in der orthop\u00e4dischen Privatpraxis Dr. Thomas Pauly | K\u00f6nigsallee 94 in D\u00fcsseldorf\" \/>\n<meta name=\"robots\" content=\"index, follow, max-snippet:-1, max-image-preview:large, max-video-preview:-1\" \/>\n<link rel=\"canonical\" href=\"https:\/\/dr-thomas-pauly.de\/ar\/akupunktur\/\" \/>\n<meta property=\"og:locale\" content=\"ar_AR\" \/>\n<meta property=\"og:type\" content=\"article\" \/>\n<meta property=\"og:title\" content=\"Akupunktur - Privatpraxis Dr. Thomas Pauly - K\u00f6nigsallee 94 in D\u00fcsseldorf\" \/>\n<meta property=\"og:description\" content=\"Akupunktur - Akupunktur- und Schmerzbehandlung in der orthop\u00e4dischen Privatpraxis Dr. Thomas Pauly | K\u00f6nigsallee 94 in D\u00fcsseldorf\" \/>\n<meta property=\"og:url\" content=\"https:\/\/dr-thomas-pauly.de\/ar\/akupunktur\/\" \/>\n<meta property=\"og:site_name\" content=\"Dr. Thomas Pauly\" \/>\n<meta property=\"article:modified_time\" content=\"2020-06-06T10:26:32+00:00\" \/>\n<meta name=\"twitter:card\" content=\"summary_large_image\" \/>\n<meta name=\"twitter:site\" content=\"@koe94\" \/>\n<meta name=\"twitter:label1\" content=\"\u0648\u0642\u062a \u0627\u0644\u0642\u0631\u0627\u0621\u0629 \u0627\u0644\u0645\u064f\u0642\u062f\u0651\u0631\" \/>\n\t<meta name=\"twitter:data1\" content=\"\u062f\u0642\u064a\u0642\u0629 \u0648\u0627\u062d\u062f\u0629\" \/>\n<script type=\"application\/ld+json\" class=\"yoast-schema-graph\">{\"@context\":\"https:\/\/schema.org\",\"@graph\":[{\"@type\":\"WebPage\",\"@id\":\"https:\/\/dr-thomas-pauly.de\/akupunktur\/\",\"url\":\"https:\/\/dr-thomas-pauly.de\/akupunktur\/\",\"name\":\"Akupunktur - Privatpraxis Dr. Thomas Pauly - K\u00f6nigsallee 94 in D\u00fcsseldorf\",\"isPartOf\":{\"@id\":\"https:\/\/dr-thomas-pauly.de\/#website\"},\"datePublished\":\"2018-08-25T02:21:46+00:00\",\"dateModified\":\"2020-06-06T10:26:32+00:00\",\"description\":\"Akupunktur - Akupunktur- und Schmerzbehandlung in der orthop\u00e4dischen Privatpraxis Dr. Thomas Pauly | K\u00f6nigsallee 94 in D\u00fcsseldorf\",\"breadcrumb\":{\"@id\":\"https:\/\/dr-thomas-pauly.de\/akupunktur\/#breadcrumb\"},\"inLanguage\":\"ar\",\"potentialAction\":[{\"@type\":\"ReadAction\",\"target\":[\"https:\/\/dr-thomas-pauly.de\/akupunktur\/\"]}]},{\"@type\":\"BreadcrumbList\",\"@id\":\"https:\/\/dr-thomas-pauly.de\/akupunktur\/#breadcrumb\",\"itemListElement\":[{\"@type\":\"ListItem\",\"position\":1,\"name\":\"Startseite\",\"item\":\"https:\/\/dr-thomas-pauly.de\/\"},{\"@type\":\"ListItem\",\"position\":2,\"name\":\"Akupunktur\"}]},{\"@type\":\"WebSite\",\"@id\":\"https:\/\/dr-thomas-pauly.de\/#website\",\"url\":\"https:\/\/dr-thomas-pauly.de\/\",\"name\":\"Dr. Thomas Pauly\",\"description\":\"Orthop\u00e4dische Privatpraxis K\u00f6nigsallee 94 in D\u00fcsseldorf.\",\"publisher\":{\"@id\":\"https:\/\/dr-thomas-pauly.de\/#organization\"},\"potentialAction\":[{\"@type\":\"SearchAction\",\"target\":{\"@type\":\"EntryPoint\",\"urlTemplate\":\"https:\/\/dr-thomas-pauly.de\/?s={search_term_string}\"},\"query-input\":{\"@type\":\"PropertyValueSpecification\",\"valueRequired\":true,\"valueName\":\"search_term_string\"}}],\"inLanguage\":\"ar\"},{\"@type\":\"Organization\",\"@id\":\"https:\/\/dr-thomas-pauly.de\/#organization\",\"name\":\"Dr Thomas Pauly\",\"url\":\"https:\/\/dr-thomas-pauly.de\/\",\"logo\":{\"@type\":\"ImageObject\",\"inLanguage\":\"ar\",\"@id\":\"https:\/\/dr-thomas-pauly.de\/#\/schema\/logo\/image\/\",\"url\":\"https:\/\/dr-thomas-pauly.de\/wp-content\/uploads\/2019\/12\/logo-dr-thomas-pauly.png\",\"contentUrl\":\"https:\/\/dr-thomas-pauly.de\/wp-content\/uploads\/2019\/12\/logo-dr-thomas-pauly.png\",\"width\":804,\"height\":772,\"caption\":\"Dr Thomas Pauly\"},\"image\":{\"@id\":\"https:\/\/dr-thomas-pauly.de\/#\/schema\/logo\/image\/\"},\"sameAs\":[\"https:\/\/x.com\/koe94\",\"http:\/\/dr-thomas-pauly\"]}]}<\/script>\n<!-- \/ Yoast SEO plugin. -->","yoast_head_json":{"title":"Akupunktur - Privatpraxis Dr. Thomas Pauly - K\u00f6nigsallee 94 in D\u00fcsseldorf","description":"Akupunktur - Akupunktur- und Schmerzbehandlung in der orthop\u00e4dischen Privatpraxis Dr. Thomas Pauly | K\u00f6nigsallee 94 in D\u00fcsseldorf","robots":{"index":"index","follow":"follow","max-snippet":"max-snippet:-1","max-image-preview":"max-image-preview:large","max-video-preview":"max-video-preview:-1"},"canonical":"https:\/\/dr-thomas-pauly.de\/ar\/akupunktur\/","og_locale":"ar_AR","og_type":"article","og_title":"Akupunktur - Privatpraxis Dr. Thomas Pauly - K\u00f6nigsallee 94 in D\u00fcsseldorf","og_description":"Akupunktur - Akupunktur- und Schmerzbehandlung in der orthop\u00e4dischen Privatpraxis Dr. Thomas Pauly | K\u00f6nigsallee 94 in D\u00fcsseldorf","og_url":"https:\/\/dr-thomas-pauly.de\/ar\/akupunktur\/","og_site_name":"Dr. Thomas Pauly","article_modified_time":"2020-06-06T10:26:32+00:00","twitter_card":"summary_large_image","twitter_site":"@koe94","twitter_misc":{"\u0648\u0642\u062a \u0627\u0644\u0642\u0631\u0627\u0621\u0629 \u0627\u0644\u0645\u064f\u0642\u062f\u0651\u0631":"\u062f\u0642\u064a\u0642\u0629 \u0648\u0627\u062d\u062f\u0629"},"schema":{"@context":"https:\/\/schema.org","@graph":[{"@type":"WebPage","@id":"https:\/\/dr-thomas-pauly.de\/akupunktur\/","url":"https:\/\/dr-thomas-pauly.de\/akupunktur\/","name":"Akupunktur - Privatpraxis Dr. Thomas Pauly - K\u00f6nigsallee 94 in D\u00fcsseldorf","isPartOf":{"@id":"https:\/\/dr-thomas-pauly.de\/#website"},"datePublished":"2018-08-25T02:21:46+00:00","dateModified":"2020-06-06T10:26:32+00:00","description":"Akupunktur - Akupunktur- und Schmerzbehandlung in der orthop\u00e4dischen Privatpraxis Dr. Thomas Pauly | K\u00f6nigsallee 94 in D\u00fcsseldorf","breadcrumb":{"@id":"https:\/\/dr-thomas-pauly.de\/akupunktur\/#breadcrumb"},"inLanguage":"ar","potentialAction":[{"@type":"ReadAction","target":["https:\/\/dr-thomas-pauly.de\/akupunktur\/"]}]},{"@type":"BreadcrumbList","@id":"https:\/\/dr-thomas-pauly.de\/akupunktur\/#breadcrumb","itemListElement":[{"@type":"ListItem","position":1,"name":"Startseite","item":"https:\/\/dr-thomas-pauly.de\/"},{"@type":"ListItem","position":2,"name":"Akupunktur"}]},{"@type":"WebSite","@id":"https:\/\/dr-thomas-pauly.de\/#website","url":"https:\/\/dr-thomas-pauly.de\/","name":"Dr. Thomas Pauly","description":"Orthop\u00e4dische Privatpraxis K\u00f6nigsallee 94 in D\u00fcsseldorf.","publisher":{"@id":"https:\/\/dr-thomas-pauly.de\/#organization"},"potentialAction":[{"@type":"SearchAction","target":{"@type":"EntryPoint","urlTemplate":"https:\/\/dr-thomas-pauly.de\/?s={search_term_string}"},"query-input":{"@type":"PropertyValueSpecification","valueRequired":true,"valueName":"search_term_string"}}],"inLanguage":"ar"},{"@type":"Organization","@id":"https:\/\/dr-thomas-pauly.de\/#organization","name":"Dr Thomas Pauly","url":"https:\/\/dr-thomas-pauly.de\/","logo":{"@type":"ImageObject","inLanguage":"ar","@id":"https:\/\/dr-thomas-pauly.de\/#\/schema\/logo\/image\/","url":"https:\/\/dr-thomas-pauly.de\/wp-content\/uploads\/2019\/12\/logo-dr-thomas-pauly.png","contentUrl":"https:\/\/dr-thomas-pauly.de\/wp-content\/uploads\/2019\/12\/logo-dr-thomas-pauly.png","width":804,"height":772,"caption":"Dr Thomas Pauly"},"image":{"@id":"https:\/\/dr-thomas-pauly.de\/#\/schema\/logo\/image\/"},"sameAs":["https:\/\/x.com\/koe94","http:\/\/dr-thomas-pauly"]}]}},"_links":{"self":[{"href":"https:\/\/dr-thomas-pauly.de\/ar\/wp-json\/wp\/v2\/pages\/233","targetHints":{"allow":["GET"]}}],"collection":[{"href":"https:\/\/dr-thomas-pauly.de\/ar\/wp-json\/wp\/v2\/pages"}],"about":[{"href":"https:\/\/dr-thomas-pauly.de\/ar\/wp-json\/wp\/v2\/types\/page"}],"author":[{"embeddable":true,"href":"https:\/\/dr-thomas-pauly.de\/ar\/wp-json\/wp\/v2\/users\/1"}],"replies":[{"embeddable":true,"href":"https:\/\/dr-thomas-pauly.de\/ar\/wp-json\/wp\/v2\/comments?post=233"}],"version-history":[{"count":11,"href":"https:\/\/dr-thomas-pauly.de\/ar\/wp-json\/wp\/v2\/pages\/233\/revisions"}],"predecessor-version":[{"id":1998,"href":"https:\/\/dr-thomas-pauly.de\/ar\/wp-json\/wp\/v2\/pages\/233\/revisions\/1998"}],"wp:attachment":[{"href":"https:\/\/dr-thomas-pauly.de\/ar\/wp-json\/wp\/v2\/media?parent=233"}],"curies":[{"name":"wp","href":"https:\/\/api.w.org\/{rel}","templated":true}]}}