{"id":235,"date":"2018-08-25T04:22:01","date_gmt":"2018-08-25T02:22:01","guid":{"rendered":"https:\/\/lo-werbung.de\/dr-pauly-2018\/?page_id=235"},"modified":"2020-06-06T12:30:38","modified_gmt":"2020-06-06T10:30:38","slug":"kraftmessung","status":"publish","type":"page","link":"https:\/\/dr-thomas-pauly.de\/ar\/kraftmessung\/","title":{"rendered":"\u0642\u064a\u0627\u0633 \u0627\u0644\u0642\u0648\u0629"},"content":{"rendered":"<div data-elementor-type=\"wp-post\" data-elementor-id=\"235\" class=\"elementor elementor-235\" data-elementor-post-type=\"page\">\n\t\t\t\t\t\t<section class=\"elementor-section elementor-top-section elementor-element elementor-element-5861ca7e elementor-section-boxed elementor-section-height-default elementor-section-height-default\" data-id=\"5861ca7e\" data-element_type=\"section\" data-settings=\"{&quot;background_background&quot;:&quot;gradient&quot;}\">\n\t\t\t\t\t\t<div class=\"elementor-container elementor-column-gap-default\">\n\t\t\t\t\t<div class=\"elementor-column elementor-col-100 elementor-top-column elementor-element elementor-element-37d1e4d9\" data-id=\"37d1e4d9\" data-element_type=\"column\">\n\t\t\t<div class=\"elementor-widget-wrap elementor-element-populated\">\n\t\t\t\t\t\t<div class=\"elementor-element elementor-element-7a2e8ea0 elementor-widget elementor-widget-image\" data-id=\"7a2e8ea0\" data-element_type=\"widget\" data-widget_type=\"image.default\">\n\t\t\t\t<div class=\"elementor-widget-container\">\n\t\t\t\t\t\t\t\t\t\t\t\t\t\t\t<img fetchpriority=\"high\" decoding=\"async\" width=\"1000\" height=\"270\" src=\"https:\/\/dr-thomas-pauly.de\/wp-content\/uploads\/2018\/10\/orthopadie-duesseldorf-orthopaede-dr-pauly.jpg\" class=\"attachment-large size-large wp-image-335\" alt=\"\" srcset=\"https:\/\/dr-thomas-pauly.de\/wp-content\/uploads\/2018\/10\/orthopadie-duesseldorf-orthopaede-dr-pauly.jpg 1000w, https:\/\/dr-thomas-pauly.de\/wp-content\/uploads\/2018\/10\/orthopadie-duesseldorf-orthopaede-dr-pauly-300x81.jpg 300w, https:\/\/dr-thomas-pauly.de\/wp-content\/uploads\/2018\/10\/orthopadie-duesseldorf-orthopaede-dr-pauly-768x207.jpg 768w\" sizes=\"(max-width: 1000px) 100vw, 1000px\" \/>\t\t\t\t\t\t\t\t\t\t\t\t\t\t\t<\/div>\n\t\t\t\t<\/div>\n\t\t\t\t\t<\/div>\n\t\t<\/div>\n\t\t\t\t\t<\/div>\n\t\t<\/section>\n\t\t\t\t<section class=\"elementor-section elementor-top-section elementor-element elementor-element-d12bb89 elementor-section-boxed elementor-section-height-default elementor-section-height-default\" data-id=\"d12bb89\" data-element_type=\"section\">\n\t\t\t\t\t\t<div class=\"elementor-container elementor-column-gap-default\">\n\t\t\t\t\t<div class=\"elementor-column elementor-col-50 elementor-top-column elementor-element elementor-element-7f72e53c\" data-id=\"7f72e53c\" data-element_type=\"column\">\n\t\t\t<div class=\"elementor-widget-wrap elementor-element-populated\">\n\t\t\t\t\t\t<div class=\"elementor-element elementor-element-cf376b7 box-white elementor-widget elementor-widget-text-editor\" data-id=\"cf376b7\" data-element_type=\"widget\" data-widget_type=\"text-editor.default\">\n\t\t\t\t<div class=\"elementor-widget-container\">\n\t\t\t\t\t\t\t\t\t<h1>\u0627\u0644\u0639\u064a\u0627\u062f\u0629 \u0627\u0644\u062e\u0627\u0635\u0629 \u0628\u0627\u0644\u062f\u0643\u062a\u0648\u0631 \u062a\u0648\u0645\u0627\u0633 \u0628\u0627\u0648\u0644\u064a \u2013 \u0642\u064a\u0627\u0633 \u0627\u0644\u0642\u0648\u0629:<\/h1><p>\u0644\u0642\u064a\u0627\u0633 \u0627\u0644\u0642\u0648\u0629 \u0646\u0633\u062a\u062e\u062f\u0645 \u0641\u064a \u0639\u064a\u0627\u062f\u062a\u0646\u0627 \u0637\u0631\u064a\u0642\u0629 DIERS-myoline \u0644\u0642\u064a\u0627\u0633 \u0627\u0644\u0642\u0648\u0629\u060c \u0648\u0647\u064a \u0646\u0638\u0627\u0645 \u0645\u062a\u0639\u062f\u062f \u0627\u0644\u0648\u0638\u0627\u0626\u0641\u060c \u0645\u0639 \u0645\u0627 \u064a\u0635\u0644 \u0625\u0644\u0649 28 \u0627\u062a\u062c\u0627\u0647 \u0642\u064a\u0627\u0633 \u0642\u0648\u0629\u061b \u0644\u0642\u064a\u0627\u0633 \u0642\u062f\u0631\u0627\u062a \u0627\u0644\u0642\u0648\u0629\u060c \u0648\u062e\u0627\u0635\u0629\u064b \u0627\u0644\u0642\u0648\u0629 \u0627\u0644\u0642\u0635\u0648\u0649 \u0645\u062a\u0633\u0627\u0648\u064a\u0629 \u0627\u0644\u0623\u0628\u0639\u0627\u062f.<\/p><p><span style=\"font-size: 0.9rem;\">\u0648\u0628\u0643\u0648\u0646\u0647 \u0645\u0635\u0645\u0645\u064b\u0627 \u0643\u0648\u0633\u064a\u0644\u0629 \u0642\u064a\u0627\u0633 \u0644\u0643\u0627\u0645\u0644 \u0627\u0644\u062c\u0633\u0645\u060c \u0641\u0625\u0646 \u0646\u0638\u0627\u0645 myoline DIERS \u00a0 \u064a\u0633\u0645\u062d \u0628\u0627\u0644\u0643\u0634\u0641 \u0648\u0627\u0644\u062a\u0648\u062b\u064a\u0642 \u0627\u0644\u062f\u0642\u064a\u0642 \u0644\u0623\u0647\u0645 \u0645\u0639\u0627\u064a\u064a\u0631 \u0627\u0644\u0639\u0636\u0644\u0627\u062a \u0630\u0627\u062a \u0627\u0644\u0635\u0644\u0629 \u0628\u0627\u0644\u0648\u0636\u0639\u064a\u0629 \u0641\u064a \u0646\u0638\u0627\u0645 \u0648\u0627\u062d\u062f.<\/span><\/p><p><span style=\"font-size: 0.9rem;\">\u062a\u0645\u062b\u064a\u0644 \u0628\u064a\u0627\u0646\u064a \u0641\u0648\u0631\u064a \u0644\u0644\u0627\u062e\u062a\u0644\u0627\u0644\u0627\u062a \u0627\u0644\u0639\u0636\u0644\u064a\u0629 \u064a\u0628\u064a\u0646 \u0627\u0644\u062d\u0627\u0644\u0629 \u0627\u0644\u0641\u0639\u0644\u064a\u0629 \u0644\u0644\u0639\u0636\u0644\u0627\u062a\u061b \u0648\u0641\u064a \u0627\u0644\u0648\u0642\u062a \u0646\u0641\u0633\u0647\u060c \u062a\u062a\u0645 \u0645\u0642\u0627\u0631\u0646\u0629 \u0646\u062a\u0627\u0626\u062c \u0627\u0644\u0642\u064a\u0627\u0633 \u0628\u0642\u064a\u0645 \u0627\u0644\u0645\u0642\u0627\u0631\u0646\u0629 \u0627\u0644\u062e\u0627\u0635\u0629 \u0628\u0627\u0644\u0639\u0645\u0631 \u0648\u0627\u0644\u062c\u0646\u0633.<\/span><\/p><p><span style=\"font-size: 0.9rem;\">\u0648\u0628\u0639\u062f \u0627\u0644\u0642\u064a\u0627\u0633\u060c \u0646\u0642\u0648\u0645 \u0628\u0648\u0636\u0639 \u0628\u0631\u0646\u0627\u0645\u062c \u062a\u062f\u0631\u064a\u0628 \u0641\u0631\u062f\u064a \u0628\u0627\u0644\u062a\u0634\u0627\u0648\u0631 \u0645\u0639\u0643\u0645. \u0648\u062a\u062a\u0645\u062a\u0639 \u0647\u0630\u0647 \u0627\u0644\u062a\u0648\u0635\u064a\u0627\u062a \u0627\u0644\u062a\u062f\u0631\u064a\u0628\u064a\u0629 \u0627\u0644\u0645\u0642\u0631\u0648\u0621\u0629 \u0648\u0627\u0644\u0645\u0646\u0638\u0648\u0631\u0629 \u0628\u0633\u0647\u0648\u0644\u0629 \u0641\u064a \u0627\u0644\u062a\u0637\u0628\u064a\u0642\u060c \u0648\u062a\u0645\u0643\u0646\u0643\u0645 \u0645\u0646 \u062a\u0646\u0641\u064a\u0630 \u0627\u0644\u062a\u062f\u0631\u064a\u0628 \u0627\u0644\u0641\u0631\u062f\u064a \u0641\u064a \u0627\u0644\u0645\u0646\u0632\u0644 (\u0623\u0648 \u0641\u064a \u0623\u064a \u0645\u0643\u0627\u0646 \u0622\u062e\u0631 \u062a\u062e\u062a\u0627\u0631\u0648\u0646\u0647)\u060c \u0648\u062a\u0648\u0641\u0631 \u0639\u0644\u064a\u0643\u0645 \u0639\u0646\u0627\u0621 \u0627\u0631\u062a\u064a\u0627\u062f \u0623\u062d\u062f \u0627\u0633\u062a\u0648\u062f\u064a\u0648\u0647\u0627\u062a \u0627\u0644\u0644\u064a\u0627\u0642\u0629 \u0627\u0644\u0628\u062f\u0646\u064a\u0629\u060c \u0648\u0628\u0627\u0644\u062a\u0627\u0644\u064a \u062a\u062c\u0646\u0628\u0643\u0645 \u0627\u0644\u0645\u062e\u0627\u0637\u0631 \u0627\u0644\u0645\u0631\u062a\u0628\u0637\u0629 \u0628\u0647\u0627.<\/span><\/p><p><span style=\"font-size: 0.9rem;\">\u0648\u0641\u064a \u0627\u0644\u0648\u0642\u062a \u0646\u0641\u0633\u0647\u060c \u0646\u0641\u0647\u0645 \u0627\u0644\u0646\u062c\u0627\u062d \u0627\u0644\u0639\u0644\u0627\u062c\u064a \u0644\u0644\u062a\u062f\u0631\u064a\u0628 \u0645\u0646 \u062e\u0644\u0627\u0644 \u062a\u0642\u0646\u064a\u0629 \u0627\u0644\u0642\u064a\u0627\u0633 \u0647\u0630\u0647 \u0628\u0627\u0644\u062a\u0641\u0635\u064a\u0644 \u0641\u064a \u0648\u0642\u062a \u0644\u0627\u062d\u0642\u060c \u0645\u0645\u0627 \u064a\u062a\u064a\u062d \u0625\u062c\u0631\u0627\u0621 \u062a\u0639\u062f\u064a\u0644\u0627\u062a \u0639\u0646\u062f \u0627\u0644\u062d\u0627\u062c\u0629.<\/span><\/p>\t\t\t\t\t\t\t\t<\/div>\n\t\t\t\t<\/div>\n\t\t\t\t<section class=\"elementor-section elementor-inner-section elementor-element elementor-element-ef310cb elementor-section-boxed elementor-section-height-default elementor-section-height-default\" data-id=\"ef310cb\" data-element_type=\"section\">\n\t\t\t\t\t\t<div class=\"elementor-container elementor-column-gap-default\">\n\t\t\t\t\t<div class=\"elementor-column elementor-col-50 elementor-inner-column elementor-element elementor-element-950be28\" data-id=\"950be28\" data-element_type=\"column\">\n\t\t\t<div class=\"elementor-widget-wrap elementor-element-populated\">\n\t\t\t\t\t\t<div class=\"elementor-element elementor-element-a120ee0 elementor-widget elementor-widget-image\" data-id=\"a120ee0\" data-element_type=\"widget\" data-widget_type=\"image.default\">\n\t\t\t\t<div class=\"elementor-widget-container\">\n\t\t\t\t\t\t\t\t\t\t\t\t\t\t\t<img decoding=\"async\" width=\"431\" height=\"650\" src=\"https:\/\/dr-thomas-pauly.de\/wp-content\/uploads\/2020\/05\/kraftmessung-duesseldorf-orthopaede-pauly-koenigsallee-03.jpg\" class=\"attachment-large size-large wp-image-1876\" alt=\"\" srcset=\"https:\/\/dr-thomas-pauly.de\/wp-content\/uploads\/2020\/05\/kraftmessung-duesseldorf-orthopaede-pauly-koenigsallee-03.jpg 431w, https:\/\/dr-thomas-pauly.de\/wp-content\/uploads\/2020\/05\/kraftmessung-duesseldorf-orthopaede-pauly-koenigsallee-03-199x300.jpg 199w\" sizes=\"(max-width: 431px) 100vw, 431px\" \/>\t\t\t\t\t\t\t\t\t\t\t\t\t\t\t<\/div>\n\t\t\t\t<\/div>\n\t\t\t\t\t<\/div>\n\t\t<\/div>\n\t\t\t\t<div class=\"elementor-column elementor-col-50 elementor-inner-column elementor-element elementor-element-96fef8a\" data-id=\"96fef8a\" data-element_type=\"column\">\n\t\t\t<div class=\"elementor-widget-wrap elementor-element-populated\">\n\t\t\t\t\t\t<div class=\"elementor-element elementor-element-a9d7f77 elementor-widget elementor-widget-image\" data-id=\"a9d7f77\" data-element_type=\"widget\" data-widget_type=\"image.default\">\n\t\t\t\t<div class=\"elementor-widget-container\">\n\t\t\t\t\t\t\t\t\t\t\t\t\t\t\t<img decoding=\"async\" width=\"650\" height=\"413\" src=\"https:\/\/dr-thomas-pauly.de\/wp-content\/uploads\/2020\/05\/kraftmessung-duesseldorf-orthopaede-pauly-koenigsallee-01.jpg\" class=\"attachment-large size-large wp-image-1875\" alt=\"\" srcset=\"https:\/\/dr-thomas-pauly.de\/wp-content\/uploads\/2020\/05\/kraftmessung-duesseldorf-orthopaede-pauly-koenigsallee-01.jpg 650w, https:\/\/dr-thomas-pauly.de\/wp-content\/uploads\/2020\/05\/kraftmessung-duesseldorf-orthopaede-pauly-koenigsallee-01-300x191.jpg 300w\" sizes=\"(max-width: 650px) 100vw, 650px\" \/>\t\t\t\t\t\t\t\t\t\t\t\t\t\t\t<\/div>\n\t\t\t\t<\/div>\n\t\t\t\t<div class=\"elementor-element elementor-element-5e975d7 elementor-widget elementor-widget-image\" data-id=\"5e975d7\" data-element_type=\"widget\" data-widget_type=\"image.default\">\n\t\t\t\t<div class=\"elementor-widget-container\">\n\t\t\t\t\t\t\t\t\t\t\t\t\t\t\t<img loading=\"lazy\" decoding=\"async\" width=\"650\" height=\"429\" src=\"https:\/\/dr-thomas-pauly.de\/wp-content\/uploads\/2020\/05\/kraftmessung-duesseldorf-orthopaede-pauly-koenigsallee-02.jpg\" class=\"attachment-large size-large wp-image-1874\" alt=\"\" srcset=\"https:\/\/dr-thomas-pauly.de\/wp-content\/uploads\/2020\/05\/kraftmessung-duesseldorf-orthopaede-pauly-koenigsallee-02.jpg 650w, https:\/\/dr-thomas-pauly.de\/wp-content\/uploads\/2020\/05\/kraftmessung-duesseldorf-orthopaede-pauly-koenigsallee-02-300x198.jpg 300w\" sizes=\"(max-width: 650px) 100vw, 650px\" \/>\t\t\t\t\t\t\t\t\t\t\t\t\t\t\t<\/div>\n\t\t\t\t<\/div>\n\t\t\t\t\t<\/div>\n\t\t<\/div>\n\t\t\t\t\t<\/div>\n\t\t<\/section>\n\t\t\t\t\t<\/div>\n\t\t<\/div>\n\t\t\t\t<div class=\"elementor-column elementor-col-50 elementor-top-column elementor-element elementor-element-2e24c0ec box-vertical\" data-id=\"2e24c0ec\" data-element_type=\"column\" data-settings=\"{&quot;background_background&quot;:&quot;classic&quot;}\">\n\t\t\t<div class=\"elementor-widget-wrap elementor-element-populated\">\n\t\t\t\t\t\t<div class=\"elementor-element elementor-element-23892f86 elementor-widget elementor-widget-accordion\" data-id=\"23892f86\" data-element_type=\"widget\" data-widget_type=\"accordion.default\">\n\t\t\t\t<div class=\"elementor-widget-container\">\n\t\t\t\t\t\t\t<div class=\"elementor-accordion\">\n\t\t\t\t\t\t\t<div class=\"elementor-accordion-item\">\n\t\t\t\t\t<div id=\"elementor-tab-title-5961\" class=\"elementor-tab-title\" data-tab=\"1\" role=\"button\" aria-controls=\"elementor-tab-content-5961\" aria-expanded=\"false\">\n\t\t\t\t\t\t\t\t\t\t\t\t\t<span class=\"elementor-accordion-icon elementor-accordion-icon-right\" aria-hidden=\"true\">\n\t\t\t\t\t\t\t\t\t\t\t\t\t\t\t<span class=\"elementor-accordion-icon-closed\"><i class=\"fas fa-plus\"><\/i><\/span>\n\t\t\t\t\t\t\t\t<span class=\"elementor-accordion-icon-opened\"><i class=\"far fa-caret-square-up\"><\/i><\/span>\n\t\t\t\t\t\t\t\t\t\t\t\t\t\t<\/span>\n\t\t\t\t\t\t\t\t\t\t\t\t<a class=\"elementor-accordion-title\" tabindex=\"0\">\u0639\u064a\u0627\u062f\u0629 \u0627\u0644\u0645\u0644\u0627\u062d\u0629 <\/a>\n\t\t\t\t\t<\/div>\n\t\t\t\t\t<div id=\"elementor-tab-content-5961\" class=\"elementor-tab-content elementor-clearfix\" data-tab=\"1\" role=\"region\" aria-labelledby=\"elementor-tab-title-5961\"><\/div>\n\t\t\t\t<\/div>\n\t\t\t\t\t\t\t\t<\/div>\n\t\t\t\t\t\t<\/div>\n\t\t\t\t<\/div>\n\t\t\t\t<section class=\"elementor-section elementor-inner-section elementor-element elementor-element-696c6b3b elementor-section-boxed elementor-section-height-default elementor-section-height-default\" data-id=\"696c6b3b\" data-element_type=\"section\" data-settings=\"{&quot;background_background&quot;:&quot;classic&quot;}\">\n\t\t\t\t\t\t<div class=\"elementor-container elementor-column-gap-default\">\n\t\t\t\t\t<div class=\"elementor-column elementor-col-100 elementor-inner-column elementor-element elementor-element-70c649f1\" data-id=\"70c649f1\" data-element_type=\"column\" data-settings=\"{&quot;background_background&quot;:&quot;classic&quot;}\">\n\t\t\t<div class=\"elementor-widget-wrap elementor-element-populated\">\n\t\t\t\t\t\t\t<\/div>\n\t\t<\/div>\n\t\t\t\t\t<\/div>\n\t\t<\/section>\n\t\t\t\t<div class=\"elementor-element elementor-element-34749c31 elementor-widget elementor-widget-text-editor\" data-id=\"34749c31\" data-element_type=\"widget\" data-widget_type=\"text-editor.default\">\n\t\t\t\t<div class=\"elementor-widget-container\">\n\t\t\t\t\t\t\t\t\t<p style=\"text-align: left;\">\u0639\u064a\u0627\u062f\u0629 \u062c\u0631\u0627\u062d\u0629 \u0627\u0644\u0639\u0638\u0627\u0645 \u0627\u0644\u062e\u0627\u0635\u0629\n\u0627\u0644\u062f\u0643\u062a\u0648\u0631 \u0627\u0644\u0637\u0628\u064a\u0628 \u062a\u0648\u0645\u0627\u0633 \u0628\u0627\u0648\u0644\u064a\n94 \u0643\u0648\u0646\u062c\u0633 \u0623\u0644\u0644\u064a\n40212 \u062f\u0648\u0633\u0644\u062f\u0648\u0631\u0641\n\u0627\u0644\u0647\u0627\u062a\u0641: 0211 300 40 383\n\u0627\u0644\u0628\u0631\u064a\u062f \u0627\u0644\u0625\u0644\u0643\u062a\u0631\u0648\u0646\u064a: clinic@dr-thomas-pauly.de\n\u0639\u064a\u0627\u062f\u0629 \u0637\u0628 \u0627\u0644\u0639\u0638\u0627\u0645 \u0627\u0644\u062e\u0627\u0635\u0629 \u0644\u0644\u062f\u0643\u062a\u0648\u0631 \u0627\u0644\u0637\u0628\u064a\u0628 \u062a\u0648\u0645\u0627\u0633 \u0628\u0627\u0648\u0644\u064a\u060c \u0645\u0648\u062c\u0648\u062f \u0641\u064a \u0634\u0627\u0631\u0639 K\u00f6nigsallee 94  \u0628\u0645\u062f\u064a\u0646\u0629 \u062f\u0648\u0633\u0644\u062f\u0648\u0631\u0641.<\/p><p style=\"text-align: left;\">\u064a\u0645\u0643\u0646\u0643 \u0627\u0644\u0648\u0635\u0648\u0644 \u0625\u0644\u064a\u0646\u0627 \u0645\u0646 \u0627\u0644\u0625\u062b\u0646\u064a\u0646 \u0625\u0644\u0649 \u0627\u0644\u062c\u0645\u0639\u0629\u060c \u0645\u0646 \u0627\u0644\u0633\u0627\u0639\u0629 7:00 \u0625\u0644\u0649 08:00 \u0645\u0633\u0627\u0621\u060c \u0648\u0641\u064a \u0623\u064a\u0627\u0645 \u0627\u0644\u0633\u0628\u062a \u0625\u0630\u0627 \u062f\u0639\u062a \u0627\u0644\u0636\u0631\u0648\u0631\u0629.<\/p><p style=\"text-align: left;\">\u0647\u0627\u062a\u0641\u00a0<a href=\"https:\/\/dr-thomas-pauly.de\/ar\/kontakt\/\">0211 300 40 383<\/a><\/p><p style=\"text-align: left;\">\u0628\u0631\u064a\u062f \u0625\u0644\u0643\u062a\u0631\u0648\u0646\u064a\u00a0<a href=\"mailto:praxis@dr-thomas-pauly.de\">clinic@dr-thomas-pauly.de<\/a>.<\/p><p style=\"text-align: left;\"><a class=\"pauly-button\" href=\"http:\/\/kontakt\">\u062a\u062d\u062f\u064a\u062f \u0645\u0648\u0639\u062f<\/a><\/p>\t\t\t\t\t\t\t\t<\/div>\n\t\t\t\t<\/div>\n\t\t\t\t\t<\/div>\n\t\t<\/div>\n\t\t\t\t\t<\/div>\n\t\t<\/section>\n\t\t\t\t<\/div>","protected":false},"excerpt":{"rendered":"<p>Privatpraxis Dr. med. Thomas Pauly \u2013 Kraftmessung Zur Kraftmessung verwenden wir in unserer Praxis die DIERS-myoline-Kraftmessung, ein multifunktionales System mit bis zu 28 Kraftmessrichtungen zur Messung von Kraftf\u00e4higkeiten, besonders der isometrischen Maximalkraft. Als Ganzk\u00f6rper-Messverfahren ausgelegt, erm\u00f6glicht das DIERS-myoline-System die genaue Erfassung und Dokumentation der wichtigsten haltungsrelevanten Muskelparameter in einem einzigen System. Die umgehende grafische Darstellung [&hellip;]<\/p>","protected":false},"author":1,"featured_media":0,"parent":0,"menu_order":0,"comment_status":"closed","ping_status":"closed","template":"","meta":{"footnotes":""},"class_list":["post-235","page","type-page","status-publish","hentry"],"yoast_head":"<!-- This site is optimized with the Yoast SEO plugin v25.4 - https:\/\/yoast.com\/wordpress\/plugins\/seo\/ -->\n<title>Kraftmessung - Dr. Thomas Pauly | Orthop\u00e4de in D\u00fcsseldorf<\/title>\n<meta name=\"description\" content=\"DIERS-myoline-Kraftmessung - multifunktionales System mit bis zu 28 Kraftmessrichtungen in der Praxis f\u00fcr Orthop\u00e4die Dr. Pauly in D\u00fcsseldorf.\" \/>\n<meta name=\"robots\" content=\"index, follow, max-snippet:-1, max-image-preview:large, max-video-preview:-1\" \/>\n<link rel=\"canonical\" href=\"https:\/\/dr-thomas-pauly.de\/ar\/kraftmessung\/\" \/>\n<meta property=\"og:locale\" content=\"ar_AR\" \/>\n<meta property=\"og:type\" content=\"article\" \/>\n<meta property=\"og:title\" content=\"Kraftmessung - Dr. Thomas Pauly | Orthop\u00e4de in D\u00fcsseldorf\" \/>\n<meta property=\"og:description\" content=\"DIERS-myoline-Kraftmessung - multifunktionales System mit bis zu 28 Kraftmessrichtungen in der Praxis f\u00fcr Orthop\u00e4die Dr. Pauly in D\u00fcsseldorf.\" \/>\n<meta property=\"og:url\" content=\"https:\/\/dr-thomas-pauly.de\/ar\/kraftmessung\/\" \/>\n<meta property=\"og:site_name\" content=\"Dr. Thomas Pauly\" \/>\n<meta property=\"article:modified_time\" content=\"2020-06-06T10:30:38+00:00\" \/>\n<meta property=\"og:image\" content=\"https:\/\/dr-thomas-pauly.de\/wp-content\/uploads\/2018\/10\/orthopadie-duesseldorf-orthopaede-dr-pauly.jpg\" \/>\n<meta name=\"twitter:card\" content=\"summary_large_image\" \/>\n<meta name=\"twitter:site\" content=\"@koe94\" \/>\n<meta name=\"twitter:label1\" content=\"\u0648\u0642\u062a \u0627\u0644\u0642\u0631\u0627\u0621\u0629 \u0627\u0644\u0645\u064f\u0642\u062f\u0651\u0631\" \/>\n\t<meta name=\"twitter:data1\" content=\"\u062f\u0642\u064a\u0642\u0629 \u0648\u0627\u062d\u062f\u0629\" \/>\n<script type=\"application\/ld+json\" class=\"yoast-schema-graph\">{\"@context\":\"https:\/\/schema.org\",\"@graph\":[{\"@type\":\"WebPage\",\"@id\":\"https:\/\/dr-thomas-pauly.de\/en\/kraftmessung\/\",\"url\":\"https:\/\/dr-thomas-pauly.de\/en\/kraftmessung\/\",\"name\":\"Kraftmessung - Dr. Thomas Pauly | Orthop\u00e4de in D\u00fcsseldorf\",\"isPartOf\":{\"@id\":\"https:\/\/dr-thomas-pauly.de\/#website\"},\"primaryImageOfPage\":{\"@id\":\"https:\/\/dr-thomas-pauly.de\/en\/kraftmessung\/#primaryimage\"},\"image\":{\"@id\":\"https:\/\/dr-thomas-pauly.de\/en\/kraftmessung\/#primaryimage\"},\"thumbnailUrl\":\"https:\/\/dr-thomas-pauly.de\/wp-content\/uploads\/2018\/10\/orthopadie-duesseldorf-orthopaede-dr-pauly.jpg\",\"datePublished\":\"2018-08-25T02:22:01+00:00\",\"dateModified\":\"2020-06-06T10:30:38+00:00\",\"description\":\"DIERS-myoline-Kraftmessung - multifunktionales System mit bis zu 28 Kraftmessrichtungen in der Praxis f\u00fcr Orthop\u00e4die Dr. Pauly in D\u00fcsseldorf.\",\"breadcrumb\":{\"@id\":\"https:\/\/dr-thomas-pauly.de\/en\/kraftmessung\/#breadcrumb\"},\"inLanguage\":\"ar\",\"potentialAction\":[{\"@type\":\"ReadAction\",\"target\":[\"https:\/\/dr-thomas-pauly.de\/en\/kraftmessung\/\"]}]},{\"@type\":\"ImageObject\",\"inLanguage\":\"ar\",\"@id\":\"https:\/\/dr-thomas-pauly.de\/en\/kraftmessung\/#primaryimage\",\"url\":\"https:\/\/dr-thomas-pauly.de\/wp-content\/uploads\/2018\/10\/orthopadie-duesseldorf-orthopaede-dr-pauly.jpg\",\"contentUrl\":\"https:\/\/dr-thomas-pauly.de\/wp-content\/uploads\/2018\/10\/orthopadie-duesseldorf-orthopaede-dr-pauly.jpg\"},{\"@type\":\"BreadcrumbList\",\"@id\":\"https:\/\/dr-thomas-pauly.de\/en\/kraftmessung\/#breadcrumb\",\"itemListElement\":[{\"@type\":\"ListItem\",\"position\":1,\"name\":\"Startseite\",\"item\":\"https:\/\/dr-thomas-pauly.de\/\"},{\"@type\":\"ListItem\",\"position\":2,\"name\":\"Kraftmessung\"}]},{\"@type\":\"WebSite\",\"@id\":\"https:\/\/dr-thomas-pauly.de\/#website\",\"url\":\"https:\/\/dr-thomas-pauly.de\/\",\"name\":\"Dr. Thomas Pauly\",\"description\":\"Orthop\u00e4dische Privatpraxis K\u00f6nigsallee 94 in D\u00fcsseldorf.\",\"publisher\":{\"@id\":\"https:\/\/dr-thomas-pauly.de\/#organization\"},\"potentialAction\":[{\"@type\":\"SearchAction\",\"target\":{\"@type\":\"EntryPoint\",\"urlTemplate\":\"https:\/\/dr-thomas-pauly.de\/?s={search_term_string}\"},\"query-input\":{\"@type\":\"PropertyValueSpecification\",\"valueRequired\":true,\"valueName\":\"search_term_string\"}}],\"inLanguage\":\"ar\"},{\"@type\":\"Organization\",\"@id\":\"https:\/\/dr-thomas-pauly.de\/#organization\",\"name\":\"Dr Thomas Pauly\",\"url\":\"https:\/\/dr-thomas-pauly.de\/\",\"logo\":{\"@type\":\"ImageObject\",\"inLanguage\":\"ar\",\"@id\":\"https:\/\/dr-thomas-pauly.de\/#\/schema\/logo\/image\/\",\"url\":\"https:\/\/dr-thomas-pauly.de\/wp-content\/uploads\/2019\/12\/logo-dr-thomas-pauly.png\",\"contentUrl\":\"https:\/\/dr-thomas-pauly.de\/wp-content\/uploads\/2019\/12\/logo-dr-thomas-pauly.png\",\"width\":804,\"height\":772,\"caption\":\"Dr Thomas Pauly\"},\"image\":{\"@id\":\"https:\/\/dr-thomas-pauly.de\/#\/schema\/logo\/image\/\"},\"sameAs\":[\"https:\/\/x.com\/koe94\",\"http:\/\/dr-thomas-pauly\"]}]}<\/script>\n<!-- \/ Yoast SEO plugin. -->","yoast_head_json":{"title":"Kraftmessung - Dr. Thomas Pauly | Orthop\u00e4de in D\u00fcsseldorf","description":"DIERS-myoline-Kraftmessung - multifunktionales System mit bis zu 28 Kraftmessrichtungen in der Praxis f\u00fcr Orthop\u00e4die Dr. Pauly in D\u00fcsseldorf.","robots":{"index":"index","follow":"follow","max-snippet":"max-snippet:-1","max-image-preview":"max-image-preview:large","max-video-preview":"max-video-preview:-1"},"canonical":"https:\/\/dr-thomas-pauly.de\/ar\/kraftmessung\/","og_locale":"ar_AR","og_type":"article","og_title":"Kraftmessung - Dr. Thomas Pauly | Orthop\u00e4de in D\u00fcsseldorf","og_description":"DIERS-myoline-Kraftmessung - multifunktionales System mit bis zu 28 Kraftmessrichtungen in der Praxis f\u00fcr Orthop\u00e4die Dr. Pauly in D\u00fcsseldorf.","og_url":"https:\/\/dr-thomas-pauly.de\/ar\/kraftmessung\/","og_site_name":"Dr. Thomas Pauly","article_modified_time":"2020-06-06T10:30:38+00:00","og_image":[{"url":"https:\/\/dr-thomas-pauly.de\/wp-content\/uploads\/2018\/10\/orthopadie-duesseldorf-orthopaede-dr-pauly.jpg","type":"","width":"","height":""}],"twitter_card":"summary_large_image","twitter_site":"@koe94","twitter_misc":{"\u0648\u0642\u062a \u0627\u0644\u0642\u0631\u0627\u0621\u0629 \u0627\u0644\u0645\u064f\u0642\u062f\u0651\u0631":"\u062f\u0642\u064a\u0642\u0629 \u0648\u0627\u062d\u062f\u0629"},"schema":{"@context":"https:\/\/schema.org","@graph":[{"@type":"WebPage","@id":"https:\/\/dr-thomas-pauly.de\/en\/kraftmessung\/","url":"https:\/\/dr-thomas-pauly.de\/en\/kraftmessung\/","name":"Kraftmessung - Dr. Thomas Pauly | Orthop\u00e4de in D\u00fcsseldorf","isPartOf":{"@id":"https:\/\/dr-thomas-pauly.de\/#website"},"primaryImageOfPage":{"@id":"https:\/\/dr-thomas-pauly.de\/en\/kraftmessung\/#primaryimage"},"image":{"@id":"https:\/\/dr-thomas-pauly.de\/en\/kraftmessung\/#primaryimage"},"thumbnailUrl":"https:\/\/dr-thomas-pauly.de\/wp-content\/uploads\/2018\/10\/orthopadie-duesseldorf-orthopaede-dr-pauly.jpg","datePublished":"2018-08-25T02:22:01+00:00","dateModified":"2020-06-06T10:30:38+00:00","description":"DIERS-myoline-Kraftmessung - multifunktionales System mit bis zu 28 Kraftmessrichtungen in der Praxis f\u00fcr Orthop\u00e4die Dr. Pauly in D\u00fcsseldorf.","breadcrumb":{"@id":"https:\/\/dr-thomas-pauly.de\/en\/kraftmessung\/#breadcrumb"},"inLanguage":"ar","potentialAction":[{"@type":"ReadAction","target":["https:\/\/dr-thomas-pauly.de\/en\/kraftmessung\/"]}]},{"@type":"ImageObject","inLanguage":"ar","@id":"https:\/\/dr-thomas-pauly.de\/en\/kraftmessung\/#primaryimage","url":"https:\/\/dr-thomas-pauly.de\/wp-content\/uploads\/2018\/10\/orthopadie-duesseldorf-orthopaede-dr-pauly.jpg","contentUrl":"https:\/\/dr-thomas-pauly.de\/wp-content\/uploads\/2018\/10\/orthopadie-duesseldorf-orthopaede-dr-pauly.jpg"},{"@type":"BreadcrumbList","@id":"https:\/\/dr-thomas-pauly.de\/en\/kraftmessung\/#breadcrumb","itemListElement":[{"@type":"ListItem","position":1,"name":"Startseite","item":"https:\/\/dr-thomas-pauly.de\/"},{"@type":"ListItem","position":2,"name":"Kraftmessung"}]},{"@type":"WebSite","@id":"https:\/\/dr-thomas-pauly.de\/#website","url":"https:\/\/dr-thomas-pauly.de\/","name":"Dr. Thomas Pauly","description":"Orthop\u00e4dische Privatpraxis K\u00f6nigsallee 94 in D\u00fcsseldorf.","publisher":{"@id":"https:\/\/dr-thomas-pauly.de\/#organization"},"potentialAction":[{"@type":"SearchAction","target":{"@type":"EntryPoint","urlTemplate":"https:\/\/dr-thomas-pauly.de\/?s={search_term_string}"},"query-input":{"@type":"PropertyValueSpecification","valueRequired":true,"valueName":"search_term_string"}}],"inLanguage":"ar"},{"@type":"Organization","@id":"https:\/\/dr-thomas-pauly.de\/#organization","name":"Dr Thomas Pauly","url":"https:\/\/dr-thomas-pauly.de\/","logo":{"@type":"ImageObject","inLanguage":"ar","@id":"https:\/\/dr-thomas-pauly.de\/#\/schema\/logo\/image\/","url":"https:\/\/dr-thomas-pauly.de\/wp-content\/uploads\/2019\/12\/logo-dr-thomas-pauly.png","contentUrl":"https:\/\/dr-thomas-pauly.de\/wp-content\/uploads\/2019\/12\/logo-dr-thomas-pauly.png","width":804,"height":772,"caption":"Dr Thomas Pauly"},"image":{"@id":"https:\/\/dr-thomas-pauly.de\/#\/schema\/logo\/image\/"},"sameAs":["https:\/\/x.com\/koe94","http:\/\/dr-thomas-pauly"]}]}},"_links":{"self":[{"href":"https:\/\/dr-thomas-pauly.de\/ar\/wp-json\/wp\/v2\/pages\/235","targetHints":{"allow":["GET"]}}],"collection":[{"href":"https:\/\/dr-thomas-pauly.de\/ar\/wp-json\/wp\/v2\/pages"}],"about":[{"href":"https:\/\/dr-thomas-pauly.de\/ar\/wp-json\/wp\/v2\/types\/page"}],"author":[{"embeddable":true,"href":"https:\/\/dr-thomas-pauly.de\/ar\/wp-json\/wp\/v2\/users\/1"}],"replies":[{"embeddable":true,"href":"https:\/\/dr-thomas-pauly.de\/ar\/wp-json\/wp\/v2\/comments?post=235"}],"version-history":[{"count":16,"href":"https:\/\/dr-thomas-pauly.de\/ar\/wp-json\/wp\/v2\/pages\/235\/revisions"}],"predecessor-version":[{"id":1999,"href":"https:\/\/dr-thomas-pauly.de\/ar\/wp-json\/wp\/v2\/pages\/235\/revisions\/1999"}],"wp:attachment":[{"href":"https:\/\/dr-thomas-pauly.de\/ar\/wp-json\/wp\/v2\/media?parent=235"}],"curies":[{"name":"wp","href":"https:\/\/api.w.org\/{rel}","templated":true}]}}