{"id":237,"date":"2018-08-25T04:22:20","date_gmt":"2018-08-25T02:22:20","guid":{"rendered":"https:\/\/lo-werbung.de\/dr-pauly-2018\/?page_id=237"},"modified":"2020-05-14T15:47:40","modified_gmt":"2020-05-14T13:47:40","slug":"vibrationstraining-duesseldorf","status":"publish","type":"page","link":"https:\/\/dr-thomas-pauly.de\/ar\/vibrationstraining-duesseldorf\/","title":{"rendered":"\u0627\u0644\u062a\u062f\u0631\u064a\u0628 \u0627\u0644\u0627\u0647\u062a\u0632\u0627\u0632\u064a"},"content":{"rendered":"<div data-elementor-type=\"wp-post\" data-elementor-id=\"237\" class=\"elementor elementor-237\" data-elementor-post-type=\"page\">\n\t\t\t\t\t\t<section class=\"elementor-section elementor-top-section elementor-element elementor-element-23131635 elementor-section-boxed elementor-section-height-default elementor-section-height-default\" data-id=\"23131635\" data-element_type=\"section\" data-settings=\"{&quot;background_background&quot;:&quot;gradient&quot;}\">\n\t\t\t\t\t\t<div class=\"elementor-container elementor-column-gap-default\">\n\t\t\t\t\t<div class=\"elementor-column elementor-col-100 elementor-top-column elementor-element elementor-element-5bbd8d6\" data-id=\"5bbd8d6\" data-element_type=\"column\">\n\t\t\t<div class=\"elementor-widget-wrap elementor-element-populated\">\n\t\t\t\t\t\t<div class=\"elementor-element elementor-element-613e84a4 elementor-widget elementor-widget-image\" data-id=\"613e84a4\" data-element_type=\"widget\" data-widget_type=\"image.default\">\n\t\t\t\t<div class=\"elementor-widget-container\">\n\t\t\t\t\t\t\t\t\t\t\t\t\t\t\t<img fetchpriority=\"high\" decoding=\"async\" width=\"1024\" height=\"307\" src=\"https:\/\/dr-thomas-pauly.de\/wp-content\/uploads\/2020\/05\/power-plate-vibrations-training-behandlung-duesseldorf-koenigsallee-header-1024x307.jpg\" class=\"attachment-large size-large wp-image-1955\" alt=\"\" srcset=\"https:\/\/dr-thomas-pauly.de\/wp-content\/uploads\/2020\/05\/power-plate-vibrations-training-behandlung-duesseldorf-koenigsallee-header-1024x307.jpg 1024w, https:\/\/dr-thomas-pauly.de\/wp-content\/uploads\/2020\/05\/power-plate-vibrations-training-behandlung-duesseldorf-koenigsallee-header-300x90.jpg 300w, https:\/\/dr-thomas-pauly.de\/wp-content\/uploads\/2020\/05\/power-plate-vibrations-training-behandlung-duesseldorf-koenigsallee-header-768x230.jpg 768w, https:\/\/dr-thomas-pauly.de\/wp-content\/uploads\/2020\/05\/power-plate-vibrations-training-behandlung-duesseldorf-koenigsallee-header-1536x461.jpg 1536w, https:\/\/dr-thomas-pauly.de\/wp-content\/uploads\/2020\/05\/power-plate-vibrations-training-behandlung-duesseldorf-koenigsallee-header.jpg 2000w\" sizes=\"(max-width: 1024px) 100vw, 1024px\" \/>\t\t\t\t\t\t\t\t\t\t\t\t\t\t\t<\/div>\n\t\t\t\t<\/div>\n\t\t\t\t\t<\/div>\n\t\t<\/div>\n\t\t\t\t\t<\/div>\n\t\t<\/section>\n\t\t\t\t<section class=\"elementor-section elementor-top-section elementor-element elementor-element-1a2beb4c elementor-section-boxed elementor-section-height-default elementor-section-height-default\" data-id=\"1a2beb4c\" data-element_type=\"section\">\n\t\t\t\t\t\t<div class=\"elementor-container elementor-column-gap-default\">\n\t\t\t\t\t<div class=\"elementor-column elementor-col-50 elementor-top-column elementor-element elementor-element-154e5982\" data-id=\"154e5982\" data-element_type=\"column\">\n\t\t\t<div class=\"elementor-widget-wrap elementor-element-populated\">\n\t\t\t\t\t\t<div class=\"elementor-element elementor-element-4004b135 box-white elementor-widget elementor-widget-text-editor\" data-id=\"4004b135\" data-element_type=\"widget\" data-widget_type=\"text-editor.default\">\n\t\t\t\t<div class=\"elementor-widget-container\">\n\t\t\t\t\t\t\t\t\t<h1>\u0627\u0644\u0639\u064a\u0627\u062f\u0629 \u0627\u0644\u062e\u0627\u0635\u0629 \u0644\u0644\u062f\u0643\u062a\u0648\u0631 \u062a\u0648\u0645\u0627\u0633 \u0628\u0627\u0648\u0644\u064a- \u0627\u0644\u062a\u062f\u0631\u064a\u0628 \u0627\u0644\u0627\u0647\u062a\u0632\u0627\u0632\u064a<\/h1><p>\u062a\u0645 \u062a\u0637\u0648\u064a\u0631 \u0627\u0644\u062a\u062f\u0631\u064a\u0628 \u0627\u0644\u0627\u0647\u062a\u0632\u0627\u0632\u064a \u0628\u0641\u0636\u0644 \u0631\u062d\u0644\u0627\u062a \u0627\u0644\u0641\u0636\u0627\u0621 \u0627\u0644\u0633\u0648\u0641\u064a\u062a\u064a\u0629: \u064a\u0645\u0643\u0646 \u062a\u0642\u0644\u064a\u0644 \u0636\u0639\u0641 \u0627\u0644\u0639\u0636\u0644\u0627\u062a \u0627\u0644\u0646\u0627\u062c\u0645 \u0639\u0646 \u0627\u0646\u0639\u062f\u0627\u0645 \u0627\u0644\u062c\u0627\u0630\u0628\u064a\u0629 \u0644\u062f\u0649 \u0631\u0648\u0627\u062f \u0627\u0644\u0641\u0636\u0627\u0621\u060c \u0628\u0648\u0627\u0633\u0637\u0629 \u0647\u0630\u0627 \u0627\u0644\u0623\u0633\u0644\u0648\u0628 \u0625\u0644\u0649 \u062d\u062f \u0643\u0628\u064a\u0631. \u0648\u0628\u0633\u0628\u0628 \u0641\u0639\u0627\u0644\u064a\u062a\u0647\u060c \u062a\u0631\u0633\u0651\u064e\u062e \u0627\u0644\u062a\u062f\u0631\u064a\u0628 \u0627\u0644\u0627\u0647\u062a\u0632\u0627\u0632\u064a \u0628\u0633\u0631\u0639\u0629 \u0641\u064a \u0627\u0644\u0623\u0644\u0639\u0627\u0628 \u0627\u0644\u0631\u064a\u0627\u0636\u064a\u0629 \u0627\u0644\u0645\u0645\u064a\u0632\u0629 \u0623\u064a\u0636\u064b\u0627<\/p><p>\u0639\u0646\u062f \u0627\u0644\u062a\u062f\u0631\u064a\u0628 \u0628\u062c\u0647\u0627\u0632 \u0628\u0627\u0648\u0631 \u0628\u0644\u0627\u064a\u062a\u060c \u062a\u0646\u062a\u0642\u0644 \u0627\u0644\u0646\u0628\u0636\u0627\u062a \u0627\u0644\u0645\u064a\u0643\u0627\u0646\u064a\u0643\u064a\u0629 \u0627\u0644\u0645\u0648\u062c\u0647\u0629 \u0645\u0646 \u0623\u0633\u0641\u0644 \u0644\u0623\u0639\u0644\u0649 \u0625\u0644\u0649 \u0627\u0644\u062c\u0633\u0645 \u0628\u062a\u0631\u062f\u062f \u0639\u0627\u0644\u064d \u0644\u0644\u063a\u0627\u064a\u0629 (\u0645\u0627 \u064a\u0635\u0644 \u0625\u0644\u0649 50 \u0647\u0631\u062a\u0632) \u0628\u0648\u0627\u0633\u0637\u0629 \u0645\u062d\u0631\u0643\u0627\u062a. \u0648\u0647\u0630\u0647 \u0627\u0644\u0645\u062d\u0641\u0632\u0627\u062a \u062a\u062a\u0633\u0628\u0628 \u0641\u064a \u0631\u062f \u0641\u0639\u0644 \u0645\u0645\u062a\u062f \u0639\u0646 \u0637\u0631\u064a\u0642 \u0645\u0633\u062a\u0642\u0628\u0644\u0627\u062a \u0627\u0644\u0639\u0636\u0644\u0629\u060c \u0627\u0644\u0623\u0645\u0631 \u0627\u0644\u0630\u064a \u064a\u0624\u062f\u064a \u0625\u0644\u0649 \u062a\u0642\u0644\u0635\u0627\u062a \u0641\u064a \u0642\u0648\u0629 \u0627\u0644\u0639\u0636\u0644\u0627\u062a \u2013 \u062f\u0648\u0646 \u0623\u0646 \u064a\u0643\u0648\u0646 \u0627\u0644\u062c\u0647\u0627\u0632 \u0627\u0644\u0639\u0635\u0628\u064a \u0627\u0644\u0645\u0631\u0643\u0632\u064a \u0645\u062c\u0647\u062f\u064b\u0627 \u062d\u062a\u0649. \u0648\u0641\u064a \u0627\u0644\u0648\u0642\u062a \u0646\u0641\u0633\u0647\u060c \u064a\u0646\u062a\u0627\u0628 \u0627\u0644\u0625\u062c\u0647\u0627\u062f \u0627\u0644\u0647\u064a\u0643\u0644\u064e \u0627\u0644\u0639\u0638\u0645\u064a\u060c \u0627\u0644\u0630\u064a \u064a\u0639\u0632\u0632 -\u0628\u062f\u0648\u0631\u0647- \u0646\u0645\u0648 \u0627\u0644\u0643\u062a\u0644\u0629 \u0627\u0644\u0639\u0638\u0645\u064a\u0629 (\u0645\u0627 \u064a\u0633\u0645\u0649 \u0628\u0642\u0627\u0646\u0648\u0646 \u0648\u0648\u0644\u0641).<\/p><p>\u0645\u0646 \u062e\u0644\u0627\u0644 \u0627\u0644\u062a\u0643\u0646\u0648\u0644\u0648\u062c\u064a\u0627 \u0648\u0627\u0644\u0628\u0631\u0645\u062c\u064a\u0627\u062a \u0627\u0644\u0645\u0635\u0645\u0645\u0629 \u062e\u0635\u064a\u0635\u064b\u0627 \u0644\u0644\u0627\u0633\u062a\u062e\u062f\u0627\u0645 \u0627\u0644\u0639\u0644\u0627\u062c\u064a\u060c \u0641\u0636\u0644\u0627\u064b \u0639\u0646 \u0647\u064a\u0643\u0644 \u0627\u0644\u0628\u0631\u0646\u0627\u0645\u062c \u0627\u0644\u062a\u062f\u0631\u064a\u0628\u064a\u060c \u064a\u0645\u0643\u0646\u0646\u0627 \u0627\u0644\u0622\u0646 \u0623\u064a\u0636\u064b\u0627 \u0639\u0644\u0627\u062c \u0627\u0644\u0639\u062f\u064a\u062f \u0645\u0646 \u0627\u0644\u0623\u0645\u0631\u0627\u0636 \u0628\u0627\u0644\u062a\u062f\u0631\u064a\u0628 \u0627\u0644\u0627\u0647\u062a\u0632\u0627\u0632\u064a \u0641\u064a \u0639\u064a\u0627\u062f\u0629 \u0637\u0628 \u0627\u0644\u0639\u0638\u0627\u0645 \u0627\u0644\u062e\u0627\u0635\u0629 \"K\u00f6 94\"\u060c \u0645\u062b\u0644<\/p><ul><li>\u0647\u0634\u0627\u0634\u0629 \u0627\u0644\u0639\u0638\u0627\u0645\u060c<\/li><li>\u0627\u062e\u062a\u0644\u0627\u0644\u0627\u062a \u0627\u0644\u0639\u0636\u0644\u0627\u062a \u0645\u0639 \u0627\u0644\u0636\u0639\u0641 \u0623\u0648 \u0627\u0644\u0623\u0644\u0645\u060c<\/li><li>\u0627\u0644\u0627\u0633\u062a\u0637\u0628\u0627\u0628\u0627\u062a \u0627\u0644\u0639\u0635\u0628\u064a\u0629 (\u0645\u062b\u0644 \u0645\u0631\u0636 \u0628\u0627\u0631\u0643\u0646\u0633\u0648\u0646 \u0623\u0648 \u0627\u0636\u0637\u0631\u0627\u0628\u0627\u062a \u0627\u0644\u0623\u0639\u0635\u0627\u0628 \u0627\u0644\u0637\u0631\u0641\u064a\u0629)\u060c<\/li><li>\u0636\u0639\u0641 \u0623\u0648 \u0623\u0644\u0645 \u0642\u0627\u0639 \u0627\u0644\u062d\u0648\u0636<\/li><li>\u0639\u0644\u0627\u062c \u0627\u0644\u0633\u064a\u0644\u0648\u0644\u064a\u062a (\u0642\u0634\u0631 \u0627\u0644\u0628\u0631\u062a\u0642\u0627\u0644).<\/li><\/ul>\t\t\t\t\t\t\t\t<\/div>\n\t\t\t\t<\/div>\n\t\t\t\t\t<\/div>\n\t\t<\/div>\n\t\t\t\t<div class=\"elementor-column elementor-col-50 elementor-top-column elementor-element elementor-element-35916f4\" data-id=\"35916f4\" data-element_type=\"column\">\n\t\t\t<div class=\"elementor-widget-wrap elementor-element-populated\">\n\t\t\t\t\t\t<div class=\"elementor-element elementor-element-1005818 elementor-widget elementor-widget-accordion\" data-id=\"1005818\" data-element_type=\"widget\" data-widget_type=\"accordion.default\">\n\t\t\t\t<div class=\"elementor-widget-container\">\n\t\t\t\t\t\t\t<div class=\"elementor-accordion\">\n\t\t\t\t\t\t\t<div class=\"elementor-accordion-item\">\n\t\t\t\t\t<div id=\"elementor-tab-title-1671\" class=\"elementor-tab-title\" data-tab=\"1\" role=\"button\" aria-controls=\"elementor-tab-content-1671\" aria-expanded=\"false\">\n\t\t\t\t\t\t\t\t\t\t\t\t\t<span class=\"elementor-accordion-icon elementor-accordion-icon-right\" aria-hidden=\"true\">\n\t\t\t\t\t\t\t\t\t\t\t\t\t\t\t<span class=\"elementor-accordion-icon-closed\"><i class=\"far fa-caret-square-down\"><\/i><\/span>\n\t\t\t\t\t\t\t\t<span class=\"elementor-accordion-icon-opened\"><i class=\"far fa-caret-square-up\"><\/i><\/span>\n\t\t\t\t\t\t\t\t\t\t\t\t\t\t<\/span>\n\t\t\t\t\t\t\t\t\t\t\t\t<a class=\"elementor-accordion-title\" tabindex=\"0\">\u0639\u064a\u0627\u062f\u0629 \u0627\u0644\u0645\u0644\u0627\u062d\u0629 <\/a>\n\t\t\t\t\t<\/div>\n\t\t\t\t\t<div id=\"elementor-tab-content-1671\" class=\"elementor-tab-content elementor-clearfix\" data-tab=\"1\" role=\"region\" aria-labelledby=\"elementor-tab-title-1671\"><\/div>\n\t\t\t\t<\/div>\n\t\t\t\t\t\t\t\t<\/div>\n\t\t\t\t\t\t<\/div>\n\t\t\t\t<\/div>\n\t\t\t\t<div class=\"elementor-element elementor-element-b76c6c8 elementor-widget elementor-widget-image\" data-id=\"b76c6c8\" data-element_type=\"widget\" data-widget_type=\"image.default\">\n\t\t\t\t<div class=\"elementor-widget-container\">\n\t\t\t\t\t\t\t\t\t\t\t\t\t\t\t<img decoding=\"async\" width=\"433\" height=\"650\" src=\"https:\/\/dr-thomas-pauly.de\/wp-content\/uploads\/2020\/05\/power-plate-vibrations-training-behandlung-duesseldorf-koenigsallee.jpg\" class=\"attachment-large size-large wp-image-1884\" alt=\"\" srcset=\"https:\/\/dr-thomas-pauly.de\/wp-content\/uploads\/2020\/05\/power-plate-vibrations-training-behandlung-duesseldorf-koenigsallee.jpg 433w, https:\/\/dr-thomas-pauly.de\/wp-content\/uploads\/2020\/05\/power-plate-vibrations-training-behandlung-duesseldorf-koenigsallee-200x300.jpg 200w\" sizes=\"(max-width: 433px) 100vw, 433px\" \/>\t\t\t\t\t\t\t\t\t\t\t\t\t\t\t<\/div>\n\t\t\t\t<\/div>\n\t\t\t\t<div class=\"elementor-element elementor-element-80bbf7c elementor-widget elementor-widget-text-editor\" data-id=\"80bbf7c\" data-element_type=\"widget\" data-widget_type=\"text-editor.default\">\n\t\t\t\t<div class=\"elementor-widget-container\">\n\t\t\t\t\t\t\t\t\t<p style=\"text-align: left;\">\u0639\u064a\u0627\u062f\u0629 \u062c\u0631\u0627\u062d\u0629 \u0627\u0644\u0639\u0638\u0627\u0645 \u0627\u0644\u062e\u0627\u0635\u0629\n\u0627\u0644\u062f\u0643\u062a\u0648\u0631 \u0627\u0644\u0637\u0628\u064a\u0628 \u062a\u0648\u0645\u0627\u0633 \u0628\u0627\u0648\u0644\u064a\n94 \u0643\u0648\u0646\u062c\u0633 \u0623\u0644\u0644\u064a\n40212 \u062f\u0648\u0633\u0644\u062f\u0648\u0631\u0641\n\u0627\u0644\u0647\u0627\u062a\u0641: 0211 300 40 383\n\u0627\u0644\u0628\u0631\u064a\u062f \u0627\u0644\u0625\u0644\u0643\u062a\u0631\u0648\u0646\u064a: clinic@dr-thomas-pauly.de\n\u0639\u064a\u0627\u062f\u0629 \u0637\u0628 \u0627\u0644\u0639\u0638\u0627\u0645 \u0627\u0644\u062e\u0627\u0635\u0629 \u0644\u0644\u062f\u0643\u062a\u0648\u0631 \u0627\u0644\u0637\u0628\u064a\u0628 \u062a\u0648\u0645\u0627\u0633 \u0628\u0627\u0648\u0644\u064a\u060c \u0645\u0648\u062c\u0648\u062f \u0641\u064a \u0634\u0627\u0631\u0639 K\u00f6nigsallee 94  \u0628\u0645\u062f\u064a\u0646\u0629 \u062f\u0648\u0633\u0644\u062f\u0648\u0631\u0641.<\/p><p style=\"text-align: left;\">\u064a\u0645\u0643\u0646\u0643 \u0627\u0644\u0648\u0635\u0648\u0644 \u0625\u0644\u064a\u0646\u0627 \u0645\u0646 \u0627\u0644\u0625\u062b\u0646\u064a\u0646 \u0625\u0644\u0649 \u0627\u0644\u062c\u0645\u0639\u0629\u060c \u0645\u0646 \u0627\u0644\u0633\u0627\u0639\u0629 7:00 \u0625\u0644\u0649 08:00 \u0645\u0633\u0627\u0621\u060c \u0648\u0641\u064a \u0623\u064a\u0627\u0645 \u0627\u0644\u0633\u0628\u062a \u0625\u0630\u0627 \u062f\u0639\u062a \u0627\u0644\u0636\u0631\u0648\u0631\u0629.<\/p><p style=\"text-align: left;\">\u0647\u0627\u062a\u0641\u00a0<a href=\"https:\/\/dr-thomas-pauly.de\/ar\/kontakt\/\">0211 300 40 383<\/a><\/p><p style=\"text-align: left;\">\u0628\u0631\u064a\u062f \u0625\u0644\u0643\u062a\u0631\u0648\u0646\u064a\u00a0<a href=\"mailto:praxis@dr-thomas-pauly.de\">clinic@dr-thomas-pauly.de<\/a>.<\/p><p style=\"text-align: left;\"><a class=\"pauly-button\" href=\"http:\/\/kontakt\">\u062a\u062d\u062f\u064a\u062f \u0645\u0648\u0639\u062f<\/a><\/p>\t\t\t\t\t\t\t\t<\/div>\n\t\t\t\t<\/div>\n\t\t\t\t\t<\/div>\n\t\t<\/div>\n\t\t\t\t\t<\/div>\n\t\t<\/section>\n\t\t\t\t<\/div>","protected":false},"excerpt":{"rendered":"<p>Privatpraxis Dr. med. Thomas Pauly \u2013 Vibrationstraining Das Vibrationstraining ist durch die sowjetische Raumfahrt entwickelt worden: Die von der Schwerelosigkeit verursachte Muskelminderung bei Astronauten konnte durch diese Methode deutlich reduziert werden. Aufgrund seiner Effektivit\u00e4t etablierte sich das Vibrationstraining auch schnell im Spitzensport. Beim PowerPlate-Training werden mithilfe von Motoren mechanische Impulse, die von unten nach oben [&hellip;]<\/p>","protected":false},"author":1,"featured_media":0,"parent":0,"menu_order":0,"comment_status":"closed","ping_status":"closed","template":"","meta":{"footnotes":""},"class_list":["post-237","page","type-page","status-publish","hentry"],"yoast_head":"<!-- This site is optimized with the Yoast SEO plugin v25.4 - https:\/\/yoast.com\/wordpress\/plugins\/seo\/ -->\n<title>Vibrationstraining | Powerplate D\u00fcsseldorf \u2013 Orthop\u00e4de Dr. Thomas Pauly<\/title>\n<meta name=\"description\" content=\"Powerplate, Vibrationstraining in D\u00fcsseldorf - bei Osteoporose, muskul\u00e4re Dysbalancen, Becken-Boden-Schw\u00e4che oder Cellulite (Orangenhaut) | Orthop\u00e4de\" \/>\n<meta name=\"robots\" content=\"index, follow, max-snippet:-1, max-image-preview:large, max-video-preview:-1\" \/>\n<link rel=\"canonical\" href=\"https:\/\/dr-thomas-pauly.de\/ar\/vibrationstraining-duesseldorf\/\" \/>\n<meta property=\"og:locale\" content=\"ar_AR\" \/>\n<meta property=\"og:type\" content=\"article\" \/>\n<meta property=\"og:title\" content=\"Vibrationstraining | Powerplate D\u00fcsseldorf \u2013 Orthop\u00e4de Dr. Thomas Pauly\" \/>\n<meta property=\"og:description\" content=\"Powerplate, Vibrationstraining in D\u00fcsseldorf - bei Osteoporose, muskul\u00e4re Dysbalancen, Becken-Boden-Schw\u00e4che oder Cellulite (Orangenhaut) | Orthop\u00e4de\" \/>\n<meta property=\"og:url\" content=\"https:\/\/dr-thomas-pauly.de\/ar\/vibrationstraining-duesseldorf\/\" \/>\n<meta property=\"og:site_name\" content=\"Dr. Thomas Pauly\" \/>\n<meta property=\"article:modified_time\" content=\"2020-05-14T13:47:40+00:00\" \/>\n<meta property=\"og:image\" content=\"https:\/\/dr-thomas-pauly.de\/wp-content\/uploads\/2020\/05\/power-plate-vibrations-training-behandlung-duesseldorf-koenigsallee-header-1024x307.jpg\" \/>\n<meta name=\"twitter:card\" content=\"summary_large_image\" \/>\n<meta name=\"twitter:site\" content=\"@koe94\" \/>\n<meta name=\"twitter:label1\" content=\"\u0648\u0642\u062a \u0627\u0644\u0642\u0631\u0627\u0621\u0629 \u0627\u0644\u0645\u064f\u0642\u062f\u0651\u0631\" \/>\n\t<meta name=\"twitter:data1\" content=\"\u062f\u0642\u064a\u0642\u0629 \u0648\u0627\u062d\u062f\u0629\" \/>\n<script type=\"application\/ld+json\" class=\"yoast-schema-graph\">{\"@context\":\"https:\/\/schema.org\",\"@graph\":[{\"@type\":\"WebPage\",\"@id\":\"https:\/\/dr-thomas-pauly.de\/vibrationstraining-duesseldorf\/\",\"url\":\"https:\/\/dr-thomas-pauly.de\/vibrationstraining-duesseldorf\/\",\"name\":\"Vibrationstraining | Powerplate D\u00fcsseldorf \u2013 Orthop\u00e4de Dr. Thomas Pauly\",\"isPartOf\":{\"@id\":\"https:\/\/dr-thomas-pauly.de\/#website\"},\"primaryImageOfPage\":{\"@id\":\"https:\/\/dr-thomas-pauly.de\/vibrationstraining-duesseldorf\/#primaryimage\"},\"image\":{\"@id\":\"https:\/\/dr-thomas-pauly.de\/vibrationstraining-duesseldorf\/#primaryimage\"},\"thumbnailUrl\":\"https:\/\/dr-thomas-pauly.de\/wp-content\/uploads\/2020\/05\/power-plate-vibrations-training-behandlung-duesseldorf-koenigsallee-header-1024x307.jpg\",\"datePublished\":\"2018-08-25T02:22:20+00:00\",\"dateModified\":\"2020-05-14T13:47:40+00:00\",\"description\":\"Powerplate, Vibrationstraining in D\u00fcsseldorf - bei Osteoporose, muskul\u00e4re Dysbalancen, Becken-Boden-Schw\u00e4che oder Cellulite (Orangenhaut) | Orthop\u00e4de\",\"breadcrumb\":{\"@id\":\"https:\/\/dr-thomas-pauly.de\/vibrationstraining-duesseldorf\/#breadcrumb\"},\"inLanguage\":\"ar\",\"potentialAction\":[{\"@type\":\"ReadAction\",\"target\":[\"https:\/\/dr-thomas-pauly.de\/vibrationstraining-duesseldorf\/\"]}]},{\"@type\":\"ImageObject\",\"inLanguage\":\"ar\",\"@id\":\"https:\/\/dr-thomas-pauly.de\/vibrationstraining-duesseldorf\/#primaryimage\",\"url\":\"https:\/\/dr-thomas-pauly.de\/wp-content\/uploads\/2020\/05\/power-plate-vibrations-training-behandlung-duesseldorf-koenigsallee-header-1024x307.jpg\",\"contentUrl\":\"https:\/\/dr-thomas-pauly.de\/wp-content\/uploads\/2020\/05\/power-plate-vibrations-training-behandlung-duesseldorf-koenigsallee-header-1024x307.jpg\"},{\"@type\":\"BreadcrumbList\",\"@id\":\"https:\/\/dr-thomas-pauly.de\/vibrationstraining-duesseldorf\/#breadcrumb\",\"itemListElement\":[{\"@type\":\"ListItem\",\"position\":1,\"name\":\"Startseite\",\"item\":\"https:\/\/dr-thomas-pauly.de\/\"},{\"@type\":\"ListItem\",\"position\":2,\"name\":\"Vibrationstraining\"}]},{\"@type\":\"WebSite\",\"@id\":\"https:\/\/dr-thomas-pauly.de\/#website\",\"url\":\"https:\/\/dr-thomas-pauly.de\/\",\"name\":\"Dr. Thomas Pauly\",\"description\":\"Orthop\u00e4dische Privatpraxis K\u00f6nigsallee 94 in D\u00fcsseldorf.\",\"publisher\":{\"@id\":\"https:\/\/dr-thomas-pauly.de\/#organization\"},\"potentialAction\":[{\"@type\":\"SearchAction\",\"target\":{\"@type\":\"EntryPoint\",\"urlTemplate\":\"https:\/\/dr-thomas-pauly.de\/?s={search_term_string}\"},\"query-input\":{\"@type\":\"PropertyValueSpecification\",\"valueRequired\":true,\"valueName\":\"search_term_string\"}}],\"inLanguage\":\"ar\"},{\"@type\":\"Organization\",\"@id\":\"https:\/\/dr-thomas-pauly.de\/#organization\",\"name\":\"Dr Thomas Pauly\",\"url\":\"https:\/\/dr-thomas-pauly.de\/\",\"logo\":{\"@type\":\"ImageObject\",\"inLanguage\":\"ar\",\"@id\":\"https:\/\/dr-thomas-pauly.de\/#\/schema\/logo\/image\/\",\"url\":\"https:\/\/dr-thomas-pauly.de\/wp-content\/uploads\/2019\/12\/logo-dr-thomas-pauly.png\",\"contentUrl\":\"https:\/\/dr-thomas-pauly.de\/wp-content\/uploads\/2019\/12\/logo-dr-thomas-pauly.png\",\"width\":804,\"height\":772,\"caption\":\"Dr Thomas Pauly\"},\"image\":{\"@id\":\"https:\/\/dr-thomas-pauly.de\/#\/schema\/logo\/image\/\"},\"sameAs\":[\"https:\/\/x.com\/koe94\",\"http:\/\/dr-thomas-pauly\"]}]}<\/script>\n<!-- \/ Yoast SEO plugin. -->","yoast_head_json":{"title":"Vibrationstraining | Powerplate D\u00fcsseldorf \u2013 Orthop\u00e4de Dr. Thomas Pauly","description":"Powerplate, Vibrationstraining in D\u00fcsseldorf - bei Osteoporose, muskul\u00e4re Dysbalancen, Becken-Boden-Schw\u00e4che oder Cellulite (Orangenhaut) | Orthop\u00e4de","robots":{"index":"index","follow":"follow","max-snippet":"max-snippet:-1","max-image-preview":"max-image-preview:large","max-video-preview":"max-video-preview:-1"},"canonical":"https:\/\/dr-thomas-pauly.de\/ar\/vibrationstraining-duesseldorf\/","og_locale":"ar_AR","og_type":"article","og_title":"Vibrationstraining | Powerplate D\u00fcsseldorf \u2013 Orthop\u00e4de Dr. Thomas Pauly","og_description":"Powerplate, Vibrationstraining in D\u00fcsseldorf - bei Osteoporose, muskul\u00e4re Dysbalancen, Becken-Boden-Schw\u00e4che oder Cellulite (Orangenhaut) | Orthop\u00e4de","og_url":"https:\/\/dr-thomas-pauly.de\/ar\/vibrationstraining-duesseldorf\/","og_site_name":"Dr. Thomas Pauly","article_modified_time":"2020-05-14T13:47:40+00:00","og_image":[{"url":"https:\/\/dr-thomas-pauly.de\/wp-content\/uploads\/2020\/05\/power-plate-vibrations-training-behandlung-duesseldorf-koenigsallee-header-1024x307.jpg","type":"","width":"","height":""}],"twitter_card":"summary_large_image","twitter_site":"@koe94","twitter_misc":{"\u0648\u0642\u062a \u0627\u0644\u0642\u0631\u0627\u0621\u0629 \u0627\u0644\u0645\u064f\u0642\u062f\u0651\u0631":"\u062f\u0642\u064a\u0642\u0629 \u0648\u0627\u062d\u062f\u0629"},"schema":{"@context":"https:\/\/schema.org","@graph":[{"@type":"WebPage","@id":"https:\/\/dr-thomas-pauly.de\/vibrationstraining-duesseldorf\/","url":"https:\/\/dr-thomas-pauly.de\/vibrationstraining-duesseldorf\/","name":"Vibrationstraining | Powerplate D\u00fcsseldorf \u2013 Orthop\u00e4de Dr. Thomas Pauly","isPartOf":{"@id":"https:\/\/dr-thomas-pauly.de\/#website"},"primaryImageOfPage":{"@id":"https:\/\/dr-thomas-pauly.de\/vibrationstraining-duesseldorf\/#primaryimage"},"image":{"@id":"https:\/\/dr-thomas-pauly.de\/vibrationstraining-duesseldorf\/#primaryimage"},"thumbnailUrl":"https:\/\/dr-thomas-pauly.de\/wp-content\/uploads\/2020\/05\/power-plate-vibrations-training-behandlung-duesseldorf-koenigsallee-header-1024x307.jpg","datePublished":"2018-08-25T02:22:20+00:00","dateModified":"2020-05-14T13:47:40+00:00","description":"Powerplate, Vibrationstraining in D\u00fcsseldorf - bei Osteoporose, muskul\u00e4re Dysbalancen, Becken-Boden-Schw\u00e4che oder Cellulite (Orangenhaut) | Orthop\u00e4de","breadcrumb":{"@id":"https:\/\/dr-thomas-pauly.de\/vibrationstraining-duesseldorf\/#breadcrumb"},"inLanguage":"ar","potentialAction":[{"@type":"ReadAction","target":["https:\/\/dr-thomas-pauly.de\/vibrationstraining-duesseldorf\/"]}]},{"@type":"ImageObject","inLanguage":"ar","@id":"https:\/\/dr-thomas-pauly.de\/vibrationstraining-duesseldorf\/#primaryimage","url":"https:\/\/dr-thomas-pauly.de\/wp-content\/uploads\/2020\/05\/power-plate-vibrations-training-behandlung-duesseldorf-koenigsallee-header-1024x307.jpg","contentUrl":"https:\/\/dr-thomas-pauly.de\/wp-content\/uploads\/2020\/05\/power-plate-vibrations-training-behandlung-duesseldorf-koenigsallee-header-1024x307.jpg"},{"@type":"BreadcrumbList","@id":"https:\/\/dr-thomas-pauly.de\/vibrationstraining-duesseldorf\/#breadcrumb","itemListElement":[{"@type":"ListItem","position":1,"name":"Startseite","item":"https:\/\/dr-thomas-pauly.de\/"},{"@type":"ListItem","position":2,"name":"Vibrationstraining"}]},{"@type":"WebSite","@id":"https:\/\/dr-thomas-pauly.de\/#website","url":"https:\/\/dr-thomas-pauly.de\/","name":"Dr. Thomas Pauly","description":"Orthop\u00e4dische Privatpraxis K\u00f6nigsallee 94 in D\u00fcsseldorf.","publisher":{"@id":"https:\/\/dr-thomas-pauly.de\/#organization"},"potentialAction":[{"@type":"SearchAction","target":{"@type":"EntryPoint","urlTemplate":"https:\/\/dr-thomas-pauly.de\/?s={search_term_string}"},"query-input":{"@type":"PropertyValueSpecification","valueRequired":true,"valueName":"search_term_string"}}],"inLanguage":"ar"},{"@type":"Organization","@id":"https:\/\/dr-thomas-pauly.de\/#organization","name":"Dr Thomas Pauly","url":"https:\/\/dr-thomas-pauly.de\/","logo":{"@type":"ImageObject","inLanguage":"ar","@id":"https:\/\/dr-thomas-pauly.de\/#\/schema\/logo\/image\/","url":"https:\/\/dr-thomas-pauly.de\/wp-content\/uploads\/2019\/12\/logo-dr-thomas-pauly.png","contentUrl":"https:\/\/dr-thomas-pauly.de\/wp-content\/uploads\/2019\/12\/logo-dr-thomas-pauly.png","width":804,"height":772,"caption":"Dr Thomas Pauly"},"image":{"@id":"https:\/\/dr-thomas-pauly.de\/#\/schema\/logo\/image\/"},"sameAs":["https:\/\/x.com\/koe94","http:\/\/dr-thomas-pauly"]}]}},"_links":{"self":[{"href":"https:\/\/dr-thomas-pauly.de\/ar\/wp-json\/wp\/v2\/pages\/237","targetHints":{"allow":["GET"]}}],"collection":[{"href":"https:\/\/dr-thomas-pauly.de\/ar\/wp-json\/wp\/v2\/pages"}],"about":[{"href":"https:\/\/dr-thomas-pauly.de\/ar\/wp-json\/wp\/v2\/types\/page"}],"author":[{"embeddable":true,"href":"https:\/\/dr-thomas-pauly.de\/ar\/wp-json\/wp\/v2\/users\/1"}],"replies":[{"embeddable":true,"href":"https:\/\/dr-thomas-pauly.de\/ar\/wp-json\/wp\/v2\/comments?post=237"}],"version-history":[{"count":12,"href":"https:\/\/dr-thomas-pauly.de\/ar\/wp-json\/wp\/v2\/pages\/237\/revisions"}],"predecessor-version":[{"id":1956,"href":"https:\/\/dr-thomas-pauly.de\/ar\/wp-json\/wp\/v2\/pages\/237\/revisions\/1956"}],"wp:attachment":[{"href":"https:\/\/dr-thomas-pauly.de\/ar\/wp-json\/wp\/v2\/media?parent=237"}],"curies":[{"name":"wp","href":"https:\/\/api.w.org\/{rel}","templated":true}]}}