{"id":116,"date":"2018-08-23T08:43:56","date_gmt":"2018-08-23T06:43:56","guid":{"rendered":"https:\/\/lo-werbung.de\/dr-pauly-2018\/?page_id=116"},"modified":"2022-01-31T17:37:11","modified_gmt":"2022-01-31T16:37:11","slug":"dr-med-thomas-pauly","status":"publish","type":"page","link":"https:\/\/dr-thomas-pauly.de\/en\/thomas-pauly\/","title":{"rendered":"Dr. Thomas Pauly"},"content":{"rendered":"<div data-elementor-type=\"wp-post\" data-elementor-id=\"116\" class=\"elementor elementor-116\" data-elementor-post-type=\"page\">\n\t\t\t\t\t\t<section class=\"elementor-section elementor-top-section elementor-element elementor-element-33feec37 elementor-section-boxed elementor-section-height-default elementor-section-height-default\" data-id=\"33feec37\" data-element_type=\"section\" data-settings=\"{&quot;background_background&quot;:&quot;gradient&quot;}\">\n\t\t\t\t\t\t<div class=\"elementor-container elementor-column-gap-default\">\n\t\t\t\t\t<div class=\"elementor-column elementor-col-100 elementor-top-column elementor-element elementor-element-3755bbea\" data-id=\"3755bbea\" data-element_type=\"column\">\n\t\t\t<div class=\"elementor-widget-wrap elementor-element-populated\">\n\t\t\t\t\t\t<div class=\"elementor-element elementor-element-69044465 elementor--h-position-center elementor--v-position-middle elementor-arrows-position-inside elementor-pagination-position-inside elementor-widget elementor-widget-slides\" data-id=\"69044465\" data-element_type=\"widget\" data-settings=\"{&quot;transition_speed&quot;:1000,&quot;navigation&quot;:&quot;both&quot;,&quot;autoplay&quot;:&quot;yes&quot;,&quot;pause_on_hover&quot;:&quot;yes&quot;,&quot;pause_on_interaction&quot;:&quot;yes&quot;,&quot;autoplay_speed&quot;:5000,&quot;infinite&quot;:&quot;yes&quot;,&quot;transition&quot;:&quot;slide&quot;}\" data-widget_type=\"slides.default\">\n\t\t\t\t<div class=\"elementor-widget-container\">\n\t\t\t\t\t\t\t\t\t<div class=\"elementor-swiper\">\n\t\t\t\t\t<div class=\"elementor-slides-wrapper elementor-main-swiper swiper\" role=\"region\" aria-roledescription=\"carousel\" aria-label=\"Slides\" dir=\"ltr\" data-animation=\"\">\n\t\t\t\t<div class=\"swiper-wrapper elementor-slides\">\n\t\t\t\t\t\t\t\t\t\t<div class=\"elementor-repeater-item-f621fb9 swiper-slide\" role=\"group\" aria-roledescription=\"slide\"><div class=\"swiper-slide-bg\" role=\"img\"><\/div><div class=\"swiper-slide-inner\" ><div class=\"swiper-slide-contents\"><\/div><\/div><\/div>\t\t\t\t<\/div>\n\t\t\t\t\t\t\t<\/div>\n\t\t\t\t<\/div>\n\t\t\t\t\t\t\t\t<\/div>\n\t\t\t\t<\/div>\n\t\t\t\t\t<\/div>\n\t\t<\/div>\n\t\t\t\t\t<\/div>\n\t\t<\/section>\n\t\t\t\t<section class=\"elementor-section elementor-top-section elementor-element elementor-element-84ce417 elementor-section-boxed elementor-section-height-default elementor-section-height-default\" data-id=\"84ce417\" data-element_type=\"section\">\n\t\t\t\t\t\t<div class=\"elementor-container elementor-column-gap-default\">\n\t\t\t\t\t<div class=\"elementor-column elementor-col-50 elementor-top-column elementor-element elementor-element-af4c0d5\" data-id=\"af4c0d5\" data-element_type=\"column\">\n\t\t\t<div class=\"elementor-widget-wrap elementor-element-populated\">\n\t\t\t\t\t\t<div class=\"elementor-element elementor-element-58c2845 elementor-widget elementor-widget-text-editor\" data-id=\"58c2845\" data-element_type=\"widget\" data-widget_type=\"text-editor.default\">\n\t\t\t\t<div class=\"elementor-widget-container\">\n\t\t\t\t\t\t\t\t\t<h1>My Approach and Background<\/h1><p>Based on over 30 years of experience as a Specialist in Orthopedics, I provide high-quality orthopedic services as a private physician for self-pay patients.<\/p><p>At my Private Orthopedics Clinic K\u00f6 94 in D\u00fcsseldorf, dysfunctions of the musculo-skeletal system are treated using a comprehensive and holistic approach,<\/p><p>which includes conventional medicine as well as alternative diagnostic and therapeutic methods.<\/p><p>Mein besonderes Augenmerk liegt auf Pr\u00e4vention, Wiederherstellung der Leistungsf\u00e4higkeit und Vitalisierung, um Funktionsst\u00f6rungen schonend zu beheben und auf Ihr dauerhaftes Gesundsein hinzuarbeiten.<\/p><p>Additional information can be found in the\u00a0About Dr. Thomas Pauly section.<\/p><p><a class=\"pauly-button\" href=\"https:\/\/dr-thomas-pauly.de\/en\/dr-thomas-pauly-duesseldorf-vita\/\">Biography of Dr. Thomas Pauly<\/a><\/p>\t\t\t\t\t\t\t\t<\/div>\n\t\t\t\t<\/div>\n\t\t\t\t\t<\/div>\n\t\t<\/div>\n\t\t\t\t<div class=\"elementor-column elementor-col-50 elementor-top-column elementor-element elementor-element-ef6d564\" data-id=\"ef6d564\" data-element_type=\"column\">\n\t\t\t<div class=\"elementor-widget-wrap elementor-element-populated\">\n\t\t\t\t\t\t<div class=\"elementor-element elementor-element-ec41971 elementor-widget elementor-widget-image\" data-id=\"ec41971\" data-element_type=\"widget\" data-widget_type=\"image.default\">\n\t\t\t\t<div class=\"elementor-widget-container\">\n\t\t\t\t\t\t\t\t\t\t\t\t\t\t\t<img fetchpriority=\"high\" decoding=\"async\" width=\"433\" height=\"650\" src=\"https:\/\/dr-thomas-pauly.de\/wp-content\/uploads\/2020\/05\/dr-thomas-pauly-orthopaede-sportmedizin-duesseldorf-koenigsallee.jpg\" class=\"attachment-full size-full wp-image-1815\" alt=\"\" srcset=\"https:\/\/dr-thomas-pauly.de\/wp-content\/uploads\/2020\/05\/dr-thomas-pauly-orthopaede-sportmedizin-duesseldorf-koenigsallee.jpg 433w, https:\/\/dr-thomas-pauly.de\/wp-content\/uploads\/2020\/05\/dr-thomas-pauly-orthopaede-sportmedizin-duesseldorf-koenigsallee-200x300.jpg 200w\" sizes=\"(max-width: 433px) 100vw, 433px\" \/>\t\t\t\t\t\t\t\t\t\t\t\t\t\t\t<\/div>\n\t\t\t\t<\/div>\n\t\t\t\t\t<\/div>\n\t\t<\/div>\n\t\t\t\t\t<\/div>\n\t\t<\/section>\n\t\t\t\t<section class=\"elementor-section elementor-top-section elementor-element elementor-element-404ec6a elementor-section-boxed elementor-section-height-default elementor-section-height-default\" data-id=\"404ec6a\" data-element_type=\"section\">\n\t\t\t\t\t\t<div class=\"elementor-container elementor-column-gap-default\">\n\t\t\t\t\t<div class=\"elementor-column elementor-col-33 elementor-top-column elementor-element elementor-element-698690b\" data-id=\"698690b\" data-element_type=\"column\">\n\t\t\t<div class=\"elementor-widget-wrap elementor-element-populated\">\n\t\t\t\t\t\t<div class=\"elementor-element elementor-element-448856b elementor-widget elementor-widget-html\" data-id=\"448856b\" data-element_type=\"widget\" data-widget_type=\"html.default\">\n\t\t\t\t<div class=\"elementor-widget-container\">\n\t\t\t\t\t<script src=\"https:\/\/cdn1.jameda-elements.de\/widgets\/siegel\/80334442_1\/1624082\/\" type=\"text\/javascript\" async><\/script><div id=\"jameda-widget-container1624082\" style=\"position:relative; width:272px; height:168px; margin:15px; background-image:url(https:\/\/cdn1.jameda-elements.de\/premium\/widgets\/_images\/top10-top20-bg.png); background-repeat:no-repeat; font-family:Arial, Helvetica, sans-serif; font-size:12px; line-height:15px;\"><div style=\"position:absolute; top:25px; left:108px; width:148px; height:58px; overflow:hidden; white-space:normal;\"><a href=\"https:\/\/www.jameda.de\/duesseldorf\/aerzte\/orthopaeden\/dr-thomas-pauly-privatpraxis\/uebersicht\/80334442_1\/?utm_content=Top5&amp;utm_source=Kunden-Homepages&amp;utm_medium=Badges&amp;utm_term=80334442&amp;utm_campaign=Badges\" style=\"font-size:15px; line-height:18px; font-weight:bold; color:#01a3d4; text-decoration:none; border:0px;\" target=\"_blank\">Dr. med. Thomas Pauly - Privatpraxis<\/a><\/div><div style=\"position:absolute; top:98px; left:108px; width:152px; height:53px; overflow:hidden; color:#888; font-size:11px; line-height:13px;\"><strong>Orthop&auml;den<\/strong><br>in D&uuml;sseldorf auf&nbsp;<a href=\"https:\/\/www.jameda.de\/duesseldorf\/aerzte\/orthopaeden\/fachgebiet\/?utm_content=Top5&amp;utm_source=Kunden-Homepages&amp;utm_medium=Badges&amp;utm_term=80334442&amp;utm_campaign=Badges\" class=\"jam_link_check\" style=\"color:#069bd2; font-size:11px; text-decoration:none; border:0px; background-color:transparent !important;\" target=\"_blank\">jameda<\/a><\/div><\/div>\t\t\t\t<\/div>\n\t\t\t\t<\/div>\n\t\t\t\t\t<\/div>\n\t\t<\/div>\n\t\t\t\t<div class=\"elementor-column elementor-col-33 elementor-top-column elementor-element elementor-element-cd9ad4c\" data-id=\"cd9ad4c\" data-element_type=\"column\">\n\t\t\t<div class=\"elementor-widget-wrap\">\n\t\t\t\t\t\t\t<\/div>\n\t\t<\/div>\n\t\t\t\t<div class=\"elementor-column elementor-col-33 elementor-top-column elementor-element elementor-element-29c5a69\" data-id=\"29c5a69\" data-element_type=\"column\">\n\t\t\t<div class=\"elementor-widget-wrap\">\n\t\t\t\t\t\t\t<\/div>\n\t\t<\/div>\n\t\t\t\t\t<\/div>\n\t\t<\/section>\n\t\t\t\t<\/div>","protected":false},"excerpt":{"rendered":"<p>Mein Ansatz und Hintergrund Auf der Basis meiner \u00fcber 30-j\u00e4hrigen Erfahrung als Facharzt f\u00fcr Orthop\u00e4die betreibe ich auf privat\u00e4rztlicher bzw. Selbstzahler-Basis orthop\u00e4dische Medizin auf h\u00f6chstem Niveau. In meiner\u00a0orthop\u00e4dischen Privatpraxis\u00a0K\u00f6 94 in D\u00fcsseldorf\u00a0biete ich Ihnen optimale individuelle Betreuung. Funktionsst\u00f6rungen und Probleme des Bewegungsapparates werden umfassend und ganzheitlich abgekl\u00e4rt und behandelt. Deshalb umfasst mein Leistungsspektrum sowohl klassisch-schulmedizinische [&hellip;]<\/p>","protected":false},"author":1,"featured_media":0,"parent":0,"menu_order":0,"comment_status":"closed","ping_status":"closed","template":"","meta":{"footnotes":""},"class_list":["post-116","page","type-page","status-publish","hentry"],"yoast_head":"<!-- This site is optimized with the Yoast SEO plugin v25.4 - https:\/\/yoast.com\/wordpress\/plugins\/seo\/ -->\n<title>Dr. med. Thomas Pauly - Facharzt f\u00fcr Orthop\u00e4die in D\u00fcsseldorf<\/title>\n<meta name=\"description\" content=\"Dr. med. Thomas Pauly - Facharzt f\u00fcr Orthop\u00e4die; anerkannte Zusatzbezeichnungen der \u00c4rztekammer: Chirotherapie und Sportmedizin | K\u00f6nigsallee 94, D\u00fcsseldorf\" \/>\n<meta name=\"robots\" content=\"index, follow, max-snippet:-1, max-image-preview:large, max-video-preview:-1\" \/>\n<link rel=\"canonical\" href=\"https:\/\/dr-thomas-pauly.de\/en\/dr-med-thomas-pauly\/\" \/>\n<meta property=\"og:locale\" content=\"en_GB\" \/>\n<meta property=\"og:type\" content=\"article\" \/>\n<meta property=\"og:title\" content=\"Dr. med. Thomas Pauly - Facharzt f\u00fcr Orthop\u00e4die in D\u00fcsseldorf\" \/>\n<meta property=\"og:description\" content=\"Dr. med. Thomas Pauly - Facharzt f\u00fcr Orthop\u00e4die; anerkannte Zusatzbezeichnungen der \u00c4rztekammer: Chirotherapie und Sportmedizin | K\u00f6nigsallee 94, D\u00fcsseldorf\" \/>\n<meta property=\"og:url\" content=\"https:\/\/dr-thomas-pauly.de\/en\/dr-med-thomas-pauly\/\" \/>\n<meta property=\"og:site_name\" content=\"Dr. Thomas Pauly\" \/>\n<meta property=\"article:modified_time\" content=\"2022-01-31T16:37:11+00:00\" \/>\n<meta property=\"og:image\" content=\"https:\/\/dr-thomas-pauly.de\/wp-content\/uploads\/2020\/05\/dr-thomas-pauly-orthopaede-sportmedizin-duesseldorf-koenigsallee.jpg\" \/>\n<meta name=\"twitter:card\" content=\"summary_large_image\" \/>\n<meta name=\"twitter:site\" content=\"@koe94\" \/>\n<meta name=\"twitter:label1\" content=\"Estimated reading time\" \/>\n\t<meta name=\"twitter:data1\" content=\"2 minutes\" \/>\n<script type=\"application\/ld+json\" class=\"yoast-schema-graph\">{\"@context\":\"https:\/\/schema.org\",\"@graph\":[{\"@type\":\"WebPage\",\"@id\":\"https:\/\/dr-thomas-pauly.de\/dr-med-thomas-pauly\/\",\"url\":\"https:\/\/dr-thomas-pauly.de\/dr-med-thomas-pauly\/\",\"name\":\"Dr. med. Thomas Pauly - Facharzt f\u00fcr Orthop\u00e4die in D\u00fcsseldorf\",\"isPartOf\":{\"@id\":\"https:\/\/dr-thomas-pauly.de\/#website\"},\"primaryImageOfPage\":{\"@id\":\"https:\/\/dr-thomas-pauly.de\/dr-med-thomas-pauly\/#primaryimage\"},\"image\":{\"@id\":\"https:\/\/dr-thomas-pauly.de\/dr-med-thomas-pauly\/#primaryimage\"},\"thumbnailUrl\":\"https:\/\/dr-thomas-pauly.de\/wp-content\/uploads\/2020\/05\/dr-thomas-pauly-orthopaede-sportmedizin-duesseldorf-koenigsallee.jpg\",\"datePublished\":\"2018-08-23T06:43:56+00:00\",\"dateModified\":\"2022-01-31T16:37:11+00:00\",\"description\":\"Dr. med. Thomas Pauly - Facharzt f\u00fcr Orthop\u00e4die; anerkannte Zusatzbezeichnungen der \u00c4rztekammer: Chirotherapie und Sportmedizin | K\u00f6nigsallee 94, D\u00fcsseldorf\",\"breadcrumb\":{\"@id\":\"https:\/\/dr-thomas-pauly.de\/dr-med-thomas-pauly\/#breadcrumb\"},\"inLanguage\":\"en-GB\",\"potentialAction\":[{\"@type\":\"ReadAction\",\"target\":[\"https:\/\/dr-thomas-pauly.de\/dr-med-thomas-pauly\/\"]}]},{\"@type\":\"ImageObject\",\"inLanguage\":\"en-GB\",\"@id\":\"https:\/\/dr-thomas-pauly.de\/dr-med-thomas-pauly\/#primaryimage\",\"url\":\"https:\/\/dr-thomas-pauly.de\/wp-content\/uploads\/2020\/05\/dr-thomas-pauly-orthopaede-sportmedizin-duesseldorf-koenigsallee.jpg\",\"contentUrl\":\"https:\/\/dr-thomas-pauly.de\/wp-content\/uploads\/2020\/05\/dr-thomas-pauly-orthopaede-sportmedizin-duesseldorf-koenigsallee.jpg\"},{\"@type\":\"BreadcrumbList\",\"@id\":\"https:\/\/dr-thomas-pauly.de\/dr-med-thomas-pauly\/#breadcrumb\",\"itemListElement\":[{\"@type\":\"ListItem\",\"position\":1,\"name\":\"Startseite\",\"item\":\"https:\/\/dr-thomas-pauly.de\/\"},{\"@type\":\"ListItem\",\"position\":2,\"name\":\"Dr. med. Thomas Pauly\"}]},{\"@type\":\"WebSite\",\"@id\":\"https:\/\/dr-thomas-pauly.de\/#website\",\"url\":\"https:\/\/dr-thomas-pauly.de\/\",\"name\":\"Dr. Thomas Pauly\",\"description\":\"Orthop\u00e4dische Privatpraxis K\u00f6nigsallee 94 in D\u00fcsseldorf.\",\"publisher\":{\"@id\":\"https:\/\/dr-thomas-pauly.de\/#organization\"},\"potentialAction\":[{\"@type\":\"SearchAction\",\"target\":{\"@type\":\"EntryPoint\",\"urlTemplate\":\"https:\/\/dr-thomas-pauly.de\/?s={search_term_string}\"},\"query-input\":{\"@type\":\"PropertyValueSpecification\",\"valueRequired\":true,\"valueName\":\"search_term_string\"}}],\"inLanguage\":\"en-GB\"},{\"@type\":\"Organization\",\"@id\":\"https:\/\/dr-thomas-pauly.de\/#organization\",\"name\":\"Dr Thomas Pauly\",\"url\":\"https:\/\/dr-thomas-pauly.de\/\",\"logo\":{\"@type\":\"ImageObject\",\"inLanguage\":\"en-GB\",\"@id\":\"https:\/\/dr-thomas-pauly.de\/#\/schema\/logo\/image\/\",\"url\":\"https:\/\/dr-thomas-pauly.de\/wp-content\/uploads\/2019\/12\/logo-dr-thomas-pauly.png\",\"contentUrl\":\"https:\/\/dr-thomas-pauly.de\/wp-content\/uploads\/2019\/12\/logo-dr-thomas-pauly.png\",\"width\":804,\"height\":772,\"caption\":\"Dr Thomas Pauly\"},\"image\":{\"@id\":\"https:\/\/dr-thomas-pauly.de\/#\/schema\/logo\/image\/\"},\"sameAs\":[\"https:\/\/x.com\/koe94\",\"http:\/\/dr-thomas-pauly\"]}]}<\/script>\n<!-- \/ Yoast SEO plugin. -->","yoast_head_json":{"title":"Dr. med. Thomas Pauly - Facharzt f\u00fcr Orthop\u00e4die in D\u00fcsseldorf","description":"Dr. med. Thomas Pauly - Facharzt f\u00fcr Orthop\u00e4die; anerkannte Zusatzbezeichnungen der \u00c4rztekammer: Chirotherapie und Sportmedizin | K\u00f6nigsallee 94, D\u00fcsseldorf","robots":{"index":"index","follow":"follow","max-snippet":"max-snippet:-1","max-image-preview":"max-image-preview:large","max-video-preview":"max-video-preview:-1"},"canonical":"https:\/\/dr-thomas-pauly.de\/en\/dr-med-thomas-pauly\/","og_locale":"en_GB","og_type":"article","og_title":"Dr. med. Thomas Pauly - Facharzt f\u00fcr Orthop\u00e4die in D\u00fcsseldorf","og_description":"Dr. med. Thomas Pauly - Facharzt f\u00fcr Orthop\u00e4die; anerkannte Zusatzbezeichnungen der \u00c4rztekammer: Chirotherapie und Sportmedizin | K\u00f6nigsallee 94, D\u00fcsseldorf","og_url":"https:\/\/dr-thomas-pauly.de\/en\/dr-med-thomas-pauly\/","og_site_name":"Dr. Thomas Pauly","article_modified_time":"2022-01-31T16:37:11+00:00","og_image":[{"url":"https:\/\/dr-thomas-pauly.de\/wp-content\/uploads\/2020\/05\/dr-thomas-pauly-orthopaede-sportmedizin-duesseldorf-koenigsallee.jpg","type":"","width":"","height":""}],"twitter_card":"summary_large_image","twitter_site":"@koe94","twitter_misc":{"Estimated reading time":"2 minutes"},"schema":{"@context":"https:\/\/schema.org","@graph":[{"@type":"WebPage","@id":"https:\/\/dr-thomas-pauly.de\/dr-med-thomas-pauly\/","url":"https:\/\/dr-thomas-pauly.de\/dr-med-thomas-pauly\/","name":"Dr. med. Thomas Pauly - Facharzt f\u00fcr Orthop\u00e4die in D\u00fcsseldorf","isPartOf":{"@id":"https:\/\/dr-thomas-pauly.de\/#website"},"primaryImageOfPage":{"@id":"https:\/\/dr-thomas-pauly.de\/dr-med-thomas-pauly\/#primaryimage"},"image":{"@id":"https:\/\/dr-thomas-pauly.de\/dr-med-thomas-pauly\/#primaryimage"},"thumbnailUrl":"https:\/\/dr-thomas-pauly.de\/wp-content\/uploads\/2020\/05\/dr-thomas-pauly-orthopaede-sportmedizin-duesseldorf-koenigsallee.jpg","datePublished":"2018-08-23T06:43:56+00:00","dateModified":"2022-01-31T16:37:11+00:00","description":"Dr. med. Thomas Pauly - Facharzt f\u00fcr Orthop\u00e4die; anerkannte Zusatzbezeichnungen der \u00c4rztekammer: Chirotherapie und Sportmedizin | K\u00f6nigsallee 94, D\u00fcsseldorf","breadcrumb":{"@id":"https:\/\/dr-thomas-pauly.de\/dr-med-thomas-pauly\/#breadcrumb"},"inLanguage":"en-GB","potentialAction":[{"@type":"ReadAction","target":["https:\/\/dr-thomas-pauly.de\/dr-med-thomas-pauly\/"]}]},{"@type":"ImageObject","inLanguage":"en-GB","@id":"https:\/\/dr-thomas-pauly.de\/dr-med-thomas-pauly\/#primaryimage","url":"https:\/\/dr-thomas-pauly.de\/wp-content\/uploads\/2020\/05\/dr-thomas-pauly-orthopaede-sportmedizin-duesseldorf-koenigsallee.jpg","contentUrl":"https:\/\/dr-thomas-pauly.de\/wp-content\/uploads\/2020\/05\/dr-thomas-pauly-orthopaede-sportmedizin-duesseldorf-koenigsallee.jpg"},{"@type":"BreadcrumbList","@id":"https:\/\/dr-thomas-pauly.de\/dr-med-thomas-pauly\/#breadcrumb","itemListElement":[{"@type":"ListItem","position":1,"name":"Startseite","item":"https:\/\/dr-thomas-pauly.de\/"},{"@type":"ListItem","position":2,"name":"Dr. med. Thomas Pauly"}]},{"@type":"WebSite","@id":"https:\/\/dr-thomas-pauly.de\/#website","url":"https:\/\/dr-thomas-pauly.de\/","name":"Dr. Thomas Pauly","description":"Orthop\u00e4dische Privatpraxis K\u00f6nigsallee 94 in D\u00fcsseldorf.","publisher":{"@id":"https:\/\/dr-thomas-pauly.de\/#organization"},"potentialAction":[{"@type":"SearchAction","target":{"@type":"EntryPoint","urlTemplate":"https:\/\/dr-thomas-pauly.de\/?s={search_term_string}"},"query-input":{"@type":"PropertyValueSpecification","valueRequired":true,"valueName":"search_term_string"}}],"inLanguage":"en-GB"},{"@type":"Organization","@id":"https:\/\/dr-thomas-pauly.de\/#organization","name":"Dr Thomas Pauly","url":"https:\/\/dr-thomas-pauly.de\/","logo":{"@type":"ImageObject","inLanguage":"en-GB","@id":"https:\/\/dr-thomas-pauly.de\/#\/schema\/logo\/image\/","url":"https:\/\/dr-thomas-pauly.de\/wp-content\/uploads\/2019\/12\/logo-dr-thomas-pauly.png","contentUrl":"https:\/\/dr-thomas-pauly.de\/wp-content\/uploads\/2019\/12\/logo-dr-thomas-pauly.png","width":804,"height":772,"caption":"Dr Thomas Pauly"},"image":{"@id":"https:\/\/dr-thomas-pauly.de\/#\/schema\/logo\/image\/"},"sameAs":["https:\/\/x.com\/koe94","http:\/\/dr-thomas-pauly"]}]}},"_links":{"self":[{"href":"https:\/\/dr-thomas-pauly.de\/en\/wp-json\/wp\/v2\/pages\/116","targetHints":{"allow":["GET"]}}],"collection":[{"href":"https:\/\/dr-thomas-pauly.de\/en\/wp-json\/wp\/v2\/pages"}],"about":[{"href":"https:\/\/dr-thomas-pauly.de\/en\/wp-json\/wp\/v2\/types\/page"}],"author":[{"embeddable":true,"href":"https:\/\/dr-thomas-pauly.de\/en\/wp-json\/wp\/v2\/users\/1"}],"replies":[{"embeddable":true,"href":"https:\/\/dr-thomas-pauly.de\/en\/wp-json\/wp\/v2\/comments?post=116"}],"version-history":[{"count":30,"href":"https:\/\/dr-thomas-pauly.de\/en\/wp-json\/wp\/v2\/pages\/116\/revisions"}],"predecessor-version":[{"id":2290,"href":"https:\/\/dr-thomas-pauly.de\/en\/wp-json\/wp\/v2\/pages\/116\/revisions\/2290"}],"wp:attachment":[{"href":"https:\/\/dr-thomas-pauly.de\/en\/wp-json\/wp\/v2\/media?parent=116"}],"curies":[{"name":"wp","href":"https:\/\/api.w.org\/{rel}","templated":true}]}}