{"id":131,"date":"2018-08-23T09:26:11","date_gmt":"2018-08-23T07:26:11","guid":{"rendered":"https:\/\/lo-werbung.de\/dr-pauly-2018\/?page_id=131"},"modified":"2020-05-14T15:06:16","modified_gmt":"2020-05-14T13:06:16","slug":"stosswellentherapie-duesseldorf","status":"publish","type":"page","link":"https:\/\/dr-thomas-pauly.de\/en\/stosswellentherapie-duesseldorf\/","title":{"rendered":"Shockwave Therapy"},"content":{"rendered":"<div data-elementor-type=\"wp-post\" data-elementor-id=\"131\" class=\"elementor elementor-131\" data-elementor-post-type=\"page\">\n\t\t\t\t\t\t<section class=\"elementor-section elementor-top-section elementor-element elementor-element-3da6543 elementor-section-boxed elementor-section-height-default elementor-section-height-default\" data-id=\"3da6543\" data-element_type=\"section\">\n\t\t\t\t\t\t<div class=\"elementor-container elementor-column-gap-default\">\n\t\t\t\t\t<div class=\"elementor-column elementor-col-100 elementor-top-column elementor-element elementor-element-7d5a314\" data-id=\"7d5a314\" data-element_type=\"column\">\n\t\t\t<div class=\"elementor-widget-wrap elementor-element-populated\">\n\t\t\t\t\t\t<div class=\"elementor-element elementor-element-3865fff elementor-widget elementor-widget-image\" data-id=\"3865fff\" data-element_type=\"widget\" data-widget_type=\"image.default\">\n\t\t\t\t<div class=\"elementor-widget-container\">\n\t\t\t\t\t\t\t\t\t\t\t\t\t\t\t<img fetchpriority=\"high\" decoding=\"async\" width=\"2000\" height=\"600\" src=\"https:\/\/dr-thomas-pauly.de\/wp-content\/uploads\/2020\/05\/stosswellentherapie-eswt-stosswelle-duesseldorf-koenigsallee-duesseldorf-dr-thomas-pauly.jpg\" class=\"attachment-2048x2048 size-2048x2048 wp-image-1931\" alt=\"\" srcset=\"https:\/\/dr-thomas-pauly.de\/wp-content\/uploads\/2020\/05\/stosswellentherapie-eswt-stosswelle-duesseldorf-koenigsallee-duesseldorf-dr-thomas-pauly.jpg 2000w, https:\/\/dr-thomas-pauly.de\/wp-content\/uploads\/2020\/05\/stosswellentherapie-eswt-stosswelle-duesseldorf-koenigsallee-duesseldorf-dr-thomas-pauly-300x90.jpg 300w, https:\/\/dr-thomas-pauly.de\/wp-content\/uploads\/2020\/05\/stosswellentherapie-eswt-stosswelle-duesseldorf-koenigsallee-duesseldorf-dr-thomas-pauly-1024x307.jpg 1024w, https:\/\/dr-thomas-pauly.de\/wp-content\/uploads\/2020\/05\/stosswellentherapie-eswt-stosswelle-duesseldorf-koenigsallee-duesseldorf-dr-thomas-pauly-768x230.jpg 768w, https:\/\/dr-thomas-pauly.de\/wp-content\/uploads\/2020\/05\/stosswellentherapie-eswt-stosswelle-duesseldorf-koenigsallee-duesseldorf-dr-thomas-pauly-1536x461.jpg 1536w\" sizes=\"(max-width: 2000px) 100vw, 2000px\" \/>\t\t\t\t\t\t\t\t\t\t\t\t\t\t\t<\/div>\n\t\t\t\t<\/div>\n\t\t\t\t\t<\/div>\n\t\t<\/div>\n\t\t\t\t\t<\/div>\n\t\t<\/section>\n\t\t\t\t<section class=\"elementor-section elementor-top-section elementor-element elementor-element-d3a6a8e elementor-section-boxed elementor-section-height-default elementor-section-height-default\" data-id=\"d3a6a8e\" data-element_type=\"section\">\n\t\t\t\t\t\t<div class=\"elementor-container elementor-column-gap-default\">\n\t\t\t\t\t<div class=\"elementor-column elementor-col-50 elementor-top-column elementor-element elementor-element-4ff487d\" data-id=\"4ff487d\" data-element_type=\"column\">\n\t\t\t<div class=\"elementor-widget-wrap elementor-element-populated\">\n\t\t\t\t\t\t<div class=\"elementor-element elementor-element-ab75963 elementor-widget elementor-widget-text-editor\" data-id=\"ab75963\" data-element_type=\"widget\" data-widget_type=\"text-editor.default\">\n\t\t\t\t<div class=\"elementor-widget-container\">\n\t\t\t\t\t\t\t\t\t<h1>Shockwave Therapy\u00a0<br \/>at the Private Clinic Dr. Thomas Pauly:<\/h1><p style=\"font-size: 14.4px; color: #7a7a7a;\">Shockwaves are high-intensity sound impulses. Since the therapist applies them to influence the body from the outside, this method is also called \u201cExtracorporeal Shockwave Therapy\u201d (ESWT). Shockwave Therapy has been used in medicine since the early 1980s (e.g., to shatter kidney stones).<\/p><p style=\"font-size: 14.4px; color: #7a7a7a;\">Today, in <a href=\"https:\/\/dr-thomas-pauly.de\/en\/stosswellentherapie-orthopaedische-medizin\/\"><b>Orthopedic Medicine<\/b><\/a> the effectiveness of shockwaves is proven for pain therapy for:<\/p><ul style=\"color: #7a7a7a; font-size: 14.4px;\"><li style=\"font-size: 14.4px;\">muscle problems (trigger-point and fascial disturbances)<\/li><li style=\"font-size: 14.4px;\">irritation of the tendons at insertion point (tennis\/golfer\u2019s elbow)<\/li><li style=\"font-size: 14.4px;\">hardening or inflammation of tendons in the region of the hand (Dupuytren\u2019s disease or also Dupuytren\u2019s contracture) and of the foot (plantar fasciitis)\u00a0<\/li><li style=\"font-size: 14.4px;\">calcific tendinitis (also known as \u201ccalcified shoulders\u201d), and<\/li><li style=\"font-size: 14.4px;\">slow-healing bone fractures<\/li><\/ul><p style=\"font-size: 14.4px; color: #7a7a7a;\">In many cases Shockwave Therapy can eliminate the need for surgery altogether.<\/p><p style=\"font-size: 14.4px; color: #7a7a7a;\"><span style=\"font-size: 14.4px;\">Shockwave Therapy is also increasingly used in Aesthetic Medicine: <a href=\"https:\/\/dr-thomas-pauly.de\/en\/stosswellentherapie-aesthetische-medizin\/\"><b>\u00e4sthetischen Medizin<\/b><\/a> wird die Sto\u00dfwellen-Therapie zunehmend eingesetzt:<\/span><\/p><ul style=\"color: #7a7a7a; font-size: 14.4px;\"><li style=\"font-size: 14.4px;\">for the treatment of local metabolic disorders such as cellulite or \u201csaddle bags\u201d<\/li><li style=\"font-size: 14.4px;\">for scar treatment, where very good results have also been achieved.<\/li><\/ul><div style=\"color: #7a7a7a; font-size: 14.4px;\"><p style=\"font-size: 14.4px;\">Shockwave Therapy causes little to no pain and is completely risk-free. A special shockwave transducer is moved over the affected areas, accompanied by ultrasound monitoring where necessary. Three to five sessions of 15 to 45 minutes each are usually necessary (depending on the indication, up to 10 sessions may be required).<\/p><p style=\"font-size: 14.4px;\">The shockwaves activate metabolic processes in the deeper tissue layers and subsequently stimulate and support the body\u2019s self-healing mechanisms.<\/p><p style=\"font-size: 14.4px;\">We conduct Shockwave-Therapy sessions on site at the Private Orthopedics Clinic K\u00f6 94.<\/p><\/div>\t\t\t\t\t\t\t\t<\/div>\n\t\t\t\t<\/div>\n\t\t\t\t\t<\/div>\n\t\t<\/div>\n\t\t\t\t<div class=\"elementor-column elementor-col-50 elementor-top-column elementor-element elementor-element-260f9ff\" data-id=\"260f9ff\" data-element_type=\"column\" data-settings=\"{&quot;background_background&quot;:&quot;classic&quot;}\">\n\t\t\t<div class=\"elementor-widget-wrap elementor-element-populated\">\n\t\t\t\t\t\t<div class=\"elementor-element elementor-element-666c6df elementor-cta--skin-classic elementor-animated-content elementor-bg-transform elementor-bg-transform-zoom-in elementor-widget elementor-widget-call-to-action\" data-id=\"666c6df\" data-element_type=\"widget\" data-widget_type=\"call-to-action.default\">\n\t\t\t\t<div class=\"elementor-widget-container\">\n\t\t\t\t\t\t\t<div class=\"elementor-cta\">\n\t\t\t\t\t<div class=\"elementor-cta__bg-wrapper\">\n\t\t\t\t<div class=\"elementor-cta__bg elementor-bg\" style=\"background-image: url(https:\/\/dr-thomas-pauly.de\/wp-content\/uploads\/2019\/03\/cellolite-behandling-stosswelle-eswt-duesseldorf-orthopaede-koenigsallee-pauly.jpg);\" role=\"img\" aria-label=\"cellolite-behandling-stosswelle-eswt-duesseldorf-orthopaede-koenigsallee-pauly\"><\/div>\n\t\t\t\t<div class=\"elementor-cta__bg-overlay\"><\/div>\n\t\t\t<\/div>\n\t\t\t\t\t\t\t<div class=\"elementor-cta__content\">\n\t\t\t\t\n\t\t\t\t\t\t\t\t\t<h2 class=\"elementor-cta__title elementor-cta__content-item elementor-content-item\">\n\t\t\t\t\t\tFlyer \u2013 Download\t\t\t\t\t<\/h2>\n\t\t\t\t\n\t\t\t\t\t\t\t\t\t<div class=\"elementor-cta__description elementor-cta__content-item elementor-content-item\">\n\t\t\t\t\t\tCellulite Therapy at the private orthopedic clinic Dr. Thomas Pauly\t\t\t\t\t<\/div>\n\t\t\t\t\n\t\t\t\t\t\t\t\t\t<div class=\"elementor-cta__button-wrapper elementor-cta__content-item elementor-content-item\">\n\t\t\t\t\t<a class=\"elementor-cta__button elementor-button elementor-size-\" href=\"https:\/\/dr-thomas-pauly.de\/wp-content\/uploads\/2019\/04\/orthopaedie-praxis-dr-pauly-duesseldorf-cellutite-behandung.pdf\" target=\"_blank\">\n\t\t\t\t\t\tShow flyers!\t\t\t\t\t<\/a>\n\t\t\t\t\t<\/div>\n\t\t\t\t\t\t\t<\/div>\n\t\t\t\t\t\t<\/div>\n\t\t\t\t\t\t<\/div>\n\t\t\t\t<\/div>\n\t\t\t\t<div class=\"elementor-element elementor-element-e1eafb5 elementor-widget elementor-widget-accordion\" data-id=\"e1eafb5\" data-element_type=\"widget\" data-widget_type=\"accordion.default\">\n\t\t\t\t<div class=\"elementor-widget-container\">\n\t\t\t\t\t\t\t<div class=\"elementor-accordion\">\n\t\t\t\t\t\t\t<div class=\"elementor-accordion-item\">\n\t\t\t\t\t<div id=\"elementor-tab-title-2361\" class=\"elementor-tab-title\" data-tab=\"1\" role=\"button\" aria-controls=\"elementor-tab-content-2361\" aria-expanded=\"false\">\n\t\t\t\t\t\t\t\t\t\t\t\t\t<span class=\"elementor-accordion-icon elementor-accordion-icon-left\" aria-hidden=\"true\">\n\t\t\t\t\t\t\t\t\t\t\t\t\t\t\t<i class=\"elementor-accordion-icon-closed fa fa-toggle-down\"><\/i>\n\t\t\t\t\t\t\t\t<i class=\"elementor-accordion-icon-opened fa fa-toggle-up\"><\/i>\n\t\t\t\t\t\t\t\t\t\t\t\t\t\t<\/span>\n\t\t\t\t\t\t\t\t\t\t\t\t<a class=\"elementor-accordion-title\" tabindex=\"0\">navigation menu<\/a>\n\t\t\t\t\t<\/div>\n\t\t\t\t\t<div id=\"elementor-tab-content-2361\" class=\"elementor-tab-content elementor-clearfix\" data-tab=\"1\" role=\"region\" aria-labelledby=\"elementor-tab-title-2361\"><\/div>\n\t\t\t\t<\/div>\n\t\t\t\t\t\t\t\t<\/div>\n\t\t\t\t\t\t<\/div>\n\t\t\t\t<\/div>\n\t\t\t\t\t<\/div>\n\t\t<\/div>\n\t\t\t\t\t<\/div>\n\t\t<\/section>\n\t\t\t\t<section class=\"elementor-section elementor-top-section elementor-element elementor-element-6430efac row-box-vertical-2 elementor-section-boxed elementor-section-height-default elementor-section-height-default\" data-id=\"6430efac\" data-element_type=\"section\">\n\t\t\t\t\t\t<div class=\"elementor-container elementor-column-gap-default\">\n\t\t\t\t\t<div class=\"elementor-column elementor-col-50 elementor-top-column elementor-element elementor-element-86c397f\" data-id=\"86c397f\" data-element_type=\"column\" data-settings=\"{&quot;background_background&quot;:&quot;classic&quot;}\">\n\t\t\t<div class=\"elementor-widget-wrap elementor-element-populated\">\n\t\t\t\t\t\t<div class=\"elementor-element elementor-element-7aede02 elementor-cta--skin-classic elementor-animated-content elementor-bg-transform elementor-bg-transform-zoom-in elementor-widget elementor-widget-call-to-action\" data-id=\"7aede02\" data-element_type=\"widget\" data-widget_type=\"call-to-action.default\">\n\t\t\t\t<div class=\"elementor-widget-container\">\n\t\t\t\t\t\t\t<div class=\"elementor-cta\">\n\t\t\t\t\t<div class=\"elementor-cta__bg-wrapper\">\n\t\t\t\t<div class=\"elementor-cta__bg elementor-bg\" style=\"background-image: url(https:\/\/dr-thomas-pauly.de\/wp-content\/uploads\/2020\/05\/stosswellentherapie-eswt-stosswelle-behandlung-duesseldorf-koenigsallee-duesseldorf-thomas-pauly.jpg);\" role=\"img\" aria-label=\"stosswellentherapie-eswt-stosswelle-behandlung-duesseldorf-koenigsallee-duesseldorf-thomas-pauly\"><\/div>\n\t\t\t\t<div class=\"elementor-cta__bg-overlay\"><\/div>\n\t\t\t<\/div>\n\t\t\t\t\t\t\t<div class=\"elementor-cta__content\">\n\t\t\t\t\n\t\t\t\t\t\t\t\t\t<h2 class=\"elementor-cta__title elementor-cta__content-item elementor-content-item\">\n\t\t\t\t\t\tOrthopedic Shockwave Therapy\t\t\t\t\t<\/h2>\n\t\t\t\t\n\t\t\t\t\t\t\t\t\t<div class=\"elementor-cta__description elementor-cta__content-item elementor-content-item\">\n\t\t\t\t\t\tMore information about the orthopedic use of Shockwave Therapy at the Private Clinic Dr. med. Thomas Pauly.\t\t\t\t\t<\/div>\n\t\t\t\t\n\t\t\t\t\t\t\t\t\t<div class=\"elementor-cta__button-wrapper elementor-cta__content-item elementor-content-item\">\n\t\t\t\t\t<a class=\"elementor-cta__button elementor-button elementor-size-md\" href=\"https:\/\/dr-thomas-pauly.de\/en\/stosswellentherapie-orthopaedische-medizin\/\">\n\t\t\t\t\t\tOrthopedic Shockwave Therapy\t\t\t\t\t<\/a>\n\t\t\t\t\t<\/div>\n\t\t\t\t\t\t\t<\/div>\n\t\t\t\t\t\t\t<div class=\"elementor-ribbon\">\n\t\t\t\t<div class=\"elementor-ribbon-inner\">ESWT<\/div>\n\t\t\t<\/div>\n\t\t\t\t<\/div>\n\t\t\t\t\t\t<\/div>\n\t\t\t\t<\/div>\n\t\t\t\t\t<\/div>\n\t\t<\/div>\n\t\t\t\t<div class=\"elementor-column elementor-col-50 elementor-top-column elementor-element elementor-element-dc7cc94\" data-id=\"dc7cc94\" data-element_type=\"column\" data-settings=\"{&quot;background_background&quot;:&quot;classic&quot;}\">\n\t\t\t<div class=\"elementor-widget-wrap elementor-element-populated\">\n\t\t\t\t\t\t<div class=\"elementor-element elementor-element-09ccc52 elementor-cta--skin-classic elementor-animated-content elementor-bg-transform elementor-bg-transform-zoom-in elementor-widget elementor-widget-call-to-action\" data-id=\"09ccc52\" data-element_type=\"widget\" data-widget_type=\"call-to-action.default\">\n\t\t\t\t<div class=\"elementor-widget-container\">\n\t\t\t\t\t\t\t<div class=\"elementor-cta\">\n\t\t\t\t\t<div class=\"elementor-cta__bg-wrapper\">\n\t\t\t\t<div class=\"elementor-cta__bg elementor-bg\" style=\"background-image: url(https:\/\/dr-thomas-pauly.de\/wp-content\/uploads\/2020\/05\/stosswellentherapie-eswt-stosswelle-behandlung-duesseldorf-koenigsallee-duesseldorf-thomas-pauly.jpg);\" role=\"img\" aria-label=\"stosswellentherapie-eswt-stosswelle-behandlung-duesseldorf-koenigsallee-duesseldorf-thomas-pauly\"><\/div>\n\t\t\t\t<div class=\"elementor-cta__bg-overlay\"><\/div>\n\t\t\t<\/div>\n\t\t\t\t\t\t\t<div class=\"elementor-cta__content\">\n\t\t\t\t\n\t\t\t\t\t\t\t\t\t<h2 class=\"elementor-cta__title elementor-cta__content-item elementor-content-item\">\n\t\t\t\t\t\tAesthetic Medicine\t\t\t\t\t<\/h2>\n\t\t\t\t\n\t\t\t\t\t\t\t\t\t<div class=\"elementor-cta__description elementor-cta__content-item elementor-content-item\">\n\t\t\t\t\t\tAesthetic Medicine<br>\nESWT \u2013 Shockwave Therapy, for example, for:<br>\ncellulite (orange-peel syndrome)<br>\n\u201csaddle bags\u201d<br>\nscar treatment<br>\n\nFurther insights about the use of Shockwave Therapy in Aesthetic and Cosmetic Medicine\t\t\t\t\t<\/div>\n\t\t\t\t\n\t\t\t\t\t\t\t\t\t<div class=\"elementor-cta__button-wrapper elementor-cta__content-item elementor-content-item\">\n\t\t\t\t\t<a class=\"elementor-cta__button elementor-button elementor-size-md\" href=\"https:\/\/dr-thomas-pauly.de\/en\/stosswellentherapie-aesthetische-medizin\/\">\n\t\t\t\t\t\tAesthetic Medicine\t\t\t\t\t<\/a>\n\t\t\t\t\t<\/div>\n\t\t\t\t\t\t\t<\/div>\n\t\t\t\t\t\t\t<div class=\"elementor-ribbon\">\n\t\t\t\t<div class=\"elementor-ribbon-inner\">ESWT<\/div>\n\t\t\t<\/div>\n\t\t\t\t<\/div>\n\t\t\t\t\t\t<\/div>\n\t\t\t\t<\/div>\n\t\t\t\t\t<\/div>\n\t\t<\/div>\n\t\t\t\t\t<\/div>\n\t\t<\/section>\n\t\t\t\t<\/div>","protected":false},"excerpt":{"rendered":"<p>Sto\u00dfwellentherapie (ESWT)\u00a0in der Privatpraxis Dr. med. Thomas Pauly Sto\u00dfwellen sind hochenergetische Schallimpulse. Da der Therapeut sie von au\u00dfen auf den K\u00f6rper einwirken l\u00e4sst, wird die Methode als \u201eextrakorporale Sto\u00dfwellen-Therapie\u201c (ESWT) bezeichnet. Bereits seit Anfang der 1980er Jahre wird die Sto\u00dfwellentherapie in der Medizin eingesetzt (etwa zur Nierenstein-Zertr\u00fcmmerung). In der orthop\u00e4dischen Medizin ist die Wirksamkeit von [&hellip;]<\/p>","protected":false},"author":1,"featured_media":0,"parent":0,"menu_order":0,"comment_status":"closed","ping_status":"closed","template":"","meta":{"footnotes":""},"class_list":["post-131","page","type-page","status-publish","hentry"],"yoast_head":"<!-- This site is optimized with the Yoast SEO plugin v25.4 - https:\/\/yoast.com\/wordpress\/plugins\/seo\/ -->\n<title>Sto\u00dfwellentherapie (ESWT) D\u00fcsseldorf - Schmerzen &amp; Cellulite behandeln<\/title>\n<meta name=\"description\" content=\"Sto\u00dfwellentherapie D\u00fcsseldorf - Bei Schulterbeschwerden, Knochenbruchheilungsbeschwerden oder die klassischen Versionen von Tennisarm \/ Golfarm \/ Mausarm\" \/>\n<meta name=\"robots\" content=\"index, follow, max-snippet:-1, max-image-preview:large, max-video-preview:-1\" \/>\n<link rel=\"canonical\" href=\"https:\/\/dr-thomas-pauly.de\/en\/stosswellentherapie-duesseldorf\/\" \/>\n<meta property=\"og:locale\" content=\"en_GB\" \/>\n<meta property=\"og:type\" content=\"article\" \/>\n<meta property=\"og:title\" content=\"Sto\u00dfwellentherapie (ESWT) D\u00fcsseldorf - Schmerzen &amp; Cellulite behandeln\" \/>\n<meta property=\"og:description\" content=\"Sto\u00dfwellentherapie D\u00fcsseldorf - Bei Schulterbeschwerden, Knochenbruchheilungsbeschwerden oder die klassischen Versionen von Tennisarm \/ Golfarm \/ Mausarm\" \/>\n<meta property=\"og:url\" content=\"https:\/\/dr-thomas-pauly.de\/en\/stosswellentherapie-duesseldorf\/\" \/>\n<meta property=\"og:site_name\" content=\"Dr. Thomas Pauly\" \/>\n<meta property=\"article:modified_time\" content=\"2020-05-14T13:06:16+00:00\" \/>\n<meta property=\"og:image\" content=\"https:\/\/dr-thomas-pauly.de\/wp-content\/uploads\/2020\/05\/stosswellentherapie-eswt-stosswelle-duesseldorf-koenigsallee-duesseldorf-dr-thomas-pauly.jpg\" \/>\n<meta name=\"twitter:card\" content=\"summary_large_image\" \/>\n<meta name=\"twitter:site\" content=\"@koe94\" \/>\n<meta name=\"twitter:label1\" content=\"Estimated reading time\" \/>\n\t<meta name=\"twitter:data1\" content=\"2 minutes\" \/>\n<script type=\"application\/ld+json\" class=\"yoast-schema-graph\">{\"@context\":\"https:\/\/schema.org\",\"@graph\":[{\"@type\":\"WebPage\",\"@id\":\"https:\/\/dr-thomas-pauly.de\/ru\/stosswellentherapie-duesseldorf\/\",\"url\":\"https:\/\/dr-thomas-pauly.de\/ru\/stosswellentherapie-duesseldorf\/\",\"name\":\"Sto\u00dfwellentherapie (ESWT) D\u00fcsseldorf - Schmerzen & Cellulite behandeln\",\"isPartOf\":{\"@id\":\"https:\/\/dr-thomas-pauly.de\/#website\"},\"primaryImageOfPage\":{\"@id\":\"https:\/\/dr-thomas-pauly.de\/ru\/stosswellentherapie-duesseldorf\/#primaryimage\"},\"image\":{\"@id\":\"https:\/\/dr-thomas-pauly.de\/ru\/stosswellentherapie-duesseldorf\/#primaryimage\"},\"thumbnailUrl\":\"https:\/\/dr-thomas-pauly.de\/wp-content\/uploads\/2020\/05\/stosswellentherapie-eswt-stosswelle-duesseldorf-koenigsallee-duesseldorf-dr-thomas-pauly.jpg\",\"datePublished\":\"2018-08-23T07:26:11+00:00\",\"dateModified\":\"2020-05-14T13:06:16+00:00\",\"description\":\"Sto\u00dfwellentherapie D\u00fcsseldorf - Bei Schulterbeschwerden, Knochenbruchheilungsbeschwerden oder die klassischen Versionen von Tennisarm \/ Golfarm \/ Mausarm\",\"breadcrumb\":{\"@id\":\"https:\/\/dr-thomas-pauly.de\/ru\/stosswellentherapie-duesseldorf\/#breadcrumb\"},\"inLanguage\":\"en-GB\",\"potentialAction\":[{\"@type\":\"ReadAction\",\"target\":[\"https:\/\/dr-thomas-pauly.de\/ru\/stosswellentherapie-duesseldorf\/\"]}]},{\"@type\":\"ImageObject\",\"inLanguage\":\"en-GB\",\"@id\":\"https:\/\/dr-thomas-pauly.de\/ru\/stosswellentherapie-duesseldorf\/#primaryimage\",\"url\":\"https:\/\/dr-thomas-pauly.de\/wp-content\/uploads\/2020\/05\/stosswellentherapie-eswt-stosswelle-duesseldorf-koenigsallee-duesseldorf-dr-thomas-pauly.jpg\",\"contentUrl\":\"https:\/\/dr-thomas-pauly.de\/wp-content\/uploads\/2020\/05\/stosswellentherapie-eswt-stosswelle-duesseldorf-koenigsallee-duesseldorf-dr-thomas-pauly.jpg\"},{\"@type\":\"BreadcrumbList\",\"@id\":\"https:\/\/dr-thomas-pauly.de\/ru\/stosswellentherapie-duesseldorf\/#breadcrumb\",\"itemListElement\":[{\"@type\":\"ListItem\",\"position\":1,\"name\":\"Startseite\",\"item\":\"https:\/\/dr-thomas-pauly.de\/\"},{\"@type\":\"ListItem\",\"position\":2,\"name\":\"Sto\u00dfwellentherapie\"}]},{\"@type\":\"WebSite\",\"@id\":\"https:\/\/dr-thomas-pauly.de\/#website\",\"url\":\"https:\/\/dr-thomas-pauly.de\/\",\"name\":\"Dr. Thomas Pauly\",\"description\":\"Orthop\u00e4dische Privatpraxis K\u00f6nigsallee 94 in D\u00fcsseldorf.\",\"publisher\":{\"@id\":\"https:\/\/dr-thomas-pauly.de\/#organization\"},\"potentialAction\":[{\"@type\":\"SearchAction\",\"target\":{\"@type\":\"EntryPoint\",\"urlTemplate\":\"https:\/\/dr-thomas-pauly.de\/?s={search_term_string}\"},\"query-input\":{\"@type\":\"PropertyValueSpecification\",\"valueRequired\":true,\"valueName\":\"search_term_string\"}}],\"inLanguage\":\"en-GB\"},{\"@type\":\"Organization\",\"@id\":\"https:\/\/dr-thomas-pauly.de\/#organization\",\"name\":\"Dr Thomas Pauly\",\"url\":\"https:\/\/dr-thomas-pauly.de\/\",\"logo\":{\"@type\":\"ImageObject\",\"inLanguage\":\"en-GB\",\"@id\":\"https:\/\/dr-thomas-pauly.de\/#\/schema\/logo\/image\/\",\"url\":\"https:\/\/dr-thomas-pauly.de\/wp-content\/uploads\/2019\/12\/logo-dr-thomas-pauly.png\",\"contentUrl\":\"https:\/\/dr-thomas-pauly.de\/wp-content\/uploads\/2019\/12\/logo-dr-thomas-pauly.png\",\"width\":804,\"height\":772,\"caption\":\"Dr Thomas Pauly\"},\"image\":{\"@id\":\"https:\/\/dr-thomas-pauly.de\/#\/schema\/logo\/image\/\"},\"sameAs\":[\"https:\/\/x.com\/koe94\",\"http:\/\/dr-thomas-pauly\"]}]}<\/script>\n<!-- \/ Yoast SEO plugin. -->","yoast_head_json":{"title":"Sto\u00dfwellentherapie (ESWT) D\u00fcsseldorf - Schmerzen & Cellulite behandeln","description":"Sto\u00dfwellentherapie D\u00fcsseldorf - Bei Schulterbeschwerden, Knochenbruchheilungsbeschwerden oder die klassischen Versionen von Tennisarm \/ Golfarm \/ Mausarm","robots":{"index":"index","follow":"follow","max-snippet":"max-snippet:-1","max-image-preview":"max-image-preview:large","max-video-preview":"max-video-preview:-1"},"canonical":"https:\/\/dr-thomas-pauly.de\/en\/stosswellentherapie-duesseldorf\/","og_locale":"en_GB","og_type":"article","og_title":"Sto\u00dfwellentherapie (ESWT) D\u00fcsseldorf - Schmerzen & Cellulite behandeln","og_description":"Sto\u00dfwellentherapie D\u00fcsseldorf - Bei Schulterbeschwerden, Knochenbruchheilungsbeschwerden oder die klassischen Versionen von Tennisarm \/ Golfarm \/ Mausarm","og_url":"https:\/\/dr-thomas-pauly.de\/en\/stosswellentherapie-duesseldorf\/","og_site_name":"Dr. Thomas Pauly","article_modified_time":"2020-05-14T13:06:16+00:00","og_image":[{"url":"https:\/\/dr-thomas-pauly.de\/wp-content\/uploads\/2020\/05\/stosswellentherapie-eswt-stosswelle-duesseldorf-koenigsallee-duesseldorf-dr-thomas-pauly.jpg","type":"","width":"","height":""}],"twitter_card":"summary_large_image","twitter_site":"@koe94","twitter_misc":{"Estimated reading time":"2 minutes"},"schema":{"@context":"https:\/\/schema.org","@graph":[{"@type":"WebPage","@id":"https:\/\/dr-thomas-pauly.de\/ru\/stosswellentherapie-duesseldorf\/","url":"https:\/\/dr-thomas-pauly.de\/ru\/stosswellentherapie-duesseldorf\/","name":"Sto\u00dfwellentherapie (ESWT) D\u00fcsseldorf - Schmerzen & Cellulite behandeln","isPartOf":{"@id":"https:\/\/dr-thomas-pauly.de\/#website"},"primaryImageOfPage":{"@id":"https:\/\/dr-thomas-pauly.de\/ru\/stosswellentherapie-duesseldorf\/#primaryimage"},"image":{"@id":"https:\/\/dr-thomas-pauly.de\/ru\/stosswellentherapie-duesseldorf\/#primaryimage"},"thumbnailUrl":"https:\/\/dr-thomas-pauly.de\/wp-content\/uploads\/2020\/05\/stosswellentherapie-eswt-stosswelle-duesseldorf-koenigsallee-duesseldorf-dr-thomas-pauly.jpg","datePublished":"2018-08-23T07:26:11+00:00","dateModified":"2020-05-14T13:06:16+00:00","description":"Sto\u00dfwellentherapie D\u00fcsseldorf - Bei Schulterbeschwerden, Knochenbruchheilungsbeschwerden oder die klassischen Versionen von Tennisarm \/ Golfarm \/ Mausarm","breadcrumb":{"@id":"https:\/\/dr-thomas-pauly.de\/ru\/stosswellentherapie-duesseldorf\/#breadcrumb"},"inLanguage":"en-GB","potentialAction":[{"@type":"ReadAction","target":["https:\/\/dr-thomas-pauly.de\/ru\/stosswellentherapie-duesseldorf\/"]}]},{"@type":"ImageObject","inLanguage":"en-GB","@id":"https:\/\/dr-thomas-pauly.de\/ru\/stosswellentherapie-duesseldorf\/#primaryimage","url":"https:\/\/dr-thomas-pauly.de\/wp-content\/uploads\/2020\/05\/stosswellentherapie-eswt-stosswelle-duesseldorf-koenigsallee-duesseldorf-dr-thomas-pauly.jpg","contentUrl":"https:\/\/dr-thomas-pauly.de\/wp-content\/uploads\/2020\/05\/stosswellentherapie-eswt-stosswelle-duesseldorf-koenigsallee-duesseldorf-dr-thomas-pauly.jpg"},{"@type":"BreadcrumbList","@id":"https:\/\/dr-thomas-pauly.de\/ru\/stosswellentherapie-duesseldorf\/#breadcrumb","itemListElement":[{"@type":"ListItem","position":1,"name":"Startseite","item":"https:\/\/dr-thomas-pauly.de\/"},{"@type":"ListItem","position":2,"name":"Sto\u00dfwellentherapie"}]},{"@type":"WebSite","@id":"https:\/\/dr-thomas-pauly.de\/#website","url":"https:\/\/dr-thomas-pauly.de\/","name":"Dr. Thomas Pauly","description":"Orthop\u00e4dische Privatpraxis K\u00f6nigsallee 94 in D\u00fcsseldorf.","publisher":{"@id":"https:\/\/dr-thomas-pauly.de\/#organization"},"potentialAction":[{"@type":"SearchAction","target":{"@type":"EntryPoint","urlTemplate":"https:\/\/dr-thomas-pauly.de\/?s={search_term_string}"},"query-input":{"@type":"PropertyValueSpecification","valueRequired":true,"valueName":"search_term_string"}}],"inLanguage":"en-GB"},{"@type":"Organization","@id":"https:\/\/dr-thomas-pauly.de\/#organization","name":"Dr Thomas Pauly","url":"https:\/\/dr-thomas-pauly.de\/","logo":{"@type":"ImageObject","inLanguage":"en-GB","@id":"https:\/\/dr-thomas-pauly.de\/#\/schema\/logo\/image\/","url":"https:\/\/dr-thomas-pauly.de\/wp-content\/uploads\/2019\/12\/logo-dr-thomas-pauly.png","contentUrl":"https:\/\/dr-thomas-pauly.de\/wp-content\/uploads\/2019\/12\/logo-dr-thomas-pauly.png","width":804,"height":772,"caption":"Dr Thomas Pauly"},"image":{"@id":"https:\/\/dr-thomas-pauly.de\/#\/schema\/logo\/image\/"},"sameAs":["https:\/\/x.com\/koe94","http:\/\/dr-thomas-pauly"]}]}},"_links":{"self":[{"href":"https:\/\/dr-thomas-pauly.de\/en\/wp-json\/wp\/v2\/pages\/131","targetHints":{"allow":["GET"]}}],"collection":[{"href":"https:\/\/dr-thomas-pauly.de\/en\/wp-json\/wp\/v2\/pages"}],"about":[{"href":"https:\/\/dr-thomas-pauly.de\/en\/wp-json\/wp\/v2\/types\/page"}],"author":[{"embeddable":true,"href":"https:\/\/dr-thomas-pauly.de\/en\/wp-json\/wp\/v2\/users\/1"}],"replies":[{"embeddable":true,"href":"https:\/\/dr-thomas-pauly.de\/en\/wp-json\/wp\/v2\/comments?post=131"}],"version-history":[{"count":36,"href":"https:\/\/dr-thomas-pauly.de\/en\/wp-json\/wp\/v2\/pages\/131\/revisions"}],"predecessor-version":[{"id":1938,"href":"https:\/\/dr-thomas-pauly.de\/en\/wp-json\/wp\/v2\/pages\/131\/revisions\/1938"}],"wp:attachment":[{"href":"https:\/\/dr-thomas-pauly.de\/en\/wp-json\/wp\/v2\/media?parent=131"}],"curies":[{"name":"wp","href":"https:\/\/api.w.org\/{rel}","templated":true}]}}