{"id":133,"date":"2018-08-23T09:26:25","date_gmt":"2018-08-23T07:26:25","guid":{"rendered":"https:\/\/lo-werbung.de\/dr-pauly-2018\/?page_id=133"},"modified":"2020-05-26T17:47:36","modified_gmt":"2020-05-26T15:47:36","slug":"haltungsanalyse","status":"publish","type":"page","link":"https:\/\/dr-thomas-pauly.de\/en\/haltungsanalyse\/","title":{"rendered":"Postural Analysis"},"content":{"rendered":"<div data-elementor-type=\"wp-post\" data-elementor-id=\"133\" class=\"elementor elementor-133\" data-elementor-post-type=\"page\">\n\t\t\t\t\t\t<section class=\"elementor-section elementor-top-section elementor-element elementor-element-f1dc2bc elementor-section-boxed elementor-section-height-default elementor-section-height-default\" data-id=\"f1dc2bc\" data-element_type=\"section\">\n\t\t\t\t\t\t<div class=\"elementor-container elementor-column-gap-default\">\n\t\t\t\t\t<div class=\"elementor-column elementor-col-100 elementor-top-column elementor-element elementor-element-2bdc2a7\" data-id=\"2bdc2a7\" data-element_type=\"column\">\n\t\t\t<div class=\"elementor-widget-wrap elementor-element-populated\">\n\t\t\t\t\t\t<div class=\"elementor-element elementor-element-33f8373 elementor-widget elementor-widget-image\" data-id=\"33f8373\" data-element_type=\"widget\" data-widget_type=\"image.default\">\n\t\t\t\t<div class=\"elementor-widget-container\">\n\t\t\t\t\t\t\t\t\t\t\t\t\t\t\t<img fetchpriority=\"high\" decoding=\"async\" width=\"1024\" height=\"307\" src=\"https:\/\/dr-thomas-pauly.de\/wp-content\/uploads\/2020\/05\/orthopaede-duesseldorf-dr-pauly-koenigsallee-praxis-orthopaedie-1-1024x307.jpg\" class=\"attachment-large size-large wp-image-1942\" alt=\"\" srcset=\"https:\/\/dr-thomas-pauly.de\/wp-content\/uploads\/2020\/05\/orthopaede-duesseldorf-dr-pauly-koenigsallee-praxis-orthopaedie-1-1024x307.jpg 1024w, https:\/\/dr-thomas-pauly.de\/wp-content\/uploads\/2020\/05\/orthopaede-duesseldorf-dr-pauly-koenigsallee-praxis-orthopaedie-1-300x90.jpg 300w, https:\/\/dr-thomas-pauly.de\/wp-content\/uploads\/2020\/05\/orthopaede-duesseldorf-dr-pauly-koenigsallee-praxis-orthopaedie-1-768x230.jpg 768w, https:\/\/dr-thomas-pauly.de\/wp-content\/uploads\/2020\/05\/orthopaede-duesseldorf-dr-pauly-koenigsallee-praxis-orthopaedie-1-1536x461.jpg 1536w, https:\/\/dr-thomas-pauly.de\/wp-content\/uploads\/2020\/05\/orthopaede-duesseldorf-dr-pauly-koenigsallee-praxis-orthopaedie-1.jpg 2000w\" sizes=\"(max-width: 1024px) 100vw, 1024px\" \/>\t\t\t\t\t\t\t\t\t\t\t\t\t\t\t<\/div>\n\t\t\t\t<\/div>\n\t\t\t\t\t<\/div>\n\t\t<\/div>\n\t\t\t\t\t<\/div>\n\t\t<\/section>\n\t\t\t\t<section class=\"elementor-section elementor-top-section elementor-element elementor-element-4d315f40 elementor-section-boxed elementor-section-height-default elementor-section-height-default\" data-id=\"4d315f40\" data-element_type=\"section\">\n\t\t\t\t\t\t<div class=\"elementor-container elementor-column-gap-default\">\n\t\t\t\t\t<div class=\"elementor-column elementor-col-50 elementor-top-column elementor-element elementor-element-210f6b6c\" data-id=\"210f6b6c\" data-element_type=\"column\">\n\t\t\t<div class=\"elementor-widget-wrap elementor-element-populated\">\n\t\t\t\t\t\t<div class=\"elementor-element elementor-element-5c918f9 box-white elementor-widget elementor-widget-text-editor\" data-id=\"5c918f9\" data-element_type=\"widget\" data-widget_type=\"text-editor.default\">\n\t\t\t\t<div class=\"elementor-widget-container\">\n\t\t\t\t\t\t\t\t\t<h1><span style=\"font-size: 1.6rem;\">Postural Analysis at the Private Clinic Dr. Thomas Pauly:<\/span><\/h1><p>A four-dimensional light-optic measurement of the spine is performed for Postural Analysis, which allows for immediate detection of complex problems with your posture such as<\/p><div><ul style=\"font-size: 14.4px;\"><li><span style=\"font-size: 0.9rem;\">pelvic obliquity,\u00a0<\/span><\/li><li>curved spine (scoliosis), or<\/li><li>abnormal postures or unequal load distribution of the muscles.<\/li><\/ul><p style=\"font-size: 14.4px;\">The Postural Analysis is supplemented by a Stance and Gait Analysis, which enables us to immediately check what therapeutic measures are required: for example, orthotics, Manual Therapy, Physical Therapy, Acupuncture, Vibration or Strength Training.<\/p><\/div>\t\t\t\t\t\t\t\t<\/div>\n\t\t\t\t<\/div>\n\t\t\t\t\t<\/div>\n\t\t<\/div>\n\t\t\t\t<div class=\"elementor-column elementor-col-50 elementor-top-column elementor-element elementor-element-fc3c99d box-vertical\" data-id=\"fc3c99d\" data-element_type=\"column\" data-settings=\"{&quot;background_background&quot;:&quot;classic&quot;}\">\n\t\t\t<div class=\"elementor-widget-wrap elementor-element-populated\">\n\t\t\t\t\t\t<div class=\"elementor-element elementor-element-6ead0cca elementor-widget elementor-widget-accordion\" data-id=\"6ead0cca\" data-element_type=\"widget\" data-widget_type=\"accordion.default\">\n\t\t\t\t<div class=\"elementor-widget-container\">\n\t\t\t\t\t\t\t<div class=\"elementor-accordion\">\n\t\t\t\t\t\t\t<div class=\"elementor-accordion-item\">\n\t\t\t\t\t<div id=\"elementor-tab-title-1851\" class=\"elementor-tab-title\" data-tab=\"1\" role=\"button\" aria-controls=\"elementor-tab-content-1851\" aria-expanded=\"false\">\n\t\t\t\t\t\t\t\t\t\t\t\t\t<span class=\"elementor-accordion-icon elementor-accordion-icon-left\" aria-hidden=\"true\">\n\t\t\t\t\t\t\t\t\t\t\t\t\t\t\t<i class=\"elementor-accordion-icon-closed fa fa-toggle-down\"><\/i>\n\t\t\t\t\t\t\t\t<i class=\"elementor-accordion-icon-opened fa fa-toggle-up\"><\/i>\n\t\t\t\t\t\t\t\t\t\t\t\t\t\t<\/span>\n\t\t\t\t\t\t\t\t\t\t\t\t<a class=\"elementor-accordion-title\" tabindex=\"0\">Navigation Postural Analysis<\/a>\n\t\t\t\t\t<\/div>\n\t\t\t\t\t<div id=\"elementor-tab-content-1851\" class=\"elementor-tab-content elementor-clearfix\" data-tab=\"1\" role=\"region\" aria-labelledby=\"elementor-tab-title-1851\"><\/div>\n\t\t\t\t<\/div>\n\t\t\t\t\t\t\t\t<\/div>\n\t\t\t\t\t\t<\/div>\n\t\t\t\t<\/div>\n\t\t\t\t<section class=\"elementor-section elementor-inner-section elementor-element elementor-element-27f0c088 elementor-section-boxed elementor-section-height-default elementor-section-height-default\" data-id=\"27f0c088\" data-element_type=\"section\" data-settings=\"{&quot;background_background&quot;:&quot;classic&quot;}\">\n\t\t\t\t\t\t<div class=\"elementor-container elementor-column-gap-default\">\n\t\t\t\t\t<div class=\"elementor-column elementor-col-100 elementor-inner-column elementor-element elementor-element-3fcaeba0\" data-id=\"3fcaeba0\" data-element_type=\"column\" data-settings=\"{&quot;background_background&quot;:&quot;classic&quot;}\">\n\t\t\t<div class=\"elementor-widget-wrap elementor-element-populated\">\n\t\t\t\t\t\t\t<\/div>\n\t\t<\/div>\n\t\t\t\t\t<\/div>\n\t\t<\/section>\n\t\t\t\t<div class=\"elementor-element elementor-element-19ff62ce elementor-widget elementor-widget-text-editor\" data-id=\"19ff62ce\" data-element_type=\"widget\" data-widget_type=\"text-editor.default\">\n\t\t\t\t<div class=\"elementor-widget-container\">\n\t\t\t\t\t\t\t\t\t<p style=\"text-align: left;\">The Private Orthopedics Practice Dr. Thomas Pauly is located at K\u00f6nigsallee 94 in D\u00fcsseldorf.<\/p><p style=\"text-align: left;\">Office hours: You can reach us from Monday to Friday from 7:00 am to 8:00 pm, as well as Saturdays as needed.<\/p><p style=\"text-align: left;\">Phone:\u00a0<a href=\"https:\/\/dr-thomas-pauly.de\/en\/kontakt\/\">0211 300 40 383<\/a><\/p><p style=\"text-align: left;\">E-mail:\u00a0<a href=\"mailto:praxis@dr-thomas-pauly.de\">clinic@dr-thomas-pauly.de<\/a>.<\/p><p style=\"text-align: left;\"><a class=\"pauly-button\" href=\"http:\/\/kontakt\">Make an appointment!<\/a><\/p>\t\t\t\t\t\t\t\t<\/div>\n\t\t\t\t<\/div>\n\t\t\t\t\t<\/div>\n\t\t<\/div>\n\t\t\t\t\t<\/div>\n\t\t<\/section>\n\t\t\t\t<section class=\"elementor-section elementor-top-section elementor-element elementor-element-672afa88 row-box-vertical-2 elementor-section-boxed elementor-section-height-default elementor-section-height-default\" data-id=\"672afa88\" data-element_type=\"section\">\n\t\t\t\t\t\t<div class=\"elementor-container elementor-column-gap-default\">\n\t\t\t\t\t<div class=\"elementor-column elementor-col-50 elementor-top-column elementor-element elementor-element-8d700ad\" data-id=\"8d700ad\" data-element_type=\"column\" data-settings=\"{&quot;background_background&quot;:&quot;classic&quot;}\">\n\t\t\t<div class=\"elementor-widget-wrap elementor-element-populated\">\n\t\t\t\t\t\t<div class=\"elementor-element elementor-element-4f813b5 elementor-cta--skin-classic elementor-animated-content elementor-bg-transform elementor-bg-transform-zoom-in elementor-widget elementor-widget-call-to-action\" data-id=\"4f813b5\" data-element_type=\"widget\" data-widget_type=\"call-to-action.default\">\n\t\t\t\t<div class=\"elementor-widget-container\">\n\t\t\t\t\t\t\t<div class=\"elementor-cta\">\n\t\t\t\t\t<div class=\"elementor-cta__bg-wrapper\">\n\t\t\t\t<div class=\"elementor-cta__bg elementor-bg\" style=\"background-image: url(https:\/\/dr-thomas-pauly.de\/wp-content\/uploads\/2020\/05\/orthopaedische-einlagen-duesseldorf-koenigsallee-praxis-pauly.jpg);\" role=\"img\" aria-label=\"orthopaedische-einlagen-duesseldorf-koenigsallee-praxis-pauly\"><\/div>\n\t\t\t\t<div class=\"elementor-cta__bg-overlay\"><\/div>\n\t\t\t<\/div>\n\t\t\t\t\t\t\t<div class=\"elementor-cta__content\">\n\t\t\t\t\n\t\t\t\t\t\t\t\t\t<h2 class=\"elementor-cta__title elementor-cta__content-item elementor-content-item\">\n\t\t\t\t\t\tStance and Gait Analysis\t\t\t\t\t<\/h2>\n\t\t\t\t\n\t\t\t\t\t\t\t\t\t<div class=\"elementor-cta__description elementor-cta__content-item elementor-content-item\">\n\t\t\t\t\t\tThe forces affecting the foot during the movement process are measured and displayed graphically in the Stance and Gait Analysis.<br>\t\t\t\t\t<\/div>\n\t\t\t\t\n\t\t\t\t\t\t\t\t\t<div class=\"elementor-cta__button-wrapper elementor-cta__content-item elementor-content-item\">\n\t\t\t\t\t<a class=\"elementor-cta__button elementor-button elementor-size-\">\n\t\t\t\t\t\tStance &amp; Gait Analysis\t\t\t\t\t<\/a>\n\t\t\t\t\t<\/div>\n\t\t\t\t\t\t\t<\/div>\n\t\t\t\t\t\t<\/div>\n\t\t\t\t\t\t<\/div>\n\t\t\t\t<\/div>\n\t\t\t\t\t<\/div>\n\t\t<\/div>\n\t\t\t\t<div class=\"elementor-column elementor-col-50 elementor-top-column elementor-element elementor-element-4c9d2a9\" data-id=\"4c9d2a9\" data-element_type=\"column\" data-settings=\"{&quot;background_background&quot;:&quot;classic&quot;}\">\n\t\t\t<div class=\"elementor-widget-wrap elementor-element-populated\">\n\t\t\t\t\t\t<div class=\"elementor-element elementor-element-9a1dbf9 elementor-cta--valign-middle elementor-cta--skin-classic elementor-animated-content elementor-bg-transform elementor-bg-transform-zoom-in elementor-widget elementor-widget-call-to-action\" data-id=\"9a1dbf9\" data-element_type=\"widget\" data-widget_type=\"call-to-action.default\">\n\t\t\t\t<div class=\"elementor-widget-container\">\n\t\t\t\t\t\t\t<div class=\"elementor-cta\">\n\t\t\t\t\t<div class=\"elementor-cta__bg-wrapper\">\n\t\t\t\t<div class=\"elementor-cta__bg elementor-bg\" style=\"background-image: url(https:\/\/dr-thomas-pauly.de\/wp-content\/uploads\/2020\/05\/kraftmessung-duesseldorf-orthopaede-pauly-koenigsallee-01.jpg);\" role=\"img\" aria-label=\"kraftmessung-duesseldorf-orthopaede-pauly-koenigsallee-01\"><\/div>\n\t\t\t\t<div class=\"elementor-cta__bg-overlay\"><\/div>\n\t\t\t<\/div>\n\t\t\t\t\t\t\t<div class=\"elementor-cta__content\">\n\t\t\t\t\n\t\t\t\t\t\t\t\t\t<h2 class=\"elementor-cta__title elementor-cta__content-item elementor-content-item\">\n\t\t\t\t\t\t4-D Spine Analysis\t\t\t\t\t<\/h2>\n\t\t\t\t\n\t\t\t\t\t\t\t\t\t<div class=\"elementor-cta__description elementor-cta__content-item elementor-content-item\">\n\t\t\t\t\t\t\nThe 4-D Spine Analysis is a radiation-free method to measure the spine and back muscles. This is performed at our Private Orthopedics Clinic Dr. Thomas Pauly at K\u00f6nigsallee 94 in D\u00fcsseldorf.\n\n\t\t\t\t\t<\/div>\n\t\t\t\t\n\t\t\t\t\t\t\t\t\t<div class=\"elementor-cta__button-wrapper elementor-cta__content-item elementor-content-item\">\n\t\t\t\t\t<a class=\"elementor-cta__button elementor-button elementor-size-\">\n\t\t\t\t\t\t4-D Spine Analysis\t\t\t\t\t<\/a>\n\t\t\t\t\t<\/div>\n\t\t\t\t\t\t\t<\/div>\n\t\t\t\t\t\t<\/div>\n\t\t\t\t\t\t<\/div>\n\t\t\t\t<\/div>\n\t\t\t\t\t<\/div>\n\t\t<\/div>\n\t\t\t\t\t<\/div>\n\t\t<\/section>\n\t\t\t\t<\/div>","protected":false},"excerpt":{"rendered":"<p>Haltungs-Analyse in der Privatpraxis Dr. med. Thomas Pauly Im Rahmen der Haltungs-Analyse wird vierdimensional eine lichtoptische Vermessung der Wirbels\u00e4ule vorgenommen, mittels derer sich komplexe Haltungsprobleme sofort erkennen lassen wie z. B. Becken-Tiefstand,\u00a0 Wirbels\u00e4ulenverbiegung (Skoliose) oder muskul\u00e4re Fehlhaltungen oder -belastungen. Erg\u00e4nzt wird die Haltungs-Analyse durch die Stand- und Gang-Analyse; auf dieser Basis kann sofort gepr\u00fcft werden, [&hellip;]<\/p>","protected":false},"author":1,"featured_media":0,"parent":0,"menu_order":0,"comment_status":"closed","ping_status":"closed","template":"","meta":{"footnotes":""},"class_list":["post-133","page","type-page","status-publish","hentry"],"yoast_head":"<!-- This site is optimized with the Yoast SEO plugin v25.4 - https:\/\/yoast.com\/wordpress\/plugins\/seo\/ -->\n<title>Haltungs-Analyse - Vermessung der Wirbels\u00e4ule - Dr. Thomas Pauly<\/title>\n<meta name=\"description\" content=\"Haltungs-Analyse - vierdimensionale, lichtoptische Vermessung der Wirbels\u00e4ule - komplexe Haltungsprobleme lassen sich sofort erkennen | Dr. Thomas Pauly\" \/>\n<meta name=\"robots\" content=\"index, follow, max-snippet:-1, max-image-preview:large, max-video-preview:-1\" \/>\n<link rel=\"canonical\" href=\"https:\/\/dr-thomas-pauly.de\/en\/haltungsanalyse\/\" \/>\n<meta property=\"og:locale\" content=\"en_GB\" \/>\n<meta property=\"og:type\" content=\"article\" \/>\n<meta property=\"og:title\" content=\"Haltungs-Analyse - Vermessung der Wirbels\u00e4ule - Dr. Thomas Pauly\" \/>\n<meta property=\"og:description\" content=\"Haltungs-Analyse - vierdimensionale, lichtoptische Vermessung der Wirbels\u00e4ule - komplexe Haltungsprobleme lassen sich sofort erkennen | Dr. Thomas Pauly\" \/>\n<meta property=\"og:url\" content=\"https:\/\/dr-thomas-pauly.de\/en\/haltungsanalyse\/\" \/>\n<meta property=\"og:site_name\" content=\"Dr. Thomas Pauly\" \/>\n<meta property=\"article:modified_time\" content=\"2020-05-26T15:47:36+00:00\" \/>\n<meta property=\"og:image\" content=\"https:\/\/dr-thomas-pauly.de\/wp-content\/uploads\/2020\/05\/orthopaede-duesseldorf-dr-pauly-koenigsallee-praxis-orthopaedie-1-1024x307.jpg\" \/>\n<meta name=\"twitter:card\" content=\"summary_large_image\" \/>\n<meta name=\"twitter:site\" content=\"@koe94\" \/>\n<meta name=\"twitter:label1\" content=\"Estimated reading time\" \/>\n\t<meta name=\"twitter:data1\" content=\"1 minute\" \/>\n<script type=\"application\/ld+json\" class=\"yoast-schema-graph\">{\"@context\":\"https:\/\/schema.org\",\"@graph\":[{\"@type\":\"WebPage\",\"@id\":\"https:\/\/dr-thomas-pauly.de\/haltungsanalyse\/\",\"url\":\"https:\/\/dr-thomas-pauly.de\/haltungsanalyse\/\",\"name\":\"Haltungs-Analyse - Vermessung der Wirbels\u00e4ule - Dr. Thomas Pauly\",\"isPartOf\":{\"@id\":\"https:\/\/dr-thomas-pauly.de\/#website\"},\"primaryImageOfPage\":{\"@id\":\"https:\/\/dr-thomas-pauly.de\/haltungsanalyse\/#primaryimage\"},\"image\":{\"@id\":\"https:\/\/dr-thomas-pauly.de\/haltungsanalyse\/#primaryimage\"},\"thumbnailUrl\":\"https:\/\/dr-thomas-pauly.de\/wp-content\/uploads\/2020\/05\/orthopaede-duesseldorf-dr-pauly-koenigsallee-praxis-orthopaedie-1-1024x307.jpg\",\"datePublished\":\"2018-08-23T07:26:25+00:00\",\"dateModified\":\"2020-05-26T15:47:36+00:00\",\"description\":\"Haltungs-Analyse - vierdimensionale, lichtoptische Vermessung der Wirbels\u00e4ule - komplexe Haltungsprobleme lassen sich sofort erkennen | Dr. Thomas Pauly\",\"breadcrumb\":{\"@id\":\"https:\/\/dr-thomas-pauly.de\/haltungsanalyse\/#breadcrumb\"},\"inLanguage\":\"en-GB\",\"potentialAction\":[{\"@type\":\"ReadAction\",\"target\":[\"https:\/\/dr-thomas-pauly.de\/haltungsanalyse\/\"]}]},{\"@type\":\"ImageObject\",\"inLanguage\":\"en-GB\",\"@id\":\"https:\/\/dr-thomas-pauly.de\/haltungsanalyse\/#primaryimage\",\"url\":\"https:\/\/dr-thomas-pauly.de\/wp-content\/uploads\/2020\/05\/orthopaede-duesseldorf-dr-pauly-koenigsallee-praxis-orthopaedie-1-1024x307.jpg\",\"contentUrl\":\"https:\/\/dr-thomas-pauly.de\/wp-content\/uploads\/2020\/05\/orthopaede-duesseldorf-dr-pauly-koenigsallee-praxis-orthopaedie-1-1024x307.jpg\"},{\"@type\":\"BreadcrumbList\",\"@id\":\"https:\/\/dr-thomas-pauly.de\/haltungsanalyse\/#breadcrumb\",\"itemListElement\":[{\"@type\":\"ListItem\",\"position\":1,\"name\":\"Startseite\",\"item\":\"https:\/\/dr-thomas-pauly.de\/\"},{\"@type\":\"ListItem\",\"position\":2,\"name\":\"Haltungsanalyse\"}]},{\"@type\":\"WebSite\",\"@id\":\"https:\/\/dr-thomas-pauly.de\/#website\",\"url\":\"https:\/\/dr-thomas-pauly.de\/\",\"name\":\"Dr. Thomas Pauly\",\"description\":\"Orthop\u00e4dische Privatpraxis K\u00f6nigsallee 94 in D\u00fcsseldorf.\",\"publisher\":{\"@id\":\"https:\/\/dr-thomas-pauly.de\/#organization\"},\"potentialAction\":[{\"@type\":\"SearchAction\",\"target\":{\"@type\":\"EntryPoint\",\"urlTemplate\":\"https:\/\/dr-thomas-pauly.de\/?s={search_term_string}\"},\"query-input\":{\"@type\":\"PropertyValueSpecification\",\"valueRequired\":true,\"valueName\":\"search_term_string\"}}],\"inLanguage\":\"en-GB\"},{\"@type\":\"Organization\",\"@id\":\"https:\/\/dr-thomas-pauly.de\/#organization\",\"name\":\"Dr Thomas Pauly\",\"url\":\"https:\/\/dr-thomas-pauly.de\/\",\"logo\":{\"@type\":\"ImageObject\",\"inLanguage\":\"en-GB\",\"@id\":\"https:\/\/dr-thomas-pauly.de\/#\/schema\/logo\/image\/\",\"url\":\"https:\/\/dr-thomas-pauly.de\/wp-content\/uploads\/2019\/12\/logo-dr-thomas-pauly.png\",\"contentUrl\":\"https:\/\/dr-thomas-pauly.de\/wp-content\/uploads\/2019\/12\/logo-dr-thomas-pauly.png\",\"width\":804,\"height\":772,\"caption\":\"Dr Thomas Pauly\"},\"image\":{\"@id\":\"https:\/\/dr-thomas-pauly.de\/#\/schema\/logo\/image\/\"},\"sameAs\":[\"https:\/\/x.com\/koe94\",\"http:\/\/dr-thomas-pauly\"]}]}<\/script>\n<!-- \/ Yoast SEO plugin. -->","yoast_head_json":{"title":"Haltungs-Analyse - Vermessung der Wirbels\u00e4ule - Dr. Thomas Pauly","description":"Haltungs-Analyse - vierdimensionale, lichtoptische Vermessung der Wirbels\u00e4ule - komplexe Haltungsprobleme lassen sich sofort erkennen | Dr. Thomas Pauly","robots":{"index":"index","follow":"follow","max-snippet":"max-snippet:-1","max-image-preview":"max-image-preview:large","max-video-preview":"max-video-preview:-1"},"canonical":"https:\/\/dr-thomas-pauly.de\/en\/haltungsanalyse\/","og_locale":"en_GB","og_type":"article","og_title":"Haltungs-Analyse - Vermessung der Wirbels\u00e4ule - Dr. Thomas Pauly","og_description":"Haltungs-Analyse - vierdimensionale, lichtoptische Vermessung der Wirbels\u00e4ule - komplexe Haltungsprobleme lassen sich sofort erkennen | Dr. Thomas Pauly","og_url":"https:\/\/dr-thomas-pauly.de\/en\/haltungsanalyse\/","og_site_name":"Dr. Thomas Pauly","article_modified_time":"2020-05-26T15:47:36+00:00","og_image":[{"url":"https:\/\/dr-thomas-pauly.de\/wp-content\/uploads\/2020\/05\/orthopaede-duesseldorf-dr-pauly-koenigsallee-praxis-orthopaedie-1-1024x307.jpg","type":"","width":"","height":""}],"twitter_card":"summary_large_image","twitter_site":"@koe94","twitter_misc":{"Estimated reading time":"1 minute"},"schema":{"@context":"https:\/\/schema.org","@graph":[{"@type":"WebPage","@id":"https:\/\/dr-thomas-pauly.de\/haltungsanalyse\/","url":"https:\/\/dr-thomas-pauly.de\/haltungsanalyse\/","name":"Haltungs-Analyse - Vermessung der Wirbels\u00e4ule - Dr. Thomas Pauly","isPartOf":{"@id":"https:\/\/dr-thomas-pauly.de\/#website"},"primaryImageOfPage":{"@id":"https:\/\/dr-thomas-pauly.de\/haltungsanalyse\/#primaryimage"},"image":{"@id":"https:\/\/dr-thomas-pauly.de\/haltungsanalyse\/#primaryimage"},"thumbnailUrl":"https:\/\/dr-thomas-pauly.de\/wp-content\/uploads\/2020\/05\/orthopaede-duesseldorf-dr-pauly-koenigsallee-praxis-orthopaedie-1-1024x307.jpg","datePublished":"2018-08-23T07:26:25+00:00","dateModified":"2020-05-26T15:47:36+00:00","description":"Haltungs-Analyse - vierdimensionale, lichtoptische Vermessung der Wirbels\u00e4ule - komplexe Haltungsprobleme lassen sich sofort erkennen | Dr. Thomas Pauly","breadcrumb":{"@id":"https:\/\/dr-thomas-pauly.de\/haltungsanalyse\/#breadcrumb"},"inLanguage":"en-GB","potentialAction":[{"@type":"ReadAction","target":["https:\/\/dr-thomas-pauly.de\/haltungsanalyse\/"]}]},{"@type":"ImageObject","inLanguage":"en-GB","@id":"https:\/\/dr-thomas-pauly.de\/haltungsanalyse\/#primaryimage","url":"https:\/\/dr-thomas-pauly.de\/wp-content\/uploads\/2020\/05\/orthopaede-duesseldorf-dr-pauly-koenigsallee-praxis-orthopaedie-1-1024x307.jpg","contentUrl":"https:\/\/dr-thomas-pauly.de\/wp-content\/uploads\/2020\/05\/orthopaede-duesseldorf-dr-pauly-koenigsallee-praxis-orthopaedie-1-1024x307.jpg"},{"@type":"BreadcrumbList","@id":"https:\/\/dr-thomas-pauly.de\/haltungsanalyse\/#breadcrumb","itemListElement":[{"@type":"ListItem","position":1,"name":"Startseite","item":"https:\/\/dr-thomas-pauly.de\/"},{"@type":"ListItem","position":2,"name":"Haltungsanalyse"}]},{"@type":"WebSite","@id":"https:\/\/dr-thomas-pauly.de\/#website","url":"https:\/\/dr-thomas-pauly.de\/","name":"Dr. Thomas Pauly","description":"Orthop\u00e4dische Privatpraxis K\u00f6nigsallee 94 in D\u00fcsseldorf.","publisher":{"@id":"https:\/\/dr-thomas-pauly.de\/#organization"},"potentialAction":[{"@type":"SearchAction","target":{"@type":"EntryPoint","urlTemplate":"https:\/\/dr-thomas-pauly.de\/?s={search_term_string}"},"query-input":{"@type":"PropertyValueSpecification","valueRequired":true,"valueName":"search_term_string"}}],"inLanguage":"en-GB"},{"@type":"Organization","@id":"https:\/\/dr-thomas-pauly.de\/#organization","name":"Dr Thomas Pauly","url":"https:\/\/dr-thomas-pauly.de\/","logo":{"@type":"ImageObject","inLanguage":"en-GB","@id":"https:\/\/dr-thomas-pauly.de\/#\/schema\/logo\/image\/","url":"https:\/\/dr-thomas-pauly.de\/wp-content\/uploads\/2019\/12\/logo-dr-thomas-pauly.png","contentUrl":"https:\/\/dr-thomas-pauly.de\/wp-content\/uploads\/2019\/12\/logo-dr-thomas-pauly.png","width":804,"height":772,"caption":"Dr Thomas Pauly"},"image":{"@id":"https:\/\/dr-thomas-pauly.de\/#\/schema\/logo\/image\/"},"sameAs":["https:\/\/x.com\/koe94","http:\/\/dr-thomas-pauly"]}]}},"_links":{"self":[{"href":"https:\/\/dr-thomas-pauly.de\/en\/wp-json\/wp\/v2\/pages\/133","targetHints":{"allow":["GET"]}}],"collection":[{"href":"https:\/\/dr-thomas-pauly.de\/en\/wp-json\/wp\/v2\/pages"}],"about":[{"href":"https:\/\/dr-thomas-pauly.de\/en\/wp-json\/wp\/v2\/types\/page"}],"author":[{"embeddable":true,"href":"https:\/\/dr-thomas-pauly.de\/en\/wp-json\/wp\/v2\/users\/1"}],"replies":[{"embeddable":true,"href":"https:\/\/dr-thomas-pauly.de\/en\/wp-json\/wp\/v2\/comments?post=133"}],"version-history":[{"count":31,"href":"https:\/\/dr-thomas-pauly.de\/en\/wp-json\/wp\/v2\/pages\/133\/revisions"}],"predecessor-version":[{"id":1988,"href":"https:\/\/dr-thomas-pauly.de\/en\/wp-json\/wp\/v2\/pages\/133\/revisions\/1988"}],"wp:attachment":[{"href":"https:\/\/dr-thomas-pauly.de\/en\/wp-json\/wp\/v2\/media?parent=133"}],"curies":[{"name":"wp","href":"https:\/\/api.w.org\/{rel}","templated":true}]}}