{"id":142,"date":"2018-08-23T09:43:46","date_gmt":"2018-08-23T07:43:46","guid":{"rendered":"https:\/\/lo-werbung.de\/dr-pauly-2018\/?page_id=142"},"modified":"2020-06-08T12:24:11","modified_gmt":"2020-06-08T10:24:11","slug":"dr-thomas-pauly-duesseldorf-vita","status":"publish","type":"page","link":"https:\/\/dr-thomas-pauly.de\/en\/dr-thomas-pauly-duesseldorf-vita\/","title":{"rendered":"About Dr. Thomas Pauly"},"content":{"rendered":"<div data-elementor-type=\"wp-post\" data-elementor-id=\"142\" class=\"elementor elementor-142\" data-elementor-post-type=\"page\">\n\t\t\t\t\t\t<section class=\"elementor-section elementor-top-section elementor-element elementor-element-5004560b elementor-section-boxed elementor-section-height-default elementor-section-height-default\" data-id=\"5004560b\" data-element_type=\"section\" data-settings=\"{&quot;background_background&quot;:&quot;gradient&quot;}\">\n\t\t\t\t\t\t<div class=\"elementor-container elementor-column-gap-default\">\n\t\t\t\t\t<div class=\"elementor-column elementor-col-100 elementor-top-column elementor-element elementor-element-d5aebd6\" data-id=\"d5aebd6\" data-element_type=\"column\">\n\t\t\t<div class=\"elementor-widget-wrap elementor-element-populated\">\n\t\t\t\t\t\t<div class=\"elementor-element elementor-element-70c34364 elementor--h-position-center elementor--v-position-middle elementor-arrows-position-inside elementor-pagination-position-inside elementor-widget elementor-widget-slides\" data-id=\"70c34364\" data-element_type=\"widget\" data-settings=\"{&quot;transition_speed&quot;:1000,&quot;navigation&quot;:&quot;both&quot;,&quot;autoplay&quot;:&quot;yes&quot;,&quot;pause_on_hover&quot;:&quot;yes&quot;,&quot;pause_on_interaction&quot;:&quot;yes&quot;,&quot;autoplay_speed&quot;:5000,&quot;infinite&quot;:&quot;yes&quot;,&quot;transition&quot;:&quot;slide&quot;}\" data-widget_type=\"slides.default\">\n\t\t\t\t<div class=\"elementor-widget-container\">\n\t\t\t\t\t\t\t\t\t<div class=\"elementor-swiper\">\n\t\t\t\t\t<div class=\"elementor-slides-wrapper elementor-main-swiper swiper\" role=\"region\" aria-roledescription=\"carousel\" aria-label=\"Slides\" dir=\"ltr\" data-animation=\"\">\n\t\t\t\t<div class=\"swiper-wrapper elementor-slides\">\n\t\t\t\t\t\t\t\t\t\t<div class=\"elementor-repeater-item-f621fb9 swiper-slide\" role=\"group\" aria-roledescription=\"slide\"><div class=\"swiper-slide-bg elementor-ken-burns elementor-ken-burns--in\" role=\"img\"><\/div><div class=\"swiper-slide-inner\" ><div class=\"swiper-slide-contents\"><\/div><\/div><\/div>\t\t\t\t<\/div>\n\t\t\t\t\t\t\t<\/div>\n\t\t\t\t<\/div>\n\t\t\t\t\t\t\t\t<\/div>\n\t\t\t\t<\/div>\n\t\t\t\t\t<\/div>\n\t\t<\/div>\n\t\t\t\t\t<\/div>\n\t\t<\/section>\n\t\t\t\t<section class=\"elementor-section elementor-top-section elementor-element elementor-element-4d43fdd elementor-section-boxed elementor-section-height-default elementor-section-height-default\" data-id=\"4d43fdd\" data-element_type=\"section\">\n\t\t\t\t\t\t<div class=\"elementor-container elementor-column-gap-default\">\n\t\t\t\t\t<div class=\"elementor-column elementor-col-66 elementor-top-column elementor-element elementor-element-874a925\" data-id=\"874a925\" data-element_type=\"column\">\n\t\t\t<div class=\"elementor-widget-wrap elementor-element-populated\">\n\t\t\t\t\t\t<div class=\"elementor-element elementor-element-9c5f00c elementor-widget elementor-widget-text-editor\" data-id=\"9c5f00c\" data-element_type=\"widget\" data-widget_type=\"text-editor.default\">\n\t\t\t\t<div class=\"elementor-widget-container\">\n\t\t\t\t\t\t\t\t\t<h1>About Dr. Thomas Pauly<\/h1>\n<ul>\n<li>Born in D\u00fcsseldorf<\/li>\n<li>Medical studies in Berlin and D\u00fcsseldorf (1975\u20131983)<\/li>\n<li>Medical State Examination in D\u00fcsseldorf (1983)<\/li>\n<li>Promotion \u00fcber Verletzungen im Eishockeysport (Dr. med., Universit\u00e4t D\u00fcsseldorf, 1983)<br>Unfallchirurgische Ausbildung an der Berufsgenossenschaftlichen Unfallklinik Duis\u00adburg (1983\u20131985)<\/li>\n<li>Orthop\u00e4dische Ausbildung am Alfried-Krupp-Krankenhaus, Essen (1985\u20131988)<\/li>\n<li>Position at the Sports Medical Institute of the Olympic Training Center Ruhr-West, Essen (1988\u20131990, most recently as acting director)<\/li>\n<li>Specialist in Orthopedics (Facharzt f\u00fcr Orthop\u00e4die, 1989)<\/li>\n<li>Opening of own clinic as a Specialist in Orthopedics (1990)<\/li>\n<li>Sportmedizinischer Betreuer von Bundesliga-Vereinen im Fu\u00dfball (wie Borussia Dortmund, KFC Uerdingen) sowie im Handball (bei der HSG D\u00fcsseldorf) (1989\u20132010)<\/li>\n<li>Private clinic in D\u00fcsseldorf-Oberkassel with specialization in Sports Traumatology, Pain Management and Prevention (2003\u20132010)<\/li>\n<li>since October 2013: Own Private Orthopedics Clinic K\u00f6 94 in D\u00fcsseldorf specialized in diagnostics (4-D Spine Analysis and Strength Measurement, Ultrasound) and therapy (Shockwave Therapy, Acupuncture, Vibration Training with PowerPlate, Osteoarthritis Therapy, Pain Management)<\/li>\n<li>In my free time, I enjoy flying (flight training in the U.S. and in Germany in 2011\u201312)<\/li>\n<\/ul>\t\t\t\t\t\t\t\t<\/div>\n\t\t\t\t<\/div>\n\t\t\t\t\t<\/div>\n\t\t<\/div>\n\t\t\t\t<div class=\"elementor-column elementor-col-33 elementor-top-column elementor-element elementor-element-c508eba\" data-id=\"c508eba\" data-element_type=\"column\">\n\t\t\t<div class=\"elementor-widget-wrap elementor-element-populated\">\n\t\t\t\t\t\t<div class=\"elementor-element elementor-element-4a20702 elementor-widget elementor-widget-image\" data-id=\"4a20702\" data-element_type=\"widget\" data-widget_type=\"image.default\">\n\t\t\t\t<div class=\"elementor-widget-container\">\n\t\t\t\t\t\t\t\t\t\t\t\t\t\t\t<img fetchpriority=\"high\" decoding=\"async\" width=\"433\" height=\"650\" src=\"https:\/\/dr-thomas-pauly.de\/wp-content\/uploads\/2020\/05\/dr-thomas-pauly-orthopaede-sportmedizin-duesseldorf-koenigsallee.jpg\" class=\"attachment-large size-large wp-image-1815\" alt=\"\" srcset=\"https:\/\/dr-thomas-pauly.de\/wp-content\/uploads\/2020\/05\/dr-thomas-pauly-orthopaede-sportmedizin-duesseldorf-koenigsallee.jpg 433w, https:\/\/dr-thomas-pauly.de\/wp-content\/uploads\/2020\/05\/dr-thomas-pauly-orthopaede-sportmedizin-duesseldorf-koenigsallee-200x300.jpg 200w\" sizes=\"(max-width: 433px) 100vw, 433px\" \/>\t\t\t\t\t\t\t\t\t\t\t\t\t\t\t<\/div>\n\t\t\t\t<\/div>\n\t\t\t\t\t<\/div>\n\t\t<\/div>\n\t\t\t\t\t<\/div>\n\t\t<\/section>\n\t\t\t\t<\/div>","protected":false},"excerpt":{"rendered":"<p>Dr. med. Thomas Pauly \u2013 Vita Geburtsstadt D\u00fcsseldorf Studium der Medizin in Berlin und D\u00fcsseldorf (1975\u20131983) Medizinisches Staatsexamen in D\u00fcsseldorf (1983) Promotion \u00fcber Verletzungen im Eishockeysport (Dr. med., Universit\u00e4t D\u00fcsseldorf, 1983)Unfallchirurgische Ausbildung an der Berufsgenossenschaftlichen Unfallklinik Duis\u00adburg (1983\u20131985) Orthop\u00e4dische Ausbildung am Alfried-Krupp-Krankenhaus, Essen (1985\u20131988) T\u00e4tigkeit am Sportmedizinischen Institut des Olympiast\u00fctzpunkts Ruhr-West, Essen (1988\u20131990; zuletzt als [&hellip;]<\/p>","protected":false},"author":1,"featured_media":0,"parent":0,"menu_order":0,"comment_status":"closed","ping_status":"closed","template":"","meta":{"footnotes":""},"class_list":["post-142","page","type-page","status-publish","hentry"],"yoast_head":"<!-- This site is optimized with the Yoast SEO plugin v25.4 - https:\/\/yoast.com\/wordpress\/plugins\/seo\/ -->\n<title>Vita - Dr. med. Thomas Pauly - Facharzt f\u00fcr Orthop\u00e4die in D\u00fcsseldorf<\/title>\n<meta name=\"description\" content=\"Dr. med. Thomas Pauly - Facharzt f\u00fcr Orthop\u00e4die | K\u00f6nigsallee 94 in D\u00fcsseldorf - Machen Sie sich ein Bild \u00fcber meinen pers\u00f6nlichen Werdegang\" \/>\n<meta name=\"robots\" content=\"index, follow, max-snippet:-1, max-image-preview:large, max-video-preview:-1\" \/>\n<link rel=\"canonical\" href=\"http:\/\/dr-thomas-pauly.de\/en\/dr-thomas-pauly-duesseldorf-vita\/\" \/>\n<meta property=\"og:locale\" content=\"en_GB\" \/>\n<meta property=\"og:type\" content=\"article\" \/>\n<meta property=\"og:title\" content=\"Vita - Dr. med. Thomas Pauly - Facharzt f\u00fcr Orthop\u00e4die in D\u00fcsseldorf\" \/>\n<meta property=\"og:description\" content=\"Dr. med. Thomas Pauly - Facharzt f\u00fcr Orthop\u00e4die | K\u00f6nigsallee 94 in D\u00fcsseldorf - Machen Sie sich ein Bild \u00fcber meinen pers\u00f6nlichen Werdegang\" \/>\n<meta property=\"og:url\" content=\"http:\/\/dr-thomas-pauly.de\/en\/dr-thomas-pauly-duesseldorf-vita\/\" \/>\n<meta property=\"og:site_name\" content=\"Dr. Thomas Pauly\" \/>\n<meta property=\"article:modified_time\" content=\"2020-06-08T10:24:11+00:00\" \/>\n<meta property=\"og:image\" content=\"https:\/\/dr-thomas-pauly.de\/wp-content\/uploads\/2020\/05\/dr-thomas-pauly-orthopaede-sportmedizin-duesseldorf-koenigsallee.jpg\" \/>\n<meta name=\"twitter:card\" content=\"summary_large_image\" \/>\n<meta name=\"twitter:site\" content=\"@koe94\" \/>\n<meta name=\"twitter:label1\" content=\"Estimated reading time\" \/>\n\t<meta name=\"twitter:data1\" content=\"1 minute\" \/>\n<script type=\"application\/ld+json\" class=\"yoast-schema-graph\">{\"@context\":\"https:\/\/schema.org\",\"@graph\":[{\"@type\":\"WebPage\",\"@id\":\"http:\/\/dr-thomas-pauly.de\/en\/dr-thomas-pauly-duesseldorf-vita\/\",\"url\":\"http:\/\/dr-thomas-pauly.de\/en\/dr-thomas-pauly-duesseldorf-vita\/\",\"name\":\"Vita - Dr. med. Thomas Pauly - Facharzt f\u00fcr Orthop\u00e4die in D\u00fcsseldorf\",\"isPartOf\":{\"@id\":\"https:\/\/dr-thomas-pauly.de\/#website\"},\"primaryImageOfPage\":{\"@id\":\"http:\/\/dr-thomas-pauly.de\/en\/dr-thomas-pauly-duesseldorf-vita\/#primaryimage\"},\"image\":{\"@id\":\"http:\/\/dr-thomas-pauly.de\/en\/dr-thomas-pauly-duesseldorf-vita\/#primaryimage\"},\"thumbnailUrl\":\"https:\/\/dr-thomas-pauly.de\/wp-content\/uploads\/2020\/05\/dr-thomas-pauly-orthopaede-sportmedizin-duesseldorf-koenigsallee.jpg\",\"datePublished\":\"2018-08-23T07:43:46+00:00\",\"dateModified\":\"2020-06-08T10:24:11+00:00\",\"description\":\"Dr. med. Thomas Pauly - Facharzt f\u00fcr Orthop\u00e4die | K\u00f6nigsallee 94 in D\u00fcsseldorf - Machen Sie sich ein Bild \u00fcber meinen pers\u00f6nlichen Werdegang\",\"breadcrumb\":{\"@id\":\"http:\/\/dr-thomas-pauly.de\/en\/dr-thomas-pauly-duesseldorf-vita\/#breadcrumb\"},\"inLanguage\":\"en-GB\",\"potentialAction\":[{\"@type\":\"ReadAction\",\"target\":[\"http:\/\/dr-thomas-pauly.de\/en\/dr-thomas-pauly-duesseldorf-vita\/\"]}]},{\"@type\":\"ImageObject\",\"inLanguage\":\"en-GB\",\"@id\":\"http:\/\/dr-thomas-pauly.de\/en\/dr-thomas-pauly-duesseldorf-vita\/#primaryimage\",\"url\":\"https:\/\/dr-thomas-pauly.de\/wp-content\/uploads\/2020\/05\/dr-thomas-pauly-orthopaede-sportmedizin-duesseldorf-koenigsallee.jpg\",\"contentUrl\":\"https:\/\/dr-thomas-pauly.de\/wp-content\/uploads\/2020\/05\/dr-thomas-pauly-orthopaede-sportmedizin-duesseldorf-koenigsallee.jpg\"},{\"@type\":\"BreadcrumbList\",\"@id\":\"http:\/\/dr-thomas-pauly.de\/en\/dr-thomas-pauly-duesseldorf-vita\/#breadcrumb\",\"itemListElement\":[{\"@type\":\"ListItem\",\"position\":1,\"name\":\"Startseite\",\"item\":\"https:\/\/dr-thomas-pauly.de\/\"},{\"@type\":\"ListItem\",\"position\":2,\"name\":\"Dr. Thomas Pauly &#8211; Vita\"}]},{\"@type\":\"WebSite\",\"@id\":\"https:\/\/dr-thomas-pauly.de\/#website\",\"url\":\"https:\/\/dr-thomas-pauly.de\/\",\"name\":\"Dr. Thomas Pauly\",\"description\":\"Orthop\u00e4dische Privatpraxis K\u00f6nigsallee 94 in D\u00fcsseldorf.\",\"publisher\":{\"@id\":\"https:\/\/dr-thomas-pauly.de\/#organization\"},\"potentialAction\":[{\"@type\":\"SearchAction\",\"target\":{\"@type\":\"EntryPoint\",\"urlTemplate\":\"https:\/\/dr-thomas-pauly.de\/?s={search_term_string}\"},\"query-input\":{\"@type\":\"PropertyValueSpecification\",\"valueRequired\":true,\"valueName\":\"search_term_string\"}}],\"inLanguage\":\"en-GB\"},{\"@type\":\"Organization\",\"@id\":\"https:\/\/dr-thomas-pauly.de\/#organization\",\"name\":\"Dr Thomas Pauly\",\"url\":\"https:\/\/dr-thomas-pauly.de\/\",\"logo\":{\"@type\":\"ImageObject\",\"inLanguage\":\"en-GB\",\"@id\":\"https:\/\/dr-thomas-pauly.de\/#\/schema\/logo\/image\/\",\"url\":\"https:\/\/dr-thomas-pauly.de\/wp-content\/uploads\/2019\/12\/logo-dr-thomas-pauly.png\",\"contentUrl\":\"https:\/\/dr-thomas-pauly.de\/wp-content\/uploads\/2019\/12\/logo-dr-thomas-pauly.png\",\"width\":804,\"height\":772,\"caption\":\"Dr Thomas Pauly\"},\"image\":{\"@id\":\"https:\/\/dr-thomas-pauly.de\/#\/schema\/logo\/image\/\"},\"sameAs\":[\"https:\/\/x.com\/koe94\",\"http:\/\/dr-thomas-pauly\"]}]}<\/script>\n<!-- \/ Yoast SEO plugin. -->","yoast_head_json":{"title":"Vita - Dr. med. Thomas Pauly - Facharzt f\u00fcr Orthop\u00e4die in D\u00fcsseldorf","description":"Dr. med. Thomas Pauly - Facharzt f\u00fcr Orthop\u00e4die | K\u00f6nigsallee 94 in D\u00fcsseldorf - Machen Sie sich ein Bild \u00fcber meinen pers\u00f6nlichen Werdegang","robots":{"index":"index","follow":"follow","max-snippet":"max-snippet:-1","max-image-preview":"max-image-preview:large","max-video-preview":"max-video-preview:-1"},"canonical":"http:\/\/dr-thomas-pauly.de\/en\/dr-thomas-pauly-duesseldorf-vita\/","og_locale":"en_GB","og_type":"article","og_title":"Vita - Dr. med. Thomas Pauly - Facharzt f\u00fcr Orthop\u00e4die in D\u00fcsseldorf","og_description":"Dr. med. Thomas Pauly - Facharzt f\u00fcr Orthop\u00e4die | K\u00f6nigsallee 94 in D\u00fcsseldorf - Machen Sie sich ein Bild \u00fcber meinen pers\u00f6nlichen Werdegang","og_url":"http:\/\/dr-thomas-pauly.de\/en\/dr-thomas-pauly-duesseldorf-vita\/","og_site_name":"Dr. Thomas Pauly","article_modified_time":"2020-06-08T10:24:11+00:00","og_image":[{"url":"https:\/\/dr-thomas-pauly.de\/wp-content\/uploads\/2020\/05\/dr-thomas-pauly-orthopaede-sportmedizin-duesseldorf-koenigsallee.jpg","type":"","width":"","height":""}],"twitter_card":"summary_large_image","twitter_site":"@koe94","twitter_misc":{"Estimated reading time":"1 minute"},"schema":{"@context":"https:\/\/schema.org","@graph":[{"@type":"WebPage","@id":"http:\/\/dr-thomas-pauly.de\/en\/dr-thomas-pauly-duesseldorf-vita\/","url":"http:\/\/dr-thomas-pauly.de\/en\/dr-thomas-pauly-duesseldorf-vita\/","name":"Vita - Dr. med. Thomas Pauly - Facharzt f\u00fcr Orthop\u00e4die in D\u00fcsseldorf","isPartOf":{"@id":"https:\/\/dr-thomas-pauly.de\/#website"},"primaryImageOfPage":{"@id":"http:\/\/dr-thomas-pauly.de\/en\/dr-thomas-pauly-duesseldorf-vita\/#primaryimage"},"image":{"@id":"http:\/\/dr-thomas-pauly.de\/en\/dr-thomas-pauly-duesseldorf-vita\/#primaryimage"},"thumbnailUrl":"https:\/\/dr-thomas-pauly.de\/wp-content\/uploads\/2020\/05\/dr-thomas-pauly-orthopaede-sportmedizin-duesseldorf-koenigsallee.jpg","datePublished":"2018-08-23T07:43:46+00:00","dateModified":"2020-06-08T10:24:11+00:00","description":"Dr. med. Thomas Pauly - Facharzt f\u00fcr Orthop\u00e4die | K\u00f6nigsallee 94 in D\u00fcsseldorf - Machen Sie sich ein Bild \u00fcber meinen pers\u00f6nlichen Werdegang","breadcrumb":{"@id":"http:\/\/dr-thomas-pauly.de\/en\/dr-thomas-pauly-duesseldorf-vita\/#breadcrumb"},"inLanguage":"en-GB","potentialAction":[{"@type":"ReadAction","target":["http:\/\/dr-thomas-pauly.de\/en\/dr-thomas-pauly-duesseldorf-vita\/"]}]},{"@type":"ImageObject","inLanguage":"en-GB","@id":"http:\/\/dr-thomas-pauly.de\/en\/dr-thomas-pauly-duesseldorf-vita\/#primaryimage","url":"https:\/\/dr-thomas-pauly.de\/wp-content\/uploads\/2020\/05\/dr-thomas-pauly-orthopaede-sportmedizin-duesseldorf-koenigsallee.jpg","contentUrl":"https:\/\/dr-thomas-pauly.de\/wp-content\/uploads\/2020\/05\/dr-thomas-pauly-orthopaede-sportmedizin-duesseldorf-koenigsallee.jpg"},{"@type":"BreadcrumbList","@id":"http:\/\/dr-thomas-pauly.de\/en\/dr-thomas-pauly-duesseldorf-vita\/#breadcrumb","itemListElement":[{"@type":"ListItem","position":1,"name":"Startseite","item":"https:\/\/dr-thomas-pauly.de\/"},{"@type":"ListItem","position":2,"name":"Dr. Thomas Pauly &#8211; Vita"}]},{"@type":"WebSite","@id":"https:\/\/dr-thomas-pauly.de\/#website","url":"https:\/\/dr-thomas-pauly.de\/","name":"Dr. Thomas Pauly","description":"Orthop\u00e4dische Privatpraxis K\u00f6nigsallee 94 in D\u00fcsseldorf.","publisher":{"@id":"https:\/\/dr-thomas-pauly.de\/#organization"},"potentialAction":[{"@type":"SearchAction","target":{"@type":"EntryPoint","urlTemplate":"https:\/\/dr-thomas-pauly.de\/?s={search_term_string}"},"query-input":{"@type":"PropertyValueSpecification","valueRequired":true,"valueName":"search_term_string"}}],"inLanguage":"en-GB"},{"@type":"Organization","@id":"https:\/\/dr-thomas-pauly.de\/#organization","name":"Dr Thomas Pauly","url":"https:\/\/dr-thomas-pauly.de\/","logo":{"@type":"ImageObject","inLanguage":"en-GB","@id":"https:\/\/dr-thomas-pauly.de\/#\/schema\/logo\/image\/","url":"https:\/\/dr-thomas-pauly.de\/wp-content\/uploads\/2019\/12\/logo-dr-thomas-pauly.png","contentUrl":"https:\/\/dr-thomas-pauly.de\/wp-content\/uploads\/2019\/12\/logo-dr-thomas-pauly.png","width":804,"height":772,"caption":"Dr Thomas Pauly"},"image":{"@id":"https:\/\/dr-thomas-pauly.de\/#\/schema\/logo\/image\/"},"sameAs":["https:\/\/x.com\/koe94","http:\/\/dr-thomas-pauly"]}]}},"_links":{"self":[{"href":"https:\/\/dr-thomas-pauly.de\/en\/wp-json\/wp\/v2\/pages\/142","targetHints":{"allow":["GET"]}}],"collection":[{"href":"https:\/\/dr-thomas-pauly.de\/en\/wp-json\/wp\/v2\/pages"}],"about":[{"href":"https:\/\/dr-thomas-pauly.de\/en\/wp-json\/wp\/v2\/types\/page"}],"author":[{"embeddable":true,"href":"https:\/\/dr-thomas-pauly.de\/en\/wp-json\/wp\/v2\/users\/1"}],"replies":[{"embeddable":true,"href":"https:\/\/dr-thomas-pauly.de\/en\/wp-json\/wp\/v2\/comments?post=142"}],"version-history":[{"count":17,"href":"https:\/\/dr-thomas-pauly.de\/en\/wp-json\/wp\/v2\/pages\/142\/revisions"}],"predecessor-version":[{"id":2007,"href":"https:\/\/dr-thomas-pauly.de\/en\/wp-json\/wp\/v2\/pages\/142\/revisions\/2007"}],"wp:attachment":[{"href":"https:\/\/dr-thomas-pauly.de\/en\/wp-json\/wp\/v2\/media?parent=142"}],"curies":[{"name":"wp","href":"https:\/\/api.w.org\/{rel}","templated":true}]}}