{"id":231,"date":"2018-08-25T04:21:27","date_gmt":"2018-08-25T02:21:27","guid":{"rendered":"https:\/\/lo-werbung.de\/dr-pauly-2018\/?page_id=231"},"modified":"2020-06-06T12:26:19","modified_gmt":"2020-06-06T10:26:19","slug":"manuelle-therapie","status":"publish","type":"page","link":"https:\/\/dr-thomas-pauly.de\/en\/manueal-therapy-chirotherapy\/","title":{"rendered":"Manual Therapy"},"content":{"rendered":"<div data-elementor-type=\"wp-post\" data-elementor-id=\"231\" class=\"elementor elementor-231\" data-elementor-post-type=\"page\">\n\t\t\t\t\t\t<section class=\"elementor-section elementor-top-section elementor-element elementor-element-39eb0bbc elementor-section-boxed elementor-section-height-default elementor-section-height-default\" data-id=\"39eb0bbc\" data-element_type=\"section\" data-settings=\"{&quot;background_background&quot;:&quot;gradient&quot;}\">\n\t\t\t\t\t\t<div class=\"elementor-container elementor-column-gap-default\">\n\t\t\t\t\t<div class=\"elementor-column elementor-col-100 elementor-top-column elementor-element elementor-element-1d7eadb9\" data-id=\"1d7eadb9\" data-element_type=\"column\">\n\t\t\t<div class=\"elementor-widget-wrap elementor-element-populated\">\n\t\t\t\t\t\t<div class=\"elementor-element elementor-element-1989a654 elementor-widget elementor-widget-image\" data-id=\"1989a654\" data-element_type=\"widget\" data-widget_type=\"image.default\">\n\t\t\t\t<div class=\"elementor-widget-container\">\n\t\t\t\t\t\t\t\t\t\t\t\t\t\t\t<img fetchpriority=\"high\" decoding=\"async\" width=\"1499\" height=\"404\" src=\"https:\/\/dr-thomas-pauly.de\/wp-content\/uploads\/2019\/03\/manuelle-therapie-chirotherapie-koenigsallee-duesseldorf-orthopaede-pauly.jpg\" class=\"attachment-2048x2048 size-2048x2048 wp-image-1211\" alt=\"\" srcset=\"https:\/\/dr-thomas-pauly.de\/wp-content\/uploads\/2019\/03\/manuelle-therapie-chirotherapie-koenigsallee-duesseldorf-orthopaede-pauly.jpg 1499w, https:\/\/dr-thomas-pauly.de\/wp-content\/uploads\/2019\/03\/manuelle-therapie-chirotherapie-koenigsallee-duesseldorf-orthopaede-pauly-300x81.jpg 300w, https:\/\/dr-thomas-pauly.de\/wp-content\/uploads\/2019\/03\/manuelle-therapie-chirotherapie-koenigsallee-duesseldorf-orthopaede-pauly-768x207.jpg 768w, https:\/\/dr-thomas-pauly.de\/wp-content\/uploads\/2019\/03\/manuelle-therapie-chirotherapie-koenigsallee-duesseldorf-orthopaede-pauly-1024x276.jpg 1024w\" sizes=\"(max-width: 1499px) 100vw, 1499px\" \/>\t\t\t\t\t\t\t\t\t\t\t\t\t\t\t<\/div>\n\t\t\t\t<\/div>\n\t\t\t\t\t<\/div>\n\t\t<\/div>\n\t\t\t\t\t<\/div>\n\t\t<\/section>\n\t\t\t\t<section class=\"elementor-section elementor-top-section elementor-element elementor-element-3d1c81eb elementor-section-boxed elementor-section-height-default elementor-section-height-default\" data-id=\"3d1c81eb\" data-element_type=\"section\">\n\t\t\t\t\t\t<div class=\"elementor-container elementor-column-gap-default\">\n\t\t\t\t\t<div class=\"elementor-column elementor-col-50 elementor-top-column elementor-element elementor-element-3e3fb6da\" data-id=\"3e3fb6da\" data-element_type=\"column\">\n\t\t\t<div class=\"elementor-widget-wrap elementor-element-populated\">\n\t\t\t\t\t\t<div class=\"elementor-element elementor-element-4a8571ce box-white elementor-widget elementor-widget-text-editor\" data-id=\"4a8571ce\" data-element_type=\"widget\" data-widget_type=\"text-editor.default\">\n\t\t\t\t<div class=\"elementor-widget-container\">\n\t\t\t\t\t\t\t\t\t<h1>Private Clinic Dr. Thomas Pauly \u2013 Manual Therapy (Chiropractic Therapy):<\/h1><p>Dysfunctions of the spine and joints caused by blocks are treated with specific manual methods.<\/p><p><span style=\"font-size: 0.9rem;\">The human spine comprises 7 cervical, 12 thoracic and 5 lumbar vertebrae as well as the sacrum and the coccyx (tail bone).<\/span><\/p><p><span style=\"font-size: 0.9rem;\">Smaller facet (spinal) joints in particular develop blocks, which subsequently cause pain and other complaints. Such blocks are not only found on the spine where the facet joints connect the vertebrae and the intervertebral discs, but also in all other joints (ankles and wrist, tibiofibular joints, rib joints). They can be caused by unilateral strain, abnormal postures, falls, or internal disorders.<\/span><\/p><p><span style=\"font-size: 0.9rem;\">Once the acute block has been eliminated, further therapy, e.g. in the form of Strength and\/or Vibration Training or Physical Therapy, is advisable to prevent a recurrence. <a href=\"\/en\/vibrationstraining\/\">Kraft- und\/oder Vibrations-Training<\/a> oder auch Krankengymnastik \u2014 sinnvoll, um R\u00fcckf\u00e4llen vorzubeugen.<\/span><\/p><p><span style=\"font-size: 0.9rem;\">Active sports activities should be performed for further muscle building, because only muscles that are strong enough are capable of holding, supporting, and relieving the spine.<\/span><\/p><p><span style=\"font-size: 0.9rem;\">Together we will develop a training plan tailored to your needs, which you can implement at home or wherever and whenever you like in order to remain fit and pain-free.<\/span><\/p>\t\t\t\t\t\t\t\t<\/div>\n\t\t\t\t<\/div>\n\t\t\t\t\t<\/div>\n\t\t<\/div>\n\t\t\t\t<div class=\"elementor-column elementor-col-50 elementor-top-column elementor-element elementor-element-65a084a3 box-vertical\" data-id=\"65a084a3\" data-element_type=\"column\" data-settings=\"{&quot;background_background&quot;:&quot;classic&quot;}\">\n\t\t\t<div class=\"elementor-widget-wrap elementor-element-populated\">\n\t\t\t\t\t\t<div class=\"elementor-element elementor-element-16d74041 elementor-widget elementor-widget-accordion\" data-id=\"16d74041\" data-element_type=\"widget\" data-widget_type=\"accordion.default\">\n\t\t\t\t<div class=\"elementor-widget-container\">\n\t\t\t\t\t\t\t<div class=\"elementor-accordion\">\n\t\t\t\t\t\t\t<div class=\"elementor-accordion-item\">\n\t\t\t\t\t<div id=\"elementor-tab-title-3831\" class=\"elementor-tab-title\" data-tab=\"1\" role=\"button\" aria-controls=\"elementor-tab-content-3831\" aria-expanded=\"false\">\n\t\t\t\t\t\t\t\t\t\t\t\t\t<span class=\"elementor-accordion-icon elementor-accordion-icon-left\" aria-hidden=\"true\">\n\t\t\t\t\t\t\t\t\t\t\t\t\t\t\t<i class=\"elementor-accordion-icon-closed fa fa-toggle-down\"><\/i>\n\t\t\t\t\t\t\t\t<i class=\"elementor-accordion-icon-opened fa fa-toggle-up\"><\/i>\n\t\t\t\t\t\t\t\t\t\t\t\t\t\t<\/span>\n\t\t\t\t\t\t\t\t\t\t\t\t<a class=\"elementor-accordion-title\" tabindex=\"0\">Navigation clinic <\/a>\n\t\t\t\t\t<\/div>\n\t\t\t\t\t<div id=\"elementor-tab-content-3831\" class=\"elementor-tab-content elementor-clearfix\" data-tab=\"1\" role=\"region\" aria-labelledby=\"elementor-tab-title-3831\"><\/div>\n\t\t\t\t<\/div>\n\t\t\t\t\t\t\t\t<\/div>\n\t\t\t\t\t\t<\/div>\n\t\t\t\t<\/div>\n\t\t\t\t<section class=\"elementor-section elementor-inner-section elementor-element elementor-element-445d906f elementor-section-boxed elementor-section-height-default elementor-section-height-default\" data-id=\"445d906f\" data-element_type=\"section\" data-settings=\"{&quot;background_background&quot;:&quot;classic&quot;}\">\n\t\t\t\t\t\t<div class=\"elementor-container elementor-column-gap-default\">\n\t\t\t\t\t<div class=\"elementor-column elementor-col-100 elementor-inner-column elementor-element elementor-element-17b68ed7\" data-id=\"17b68ed7\" data-element_type=\"column\" data-settings=\"{&quot;background_background&quot;:&quot;classic&quot;}\">\n\t\t\t<div class=\"elementor-widget-wrap elementor-element-populated\">\n\t\t\t\t\t\t\t<\/div>\n\t\t<\/div>\n\t\t\t\t\t<\/div>\n\t\t<\/section>\n\t\t\t\t<div class=\"elementor-element elementor-element-1958cedf elementor-widget elementor-widget-text-editor\" data-id=\"1958cedf\" data-element_type=\"widget\" data-widget_type=\"text-editor.default\">\n\t\t\t\t<div class=\"elementor-widget-container\">\n\t\t\t\t\t\t\t\t\t<p style=\"text-align: left;\">The Private Orthopedics Practice Dr. Thomas Pauly is located at K\u00f6nigsallee 94 in D\u00fcsseldorf.<\/p><p style=\"text-align: left;\">Office hours: You can reach us from Monday to Friday from 7:00 am to 8:00 pm, as well as Saturdays as needed.<\/p><p style=\"text-align: left;\">Phone:\u00a0<a href=\"https:\/\/dr-thomas-pauly.de\/en\/kontakt\/\">0211 300 40 383<\/a><\/p><p style=\"text-align: left;\">E-mail:\u00a0<a href=\"mailto:praxis@dr-thomas-pauly.de\">clinic@dr-thomas-pauly.de<\/a>.<\/p><p style=\"text-align: left;\"><a class=\"pauly-button\" href=\"http:\/\/kontakt\">Make an appointment!<\/a><\/p>\t\t\t\t\t\t\t\t<\/div>\n\t\t\t\t<\/div>\n\t\t\t\t\t<\/div>\n\t\t<\/div>\n\t\t\t\t\t<\/div>\n\t\t<\/section>\n\t\t\t\t<\/div>","protected":false},"excerpt":{"rendered":"<p>Privatpraxis Dr. med. Thomas Pauly \u2013 Manuelle Therapie (Chirotherapie) Durch Blockierungen verursachte Funktionsst\u00f6rungen an der Wirbels\u00e4ule und an den Gelenken werden mit bestimmten Handgriff-Techniken behandelt. Die menschliche Wirbels\u00e4ule besteht aus 7 Hals-, 12 Brust- und 5 Lendenwirbeln sowie aus Kreuz- und Stei\u00dfbein. Insbesondere bei den kleineren Wirbelgelenken treten Blockierungen auf, die in der Folge Schmerzen [&hellip;]<\/p>","protected":false},"author":1,"featured_media":0,"parent":0,"menu_order":0,"comment_status":"closed","ping_status":"closed","template":"","meta":{"footnotes":""},"class_list":["post-231","page","type-page","status-publish","hentry"],"yoast_head":"<!-- This site is optimized with the Yoast SEO plugin v25.4 - https:\/\/yoast.com\/wordpress\/plugins\/seo\/ -->\n<title>Manuelle Therapie (Chirotherapie) - Privatpraxis Dr. med. Thomas Pauly<\/title>\n<meta name=\"description\" content=\"Funktionsst\u00f6rungen an der Wirbels\u00e4ule und an den Gelenken k\u00f6nnen mit bestimmten Handgriff-Techniken durch den Orthop\u00e4den Dr. Thomas Pauly behandelt werden.\" \/>\n<meta name=\"robots\" content=\"index, follow, max-snippet:-1, max-image-preview:large, max-video-preview:-1\" \/>\n<link rel=\"canonical\" href=\"https:\/\/dr-thomas-pauly.de\/en\/manueal-therapy-chirotherapy\/\" \/>\n<meta property=\"og:locale\" content=\"en_GB\" \/>\n<meta property=\"og:type\" content=\"article\" \/>\n<meta property=\"og:title\" content=\"Manuelle Therapie (Chirotherapie) - Privatpraxis Dr. med. Thomas Pauly\" \/>\n<meta property=\"og:description\" content=\"Funktionsst\u00f6rungen an der Wirbels\u00e4ule und an den Gelenken k\u00f6nnen mit bestimmten Handgriff-Techniken durch den Orthop\u00e4den Dr. Thomas Pauly behandelt werden.\" \/>\n<meta property=\"og:url\" content=\"https:\/\/dr-thomas-pauly.de\/en\/manueal-therapy-chirotherapy\/\" \/>\n<meta property=\"og:site_name\" content=\"Dr. Thomas Pauly\" \/>\n<meta property=\"article:modified_time\" content=\"2020-06-06T10:26:19+00:00\" \/>\n<meta property=\"og:image\" content=\"https:\/\/dr-thomas-pauly.de\/wp-content\/uploads\/2019\/03\/manuelle-therapie-chirotherapie-koenigsallee-duesseldorf-orthopaede-pauly.jpg\" \/>\n<meta name=\"twitter:card\" content=\"summary_large_image\" \/>\n<meta name=\"twitter:site\" content=\"@koe94\" \/>\n<meta name=\"twitter:label1\" content=\"Estimated reading time\" \/>\n\t<meta name=\"twitter:data1\" content=\"1 minute\" \/>\n<script type=\"application\/ld+json\" class=\"yoast-schema-graph\">{\"@context\":\"https:\/\/schema.org\",\"@graph\":[{\"@type\":\"WebPage\",\"@id\":\"https:\/\/dr-thomas-pauly.de\/en\/manueal-therapy-chirotherapy\/\",\"url\":\"https:\/\/dr-thomas-pauly.de\/en\/manueal-therapy-chirotherapy\/\",\"name\":\"Manuelle Therapie (Chirotherapie) - Privatpraxis Dr. med. Thomas Pauly\",\"isPartOf\":{\"@id\":\"https:\/\/dr-thomas-pauly.de\/#website\"},\"primaryImageOfPage\":{\"@id\":\"https:\/\/dr-thomas-pauly.de\/en\/manueal-therapy-chirotherapy\/#primaryimage\"},\"image\":{\"@id\":\"https:\/\/dr-thomas-pauly.de\/en\/manueal-therapy-chirotherapy\/#primaryimage\"},\"thumbnailUrl\":\"https:\/\/dr-thomas-pauly.de\/wp-content\/uploads\/2019\/03\/manuelle-therapie-chirotherapie-koenigsallee-duesseldorf-orthopaede-pauly.jpg\",\"datePublished\":\"2018-08-25T02:21:27+00:00\",\"dateModified\":\"2020-06-06T10:26:19+00:00\",\"description\":\"Funktionsst\u00f6rungen an der Wirbels\u00e4ule und an den Gelenken k\u00f6nnen mit bestimmten Handgriff-Techniken durch den Orthop\u00e4den Dr. Thomas Pauly behandelt werden.\",\"breadcrumb\":{\"@id\":\"https:\/\/dr-thomas-pauly.de\/en\/manueal-therapy-chirotherapy\/#breadcrumb\"},\"inLanguage\":\"en-GB\",\"potentialAction\":[{\"@type\":\"ReadAction\",\"target\":[\"https:\/\/dr-thomas-pauly.de\/en\/manueal-therapy-chirotherapy\/\"]}]},{\"@type\":\"ImageObject\",\"inLanguage\":\"en-GB\",\"@id\":\"https:\/\/dr-thomas-pauly.de\/en\/manueal-therapy-chirotherapy\/#primaryimage\",\"url\":\"https:\/\/dr-thomas-pauly.de\/wp-content\/uploads\/2019\/03\/manuelle-therapie-chirotherapie-koenigsallee-duesseldorf-orthopaede-pauly.jpg\",\"contentUrl\":\"https:\/\/dr-thomas-pauly.de\/wp-content\/uploads\/2019\/03\/manuelle-therapie-chirotherapie-koenigsallee-duesseldorf-orthopaede-pauly.jpg\"},{\"@type\":\"BreadcrumbList\",\"@id\":\"https:\/\/dr-thomas-pauly.de\/en\/manueal-therapy-chirotherapy\/#breadcrumb\",\"itemListElement\":[{\"@type\":\"ListItem\",\"position\":1,\"name\":\"Startseite\",\"item\":\"https:\/\/dr-thomas-pauly.de\/\"},{\"@type\":\"ListItem\",\"position\":2,\"name\":\"Manuelle Therapie\"}]},{\"@type\":\"WebSite\",\"@id\":\"https:\/\/dr-thomas-pauly.de\/#website\",\"url\":\"https:\/\/dr-thomas-pauly.de\/\",\"name\":\"Dr. Thomas Pauly\",\"description\":\"Orthop\u00e4dische Privatpraxis K\u00f6nigsallee 94 in D\u00fcsseldorf.\",\"publisher\":{\"@id\":\"https:\/\/dr-thomas-pauly.de\/#organization\"},\"potentialAction\":[{\"@type\":\"SearchAction\",\"target\":{\"@type\":\"EntryPoint\",\"urlTemplate\":\"https:\/\/dr-thomas-pauly.de\/?s={search_term_string}\"},\"query-input\":{\"@type\":\"PropertyValueSpecification\",\"valueRequired\":true,\"valueName\":\"search_term_string\"}}],\"inLanguage\":\"en-GB\"},{\"@type\":\"Organization\",\"@id\":\"https:\/\/dr-thomas-pauly.de\/#organization\",\"name\":\"Dr Thomas Pauly\",\"url\":\"https:\/\/dr-thomas-pauly.de\/\",\"logo\":{\"@type\":\"ImageObject\",\"inLanguage\":\"en-GB\",\"@id\":\"https:\/\/dr-thomas-pauly.de\/#\/schema\/logo\/image\/\",\"url\":\"https:\/\/dr-thomas-pauly.de\/wp-content\/uploads\/2019\/12\/logo-dr-thomas-pauly.png\",\"contentUrl\":\"https:\/\/dr-thomas-pauly.de\/wp-content\/uploads\/2019\/12\/logo-dr-thomas-pauly.png\",\"width\":804,\"height\":772,\"caption\":\"Dr Thomas Pauly\"},\"image\":{\"@id\":\"https:\/\/dr-thomas-pauly.de\/#\/schema\/logo\/image\/\"},\"sameAs\":[\"https:\/\/x.com\/koe94\",\"http:\/\/dr-thomas-pauly\"]}]}<\/script>\n<!-- \/ Yoast SEO plugin. -->","yoast_head_json":{"title":"Manuelle Therapie (Chirotherapie) - Privatpraxis Dr. med. Thomas Pauly","description":"Funktionsst\u00f6rungen an der Wirbels\u00e4ule und an den Gelenken k\u00f6nnen mit bestimmten Handgriff-Techniken durch den Orthop\u00e4den Dr. Thomas Pauly behandelt werden.","robots":{"index":"index","follow":"follow","max-snippet":"max-snippet:-1","max-image-preview":"max-image-preview:large","max-video-preview":"max-video-preview:-1"},"canonical":"https:\/\/dr-thomas-pauly.de\/en\/manueal-therapy-chirotherapy\/","og_locale":"en_GB","og_type":"article","og_title":"Manuelle Therapie (Chirotherapie) - Privatpraxis Dr. med. Thomas Pauly","og_description":"Funktionsst\u00f6rungen an der Wirbels\u00e4ule und an den Gelenken k\u00f6nnen mit bestimmten Handgriff-Techniken durch den Orthop\u00e4den Dr. Thomas Pauly behandelt werden.","og_url":"https:\/\/dr-thomas-pauly.de\/en\/manueal-therapy-chirotherapy\/","og_site_name":"Dr. Thomas Pauly","article_modified_time":"2020-06-06T10:26:19+00:00","og_image":[{"url":"https:\/\/dr-thomas-pauly.de\/wp-content\/uploads\/2019\/03\/manuelle-therapie-chirotherapie-koenigsallee-duesseldorf-orthopaede-pauly.jpg","type":"","width":"","height":""}],"twitter_card":"summary_large_image","twitter_site":"@koe94","twitter_misc":{"Estimated reading time":"1 minute"},"schema":{"@context":"https:\/\/schema.org","@graph":[{"@type":"WebPage","@id":"https:\/\/dr-thomas-pauly.de\/en\/manueal-therapy-chirotherapy\/","url":"https:\/\/dr-thomas-pauly.de\/en\/manueal-therapy-chirotherapy\/","name":"Manuelle Therapie (Chirotherapie) - Privatpraxis Dr. med. Thomas Pauly","isPartOf":{"@id":"https:\/\/dr-thomas-pauly.de\/#website"},"primaryImageOfPage":{"@id":"https:\/\/dr-thomas-pauly.de\/en\/manueal-therapy-chirotherapy\/#primaryimage"},"image":{"@id":"https:\/\/dr-thomas-pauly.de\/en\/manueal-therapy-chirotherapy\/#primaryimage"},"thumbnailUrl":"https:\/\/dr-thomas-pauly.de\/wp-content\/uploads\/2019\/03\/manuelle-therapie-chirotherapie-koenigsallee-duesseldorf-orthopaede-pauly.jpg","datePublished":"2018-08-25T02:21:27+00:00","dateModified":"2020-06-06T10:26:19+00:00","description":"Funktionsst\u00f6rungen an der Wirbels\u00e4ule und an den Gelenken k\u00f6nnen mit bestimmten Handgriff-Techniken durch den Orthop\u00e4den Dr. Thomas Pauly behandelt werden.","breadcrumb":{"@id":"https:\/\/dr-thomas-pauly.de\/en\/manueal-therapy-chirotherapy\/#breadcrumb"},"inLanguage":"en-GB","potentialAction":[{"@type":"ReadAction","target":["https:\/\/dr-thomas-pauly.de\/en\/manueal-therapy-chirotherapy\/"]}]},{"@type":"ImageObject","inLanguage":"en-GB","@id":"https:\/\/dr-thomas-pauly.de\/en\/manueal-therapy-chirotherapy\/#primaryimage","url":"https:\/\/dr-thomas-pauly.de\/wp-content\/uploads\/2019\/03\/manuelle-therapie-chirotherapie-koenigsallee-duesseldorf-orthopaede-pauly.jpg","contentUrl":"https:\/\/dr-thomas-pauly.de\/wp-content\/uploads\/2019\/03\/manuelle-therapie-chirotherapie-koenigsallee-duesseldorf-orthopaede-pauly.jpg"},{"@type":"BreadcrumbList","@id":"https:\/\/dr-thomas-pauly.de\/en\/manueal-therapy-chirotherapy\/#breadcrumb","itemListElement":[{"@type":"ListItem","position":1,"name":"Startseite","item":"https:\/\/dr-thomas-pauly.de\/"},{"@type":"ListItem","position":2,"name":"Manuelle Therapie"}]},{"@type":"WebSite","@id":"https:\/\/dr-thomas-pauly.de\/#website","url":"https:\/\/dr-thomas-pauly.de\/","name":"Dr. Thomas Pauly","description":"Orthop\u00e4dische Privatpraxis K\u00f6nigsallee 94 in D\u00fcsseldorf.","publisher":{"@id":"https:\/\/dr-thomas-pauly.de\/#organization"},"potentialAction":[{"@type":"SearchAction","target":{"@type":"EntryPoint","urlTemplate":"https:\/\/dr-thomas-pauly.de\/?s={search_term_string}"},"query-input":{"@type":"PropertyValueSpecification","valueRequired":true,"valueName":"search_term_string"}}],"inLanguage":"en-GB"},{"@type":"Organization","@id":"https:\/\/dr-thomas-pauly.de\/#organization","name":"Dr Thomas Pauly","url":"https:\/\/dr-thomas-pauly.de\/","logo":{"@type":"ImageObject","inLanguage":"en-GB","@id":"https:\/\/dr-thomas-pauly.de\/#\/schema\/logo\/image\/","url":"https:\/\/dr-thomas-pauly.de\/wp-content\/uploads\/2019\/12\/logo-dr-thomas-pauly.png","contentUrl":"https:\/\/dr-thomas-pauly.de\/wp-content\/uploads\/2019\/12\/logo-dr-thomas-pauly.png","width":804,"height":772,"caption":"Dr Thomas Pauly"},"image":{"@id":"https:\/\/dr-thomas-pauly.de\/#\/schema\/logo\/image\/"},"sameAs":["https:\/\/x.com\/koe94","http:\/\/dr-thomas-pauly"]}]}},"_links":{"self":[{"href":"https:\/\/dr-thomas-pauly.de\/en\/wp-json\/wp\/v2\/pages\/231","targetHints":{"allow":["GET"]}}],"collection":[{"href":"https:\/\/dr-thomas-pauly.de\/en\/wp-json\/wp\/v2\/pages"}],"about":[{"href":"https:\/\/dr-thomas-pauly.de\/en\/wp-json\/wp\/v2\/types\/page"}],"author":[{"embeddable":true,"href":"https:\/\/dr-thomas-pauly.de\/en\/wp-json\/wp\/v2\/users\/1"}],"replies":[{"embeddable":true,"href":"https:\/\/dr-thomas-pauly.de\/en\/wp-json\/wp\/v2\/comments?post=231"}],"version-history":[{"count":6,"href":"https:\/\/dr-thomas-pauly.de\/en\/wp-json\/wp\/v2\/pages\/231\/revisions"}],"predecessor-version":[{"id":1997,"href":"https:\/\/dr-thomas-pauly.de\/en\/wp-json\/wp\/v2\/pages\/231\/revisions\/1997"}],"wp:attachment":[{"href":"https:\/\/dr-thomas-pauly.de\/en\/wp-json\/wp\/v2\/media?parent=231"}],"curies":[{"name":"wp","href":"https:\/\/api.w.org\/{rel}","templated":true}]}}