{"id":235,"date":"2018-08-25T04:22:01","date_gmt":"2018-08-25T02:22:01","guid":{"rendered":"https:\/\/lo-werbung.de\/dr-pauly-2018\/?page_id=235"},"modified":"2020-06-06T12:30:38","modified_gmt":"2020-06-06T10:30:38","slug":"kraftmessung","status":"publish","type":"page","link":"https:\/\/dr-thomas-pauly.de\/en\/kraftmessung\/","title":{"rendered":"Strength Measurement"},"content":{"rendered":"<div data-elementor-type=\"wp-post\" data-elementor-id=\"235\" class=\"elementor elementor-235\" data-elementor-post-type=\"page\">\n\t\t\t\t\t\t<section class=\"elementor-section elementor-top-section elementor-element elementor-element-5861ca7e elementor-section-boxed elementor-section-height-default elementor-section-height-default\" data-id=\"5861ca7e\" data-element_type=\"section\" data-settings=\"{&quot;background_background&quot;:&quot;gradient&quot;}\">\n\t\t\t\t\t\t<div class=\"elementor-container elementor-column-gap-default\">\n\t\t\t\t\t<div class=\"elementor-column elementor-col-100 elementor-top-column elementor-element elementor-element-37d1e4d9\" data-id=\"37d1e4d9\" data-element_type=\"column\">\n\t\t\t<div class=\"elementor-widget-wrap elementor-element-populated\">\n\t\t\t\t\t\t<div class=\"elementor-element elementor-element-7a2e8ea0 elementor-widget elementor-widget-image\" data-id=\"7a2e8ea0\" data-element_type=\"widget\" data-widget_type=\"image.default\">\n\t\t\t\t<div class=\"elementor-widget-container\">\n\t\t\t\t\t\t\t\t\t\t\t\t\t\t\t<img fetchpriority=\"high\" decoding=\"async\" width=\"1000\" height=\"270\" src=\"https:\/\/dr-thomas-pauly.de\/wp-content\/uploads\/2018\/10\/orthopadie-duesseldorf-orthopaede-dr-pauly.jpg\" class=\"attachment-large size-large wp-image-335\" alt=\"\" srcset=\"https:\/\/dr-thomas-pauly.de\/wp-content\/uploads\/2018\/10\/orthopadie-duesseldorf-orthopaede-dr-pauly.jpg 1000w, https:\/\/dr-thomas-pauly.de\/wp-content\/uploads\/2018\/10\/orthopadie-duesseldorf-orthopaede-dr-pauly-300x81.jpg 300w, https:\/\/dr-thomas-pauly.de\/wp-content\/uploads\/2018\/10\/orthopadie-duesseldorf-orthopaede-dr-pauly-768x207.jpg 768w\" sizes=\"(max-width: 1000px) 100vw, 1000px\" \/>\t\t\t\t\t\t\t\t\t\t\t\t\t\t\t<\/div>\n\t\t\t\t<\/div>\n\t\t\t\t\t<\/div>\n\t\t<\/div>\n\t\t\t\t\t<\/div>\n\t\t<\/section>\n\t\t\t\t<section class=\"elementor-section elementor-top-section elementor-element elementor-element-d12bb89 elementor-section-boxed elementor-section-height-default elementor-section-height-default\" data-id=\"d12bb89\" data-element_type=\"section\">\n\t\t\t\t\t\t<div class=\"elementor-container elementor-column-gap-default\">\n\t\t\t\t\t<div class=\"elementor-column elementor-col-50 elementor-top-column elementor-element elementor-element-7f72e53c\" data-id=\"7f72e53c\" data-element_type=\"column\">\n\t\t\t<div class=\"elementor-widget-wrap elementor-element-populated\">\n\t\t\t\t\t\t<div class=\"elementor-element elementor-element-cf376b7 box-white elementor-widget elementor-widget-text-editor\" data-id=\"cf376b7\" data-element_type=\"widget\" data-widget_type=\"text-editor.default\">\n\t\t\t\t<div class=\"elementor-widget-container\">\n\t\t\t\t\t\t\t\t\t<h1>Private Clinic Dr. Thomas Pauly \u2013 Strength Measurement:<\/h1><p>For Strength Measurement, we use the\u00a0DIERS-myoline\u00a0strength measurement at our clinic, a multifunctional system with up to 28 parameters to measure strength, especially isometric maximum strength.<\/p><p><span style=\"font-size: 0.9rem;\">Configured as a measurement method for the whole body, the\u00a0DIERS-myoline\u00a0system allows for accurate registration and documentation of the most important muscle parameters relevant to the posture in a single system.<\/span><\/p><p><span style=\"font-size: 0.9rem;\">The immediate graphic display of muscular imbalances illustrates the current condition of the muscles. At the same time, the measurement results are compared with age- and gender-specific reference values.<\/span><\/p><p><span style=\"font-size: 0.9rem;\">After the measurement, we will develop an individual strength training program with you. These textual and visual recommendations for strength training are easy to implement, can be performed at home (or wherever you like), saving you a trip to the gym and its associated risks.<\/span><\/p><p><span style=\"font-size: 0.9rem;\">In addition, this measurement technique allows to track, at a later point, the therapeutic success brought about by your training, in turn allowing us to make additional adaptations, if required.\nIn addition, this measurement technique allows us to track the therapeutic success brought about by your strength training, in turn allowing us to make additional adaptations as required.<\/span><\/p>\t\t\t\t\t\t\t\t<\/div>\n\t\t\t\t<\/div>\n\t\t\t\t<section class=\"elementor-section elementor-inner-section elementor-element elementor-element-ef310cb elementor-section-boxed elementor-section-height-default elementor-section-height-default\" data-id=\"ef310cb\" data-element_type=\"section\">\n\t\t\t\t\t\t<div class=\"elementor-container elementor-column-gap-default\">\n\t\t\t\t\t<div class=\"elementor-column elementor-col-50 elementor-inner-column elementor-element elementor-element-950be28\" data-id=\"950be28\" data-element_type=\"column\">\n\t\t\t<div class=\"elementor-widget-wrap elementor-element-populated\">\n\t\t\t\t\t\t<div class=\"elementor-element elementor-element-a120ee0 elementor-widget elementor-widget-image\" data-id=\"a120ee0\" data-element_type=\"widget\" data-widget_type=\"image.default\">\n\t\t\t\t<div class=\"elementor-widget-container\">\n\t\t\t\t\t\t\t\t\t\t\t\t\t\t\t<img decoding=\"async\" width=\"431\" height=\"650\" src=\"https:\/\/dr-thomas-pauly.de\/wp-content\/uploads\/2020\/05\/kraftmessung-duesseldorf-orthopaede-pauly-koenigsallee-03.jpg\" class=\"attachment-large size-large wp-image-1876\" alt=\"\" srcset=\"https:\/\/dr-thomas-pauly.de\/wp-content\/uploads\/2020\/05\/kraftmessung-duesseldorf-orthopaede-pauly-koenigsallee-03.jpg 431w, https:\/\/dr-thomas-pauly.de\/wp-content\/uploads\/2020\/05\/kraftmessung-duesseldorf-orthopaede-pauly-koenigsallee-03-199x300.jpg 199w\" sizes=\"(max-width: 431px) 100vw, 431px\" \/>\t\t\t\t\t\t\t\t\t\t\t\t\t\t\t<\/div>\n\t\t\t\t<\/div>\n\t\t\t\t\t<\/div>\n\t\t<\/div>\n\t\t\t\t<div class=\"elementor-column elementor-col-50 elementor-inner-column elementor-element elementor-element-96fef8a\" data-id=\"96fef8a\" data-element_type=\"column\">\n\t\t\t<div class=\"elementor-widget-wrap elementor-element-populated\">\n\t\t\t\t\t\t<div class=\"elementor-element elementor-element-a9d7f77 elementor-widget elementor-widget-image\" data-id=\"a9d7f77\" data-element_type=\"widget\" data-widget_type=\"image.default\">\n\t\t\t\t<div class=\"elementor-widget-container\">\n\t\t\t\t\t\t\t\t\t\t\t\t\t\t\t<img decoding=\"async\" width=\"650\" height=\"413\" src=\"https:\/\/dr-thomas-pauly.de\/wp-content\/uploads\/2020\/05\/kraftmessung-duesseldorf-orthopaede-pauly-koenigsallee-01.jpg\" class=\"attachment-large size-large wp-image-1875\" alt=\"\" srcset=\"https:\/\/dr-thomas-pauly.de\/wp-content\/uploads\/2020\/05\/kraftmessung-duesseldorf-orthopaede-pauly-koenigsallee-01.jpg 650w, https:\/\/dr-thomas-pauly.de\/wp-content\/uploads\/2020\/05\/kraftmessung-duesseldorf-orthopaede-pauly-koenigsallee-01-300x191.jpg 300w\" sizes=\"(max-width: 650px) 100vw, 650px\" \/>\t\t\t\t\t\t\t\t\t\t\t\t\t\t\t<\/div>\n\t\t\t\t<\/div>\n\t\t\t\t<div class=\"elementor-element elementor-element-5e975d7 elementor-widget elementor-widget-image\" data-id=\"5e975d7\" data-element_type=\"widget\" data-widget_type=\"image.default\">\n\t\t\t\t<div class=\"elementor-widget-container\">\n\t\t\t\t\t\t\t\t\t\t\t\t\t\t\t<img loading=\"lazy\" decoding=\"async\" width=\"650\" height=\"429\" src=\"https:\/\/dr-thomas-pauly.de\/wp-content\/uploads\/2020\/05\/kraftmessung-duesseldorf-orthopaede-pauly-koenigsallee-02.jpg\" class=\"attachment-large size-large wp-image-1874\" alt=\"\" srcset=\"https:\/\/dr-thomas-pauly.de\/wp-content\/uploads\/2020\/05\/kraftmessung-duesseldorf-orthopaede-pauly-koenigsallee-02.jpg 650w, https:\/\/dr-thomas-pauly.de\/wp-content\/uploads\/2020\/05\/kraftmessung-duesseldorf-orthopaede-pauly-koenigsallee-02-300x198.jpg 300w\" sizes=\"(max-width: 650px) 100vw, 650px\" \/>\t\t\t\t\t\t\t\t\t\t\t\t\t\t\t<\/div>\n\t\t\t\t<\/div>\n\t\t\t\t\t<\/div>\n\t\t<\/div>\n\t\t\t\t\t<\/div>\n\t\t<\/section>\n\t\t\t\t\t<\/div>\n\t\t<\/div>\n\t\t\t\t<div class=\"elementor-column elementor-col-50 elementor-top-column elementor-element elementor-element-2e24c0ec box-vertical\" data-id=\"2e24c0ec\" data-element_type=\"column\" data-settings=\"{&quot;background_background&quot;:&quot;classic&quot;}\">\n\t\t\t<div class=\"elementor-widget-wrap elementor-element-populated\">\n\t\t\t\t\t\t<div class=\"elementor-element elementor-element-23892f86 elementor-widget elementor-widget-accordion\" data-id=\"23892f86\" data-element_type=\"widget\" data-widget_type=\"accordion.default\">\n\t\t\t\t<div class=\"elementor-widget-container\">\n\t\t\t\t\t\t\t<div class=\"elementor-accordion\">\n\t\t\t\t\t\t\t<div class=\"elementor-accordion-item\">\n\t\t\t\t\t<div id=\"elementor-tab-title-5961\" class=\"elementor-tab-title\" data-tab=\"1\" role=\"button\" aria-controls=\"elementor-tab-content-5961\" aria-expanded=\"false\">\n\t\t\t\t\t\t\t\t\t\t\t\t\t<span class=\"elementor-accordion-icon elementor-accordion-icon-left\" aria-hidden=\"true\">\n\t\t\t\t\t\t\t\t\t\t\t\t\t\t\t<span class=\"elementor-accordion-icon-closed\"><i class=\"fas fa-plus\"><\/i><\/span>\n\t\t\t\t\t\t\t\t<span class=\"elementor-accordion-icon-opened\"><i class=\"far fa-caret-square-up\"><\/i><\/span>\n\t\t\t\t\t\t\t\t\t\t\t\t\t\t<\/span>\n\t\t\t\t\t\t\t\t\t\t\t\t<a class=\"elementor-accordion-title\" tabindex=\"0\">Navigation clinic <\/a>\n\t\t\t\t\t<\/div>\n\t\t\t\t\t<div id=\"elementor-tab-content-5961\" class=\"elementor-tab-content elementor-clearfix\" data-tab=\"1\" role=\"region\" aria-labelledby=\"elementor-tab-title-5961\"><\/div>\n\t\t\t\t<\/div>\n\t\t\t\t\t\t\t\t<\/div>\n\t\t\t\t\t\t<\/div>\n\t\t\t\t<\/div>\n\t\t\t\t<section class=\"elementor-section elementor-inner-section elementor-element elementor-element-696c6b3b elementor-section-boxed elementor-section-height-default elementor-section-height-default\" data-id=\"696c6b3b\" data-element_type=\"section\" data-settings=\"{&quot;background_background&quot;:&quot;classic&quot;}\">\n\t\t\t\t\t\t<div class=\"elementor-container elementor-column-gap-default\">\n\t\t\t\t\t<div class=\"elementor-column elementor-col-100 elementor-inner-column elementor-element elementor-element-70c649f1\" data-id=\"70c649f1\" data-element_type=\"column\" data-settings=\"{&quot;background_background&quot;:&quot;classic&quot;}\">\n\t\t\t<div class=\"elementor-widget-wrap elementor-element-populated\">\n\t\t\t\t\t\t\t<\/div>\n\t\t<\/div>\n\t\t\t\t\t<\/div>\n\t\t<\/section>\n\t\t\t\t<div class=\"elementor-element elementor-element-34749c31 elementor-widget elementor-widget-text-editor\" data-id=\"34749c31\" data-element_type=\"widget\" data-widget_type=\"text-editor.default\">\n\t\t\t\t<div class=\"elementor-widget-container\">\n\t\t\t\t\t\t\t\t\t<p style=\"text-align: left;\">The Private Orthopedics Practice Dr. Thomas Pauly is located at K\u00f6nigsallee 94 in D\u00fcsseldorf.<\/p><p style=\"text-align: left;\">Office hours: You can reach us from Monday to Friday from 7:00 am to 8:00 pm, as well as Saturdays as needed.<\/p><p style=\"text-align: left;\">Phone:\u00a0<a href=\"https:\/\/dr-thomas-pauly.de\/en\/kontakt\/\">0211 300 40 383<\/a><\/p><p style=\"text-align: left;\">E-mail:\u00a0<a href=\"mailto:praxis@dr-thomas-pauly.de\">clinic@dr-thomas-pauly.de<\/a>.<\/p><p style=\"text-align: left;\"><a class=\"pauly-button\" href=\"http:\/\/kontakt\">Make an appointment!<\/a><\/p>\t\t\t\t\t\t\t\t<\/div>\n\t\t\t\t<\/div>\n\t\t\t\t\t<\/div>\n\t\t<\/div>\n\t\t\t\t\t<\/div>\n\t\t<\/section>\n\t\t\t\t<\/div>","protected":false},"excerpt":{"rendered":"<p>Privatpraxis Dr. med. Thomas Pauly \u2013 Kraftmessung Zur Kraftmessung verwenden wir in unserer Praxis die DIERS-myoline-Kraftmessung, ein multifunktionales System mit bis zu 28 Kraftmessrichtungen zur Messung von Kraftf\u00e4higkeiten, besonders der isometrischen Maximalkraft. Als Ganzk\u00f6rper-Messverfahren ausgelegt, erm\u00f6glicht das DIERS-myoline-System die genaue Erfassung und Dokumentation der wichtigsten haltungsrelevanten Muskelparameter in einem einzigen System. Die umgehende grafische Darstellung [&hellip;]<\/p>","protected":false},"author":1,"featured_media":0,"parent":0,"menu_order":0,"comment_status":"closed","ping_status":"closed","template":"","meta":{"footnotes":""},"class_list":["post-235","page","type-page","status-publish","hentry"],"yoast_head":"<!-- This site is optimized with the Yoast SEO plugin v25.4 - https:\/\/yoast.com\/wordpress\/plugins\/seo\/ -->\n<title>Kraftmessung - Dr. Thomas Pauly | Orthop\u00e4de in D\u00fcsseldorf<\/title>\n<meta name=\"description\" content=\"DIERS-myoline-Kraftmessung - multifunktionales System mit bis zu 28 Kraftmessrichtungen in der Praxis f\u00fcr Orthop\u00e4die Dr. Pauly in D\u00fcsseldorf.\" \/>\n<meta name=\"robots\" content=\"index, follow, max-snippet:-1, max-image-preview:large, max-video-preview:-1\" \/>\n<link rel=\"canonical\" href=\"https:\/\/dr-thomas-pauly.de\/en\/kraftmessung\/\" \/>\n<meta property=\"og:locale\" content=\"en_GB\" \/>\n<meta property=\"og:type\" content=\"article\" \/>\n<meta property=\"og:title\" content=\"Kraftmessung - Dr. Thomas Pauly | Orthop\u00e4de in D\u00fcsseldorf\" \/>\n<meta property=\"og:description\" content=\"DIERS-myoline-Kraftmessung - multifunktionales System mit bis zu 28 Kraftmessrichtungen in der Praxis f\u00fcr Orthop\u00e4die Dr. Pauly in D\u00fcsseldorf.\" \/>\n<meta property=\"og:url\" content=\"https:\/\/dr-thomas-pauly.de\/en\/kraftmessung\/\" \/>\n<meta property=\"og:site_name\" content=\"Dr. Thomas Pauly\" \/>\n<meta property=\"article:modified_time\" content=\"2020-06-06T10:30:38+00:00\" \/>\n<meta property=\"og:image\" content=\"https:\/\/dr-thomas-pauly.de\/wp-content\/uploads\/2018\/10\/orthopadie-duesseldorf-orthopaede-dr-pauly.jpg\" \/>\n<meta name=\"twitter:card\" content=\"summary_large_image\" \/>\n<meta name=\"twitter:site\" content=\"@koe94\" \/>\n<meta name=\"twitter:label1\" content=\"Estimated reading time\" \/>\n\t<meta name=\"twitter:data1\" content=\"1 minute\" \/>\n<script type=\"application\/ld+json\" class=\"yoast-schema-graph\">{\"@context\":\"https:\/\/schema.org\",\"@graph\":[{\"@type\":\"WebPage\",\"@id\":\"https:\/\/dr-thomas-pauly.de\/en\/kraftmessung\/\",\"url\":\"https:\/\/dr-thomas-pauly.de\/en\/kraftmessung\/\",\"name\":\"Kraftmessung - Dr. Thomas Pauly | Orthop\u00e4de in D\u00fcsseldorf\",\"isPartOf\":{\"@id\":\"https:\/\/dr-thomas-pauly.de\/#website\"},\"primaryImageOfPage\":{\"@id\":\"https:\/\/dr-thomas-pauly.de\/en\/kraftmessung\/#primaryimage\"},\"image\":{\"@id\":\"https:\/\/dr-thomas-pauly.de\/en\/kraftmessung\/#primaryimage\"},\"thumbnailUrl\":\"https:\/\/dr-thomas-pauly.de\/wp-content\/uploads\/2018\/10\/orthopadie-duesseldorf-orthopaede-dr-pauly.jpg\",\"datePublished\":\"2018-08-25T02:22:01+00:00\",\"dateModified\":\"2020-06-06T10:30:38+00:00\",\"description\":\"DIERS-myoline-Kraftmessung - multifunktionales System mit bis zu 28 Kraftmessrichtungen in der Praxis f\u00fcr Orthop\u00e4die Dr. Pauly in D\u00fcsseldorf.\",\"breadcrumb\":{\"@id\":\"https:\/\/dr-thomas-pauly.de\/en\/kraftmessung\/#breadcrumb\"},\"inLanguage\":\"en-GB\",\"potentialAction\":[{\"@type\":\"ReadAction\",\"target\":[\"https:\/\/dr-thomas-pauly.de\/en\/kraftmessung\/\"]}]},{\"@type\":\"ImageObject\",\"inLanguage\":\"en-GB\",\"@id\":\"https:\/\/dr-thomas-pauly.de\/en\/kraftmessung\/#primaryimage\",\"url\":\"https:\/\/dr-thomas-pauly.de\/wp-content\/uploads\/2018\/10\/orthopadie-duesseldorf-orthopaede-dr-pauly.jpg\",\"contentUrl\":\"https:\/\/dr-thomas-pauly.de\/wp-content\/uploads\/2018\/10\/orthopadie-duesseldorf-orthopaede-dr-pauly.jpg\"},{\"@type\":\"BreadcrumbList\",\"@id\":\"https:\/\/dr-thomas-pauly.de\/en\/kraftmessung\/#breadcrumb\",\"itemListElement\":[{\"@type\":\"ListItem\",\"position\":1,\"name\":\"Startseite\",\"item\":\"https:\/\/dr-thomas-pauly.de\/\"},{\"@type\":\"ListItem\",\"position\":2,\"name\":\"Kraftmessung\"}]},{\"@type\":\"WebSite\",\"@id\":\"https:\/\/dr-thomas-pauly.de\/#website\",\"url\":\"https:\/\/dr-thomas-pauly.de\/\",\"name\":\"Dr. Thomas Pauly\",\"description\":\"Orthop\u00e4dische Privatpraxis K\u00f6nigsallee 94 in D\u00fcsseldorf.\",\"publisher\":{\"@id\":\"https:\/\/dr-thomas-pauly.de\/#organization\"},\"potentialAction\":[{\"@type\":\"SearchAction\",\"target\":{\"@type\":\"EntryPoint\",\"urlTemplate\":\"https:\/\/dr-thomas-pauly.de\/?s={search_term_string}\"},\"query-input\":{\"@type\":\"PropertyValueSpecification\",\"valueRequired\":true,\"valueName\":\"search_term_string\"}}],\"inLanguage\":\"en-GB\"},{\"@type\":\"Organization\",\"@id\":\"https:\/\/dr-thomas-pauly.de\/#organization\",\"name\":\"Dr Thomas Pauly\",\"url\":\"https:\/\/dr-thomas-pauly.de\/\",\"logo\":{\"@type\":\"ImageObject\",\"inLanguage\":\"en-GB\",\"@id\":\"https:\/\/dr-thomas-pauly.de\/#\/schema\/logo\/image\/\",\"url\":\"https:\/\/dr-thomas-pauly.de\/wp-content\/uploads\/2019\/12\/logo-dr-thomas-pauly.png\",\"contentUrl\":\"https:\/\/dr-thomas-pauly.de\/wp-content\/uploads\/2019\/12\/logo-dr-thomas-pauly.png\",\"width\":804,\"height\":772,\"caption\":\"Dr Thomas Pauly\"},\"image\":{\"@id\":\"https:\/\/dr-thomas-pauly.de\/#\/schema\/logo\/image\/\"},\"sameAs\":[\"https:\/\/x.com\/koe94\",\"http:\/\/dr-thomas-pauly\"]}]}<\/script>\n<!-- \/ Yoast SEO plugin. -->","yoast_head_json":{"title":"Kraftmessung - Dr. Thomas Pauly | Orthop\u00e4de in D\u00fcsseldorf","description":"DIERS-myoline-Kraftmessung - multifunktionales System mit bis zu 28 Kraftmessrichtungen in der Praxis f\u00fcr Orthop\u00e4die Dr. Pauly in D\u00fcsseldorf.","robots":{"index":"index","follow":"follow","max-snippet":"max-snippet:-1","max-image-preview":"max-image-preview:large","max-video-preview":"max-video-preview:-1"},"canonical":"https:\/\/dr-thomas-pauly.de\/en\/kraftmessung\/","og_locale":"en_GB","og_type":"article","og_title":"Kraftmessung - Dr. Thomas Pauly | Orthop\u00e4de in D\u00fcsseldorf","og_description":"DIERS-myoline-Kraftmessung - multifunktionales System mit bis zu 28 Kraftmessrichtungen in der Praxis f\u00fcr Orthop\u00e4die Dr. Pauly in D\u00fcsseldorf.","og_url":"https:\/\/dr-thomas-pauly.de\/en\/kraftmessung\/","og_site_name":"Dr. Thomas Pauly","article_modified_time":"2020-06-06T10:30:38+00:00","og_image":[{"url":"https:\/\/dr-thomas-pauly.de\/wp-content\/uploads\/2018\/10\/orthopadie-duesseldorf-orthopaede-dr-pauly.jpg","type":"","width":"","height":""}],"twitter_card":"summary_large_image","twitter_site":"@koe94","twitter_misc":{"Estimated reading time":"1 minute"},"schema":{"@context":"https:\/\/schema.org","@graph":[{"@type":"WebPage","@id":"https:\/\/dr-thomas-pauly.de\/en\/kraftmessung\/","url":"https:\/\/dr-thomas-pauly.de\/en\/kraftmessung\/","name":"Kraftmessung - Dr. Thomas Pauly | Orthop\u00e4de in D\u00fcsseldorf","isPartOf":{"@id":"https:\/\/dr-thomas-pauly.de\/#website"},"primaryImageOfPage":{"@id":"https:\/\/dr-thomas-pauly.de\/en\/kraftmessung\/#primaryimage"},"image":{"@id":"https:\/\/dr-thomas-pauly.de\/en\/kraftmessung\/#primaryimage"},"thumbnailUrl":"https:\/\/dr-thomas-pauly.de\/wp-content\/uploads\/2018\/10\/orthopadie-duesseldorf-orthopaede-dr-pauly.jpg","datePublished":"2018-08-25T02:22:01+00:00","dateModified":"2020-06-06T10:30:38+00:00","description":"DIERS-myoline-Kraftmessung - multifunktionales System mit bis zu 28 Kraftmessrichtungen in der Praxis f\u00fcr Orthop\u00e4die Dr. Pauly in D\u00fcsseldorf.","breadcrumb":{"@id":"https:\/\/dr-thomas-pauly.de\/en\/kraftmessung\/#breadcrumb"},"inLanguage":"en-GB","potentialAction":[{"@type":"ReadAction","target":["https:\/\/dr-thomas-pauly.de\/en\/kraftmessung\/"]}]},{"@type":"ImageObject","inLanguage":"en-GB","@id":"https:\/\/dr-thomas-pauly.de\/en\/kraftmessung\/#primaryimage","url":"https:\/\/dr-thomas-pauly.de\/wp-content\/uploads\/2018\/10\/orthopadie-duesseldorf-orthopaede-dr-pauly.jpg","contentUrl":"https:\/\/dr-thomas-pauly.de\/wp-content\/uploads\/2018\/10\/orthopadie-duesseldorf-orthopaede-dr-pauly.jpg"},{"@type":"BreadcrumbList","@id":"https:\/\/dr-thomas-pauly.de\/en\/kraftmessung\/#breadcrumb","itemListElement":[{"@type":"ListItem","position":1,"name":"Startseite","item":"https:\/\/dr-thomas-pauly.de\/"},{"@type":"ListItem","position":2,"name":"Kraftmessung"}]},{"@type":"WebSite","@id":"https:\/\/dr-thomas-pauly.de\/#website","url":"https:\/\/dr-thomas-pauly.de\/","name":"Dr. Thomas Pauly","description":"Orthop\u00e4dische Privatpraxis K\u00f6nigsallee 94 in D\u00fcsseldorf.","publisher":{"@id":"https:\/\/dr-thomas-pauly.de\/#organization"},"potentialAction":[{"@type":"SearchAction","target":{"@type":"EntryPoint","urlTemplate":"https:\/\/dr-thomas-pauly.de\/?s={search_term_string}"},"query-input":{"@type":"PropertyValueSpecification","valueRequired":true,"valueName":"search_term_string"}}],"inLanguage":"en-GB"},{"@type":"Organization","@id":"https:\/\/dr-thomas-pauly.de\/#organization","name":"Dr Thomas Pauly","url":"https:\/\/dr-thomas-pauly.de\/","logo":{"@type":"ImageObject","inLanguage":"en-GB","@id":"https:\/\/dr-thomas-pauly.de\/#\/schema\/logo\/image\/","url":"https:\/\/dr-thomas-pauly.de\/wp-content\/uploads\/2019\/12\/logo-dr-thomas-pauly.png","contentUrl":"https:\/\/dr-thomas-pauly.de\/wp-content\/uploads\/2019\/12\/logo-dr-thomas-pauly.png","width":804,"height":772,"caption":"Dr Thomas Pauly"},"image":{"@id":"https:\/\/dr-thomas-pauly.de\/#\/schema\/logo\/image\/"},"sameAs":["https:\/\/x.com\/koe94","http:\/\/dr-thomas-pauly"]}]}},"_links":{"self":[{"href":"https:\/\/dr-thomas-pauly.de\/en\/wp-json\/wp\/v2\/pages\/235","targetHints":{"allow":["GET"]}}],"collection":[{"href":"https:\/\/dr-thomas-pauly.de\/en\/wp-json\/wp\/v2\/pages"}],"about":[{"href":"https:\/\/dr-thomas-pauly.de\/en\/wp-json\/wp\/v2\/types\/page"}],"author":[{"embeddable":true,"href":"https:\/\/dr-thomas-pauly.de\/en\/wp-json\/wp\/v2\/users\/1"}],"replies":[{"embeddable":true,"href":"https:\/\/dr-thomas-pauly.de\/en\/wp-json\/wp\/v2\/comments?post=235"}],"version-history":[{"count":16,"href":"https:\/\/dr-thomas-pauly.de\/en\/wp-json\/wp\/v2\/pages\/235\/revisions"}],"predecessor-version":[{"id":1999,"href":"https:\/\/dr-thomas-pauly.de\/en\/wp-json\/wp\/v2\/pages\/235\/revisions\/1999"}],"wp:attachment":[{"href":"https:\/\/dr-thomas-pauly.de\/en\/wp-json\/wp\/v2\/media?parent=235"}],"curies":[{"name":"wp","href":"https:\/\/api.w.org\/{rel}","templated":true}]}}