{"id":239,"date":"2018-08-25T04:22:37","date_gmt":"2018-08-25T02:22:37","guid":{"rendered":"https:\/\/lo-werbung.de\/dr-pauly-2018\/?page_id=239"},"modified":"2020-06-06T12:32:05","modified_gmt":"2020-06-06T10:32:05","slug":"einlagenversorgung","status":"publish","type":"page","link":"https:\/\/dr-thomas-pauly.de\/en\/einlagenversorgung\/","title":{"rendered":"Supply of Orthotics"},"content":{"rendered":"<div data-elementor-type=\"wp-post\" data-elementor-id=\"239\" class=\"elementor elementor-239\" data-elementor-post-type=\"page\">\n\t\t\t\t\t\t<section class=\"elementor-section elementor-top-section elementor-element elementor-element-3c0bb8b1 elementor-section-boxed elementor-section-height-default elementor-section-height-default\" data-id=\"3c0bb8b1\" data-element_type=\"section\" data-settings=\"{&quot;background_background&quot;:&quot;gradient&quot;}\">\n\t\t\t\t\t\t<div class=\"elementor-container elementor-column-gap-default\">\n\t\t\t\t\t<div class=\"elementor-column elementor-col-100 elementor-top-column elementor-element elementor-element-5ca43f88\" data-id=\"5ca43f88\" data-element_type=\"column\">\n\t\t\t<div class=\"elementor-widget-wrap elementor-element-populated\">\n\t\t\t\t\t\t<div class=\"elementor-element elementor-element-8a32737 elementor-widget elementor-widget-image\" data-id=\"8a32737\" data-element_type=\"widget\" data-widget_type=\"image.default\">\n\t\t\t\t<div class=\"elementor-widget-container\">\n\t\t\t\t\t\t\t\t\t\t\t\t\t\t\t<img fetchpriority=\"high\" decoding=\"async\" width=\"1024\" height=\"305\" src=\"https:\/\/dr-thomas-pauly.de\/wp-content\/uploads\/2020\/05\/orthopaedische-einlagen-duesseldorf-koenigsallee-praxis-orthopaedie-head-1024x305.jpg\" class=\"attachment-large size-large wp-image-1881\" alt=\"\" srcset=\"https:\/\/dr-thomas-pauly.de\/wp-content\/uploads\/2020\/05\/orthopaedische-einlagen-duesseldorf-koenigsallee-praxis-orthopaedie-head-1024x305.jpg 1024w, https:\/\/dr-thomas-pauly.de\/wp-content\/uploads\/2020\/05\/orthopaedische-einlagen-duesseldorf-koenigsallee-praxis-orthopaedie-head-300x89.jpg 300w, https:\/\/dr-thomas-pauly.de\/wp-content\/uploads\/2020\/05\/orthopaedische-einlagen-duesseldorf-koenigsallee-praxis-orthopaedie-head-768x229.jpg 768w, https:\/\/dr-thomas-pauly.de\/wp-content\/uploads\/2020\/05\/orthopaedische-einlagen-duesseldorf-koenigsallee-praxis-orthopaedie-head-1536x458.jpg 1536w, https:\/\/dr-thomas-pauly.de\/wp-content\/uploads\/2020\/05\/orthopaedische-einlagen-duesseldorf-koenigsallee-praxis-orthopaedie-head.jpg 2000w\" sizes=\"(max-width: 1024px) 100vw, 1024px\" \/>\t\t\t\t\t\t\t\t\t\t\t\t\t\t\t<\/div>\n\t\t\t\t<\/div>\n\t\t\t\t\t<\/div>\n\t\t<\/div>\n\t\t\t\t\t<\/div>\n\t\t<\/section>\n\t\t\t\t<section class=\"elementor-section elementor-top-section elementor-element elementor-element-9d6e0b8 elementor-section-boxed elementor-section-height-default elementor-section-height-default\" data-id=\"9d6e0b8\" data-element_type=\"section\">\n\t\t\t\t\t\t<div class=\"elementor-container elementor-column-gap-default\">\n\t\t\t\t\t<div class=\"elementor-column elementor-col-50 elementor-top-column elementor-element elementor-element-6b853a9b\" data-id=\"6b853a9b\" data-element_type=\"column\">\n\t\t\t<div class=\"elementor-widget-wrap elementor-element-populated\">\n\t\t\t\t\t\t<div class=\"elementor-element elementor-element-3676f4f9 box-white elementor-widget elementor-widget-text-editor\" data-id=\"3676f4f9\" data-element_type=\"widget\" data-widget_type=\"text-editor.default\">\n\t\t\t\t<div class=\"elementor-widget-container\">\n\t\t\t\t\t\t\t\t\t<h1>Private Clinic Dr. Thomas Pauly\u00a0 \u2013\u00a0 Orthotics \/ Shoe Adjustment<\/h1><p>Without any technical tools, a foot can be examined only when it is at rest. For certain foot problems, however, a diagnosis requires seeing the foot in motion.<\/p><p>Complaints of the lower extremities may be caused by imbalances and unequal load distribution in the region of the foot. For this reason, it\u2019s important to trace the movements of the feet in the process of standing and walking. Electronic measurement of the pressure makes it possible to accurately determine how pressure is distributed over the sole of the foot and what strain is put on the spine.<\/p><p>Furthermore, we work intensively with proprioceptive orthotics. Sensorimotor orthotics impact on the foot as the initial application point and from there affect the entire body. The sensorimotor elements of the orthotics activate the receptors of the foot muscles and influence the activity of the posture- and balance-regulating muscle loops through the ascending nervous pathways.<\/p><p>These orthotics are also an integral part of the treatment concept in CMD (craniomandibular dysfunction) therapy.<\/p>\t\t\t\t\t\t\t\t<\/div>\n\t\t\t\t<\/div>\n\t\t\t\t\t<\/div>\n\t\t<\/div>\n\t\t\t\t<div class=\"elementor-column elementor-col-50 elementor-top-column elementor-element elementor-element-7daccad2 box-vertical\" data-id=\"7daccad2\" data-element_type=\"column\" data-settings=\"{&quot;background_background&quot;:&quot;classic&quot;}\">\n\t\t\t<div class=\"elementor-widget-wrap elementor-element-populated\">\n\t\t\t\t\t\t<div class=\"elementor-element elementor-element-620883c3 elementor-widget elementor-widget-accordion\" data-id=\"620883c3\" data-element_type=\"widget\" data-widget_type=\"accordion.default\">\n\t\t\t\t<div class=\"elementor-widget-container\">\n\t\t\t\t\t\t\t<div class=\"elementor-accordion\">\n\t\t\t\t\t\t\t<div class=\"elementor-accordion-item\">\n\t\t\t\t\t<div id=\"elementor-tab-title-1641\" class=\"elementor-tab-title\" data-tab=\"1\" role=\"button\" aria-controls=\"elementor-tab-content-1641\" aria-expanded=\"false\">\n\t\t\t\t\t\t\t\t\t\t\t\t\t<span class=\"elementor-accordion-icon elementor-accordion-icon-left\" aria-hidden=\"true\">\n\t\t\t\t\t\t\t\t\t\t\t\t\t\t\t<i class=\"elementor-accordion-icon-closed fa fa-toggle-down\"><\/i>\n\t\t\t\t\t\t\t\t<i class=\"elementor-accordion-icon-opened fa fa-toggle-up\"><\/i>\n\t\t\t\t\t\t\t\t\t\t\t\t\t\t<\/span>\n\t\t\t\t\t\t\t\t\t\t\t\t<a class=\"elementor-accordion-title\" tabindex=\"0\">Navigation clinic <\/a>\n\t\t\t\t\t<\/div>\n\t\t\t\t\t<div id=\"elementor-tab-content-1641\" class=\"elementor-tab-content elementor-clearfix\" data-tab=\"1\" role=\"region\" aria-labelledby=\"elementor-tab-title-1641\"><\/div>\n\t\t\t\t<\/div>\n\t\t\t\t\t\t\t\t<\/div>\n\t\t\t\t\t\t<\/div>\n\t\t\t\t<\/div>\n\t\t\t\t<div class=\"elementor-element elementor-element-6ae90b7 elementor-widget elementor-widget-image\" data-id=\"6ae90b7\" data-element_type=\"widget\" data-widget_type=\"image.default\">\n\t\t\t\t<div class=\"elementor-widget-container\">\n\t\t\t\t\t\t\t\t\t\t\t\t\t\t\t<img decoding=\"async\" width=\"649\" height=\"423\" src=\"https:\/\/dr-thomas-pauly.de\/wp-content\/uploads\/2020\/05\/orthopaedische-einlagen-duesseldorf-koenigsallee-praxis-pauly.jpg\" class=\"attachment-large size-large wp-image-1880\" alt=\"\" srcset=\"https:\/\/dr-thomas-pauly.de\/wp-content\/uploads\/2020\/05\/orthopaedische-einlagen-duesseldorf-koenigsallee-praxis-pauly.jpg 649w, https:\/\/dr-thomas-pauly.de\/wp-content\/uploads\/2020\/05\/orthopaedische-einlagen-duesseldorf-koenigsallee-praxis-pauly-300x196.jpg 300w\" sizes=\"(max-width: 649px) 100vw, 649px\" \/>\t\t\t\t\t\t\t\t\t\t\t\t\t\t\t<\/div>\n\t\t\t\t<\/div>\n\t\t\t\t<section class=\"elementor-section elementor-inner-section elementor-element elementor-element-392b0aae elementor-section-boxed elementor-section-height-default elementor-section-height-default\" data-id=\"392b0aae\" data-element_type=\"section\" data-settings=\"{&quot;background_background&quot;:&quot;classic&quot;}\">\n\t\t\t\t\t\t<div class=\"elementor-container elementor-column-gap-default\">\n\t\t\t\t\t<div class=\"elementor-column elementor-col-100 elementor-inner-column elementor-element elementor-element-4a4a6b7\" data-id=\"4a4a6b7\" data-element_type=\"column\" data-settings=\"{&quot;background_background&quot;:&quot;classic&quot;}\">\n\t\t\t<div class=\"elementor-widget-wrap elementor-element-populated\">\n\t\t\t\t\t\t\t<\/div>\n\t\t<\/div>\n\t\t\t\t\t<\/div>\n\t\t<\/section>\n\t\t\t\t<div class=\"elementor-element elementor-element-34dda043 elementor-widget elementor-widget-text-editor\" data-id=\"34dda043\" data-element_type=\"widget\" data-widget_type=\"text-editor.default\">\n\t\t\t\t<div class=\"elementor-widget-container\">\n\t\t\t\t\t\t\t\t\t<p style=\"text-align: left;\">The Private Orthopedics Practice Dr. Thomas Pauly is located at K\u00f6nigsallee 94 in D\u00fcsseldorf.<\/p><p style=\"text-align: left;\">Office hours: You can reach us from Monday to Friday from 7:00 am to 8:00 pm, as well as Saturdays as needed.<\/p><p style=\"text-align: left;\">Phone:\u00a0<a href=\"https:\/\/dr-thomas-pauly.de\/en\/kontakt\/\">0211 300 40 383<\/a><\/p><p style=\"text-align: left;\">E-mail:\u00a0<a href=\"mailto:praxis@dr-thomas-pauly.de\">clinic@dr-thomas-pauly.de<\/a>.<\/p><p style=\"text-align: left;\"><a class=\"pauly-button\" href=\"http:\/\/kontakt\">Make an appointment!<\/a><\/p>\t\t\t\t\t\t\t\t<\/div>\n\t\t\t\t<\/div>\n\t\t\t\t\t<\/div>\n\t\t<\/div>\n\t\t\t\t\t<\/div>\n\t\t<\/section>\n\t\t\t\t<\/div>","protected":false},"excerpt":{"rendered":"<p>Privatpraxis Dr. med. Thomas Pauly \u2013 Versorgung mit Einlagen \/ Schuh-Zurichtung Ohne technische Hilfsmittel kann ein Fu\u00df ausschlie\u00dflich im Ruhezustand untersucht werden; bei bestimmten Fu\u00dfproblemen reicht dies zur Diagnose jedoch nicht aus. Beschwerden der unteren Extremit\u00e4ten k\u00f6nnen im Zusammenhang mit Imbalancen und Fehlbelastungen im Bereich der F\u00fc\u00dfe stehen. Deshalb ist es wichtig, die Bewegung der [&hellip;]<\/p>","protected":false},"author":1,"featured_media":0,"parent":0,"menu_order":0,"comment_status":"closed","ping_status":"closed","template":"","meta":{"footnotes":""},"class_list":["post-239","page","type-page","status-publish","hentry"],"yoast_head":"<!-- This site is optimized with the Yoast SEO plugin v25.4 - https:\/\/yoast.com\/wordpress\/plugins\/seo\/ -->\n<title>Einlagenversorgung - Dr. Thomas Pauly - K\u00f6nigsallee 94 in D\u00fcsseldorf<\/title>\n<meta name=\"description\" content=\"Versorgung mit Einlagen und Schuh-Zurichtung in der orthop\u00e4dischen Privatpraxis Dr. med. Thomas Pauly auf der K\u00f6nigsallee 94 in D\u00fcsseldorf.\" \/>\n<meta name=\"robots\" content=\"index, follow, max-snippet:-1, max-image-preview:large, max-video-preview:-1\" \/>\n<link rel=\"canonical\" href=\"https:\/\/dr-thomas-pauly.de\/en\/einlagenversorgung\/\" \/>\n<meta property=\"og:locale\" content=\"en_GB\" \/>\n<meta property=\"og:type\" content=\"article\" \/>\n<meta property=\"og:title\" content=\"Einlagenversorgung - Dr. Thomas Pauly - K\u00f6nigsallee 94 in D\u00fcsseldorf\" \/>\n<meta property=\"og:description\" content=\"Versorgung mit Einlagen und Schuh-Zurichtung in der orthop\u00e4dischen Privatpraxis Dr. med. Thomas Pauly auf der K\u00f6nigsallee 94 in D\u00fcsseldorf.\" \/>\n<meta property=\"og:url\" content=\"https:\/\/dr-thomas-pauly.de\/en\/einlagenversorgung\/\" \/>\n<meta property=\"og:site_name\" content=\"Dr. Thomas Pauly\" \/>\n<meta property=\"article:modified_time\" content=\"2020-06-06T10:32:05+00:00\" \/>\n<meta property=\"og:image\" content=\"https:\/\/dr-thomas-pauly.de\/wp-content\/uploads\/2020\/05\/orthopaedische-einlagen-duesseldorf-koenigsallee-praxis-orthopaedie-head-1024x305.jpg\" \/>\n<meta name=\"twitter:card\" content=\"summary_large_image\" \/>\n<meta name=\"twitter:site\" content=\"@koe94\" \/>\n<meta name=\"twitter:label1\" content=\"Estimated reading time\" \/>\n\t<meta name=\"twitter:data1\" content=\"1 minute\" \/>\n<script type=\"application\/ld+json\" class=\"yoast-schema-graph\">{\"@context\":\"https:\/\/schema.org\",\"@graph\":[{\"@type\":\"WebPage\",\"@id\":\"https:\/\/dr-thomas-pauly.de\/einlagenversorgung\/\",\"url\":\"https:\/\/dr-thomas-pauly.de\/einlagenversorgung\/\",\"name\":\"Einlagenversorgung - Dr. Thomas Pauly - K\u00f6nigsallee 94 in D\u00fcsseldorf\",\"isPartOf\":{\"@id\":\"https:\/\/dr-thomas-pauly.de\/#website\"},\"primaryImageOfPage\":{\"@id\":\"https:\/\/dr-thomas-pauly.de\/einlagenversorgung\/#primaryimage\"},\"image\":{\"@id\":\"https:\/\/dr-thomas-pauly.de\/einlagenversorgung\/#primaryimage\"},\"thumbnailUrl\":\"https:\/\/dr-thomas-pauly.de\/wp-content\/uploads\/2020\/05\/orthopaedische-einlagen-duesseldorf-koenigsallee-praxis-orthopaedie-head-1024x305.jpg\",\"datePublished\":\"2018-08-25T02:22:37+00:00\",\"dateModified\":\"2020-06-06T10:32:05+00:00\",\"description\":\"Versorgung mit Einlagen und Schuh-Zurichtung in der orthop\u00e4dischen Privatpraxis Dr. med. Thomas Pauly auf der K\u00f6nigsallee 94 in D\u00fcsseldorf.\",\"breadcrumb\":{\"@id\":\"https:\/\/dr-thomas-pauly.de\/einlagenversorgung\/#breadcrumb\"},\"inLanguage\":\"en-GB\",\"potentialAction\":[{\"@type\":\"ReadAction\",\"target\":[\"https:\/\/dr-thomas-pauly.de\/einlagenversorgung\/\"]}]},{\"@type\":\"ImageObject\",\"inLanguage\":\"en-GB\",\"@id\":\"https:\/\/dr-thomas-pauly.de\/einlagenversorgung\/#primaryimage\",\"url\":\"https:\/\/dr-thomas-pauly.de\/wp-content\/uploads\/2020\/05\/orthopaedische-einlagen-duesseldorf-koenigsallee-praxis-orthopaedie-head-1024x305.jpg\",\"contentUrl\":\"https:\/\/dr-thomas-pauly.de\/wp-content\/uploads\/2020\/05\/orthopaedische-einlagen-duesseldorf-koenigsallee-praxis-orthopaedie-head-1024x305.jpg\"},{\"@type\":\"BreadcrumbList\",\"@id\":\"https:\/\/dr-thomas-pauly.de\/einlagenversorgung\/#breadcrumb\",\"itemListElement\":[{\"@type\":\"ListItem\",\"position\":1,\"name\":\"Startseite\",\"item\":\"https:\/\/dr-thomas-pauly.de\/\"},{\"@type\":\"ListItem\",\"position\":2,\"name\":\"Einlagenversorgung\"}]},{\"@type\":\"WebSite\",\"@id\":\"https:\/\/dr-thomas-pauly.de\/#website\",\"url\":\"https:\/\/dr-thomas-pauly.de\/\",\"name\":\"Dr. Thomas Pauly\",\"description\":\"Orthop\u00e4dische Privatpraxis K\u00f6nigsallee 94 in D\u00fcsseldorf.\",\"publisher\":{\"@id\":\"https:\/\/dr-thomas-pauly.de\/#organization\"},\"potentialAction\":[{\"@type\":\"SearchAction\",\"target\":{\"@type\":\"EntryPoint\",\"urlTemplate\":\"https:\/\/dr-thomas-pauly.de\/?s={search_term_string}\"},\"query-input\":{\"@type\":\"PropertyValueSpecification\",\"valueRequired\":true,\"valueName\":\"search_term_string\"}}],\"inLanguage\":\"en-GB\"},{\"@type\":\"Organization\",\"@id\":\"https:\/\/dr-thomas-pauly.de\/#organization\",\"name\":\"Dr Thomas Pauly\",\"url\":\"https:\/\/dr-thomas-pauly.de\/\",\"logo\":{\"@type\":\"ImageObject\",\"inLanguage\":\"en-GB\",\"@id\":\"https:\/\/dr-thomas-pauly.de\/#\/schema\/logo\/image\/\",\"url\":\"https:\/\/dr-thomas-pauly.de\/wp-content\/uploads\/2019\/12\/logo-dr-thomas-pauly.png\",\"contentUrl\":\"https:\/\/dr-thomas-pauly.de\/wp-content\/uploads\/2019\/12\/logo-dr-thomas-pauly.png\",\"width\":804,\"height\":772,\"caption\":\"Dr Thomas Pauly\"},\"image\":{\"@id\":\"https:\/\/dr-thomas-pauly.de\/#\/schema\/logo\/image\/\"},\"sameAs\":[\"https:\/\/x.com\/koe94\",\"http:\/\/dr-thomas-pauly\"]}]}<\/script>\n<!-- \/ Yoast SEO plugin. -->","yoast_head_json":{"title":"Einlagenversorgung - Dr. Thomas Pauly - K\u00f6nigsallee 94 in D\u00fcsseldorf","description":"Versorgung mit Einlagen und Schuh-Zurichtung in der orthop\u00e4dischen Privatpraxis Dr. med. Thomas Pauly auf der K\u00f6nigsallee 94 in D\u00fcsseldorf.","robots":{"index":"index","follow":"follow","max-snippet":"max-snippet:-1","max-image-preview":"max-image-preview:large","max-video-preview":"max-video-preview:-1"},"canonical":"https:\/\/dr-thomas-pauly.de\/en\/einlagenversorgung\/","og_locale":"en_GB","og_type":"article","og_title":"Einlagenversorgung - Dr. Thomas Pauly - K\u00f6nigsallee 94 in D\u00fcsseldorf","og_description":"Versorgung mit Einlagen und Schuh-Zurichtung in der orthop\u00e4dischen Privatpraxis Dr. med. Thomas Pauly auf der K\u00f6nigsallee 94 in D\u00fcsseldorf.","og_url":"https:\/\/dr-thomas-pauly.de\/en\/einlagenversorgung\/","og_site_name":"Dr. Thomas Pauly","article_modified_time":"2020-06-06T10:32:05+00:00","og_image":[{"url":"https:\/\/dr-thomas-pauly.de\/wp-content\/uploads\/2020\/05\/orthopaedische-einlagen-duesseldorf-koenigsallee-praxis-orthopaedie-head-1024x305.jpg","type":"","width":"","height":""}],"twitter_card":"summary_large_image","twitter_site":"@koe94","twitter_misc":{"Estimated reading time":"1 minute"},"schema":{"@context":"https:\/\/schema.org","@graph":[{"@type":"WebPage","@id":"https:\/\/dr-thomas-pauly.de\/einlagenversorgung\/","url":"https:\/\/dr-thomas-pauly.de\/einlagenversorgung\/","name":"Einlagenversorgung - Dr. Thomas Pauly - K\u00f6nigsallee 94 in D\u00fcsseldorf","isPartOf":{"@id":"https:\/\/dr-thomas-pauly.de\/#website"},"primaryImageOfPage":{"@id":"https:\/\/dr-thomas-pauly.de\/einlagenversorgung\/#primaryimage"},"image":{"@id":"https:\/\/dr-thomas-pauly.de\/einlagenversorgung\/#primaryimage"},"thumbnailUrl":"https:\/\/dr-thomas-pauly.de\/wp-content\/uploads\/2020\/05\/orthopaedische-einlagen-duesseldorf-koenigsallee-praxis-orthopaedie-head-1024x305.jpg","datePublished":"2018-08-25T02:22:37+00:00","dateModified":"2020-06-06T10:32:05+00:00","description":"Versorgung mit Einlagen und Schuh-Zurichtung in der orthop\u00e4dischen Privatpraxis Dr. med. Thomas Pauly auf der K\u00f6nigsallee 94 in D\u00fcsseldorf.","breadcrumb":{"@id":"https:\/\/dr-thomas-pauly.de\/einlagenversorgung\/#breadcrumb"},"inLanguage":"en-GB","potentialAction":[{"@type":"ReadAction","target":["https:\/\/dr-thomas-pauly.de\/einlagenversorgung\/"]}]},{"@type":"ImageObject","inLanguage":"en-GB","@id":"https:\/\/dr-thomas-pauly.de\/einlagenversorgung\/#primaryimage","url":"https:\/\/dr-thomas-pauly.de\/wp-content\/uploads\/2020\/05\/orthopaedische-einlagen-duesseldorf-koenigsallee-praxis-orthopaedie-head-1024x305.jpg","contentUrl":"https:\/\/dr-thomas-pauly.de\/wp-content\/uploads\/2020\/05\/orthopaedische-einlagen-duesseldorf-koenigsallee-praxis-orthopaedie-head-1024x305.jpg"},{"@type":"BreadcrumbList","@id":"https:\/\/dr-thomas-pauly.de\/einlagenversorgung\/#breadcrumb","itemListElement":[{"@type":"ListItem","position":1,"name":"Startseite","item":"https:\/\/dr-thomas-pauly.de\/"},{"@type":"ListItem","position":2,"name":"Einlagenversorgung"}]},{"@type":"WebSite","@id":"https:\/\/dr-thomas-pauly.de\/#website","url":"https:\/\/dr-thomas-pauly.de\/","name":"Dr. Thomas Pauly","description":"Orthop\u00e4dische Privatpraxis K\u00f6nigsallee 94 in D\u00fcsseldorf.","publisher":{"@id":"https:\/\/dr-thomas-pauly.de\/#organization"},"potentialAction":[{"@type":"SearchAction","target":{"@type":"EntryPoint","urlTemplate":"https:\/\/dr-thomas-pauly.de\/?s={search_term_string}"},"query-input":{"@type":"PropertyValueSpecification","valueRequired":true,"valueName":"search_term_string"}}],"inLanguage":"en-GB"},{"@type":"Organization","@id":"https:\/\/dr-thomas-pauly.de\/#organization","name":"Dr Thomas Pauly","url":"https:\/\/dr-thomas-pauly.de\/","logo":{"@type":"ImageObject","inLanguage":"en-GB","@id":"https:\/\/dr-thomas-pauly.de\/#\/schema\/logo\/image\/","url":"https:\/\/dr-thomas-pauly.de\/wp-content\/uploads\/2019\/12\/logo-dr-thomas-pauly.png","contentUrl":"https:\/\/dr-thomas-pauly.de\/wp-content\/uploads\/2019\/12\/logo-dr-thomas-pauly.png","width":804,"height":772,"caption":"Dr Thomas Pauly"},"image":{"@id":"https:\/\/dr-thomas-pauly.de\/#\/schema\/logo\/image\/"},"sameAs":["https:\/\/x.com\/koe94","http:\/\/dr-thomas-pauly"]}]}},"_links":{"self":[{"href":"https:\/\/dr-thomas-pauly.de\/en\/wp-json\/wp\/v2\/pages\/239","targetHints":{"allow":["GET"]}}],"collection":[{"href":"https:\/\/dr-thomas-pauly.de\/en\/wp-json\/wp\/v2\/pages"}],"about":[{"href":"https:\/\/dr-thomas-pauly.de\/en\/wp-json\/wp\/v2\/types\/page"}],"author":[{"embeddable":true,"href":"https:\/\/dr-thomas-pauly.de\/en\/wp-json\/wp\/v2\/users\/1"}],"replies":[{"embeddable":true,"href":"https:\/\/dr-thomas-pauly.de\/en\/wp-json\/wp\/v2\/comments?post=239"}],"version-history":[{"count":7,"href":"https:\/\/dr-thomas-pauly.de\/en\/wp-json\/wp\/v2\/pages\/239\/revisions"}],"predecessor-version":[{"id":2000,"href":"https:\/\/dr-thomas-pauly.de\/en\/wp-json\/wp\/v2\/pages\/239\/revisions\/2000"}],"wp:attachment":[{"href":"https:\/\/dr-thomas-pauly.de\/en\/wp-json\/wp\/v2\/media?parent=239"}],"curies":[{"name":"wp","href":"https:\/\/api.w.org\/{rel}","templated":true}]}}