{"id":256,"date":"2018-08-25T04:27:12","date_gmt":"2018-08-25T02:27:12","guid":{"rendered":"https:\/\/lo-werbung.de\/dr-pauly-2018\/?page_id=256"},"modified":"2020-06-06T12:32:49","modified_gmt":"2020-06-06T10:32:49","slug":"arthrosebehandlung","status":"publish","type":"page","link":"https:\/\/dr-thomas-pauly.de\/en\/arthrosebehandlung\/","title":{"rendered":"Osteoarthritis Therapy"},"content":{"rendered":"<div data-elementor-type=\"wp-post\" data-elementor-id=\"256\" class=\"elementor elementor-256\" data-elementor-post-type=\"page\">\n\t\t\t\t\t\t<section class=\"elementor-section elementor-top-section elementor-element elementor-element-403a0462 elementor-section-boxed elementor-section-height-default elementor-section-height-default\" data-id=\"403a0462\" data-element_type=\"section\" data-settings=\"{&quot;background_background&quot;:&quot;gradient&quot;}\">\n\t\t\t\t\t\t<div class=\"elementor-container elementor-column-gap-default\">\n\t\t\t\t\t<div class=\"elementor-column elementor-col-100 elementor-top-column elementor-element elementor-element-563234bd\" data-id=\"563234bd\" data-element_type=\"column\">\n\t\t\t<div class=\"elementor-widget-wrap elementor-element-populated\">\n\t\t\t\t\t\t<div class=\"elementor-element elementor-element-2b458025 elementor-widget elementor-widget-image\" data-id=\"2b458025\" data-element_type=\"widget\" data-widget_type=\"image.default\">\n\t\t\t\t<div class=\"elementor-widget-container\">\n\t\t\t\t\t\t\t\t\t\t\t\t\t\t\t<img fetchpriority=\"high\" decoding=\"async\" width=\"1536\" height=\"458\" src=\"https:\/\/dr-thomas-pauly.de\/wp-content\/uploads\/2020\/05\/arthrose-behandlung-duesseldorf-koenigsallee-orthopaede-pauly-header-1536x458.jpg\" class=\"attachment-1536x1536 size-1536x1536 wp-image-1891\" alt=\"\" srcset=\"https:\/\/dr-thomas-pauly.de\/wp-content\/uploads\/2020\/05\/arthrose-behandlung-duesseldorf-koenigsallee-orthopaede-pauly-header-1536x458.jpg 1536w, https:\/\/dr-thomas-pauly.de\/wp-content\/uploads\/2020\/05\/arthrose-behandlung-duesseldorf-koenigsallee-orthopaede-pauly-header-300x89.jpg 300w, https:\/\/dr-thomas-pauly.de\/wp-content\/uploads\/2020\/05\/arthrose-behandlung-duesseldorf-koenigsallee-orthopaede-pauly-header-1024x305.jpg 1024w, https:\/\/dr-thomas-pauly.de\/wp-content\/uploads\/2020\/05\/arthrose-behandlung-duesseldorf-koenigsallee-orthopaede-pauly-header-768x229.jpg 768w, https:\/\/dr-thomas-pauly.de\/wp-content\/uploads\/2020\/05\/arthrose-behandlung-duesseldorf-koenigsallee-orthopaede-pauly-header.jpg 2000w\" sizes=\"(max-width: 1536px) 100vw, 1536px\" \/>\t\t\t\t\t\t\t\t\t\t\t\t\t\t\t<\/div>\n\t\t\t\t<\/div>\n\t\t\t\t\t<\/div>\n\t\t<\/div>\n\t\t\t\t\t<\/div>\n\t\t<\/section>\n\t\t\t\t<section class=\"elementor-section elementor-top-section elementor-element elementor-element-235fca79 elementor-section-boxed elementor-section-height-default elementor-section-height-default\" data-id=\"235fca79\" data-element_type=\"section\">\n\t\t\t\t\t\t<div class=\"elementor-container elementor-column-gap-default\">\n\t\t\t\t\t<div class=\"elementor-column elementor-col-50 elementor-top-column elementor-element elementor-element-16852def\" data-id=\"16852def\" data-element_type=\"column\">\n\t\t\t<div class=\"elementor-widget-wrap elementor-element-populated\">\n\t\t\t\t\t\t<div class=\"elementor-element elementor-element-64bb5456 box-white elementor-widget elementor-widget-text-editor\" data-id=\"64bb5456\" data-element_type=\"widget\" data-widget_type=\"text-editor.default\">\n\t\t\t\t<div class=\"elementor-widget-container\">\n\t\t\t\t\t\t\t\t\t<h1>Private Clinic Dr. Thomas Pauly \u2013 Osteoarthritis Therapy:<\/h1><p>Osteoarthritis, also called \u201cdegenerative joint disease\u201d, is a disease that slowly progresses over many years. At the beginning, patients only complain about pain at the beginning of a movement, later also at rest. Osteoarthritis is usually associated with inflammations which in turn promote degeneration and can cause pain and restricted movement.<\/p><p>We use Pulsed Signal Therapy (PST) or local injections of hyaluronic acid to treat the degeneration of joints without any side effects.<\/p><p>Pulsed Signal Therapy is an alternative form of therapy, i.e., a therapeutic concept not considered part of conventional medicine for the treatment of joint and spine problems. The goal of PST is to alleviate the pain and accelerate the healing process.<\/p><p>In terms of theory, the approach used for Pulsed Signal Therapy is that each joint is surrounded by an electric field and that the pulsed signals have a curative effect on these fields.<\/p><div><span style=\"font-size: 0.9rem;\">Hyaluronic acid is a natural substance which is found in the human body wherever moisture is to be stored and where tissues rub against one another. It can fill in joints, absorb and store moisture in enormous quantities, act as a lubricant, but also act as the transport medium for nutrients or as a filter against inflammatory molecules.<\/span><\/div><p>Autologous blood therapy is known as ACP and has been thoroughly researched. ACP stands for \u2018Autologous Conditioned Plasma\u2019. Autologous means the body's own, conditioned means 'biologically enriched' and plasma is a component of the blood obtained by centrifugation.<\/p><p>\u064a\u062a\u0645 \u0627\u0644\u062d\u0635\u0648\u0644 \u0639\u0644\u0649 ACP \u0645\u0646 \u062f\u0645\u0643. \u0644\u0644\u0642\u064a\u0627\u0645 \u0628\u0630\u0644\u0643 \u060c \u064a\u062a\u0645 \u0623\u062e\u0630 \u0643\u0645\u064a\u0629 \u0635\u063a\u064a\u0631\u0629 \u0645\u0646 \u0627\u0644\u062f\u0645 (10-15 \u0645\u0644) \u0645\u0646 \u0648\u0631\u064a\u062f \u0627\u0644\u0630\u0631\u0627\u0639. \u0641\u064a \u062e\u0637\u0648\u0629 \u062b\u0627\u0646\u064a\u0629 \u060c \u064a\u062a\u0645 \u0641\u0635\u0644 ACP \u0639\u0646 \u0645\u0643\u0648\u0646\u0627\u062a \u0627\u0644\u062f\u0645 \u0627\u0644\u0645\u062a\u0628\u0642\u064a\u0629 \u0639\u0646 \u0637\u0631\u064a\u0642 \u062c\u0647\u0627\u0632 \u0637\u0631\u062f \u0645\u0631\u0643\u0632\u064a \u062b\u0645 \u064a\u062a\u0645 \u062d\u0642\u0646\u0647 \u0641\u064a \u0627\u0644\u0623\u0648\u062a\u0627\u0631 \u0627\u0644\u0645\u0635\u0627\u0628\u0629 \u0623\u0648 \u0623\u0642\u0633\u0627\u0645 \u0627\u0644\u0639\u0636\u0644\u0627\u062a \u0623\u0648 \u0641\u064a \u0627\u0644\u0645\u0641\u0627\u0635\u0644.<\/p><p><span style=\"font-size: 0.9rem;\">We inject hyaluronic acid under sterile conditions while monitoring through ultrasound and have seen significant improvement of the complaints in a high percentage of our patients (approx. 70%).<\/span><\/p><p>The costs involved in any therapy should be discussed with your private health insurance beforehand. You will be individually informed about the costs as part of your treatment plan.<\/p><p>\u00a0<\/p><p><span style=\"font-size: 14.4px;\">\u00a0<\/span><\/p><p>\u00a0<\/p><p>\u00a0<\/p><p>\u00a0<\/p><p>\u00a0<\/p><p>\u00a0<\/p><p>\u00a0<\/p>\t\t\t\t\t\t\t\t<\/div>\n\t\t\t\t<\/div>\n\t\t\t\t\t<\/div>\n\t\t<\/div>\n\t\t\t\t<div class=\"elementor-column elementor-col-50 elementor-top-column elementor-element elementor-element-6ce129ed box-vertical\" data-id=\"6ce129ed\" data-element_type=\"column\" data-settings=\"{&quot;background_background&quot;:&quot;classic&quot;}\">\n\t\t\t<div class=\"elementor-widget-wrap elementor-element-populated\">\n\t\t\t\t\t\t<div class=\"elementor-element elementor-element-43bfd605 elementor-widget elementor-widget-accordion\" data-id=\"43bfd605\" data-element_type=\"widget\" data-widget_type=\"accordion.default\">\n\t\t\t\t<div class=\"elementor-widget-container\">\n\t\t\t\t\t\t\t<div class=\"elementor-accordion\">\n\t\t\t\t\t\t\t<div class=\"elementor-accordion-item\">\n\t\t\t\t\t<div id=\"elementor-tab-title-1131\" class=\"elementor-tab-title\" data-tab=\"1\" role=\"button\" aria-controls=\"elementor-tab-content-1131\" aria-expanded=\"false\">\n\t\t\t\t\t\t\t\t\t\t\t\t\t<span class=\"elementor-accordion-icon elementor-accordion-icon-left\" aria-hidden=\"true\">\n\t\t\t\t\t\t\t\t\t\t\t\t\t\t\t<i class=\"elementor-accordion-icon-closed fa fa-toggle-down\"><\/i>\n\t\t\t\t\t\t\t\t<i class=\"elementor-accordion-icon-opened fa fa-toggle-up\"><\/i>\n\t\t\t\t\t\t\t\t\t\t\t\t\t\t<\/span>\n\t\t\t\t\t\t\t\t\t\t\t\t<a class=\"elementor-accordion-title\" tabindex=\"0\">Navigation clinic <\/a>\n\t\t\t\t\t<\/div>\n\t\t\t\t\t<div id=\"elementor-tab-content-1131\" class=\"elementor-tab-content elementor-clearfix\" data-tab=\"1\" role=\"region\" aria-labelledby=\"elementor-tab-title-1131\"><\/div>\n\t\t\t\t<\/div>\n\t\t\t\t\t\t\t\t<\/div>\n\t\t\t\t\t\t<\/div>\n\t\t\t\t<\/div>\n\t\t\t\t<div class=\"elementor-element elementor-element-cd4129b elementor-widget elementor-widget-image\" data-id=\"cd4129b\" data-element_type=\"widget\" data-widget_type=\"image.default\">\n\t\t\t\t<div class=\"elementor-widget-container\">\n\t\t\t\t\t\t\t\t\t\t\t\t\t\t\t<img decoding=\"async\" width=\"487\" height=\"649\" src=\"https:\/\/dr-thomas-pauly.de\/wp-content\/uploads\/2020\/05\/arthrose-behandlung-duesseldorf-koenigsallee-orthopaede-thomas-pauly.jpg\" class=\"attachment-large size-large wp-image-1890\" alt=\"\" srcset=\"https:\/\/dr-thomas-pauly.de\/wp-content\/uploads\/2020\/05\/arthrose-behandlung-duesseldorf-koenigsallee-orthopaede-thomas-pauly.jpg 487w, https:\/\/dr-thomas-pauly.de\/wp-content\/uploads\/2020\/05\/arthrose-behandlung-duesseldorf-koenigsallee-orthopaede-thomas-pauly-225x300.jpg 225w\" sizes=\"(max-width: 487px) 100vw, 487px\" \/>\t\t\t\t\t\t\t\t\t\t\t\t\t\t\t<\/div>\n\t\t\t\t<\/div>\n\t\t\t\t<section class=\"elementor-section elementor-inner-section elementor-element elementor-element-14c64ba1 elementor-section-boxed elementor-section-height-default elementor-section-height-default\" data-id=\"14c64ba1\" data-element_type=\"section\" data-settings=\"{&quot;background_background&quot;:&quot;classic&quot;}\">\n\t\t\t\t\t\t<div class=\"elementor-container elementor-column-gap-default\">\n\t\t\t\t\t<div class=\"elementor-column elementor-col-100 elementor-inner-column elementor-element elementor-element-7d65f8c6\" data-id=\"7d65f8c6\" data-element_type=\"column\" data-settings=\"{&quot;background_background&quot;:&quot;classic&quot;}\">\n\t\t\t<div class=\"elementor-widget-wrap elementor-element-populated\">\n\t\t\t\t\t\t\t<\/div>\n\t\t<\/div>\n\t\t\t\t\t<\/div>\n\t\t<\/section>\n\t\t\t\t<div class=\"elementor-element elementor-element-512cd5f7 elementor-widget elementor-widget-text-editor\" data-id=\"512cd5f7\" data-element_type=\"widget\" data-widget_type=\"text-editor.default\">\n\t\t\t\t<div class=\"elementor-widget-container\">\n\t\t\t\t\t\t\t\t\t<p style=\"text-align: left;\">The Private Orthopedics Practice Dr. Thomas Pauly is located at K\u00f6nigsallee 94 in D\u00fcsseldorf.<\/p><p style=\"text-align: left;\">Office hours: You can reach us from Monday to Friday from 7:00 am to 8:00 pm, as well as Saturdays as needed.<\/p><p style=\"text-align: left;\">Phone:\u00a0<a href=\"https:\/\/dr-thomas-pauly.de\/en\/kontakt\/\">0211 300 40 383<\/a><\/p><p style=\"text-align: left;\">E-mail:\u00a0<a href=\"mailto:praxis@dr-thomas-pauly.de\">clinic@dr-thomas-pauly.de<\/a>.<\/p><p style=\"text-align: left;\"><a class=\"pauly-button\" href=\"http:\/\/kontakt\">Make an appointment!<\/a><\/p>\t\t\t\t\t\t\t\t<\/div>\n\t\t\t\t<\/div>\n\t\t\t\t\t<\/div>\n\t\t<\/div>\n\t\t\t\t\t<\/div>\n\t\t<\/section>\n\t\t\t\t<\/div>","protected":false},"excerpt":{"rendered":"<p>Privatpraxis Dr. med. Thomas Pauly \u2013 Arthrosebehandlung Arthrose oder auch Gelenkverschlei\u00df genannt ist ein langj\u00e4hriger, schleichender Prozess. Arthrosen gehen mit Entz\u00fcndungen einher, die wiederum den Verschlei\u00df verst\u00e4rken und Schmerzen und Bewegungseinschr\u00e4nkungen verursachen k\u00f6nnen. Wir behandeln den Verschlei\u00df der Gelenke nebenwirkungsfrei mit der Pulsierenden Signaltherapie (PST) oder mit lokalen Hyalurons\u00e4ure. Bei der Pulsierenden Signaltherapie handelt es [&hellip;]<\/p>","protected":false},"author":1,"featured_media":0,"parent":0,"menu_order":0,"comment_status":"closed","ping_status":"closed","template":"","meta":{"footnotes":""},"class_list":["post-256","page","type-page","status-publish","hentry"],"yoast_head":"<!-- This site is optimized with the Yoast SEO plugin v25.4 - https:\/\/yoast.com\/wordpress\/plugins\/seo\/ -->\n<title>Arthrosebehandlung - Privatpraxis Dr. Thomas Pauly in D\u00fcsseldorf<\/title>\n<meta name=\"description\" content=\"Arthrosebehandlung - Behandlunge von Arthrose (Gelenkverschlei\u00df)in der Privatpraxis Dr. med. Thomas Pauly auf der K\u00f6nigsallee 94 in D\u00fcsseldorf\" \/>\n<meta name=\"robots\" content=\"index, follow, max-snippet:-1, max-image-preview:large, max-video-preview:-1\" \/>\n<link rel=\"canonical\" href=\"https:\/\/dr-thomas-pauly.de\/en\/arthrosebehandlung\/\" \/>\n<meta property=\"og:locale\" content=\"en_GB\" \/>\n<meta property=\"og:type\" content=\"article\" \/>\n<meta property=\"og:title\" content=\"Arthrosebehandlung - Privatpraxis Dr. Thomas Pauly in D\u00fcsseldorf\" \/>\n<meta property=\"og:description\" content=\"Arthrosebehandlung - Behandlunge von Arthrose (Gelenkverschlei\u00df)in der Privatpraxis Dr. med. Thomas Pauly auf der K\u00f6nigsallee 94 in D\u00fcsseldorf\" \/>\n<meta property=\"og:url\" content=\"https:\/\/dr-thomas-pauly.de\/en\/arthrosebehandlung\/\" \/>\n<meta property=\"og:site_name\" content=\"Dr. Thomas Pauly\" \/>\n<meta property=\"article:modified_time\" content=\"2020-06-06T10:32:49+00:00\" \/>\n<meta property=\"og:image\" content=\"https:\/\/dr-thomas-pauly.de\/wp-content\/uploads\/2020\/05\/arthrose-behandlung-duesseldorf-koenigsallee-orthopaede-pauly-header-1536x458.jpg\" \/>\n<meta name=\"twitter:card\" content=\"summary_large_image\" \/>\n<meta name=\"twitter:site\" content=\"@koe94\" \/>\n<meta name=\"twitter:label1\" content=\"Estimated reading time\" \/>\n\t<meta name=\"twitter:data1\" content=\"2 minutes\" \/>\n<script type=\"application\/ld+json\" class=\"yoast-schema-graph\">{\"@context\":\"https:\/\/schema.org\",\"@graph\":[{\"@type\":\"WebPage\",\"@id\":\"https:\/\/dr-thomas-pauly.de\/ar\/arthrosebehandlung\/\",\"url\":\"https:\/\/dr-thomas-pauly.de\/ar\/arthrosebehandlung\/\",\"name\":\"Arthrosebehandlung - Privatpraxis Dr. Thomas Pauly in D\u00fcsseldorf\",\"isPartOf\":{\"@id\":\"https:\/\/dr-thomas-pauly.de\/#website\"},\"primaryImageOfPage\":{\"@id\":\"https:\/\/dr-thomas-pauly.de\/ar\/arthrosebehandlung\/#primaryimage\"},\"image\":{\"@id\":\"https:\/\/dr-thomas-pauly.de\/ar\/arthrosebehandlung\/#primaryimage\"},\"thumbnailUrl\":\"https:\/\/dr-thomas-pauly.de\/wp-content\/uploads\/2020\/05\/arthrose-behandlung-duesseldorf-koenigsallee-orthopaede-pauly-header-1536x458.jpg\",\"datePublished\":\"2018-08-25T02:27:12+00:00\",\"dateModified\":\"2020-06-06T10:32:49+00:00\",\"description\":\"Arthrosebehandlung - Behandlunge von Arthrose (Gelenkverschlei\u00df)in der Privatpraxis Dr. med. Thomas Pauly auf der K\u00f6nigsallee 94 in D\u00fcsseldorf\",\"breadcrumb\":{\"@id\":\"https:\/\/dr-thomas-pauly.de\/ar\/arthrosebehandlung\/#breadcrumb\"},\"inLanguage\":\"en-GB\",\"potentialAction\":[{\"@type\":\"ReadAction\",\"target\":[\"https:\/\/dr-thomas-pauly.de\/ar\/arthrosebehandlung\/\"]}]},{\"@type\":\"ImageObject\",\"inLanguage\":\"en-GB\",\"@id\":\"https:\/\/dr-thomas-pauly.de\/ar\/arthrosebehandlung\/#primaryimage\",\"url\":\"https:\/\/dr-thomas-pauly.de\/wp-content\/uploads\/2020\/05\/arthrose-behandlung-duesseldorf-koenigsallee-orthopaede-pauly-header-1536x458.jpg\",\"contentUrl\":\"https:\/\/dr-thomas-pauly.de\/wp-content\/uploads\/2020\/05\/arthrose-behandlung-duesseldorf-koenigsallee-orthopaede-pauly-header-1536x458.jpg\"},{\"@type\":\"BreadcrumbList\",\"@id\":\"https:\/\/dr-thomas-pauly.de\/ar\/arthrosebehandlung\/#breadcrumb\",\"itemListElement\":[{\"@type\":\"ListItem\",\"position\":1,\"name\":\"Startseite\",\"item\":\"https:\/\/dr-thomas-pauly.de\/\"},{\"@type\":\"ListItem\",\"position\":2,\"name\":\"Arthrosebehandlung\"}]},{\"@type\":\"WebSite\",\"@id\":\"https:\/\/dr-thomas-pauly.de\/#website\",\"url\":\"https:\/\/dr-thomas-pauly.de\/\",\"name\":\"Dr. Thomas Pauly\",\"description\":\"Orthop\u00e4dische Privatpraxis K\u00f6nigsallee 94 in D\u00fcsseldorf.\",\"publisher\":{\"@id\":\"https:\/\/dr-thomas-pauly.de\/#organization\"},\"potentialAction\":[{\"@type\":\"SearchAction\",\"target\":{\"@type\":\"EntryPoint\",\"urlTemplate\":\"https:\/\/dr-thomas-pauly.de\/?s={search_term_string}\"},\"query-input\":{\"@type\":\"PropertyValueSpecification\",\"valueRequired\":true,\"valueName\":\"search_term_string\"}}],\"inLanguage\":\"en-GB\"},{\"@type\":\"Organization\",\"@id\":\"https:\/\/dr-thomas-pauly.de\/#organization\",\"name\":\"Dr Thomas Pauly\",\"url\":\"https:\/\/dr-thomas-pauly.de\/\",\"logo\":{\"@type\":\"ImageObject\",\"inLanguage\":\"en-GB\",\"@id\":\"https:\/\/dr-thomas-pauly.de\/#\/schema\/logo\/image\/\",\"url\":\"https:\/\/dr-thomas-pauly.de\/wp-content\/uploads\/2019\/12\/logo-dr-thomas-pauly.png\",\"contentUrl\":\"https:\/\/dr-thomas-pauly.de\/wp-content\/uploads\/2019\/12\/logo-dr-thomas-pauly.png\",\"width\":804,\"height\":772,\"caption\":\"Dr Thomas Pauly\"},\"image\":{\"@id\":\"https:\/\/dr-thomas-pauly.de\/#\/schema\/logo\/image\/\"},\"sameAs\":[\"https:\/\/x.com\/koe94\",\"http:\/\/dr-thomas-pauly\"]}]}<\/script>\n<!-- \/ Yoast SEO plugin. -->","yoast_head_json":{"title":"Arthrosebehandlung - Privatpraxis Dr. Thomas Pauly in D\u00fcsseldorf","description":"Arthrosebehandlung - Behandlunge von Arthrose (Gelenkverschlei\u00df)in der Privatpraxis Dr. med. Thomas Pauly auf der K\u00f6nigsallee 94 in D\u00fcsseldorf","robots":{"index":"index","follow":"follow","max-snippet":"max-snippet:-1","max-image-preview":"max-image-preview:large","max-video-preview":"max-video-preview:-1"},"canonical":"https:\/\/dr-thomas-pauly.de\/en\/arthrosebehandlung\/","og_locale":"en_GB","og_type":"article","og_title":"Arthrosebehandlung - Privatpraxis Dr. Thomas Pauly in D\u00fcsseldorf","og_description":"Arthrosebehandlung - Behandlunge von Arthrose (Gelenkverschlei\u00df)in der Privatpraxis Dr. med. Thomas Pauly auf der K\u00f6nigsallee 94 in D\u00fcsseldorf","og_url":"https:\/\/dr-thomas-pauly.de\/en\/arthrosebehandlung\/","og_site_name":"Dr. Thomas Pauly","article_modified_time":"2020-06-06T10:32:49+00:00","og_image":[{"url":"https:\/\/dr-thomas-pauly.de\/wp-content\/uploads\/2020\/05\/arthrose-behandlung-duesseldorf-koenigsallee-orthopaede-pauly-header-1536x458.jpg","type":"","width":"","height":""}],"twitter_card":"summary_large_image","twitter_site":"@koe94","twitter_misc":{"Estimated reading time":"2 minutes"},"schema":{"@context":"https:\/\/schema.org","@graph":[{"@type":"WebPage","@id":"https:\/\/dr-thomas-pauly.de\/ar\/arthrosebehandlung\/","url":"https:\/\/dr-thomas-pauly.de\/ar\/arthrosebehandlung\/","name":"Arthrosebehandlung - Privatpraxis Dr. Thomas Pauly in D\u00fcsseldorf","isPartOf":{"@id":"https:\/\/dr-thomas-pauly.de\/#website"},"primaryImageOfPage":{"@id":"https:\/\/dr-thomas-pauly.de\/ar\/arthrosebehandlung\/#primaryimage"},"image":{"@id":"https:\/\/dr-thomas-pauly.de\/ar\/arthrosebehandlung\/#primaryimage"},"thumbnailUrl":"https:\/\/dr-thomas-pauly.de\/wp-content\/uploads\/2020\/05\/arthrose-behandlung-duesseldorf-koenigsallee-orthopaede-pauly-header-1536x458.jpg","datePublished":"2018-08-25T02:27:12+00:00","dateModified":"2020-06-06T10:32:49+00:00","description":"Arthrosebehandlung - Behandlunge von Arthrose (Gelenkverschlei\u00df)in der Privatpraxis Dr. med. Thomas Pauly auf der K\u00f6nigsallee 94 in D\u00fcsseldorf","breadcrumb":{"@id":"https:\/\/dr-thomas-pauly.de\/ar\/arthrosebehandlung\/#breadcrumb"},"inLanguage":"en-GB","potentialAction":[{"@type":"ReadAction","target":["https:\/\/dr-thomas-pauly.de\/ar\/arthrosebehandlung\/"]}]},{"@type":"ImageObject","inLanguage":"en-GB","@id":"https:\/\/dr-thomas-pauly.de\/ar\/arthrosebehandlung\/#primaryimage","url":"https:\/\/dr-thomas-pauly.de\/wp-content\/uploads\/2020\/05\/arthrose-behandlung-duesseldorf-koenigsallee-orthopaede-pauly-header-1536x458.jpg","contentUrl":"https:\/\/dr-thomas-pauly.de\/wp-content\/uploads\/2020\/05\/arthrose-behandlung-duesseldorf-koenigsallee-orthopaede-pauly-header-1536x458.jpg"},{"@type":"BreadcrumbList","@id":"https:\/\/dr-thomas-pauly.de\/ar\/arthrosebehandlung\/#breadcrumb","itemListElement":[{"@type":"ListItem","position":1,"name":"Startseite","item":"https:\/\/dr-thomas-pauly.de\/"},{"@type":"ListItem","position":2,"name":"Arthrosebehandlung"}]},{"@type":"WebSite","@id":"https:\/\/dr-thomas-pauly.de\/#website","url":"https:\/\/dr-thomas-pauly.de\/","name":"Dr. Thomas Pauly","description":"Orthop\u00e4dische Privatpraxis K\u00f6nigsallee 94 in D\u00fcsseldorf.","publisher":{"@id":"https:\/\/dr-thomas-pauly.de\/#organization"},"potentialAction":[{"@type":"SearchAction","target":{"@type":"EntryPoint","urlTemplate":"https:\/\/dr-thomas-pauly.de\/?s={search_term_string}"},"query-input":{"@type":"PropertyValueSpecification","valueRequired":true,"valueName":"search_term_string"}}],"inLanguage":"en-GB"},{"@type":"Organization","@id":"https:\/\/dr-thomas-pauly.de\/#organization","name":"Dr Thomas Pauly","url":"https:\/\/dr-thomas-pauly.de\/","logo":{"@type":"ImageObject","inLanguage":"en-GB","@id":"https:\/\/dr-thomas-pauly.de\/#\/schema\/logo\/image\/","url":"https:\/\/dr-thomas-pauly.de\/wp-content\/uploads\/2019\/12\/logo-dr-thomas-pauly.png","contentUrl":"https:\/\/dr-thomas-pauly.de\/wp-content\/uploads\/2019\/12\/logo-dr-thomas-pauly.png","width":804,"height":772,"caption":"Dr Thomas Pauly"},"image":{"@id":"https:\/\/dr-thomas-pauly.de\/#\/schema\/logo\/image\/"},"sameAs":["https:\/\/x.com\/koe94","http:\/\/dr-thomas-pauly"]}]}},"_links":{"self":[{"href":"https:\/\/dr-thomas-pauly.de\/en\/wp-json\/wp\/v2\/pages\/256","targetHints":{"allow":["GET"]}}],"collection":[{"href":"https:\/\/dr-thomas-pauly.de\/en\/wp-json\/wp\/v2\/pages"}],"about":[{"href":"https:\/\/dr-thomas-pauly.de\/en\/wp-json\/wp\/v2\/types\/page"}],"author":[{"embeddable":true,"href":"https:\/\/dr-thomas-pauly.de\/en\/wp-json\/wp\/v2\/users\/1"}],"replies":[{"embeddable":true,"href":"https:\/\/dr-thomas-pauly.de\/en\/wp-json\/wp\/v2\/comments?post=256"}],"version-history":[{"count":15,"href":"https:\/\/dr-thomas-pauly.de\/en\/wp-json\/wp\/v2\/pages\/256\/revisions"}],"predecessor-version":[{"id":2001,"href":"https:\/\/dr-thomas-pauly.de\/en\/wp-json\/wp\/v2\/pages\/256\/revisions\/2001"}],"wp:attachment":[{"href":"https:\/\/dr-thomas-pauly.de\/en\/wp-json\/wp\/v2\/media?parent=256"}],"curies":[{"name":"wp","href":"https:\/\/api.w.org\/{rel}","templated":true}]}}