{"id":262,"date":"2018-08-25T04:28:55","date_gmt":"2018-08-25T02:28:55","guid":{"rendered":"https:\/\/lo-werbung.de\/dr-pauly-2018\/?page_id=262"},"modified":"2020-06-06T12:39:10","modified_gmt":"2020-06-06T10:39:10","slug":"stand-ganganalyse","status":"publish","type":"page","link":"https:\/\/dr-thomas-pauly.de\/en\/stand-ganganalyse\/","title":{"rendered":"Stance and Gait Analysis"},"content":{"rendered":"<div data-elementor-type=\"wp-post\" data-elementor-id=\"262\" class=\"elementor elementor-262\" data-elementor-post-type=\"page\">\n\t\t\t\t\t\t<section class=\"elementor-section elementor-top-section elementor-element elementor-element-3feafa37 elementor-section-boxed elementor-section-height-default elementor-section-height-default\" data-id=\"3feafa37\" data-element_type=\"section\" data-settings=\"{&quot;background_background&quot;:&quot;gradient&quot;}\">\n\t\t\t\t\t\t<div class=\"elementor-container elementor-column-gap-default\">\n\t\t\t\t\t<div class=\"elementor-column elementor-col-100 elementor-top-column elementor-element elementor-element-32e724b4\" data-id=\"32e724b4\" data-element_type=\"column\">\n\t\t\t<div class=\"elementor-widget-wrap elementor-element-populated\">\n\t\t\t\t\t\t<div class=\"elementor-element elementor-element-4b1616d0 elementor-widget elementor-widget-image\" data-id=\"4b1616d0\" data-element_type=\"widget\" data-widget_type=\"image.default\">\n\t\t\t\t<div class=\"elementor-widget-container\">\n\t\t\t\t\t\t\t\t\t\t\t\t\t\t\t<img fetchpriority=\"high\" decoding=\"async\" width=\"1024\" height=\"307\" src=\"https:\/\/dr-thomas-pauly.de\/wp-content\/uploads\/2020\/05\/orthopaede-duesseldorf-dr-pauly-koenigsallee-praxis-orthopaedie-1-1024x307.jpg\" class=\"attachment-large size-large wp-image-1942\" alt=\"\" srcset=\"https:\/\/dr-thomas-pauly.de\/wp-content\/uploads\/2020\/05\/orthopaede-duesseldorf-dr-pauly-koenigsallee-praxis-orthopaedie-1-1024x307.jpg 1024w, https:\/\/dr-thomas-pauly.de\/wp-content\/uploads\/2020\/05\/orthopaede-duesseldorf-dr-pauly-koenigsallee-praxis-orthopaedie-1-300x90.jpg 300w, https:\/\/dr-thomas-pauly.de\/wp-content\/uploads\/2020\/05\/orthopaede-duesseldorf-dr-pauly-koenigsallee-praxis-orthopaedie-1-768x230.jpg 768w, https:\/\/dr-thomas-pauly.de\/wp-content\/uploads\/2020\/05\/orthopaede-duesseldorf-dr-pauly-koenigsallee-praxis-orthopaedie-1-1536x461.jpg 1536w, https:\/\/dr-thomas-pauly.de\/wp-content\/uploads\/2020\/05\/orthopaede-duesseldorf-dr-pauly-koenigsallee-praxis-orthopaedie-1.jpg 2000w\" sizes=\"(max-width: 1024px) 100vw, 1024px\" \/>\t\t\t\t\t\t\t\t\t\t\t\t\t\t\t<\/div>\n\t\t\t\t<\/div>\n\t\t\t\t\t<\/div>\n\t\t<\/div>\n\t\t\t\t\t<\/div>\n\t\t<\/section>\n\t\t\t\t<section class=\"elementor-section elementor-top-section elementor-element elementor-element-4264968 elementor-section-boxed elementor-section-height-default elementor-section-height-default\" data-id=\"4264968\" data-element_type=\"section\">\n\t\t\t\t\t\t<div class=\"elementor-container elementor-column-gap-default\">\n\t\t\t\t\t<div class=\"elementor-column elementor-col-50 elementor-top-column elementor-element elementor-element-d5b3a72\" data-id=\"d5b3a72\" data-element_type=\"column\">\n\t\t\t<div class=\"elementor-widget-wrap elementor-element-populated\">\n\t\t\t\t\t\t<div class=\"elementor-element elementor-element-a812147 box-white elementor-widget elementor-widget-text-editor\" data-id=\"a812147\" data-element_type=\"widget\" data-widget_type=\"text-editor.default\">\n\t\t\t\t<div class=\"elementor-widget-container\">\n\t\t\t\t\t\t\t\t\t<h1>Private Orthopedics Clinic Dr. Thomas Pauly \u2013 Stance and Dynamic Gait Analysis with Knee Alignment Measurement<\/h1><p>When you walk or run, do you apply stress predominantly to the heel, the midfoot or ball? What about your knee alignment? Do you have a varus (bowlegged) or valgus (knock-kneed) malalignment?<\/p><p><span style=\"font-size: 0.9rem;\">A dynamic gait analysis with knee alignment measurement will provide answers to the following questions: Are any corrections necessary, for instance, through orthotic insoles or shoe adjustments? Or does an orthotic device need to be prescribed? When it comes to sports, the foot and dynamic gait analysis (pedography) can be used to determine the most suitable athletic footwear.<\/span><\/p><p><span style=\"font-size: 0.9rem;\">It\u2019s important to break down the individual phases of the gait to understand exactly how the feet move when walking and running, taking knee alignment into account. Using electronic and dynamic pressure measurement allows for the distribution of pressure over the soles, possible knee malalignment and any strain on the spine to be determined objectively.<\/span><\/p><p><span style=\"font-size: 0.9rem;\">The Stance and Dynamic Gait Analysis is conducted using a treadmill equipped with electronic sensors. For the Stance Analysis, the patient stands on the (stationary) belt, while for the Dynamic Gait Analysis the patient walks on the (moving) belt. The forces impacting on the foot and the leg during the movement processes are recorded by a computer and then displayed graphically. This way, unequal load distributions on the body axes can be determined and corrected as needed.<\/span><\/p>\t\t\t\t\t\t\t\t<\/div>\n\t\t\t\t<\/div>\n\t\t\t\t\t<\/div>\n\t\t<\/div>\n\t\t\t\t<div class=\"elementor-column elementor-col-50 elementor-top-column elementor-element elementor-element-13c1ccd box-vertical\" data-id=\"13c1ccd\" data-element_type=\"column\" data-settings=\"{&quot;background_background&quot;:&quot;classic&quot;}\">\n\t\t\t<div class=\"elementor-widget-wrap elementor-element-populated\">\n\t\t\t\t\t\t<div class=\"elementor-element elementor-element-a2f4c03 elementor-widget elementor-widget-accordion\" data-id=\"a2f4c03\" data-element_type=\"widget\" data-widget_type=\"accordion.default\">\n\t\t\t\t<div class=\"elementor-widget-container\">\n\t\t\t\t\t\t\t<div class=\"elementor-accordion\">\n\t\t\t\t\t\t\t<div class=\"elementor-accordion-item\">\n\t\t\t\t\t<div id=\"elementor-tab-title-1701\" class=\"elementor-tab-title\" data-tab=\"1\" role=\"button\" aria-controls=\"elementor-tab-content-1701\" aria-expanded=\"false\">\n\t\t\t\t\t\t\t\t\t\t\t\t\t<span class=\"elementor-accordion-icon elementor-accordion-icon-left\" aria-hidden=\"true\">\n\t\t\t\t\t\t\t\t\t\t\t\t\t\t\t<i class=\"elementor-accordion-icon-closed fa fa-toggle-down\"><\/i>\n\t\t\t\t\t\t\t\t<i class=\"elementor-accordion-icon-opened fa fa-toggle-up\"><\/i>\n\t\t\t\t\t\t\t\t\t\t\t\t\t\t<\/span>\n\t\t\t\t\t\t\t\t\t\t\t\t<a class=\"elementor-accordion-title\" tabindex=\"0\">Postural Analysis<\/a>\n\t\t\t\t\t<\/div>\n\t\t\t\t\t<div id=\"elementor-tab-content-1701\" class=\"elementor-tab-content elementor-clearfix\" data-tab=\"1\" role=\"region\" aria-labelledby=\"elementor-tab-title-1701\"><\/div>\n\t\t\t\t<\/div>\n\t\t\t\t\t\t\t\t<\/div>\n\t\t\t\t\t\t<\/div>\n\t\t\t\t<\/div>\n\t\t\t\t<div class=\"elementor-element elementor-element-ec3529e elementor--h-position-center elementor--v-position-middle elementor-arrows-position-inside elementor-pagination-position-inside elementor-widget elementor-widget-slides\" data-id=\"ec3529e\" data-element_type=\"widget\" data-settings=\"{&quot;navigation&quot;:&quot;both&quot;,&quot;autoplay&quot;:&quot;yes&quot;,&quot;pause_on_hover&quot;:&quot;yes&quot;,&quot;pause_on_interaction&quot;:&quot;yes&quot;,&quot;autoplay_speed&quot;:5000,&quot;infinite&quot;:&quot;yes&quot;,&quot;transition&quot;:&quot;slide&quot;,&quot;transition_speed&quot;:500}\" data-widget_type=\"slides.default\">\n\t\t\t\t<div class=\"elementor-widget-container\">\n\t\t\t\t\t\t\t\t\t<div class=\"elementor-swiper\">\n\t\t\t\t\t<div class=\"elementor-slides-wrapper elementor-main-swiper swiper\" role=\"region\" aria-roledescription=\"carousel\" aria-label=\"Slides\" dir=\"ltr\" data-animation=\"fadeInUp\">\n\t\t\t\t<div class=\"swiper-wrapper elementor-slides\">\n\t\t\t\t\t\t\t\t\t\t<div class=\"elementor-repeater-item-796b496 swiper-slide\" role=\"group\" aria-roledescription=\"slide\"><div class=\"swiper-slide-bg\" role=\"img\"><\/div><div class=\"swiper-slide-inner\" ><div class=\"swiper-slide-contents\"><\/div><\/div><\/div><div class=\"elementor-repeater-item-af9ec4f swiper-slide\" role=\"group\" aria-roledescription=\"slide\"><div class=\"swiper-slide-bg\" role=\"img\"><\/div><div class=\"swiper-slide-inner\" ><div class=\"swiper-slide-contents\"><\/div><\/div><\/div>\t\t\t\t<\/div>\n\t\t\t\t\t\t\t\t\t\t\t\t\t\t\t<div class=\"elementor-swiper-button elementor-swiper-button-prev\" role=\"button\" tabindex=\"0\" aria-label=\"Previous slide\">\n\t\t\t\t\t\t\t<i aria-hidden=\"true\" class=\"eicon-chevron-left\"><\/i>\t\t\t\t\t\t<\/div>\n\t\t\t\t\t\t<div class=\"elementor-swiper-button elementor-swiper-button-next\" role=\"button\" tabindex=\"0\" aria-label=\"Next slide\">\n\t\t\t\t\t\t\t<i aria-hidden=\"true\" class=\"eicon-chevron-right\"><\/i>\t\t\t\t\t\t<\/div>\n\t\t\t\t\t\t\t\t\t\t\t\t\t\t\t\t<div class=\"swiper-pagination\"><\/div>\n\t\t\t\t\t\t\t\t\t\t\t\t<\/div>\n\t\t\t\t<\/div>\n\t\t\t\t\t\t\t\t<\/div>\n\t\t\t\t<\/div>\n\t\t\t\t<section class=\"elementor-section elementor-inner-section elementor-element elementor-element-08211f7 elementor-section-boxed elementor-section-height-default elementor-section-height-default\" data-id=\"08211f7\" data-element_type=\"section\" data-settings=\"{&quot;background_background&quot;:&quot;classic&quot;}\">\n\t\t\t\t\t\t<div class=\"elementor-container elementor-column-gap-default\">\n\t\t\t\t\t<div class=\"elementor-column elementor-col-100 elementor-inner-column elementor-element elementor-element-7588adb\" data-id=\"7588adb\" data-element_type=\"column\" data-settings=\"{&quot;background_background&quot;:&quot;classic&quot;}\">\n\t\t\t<div class=\"elementor-widget-wrap elementor-element-populated\">\n\t\t\t\t\t\t\t<\/div>\n\t\t<\/div>\n\t\t\t\t\t<\/div>\n\t\t<\/section>\n\t\t\t\t<div class=\"elementor-element elementor-element-a7d9351 elementor-widget elementor-widget-text-editor\" data-id=\"a7d9351\" data-element_type=\"widget\" data-widget_type=\"text-editor.default\">\n\t\t\t\t<div class=\"elementor-widget-container\">\n\t\t\t\t\t\t\t\t\t<p style=\"text-align: left;\">The Private Orthopedics Practice Dr. Thomas Pauly is located at K\u00f6nigsallee 94 in D\u00fcsseldorf.<\/p><p style=\"text-align: left;\">Office hours: You can reach us from Monday to Friday from 7:00 am to 8:00 pm, as well as Saturdays as needed.<\/p><p style=\"text-align: left;\">Phone:\u00a0<a href=\"https:\/\/dr-thomas-pauly.de\/en\/kontakt\/\">0211 300 40 383<\/a><\/p><p style=\"text-align: left;\">E-mail:\u00a0<a href=\"mailto:praxis@dr-thomas-pauly.de\">clinic@dr-thomas-pauly.de<\/a>.<\/p><p style=\"text-align: left;\"><a class=\"pauly-button\" href=\"http:\/\/kontakt\">Make an appointment!<\/a><\/p>\t\t\t\t\t\t\t\t<\/div>\n\t\t\t\t<\/div>\n\t\t\t\t\t<\/div>\n\t\t<\/div>\n\t\t\t\t\t<\/div>\n\t\t<\/section>\n\t\t\t\t<\/div>","protected":false},"excerpt":{"rendered":"<p>Privatpraxis Dr. med. Thomas Pauly \u2013 Stand- &amp; dynamische Ganganlyse mit gleichzeitiger Beinachsen-Vermessung Belasten Sie beim Gehen und Laufen \u00fcberwiegend die Ferse, den Mittelfu\u00df oder den Ballen? Wie sind die Beinachsen? Liegt eine O-Bein- oder X-Bein-Fehlstellung vor? Eine dynamische Gang-Analyse mit Beinachsen-Vermessung gibt Auskunft \u00fcber die Frage: Sind Korrekturen geboten, z.\u00a0B. mittels orthop\u00e4discher Schuh-Einlagen oder [&hellip;]<\/p>","protected":false},"author":1,"featured_media":0,"parent":0,"menu_order":0,"comment_status":"closed","ping_status":"closed","template":"","meta":{"footnotes":""},"class_list":["post-262","page","type-page","status-publish","hentry"],"yoast_head":"<!-- This site is optimized with the Yoast SEO plugin v25.4 - https:\/\/yoast.com\/wordpress\/plugins\/seo\/ -->\n<title>Stand- &amp; dynamische Ganganalyse | Orthop\u00e4de Dr. Pauly in D\u00fcsseldorf<\/title>\n<meta name=\"description\" content=\"Stand- &amp; dynamische Ganganalyse mit gleichzeitiger Beinachsen-Vermessung | Fehlbelastungen der K\u00f6rperachsen feststellen und korrigieren\" \/>\n<meta name=\"robots\" content=\"index, follow, max-snippet:-1, max-image-preview:large, max-video-preview:-1\" \/>\n<link rel=\"canonical\" href=\"https:\/\/dr-thomas-pauly.de\/en\/stand-ganganalyse\/\" \/>\n<meta property=\"og:locale\" content=\"en_GB\" \/>\n<meta property=\"og:type\" content=\"article\" \/>\n<meta property=\"og:title\" content=\"Stand- &amp; dynamische Ganganalyse | Orthop\u00e4de Dr. Pauly in D\u00fcsseldorf\" \/>\n<meta property=\"og:description\" content=\"Stand- &amp; dynamische Ganganalyse mit gleichzeitiger Beinachsen-Vermessung | Fehlbelastungen der K\u00f6rperachsen feststellen und korrigieren\" \/>\n<meta property=\"og:url\" content=\"https:\/\/dr-thomas-pauly.de\/en\/stand-ganganalyse\/\" \/>\n<meta property=\"og:site_name\" content=\"Dr. Thomas Pauly\" \/>\n<meta property=\"article:modified_time\" content=\"2020-06-06T10:39:10+00:00\" \/>\n<meta property=\"og:image\" content=\"https:\/\/dr-thomas-pauly.de\/wp-content\/uploads\/2020\/05\/orthopaede-duesseldorf-dr-pauly-koenigsallee-praxis-orthopaedie-1-1024x307.jpg\" \/>\n<meta name=\"twitter:card\" content=\"summary_large_image\" \/>\n<meta name=\"twitter:site\" content=\"@koe94\" \/>\n<meta name=\"twitter:label1\" content=\"Estimated reading time\" \/>\n\t<meta name=\"twitter:data1\" content=\"1 minute\" \/>\n<script type=\"application\/ld+json\" class=\"yoast-schema-graph\">{\"@context\":\"https:\/\/schema.org\",\"@graph\":[{\"@type\":\"WebPage\",\"@id\":\"https:\/\/dr-thomas-pauly.de\/stand-ganganalyse\/\",\"url\":\"https:\/\/dr-thomas-pauly.de\/stand-ganganalyse\/\",\"name\":\"Stand- & dynamische Ganganalyse | Orthop\u00e4de Dr. Pauly in D\u00fcsseldorf\",\"isPartOf\":{\"@id\":\"https:\/\/dr-thomas-pauly.de\/#website\"},\"primaryImageOfPage\":{\"@id\":\"https:\/\/dr-thomas-pauly.de\/stand-ganganalyse\/#primaryimage\"},\"image\":{\"@id\":\"https:\/\/dr-thomas-pauly.de\/stand-ganganalyse\/#primaryimage\"},\"thumbnailUrl\":\"https:\/\/dr-thomas-pauly.de\/wp-content\/uploads\/2020\/05\/orthopaede-duesseldorf-dr-pauly-koenigsallee-praxis-orthopaedie-1-1024x307.jpg\",\"datePublished\":\"2018-08-25T02:28:55+00:00\",\"dateModified\":\"2020-06-06T10:39:10+00:00\",\"description\":\"Stand- & dynamische Ganganalyse mit gleichzeitiger Beinachsen-Vermessung | Fehlbelastungen der K\u00f6rperachsen feststellen und korrigieren\",\"breadcrumb\":{\"@id\":\"https:\/\/dr-thomas-pauly.de\/stand-ganganalyse\/#breadcrumb\"},\"inLanguage\":\"en-GB\",\"potentialAction\":[{\"@type\":\"ReadAction\",\"target\":[\"https:\/\/dr-thomas-pauly.de\/stand-ganganalyse\/\"]}]},{\"@type\":\"ImageObject\",\"inLanguage\":\"en-GB\",\"@id\":\"https:\/\/dr-thomas-pauly.de\/stand-ganganalyse\/#primaryimage\",\"url\":\"https:\/\/dr-thomas-pauly.de\/wp-content\/uploads\/2020\/05\/orthopaede-duesseldorf-dr-pauly-koenigsallee-praxis-orthopaedie-1-1024x307.jpg\",\"contentUrl\":\"https:\/\/dr-thomas-pauly.de\/wp-content\/uploads\/2020\/05\/orthopaede-duesseldorf-dr-pauly-koenigsallee-praxis-orthopaedie-1-1024x307.jpg\"},{\"@type\":\"BreadcrumbList\",\"@id\":\"https:\/\/dr-thomas-pauly.de\/stand-ganganalyse\/#breadcrumb\",\"itemListElement\":[{\"@type\":\"ListItem\",\"position\":1,\"name\":\"Startseite\",\"item\":\"https:\/\/dr-thomas-pauly.de\/\"},{\"@type\":\"ListItem\",\"position\":2,\"name\":\"Stand- &#038; Ganganalyse\"}]},{\"@type\":\"WebSite\",\"@id\":\"https:\/\/dr-thomas-pauly.de\/#website\",\"url\":\"https:\/\/dr-thomas-pauly.de\/\",\"name\":\"Dr. Thomas Pauly\",\"description\":\"Orthop\u00e4dische Privatpraxis K\u00f6nigsallee 94 in D\u00fcsseldorf.\",\"publisher\":{\"@id\":\"https:\/\/dr-thomas-pauly.de\/#organization\"},\"potentialAction\":[{\"@type\":\"SearchAction\",\"target\":{\"@type\":\"EntryPoint\",\"urlTemplate\":\"https:\/\/dr-thomas-pauly.de\/?s={search_term_string}\"},\"query-input\":{\"@type\":\"PropertyValueSpecification\",\"valueRequired\":true,\"valueName\":\"search_term_string\"}}],\"inLanguage\":\"en-GB\"},{\"@type\":\"Organization\",\"@id\":\"https:\/\/dr-thomas-pauly.de\/#organization\",\"name\":\"Dr Thomas Pauly\",\"url\":\"https:\/\/dr-thomas-pauly.de\/\",\"logo\":{\"@type\":\"ImageObject\",\"inLanguage\":\"en-GB\",\"@id\":\"https:\/\/dr-thomas-pauly.de\/#\/schema\/logo\/image\/\",\"url\":\"https:\/\/dr-thomas-pauly.de\/wp-content\/uploads\/2019\/12\/logo-dr-thomas-pauly.png\",\"contentUrl\":\"https:\/\/dr-thomas-pauly.de\/wp-content\/uploads\/2019\/12\/logo-dr-thomas-pauly.png\",\"width\":804,\"height\":772,\"caption\":\"Dr Thomas Pauly\"},\"image\":{\"@id\":\"https:\/\/dr-thomas-pauly.de\/#\/schema\/logo\/image\/\"},\"sameAs\":[\"https:\/\/x.com\/koe94\",\"http:\/\/dr-thomas-pauly\"]}]}<\/script>\n<!-- \/ Yoast SEO plugin. -->","yoast_head_json":{"title":"Stand- & dynamische Ganganalyse | Orthop\u00e4de Dr. Pauly in D\u00fcsseldorf","description":"Stand- & dynamische Ganganalyse mit gleichzeitiger Beinachsen-Vermessung | Fehlbelastungen der K\u00f6rperachsen feststellen und korrigieren","robots":{"index":"index","follow":"follow","max-snippet":"max-snippet:-1","max-image-preview":"max-image-preview:large","max-video-preview":"max-video-preview:-1"},"canonical":"https:\/\/dr-thomas-pauly.de\/en\/stand-ganganalyse\/","og_locale":"en_GB","og_type":"article","og_title":"Stand- & dynamische Ganganalyse | Orthop\u00e4de Dr. Pauly in D\u00fcsseldorf","og_description":"Stand- & dynamische Ganganalyse mit gleichzeitiger Beinachsen-Vermessung | Fehlbelastungen der K\u00f6rperachsen feststellen und korrigieren","og_url":"https:\/\/dr-thomas-pauly.de\/en\/stand-ganganalyse\/","og_site_name":"Dr. Thomas Pauly","article_modified_time":"2020-06-06T10:39:10+00:00","og_image":[{"url":"https:\/\/dr-thomas-pauly.de\/wp-content\/uploads\/2020\/05\/orthopaede-duesseldorf-dr-pauly-koenigsallee-praxis-orthopaedie-1-1024x307.jpg","type":"","width":"","height":""}],"twitter_card":"summary_large_image","twitter_site":"@koe94","twitter_misc":{"Estimated reading time":"1 minute"},"schema":{"@context":"https:\/\/schema.org","@graph":[{"@type":"WebPage","@id":"https:\/\/dr-thomas-pauly.de\/stand-ganganalyse\/","url":"https:\/\/dr-thomas-pauly.de\/stand-ganganalyse\/","name":"Stand- & dynamische Ganganalyse | Orthop\u00e4de Dr. Pauly in D\u00fcsseldorf","isPartOf":{"@id":"https:\/\/dr-thomas-pauly.de\/#website"},"primaryImageOfPage":{"@id":"https:\/\/dr-thomas-pauly.de\/stand-ganganalyse\/#primaryimage"},"image":{"@id":"https:\/\/dr-thomas-pauly.de\/stand-ganganalyse\/#primaryimage"},"thumbnailUrl":"https:\/\/dr-thomas-pauly.de\/wp-content\/uploads\/2020\/05\/orthopaede-duesseldorf-dr-pauly-koenigsallee-praxis-orthopaedie-1-1024x307.jpg","datePublished":"2018-08-25T02:28:55+00:00","dateModified":"2020-06-06T10:39:10+00:00","description":"Stand- & dynamische Ganganalyse mit gleichzeitiger Beinachsen-Vermessung | Fehlbelastungen der K\u00f6rperachsen feststellen und korrigieren","breadcrumb":{"@id":"https:\/\/dr-thomas-pauly.de\/stand-ganganalyse\/#breadcrumb"},"inLanguage":"en-GB","potentialAction":[{"@type":"ReadAction","target":["https:\/\/dr-thomas-pauly.de\/stand-ganganalyse\/"]}]},{"@type":"ImageObject","inLanguage":"en-GB","@id":"https:\/\/dr-thomas-pauly.de\/stand-ganganalyse\/#primaryimage","url":"https:\/\/dr-thomas-pauly.de\/wp-content\/uploads\/2020\/05\/orthopaede-duesseldorf-dr-pauly-koenigsallee-praxis-orthopaedie-1-1024x307.jpg","contentUrl":"https:\/\/dr-thomas-pauly.de\/wp-content\/uploads\/2020\/05\/orthopaede-duesseldorf-dr-pauly-koenigsallee-praxis-orthopaedie-1-1024x307.jpg"},{"@type":"BreadcrumbList","@id":"https:\/\/dr-thomas-pauly.de\/stand-ganganalyse\/#breadcrumb","itemListElement":[{"@type":"ListItem","position":1,"name":"Startseite","item":"https:\/\/dr-thomas-pauly.de\/"},{"@type":"ListItem","position":2,"name":"Stand- &#038; Ganganalyse"}]},{"@type":"WebSite","@id":"https:\/\/dr-thomas-pauly.de\/#website","url":"https:\/\/dr-thomas-pauly.de\/","name":"Dr. Thomas Pauly","description":"Orthop\u00e4dische Privatpraxis K\u00f6nigsallee 94 in D\u00fcsseldorf.","publisher":{"@id":"https:\/\/dr-thomas-pauly.de\/#organization"},"potentialAction":[{"@type":"SearchAction","target":{"@type":"EntryPoint","urlTemplate":"https:\/\/dr-thomas-pauly.de\/?s={search_term_string}"},"query-input":{"@type":"PropertyValueSpecification","valueRequired":true,"valueName":"search_term_string"}}],"inLanguage":"en-GB"},{"@type":"Organization","@id":"https:\/\/dr-thomas-pauly.de\/#organization","name":"Dr Thomas Pauly","url":"https:\/\/dr-thomas-pauly.de\/","logo":{"@type":"ImageObject","inLanguage":"en-GB","@id":"https:\/\/dr-thomas-pauly.de\/#\/schema\/logo\/image\/","url":"https:\/\/dr-thomas-pauly.de\/wp-content\/uploads\/2019\/12\/logo-dr-thomas-pauly.png","contentUrl":"https:\/\/dr-thomas-pauly.de\/wp-content\/uploads\/2019\/12\/logo-dr-thomas-pauly.png","width":804,"height":772,"caption":"Dr Thomas Pauly"},"image":{"@id":"https:\/\/dr-thomas-pauly.de\/#\/schema\/logo\/image\/"},"sameAs":["https:\/\/x.com\/koe94","http:\/\/dr-thomas-pauly"]}]}},"_links":{"self":[{"href":"https:\/\/dr-thomas-pauly.de\/en\/wp-json\/wp\/v2\/pages\/262","targetHints":{"allow":["GET"]}}],"collection":[{"href":"https:\/\/dr-thomas-pauly.de\/en\/wp-json\/wp\/v2\/pages"}],"about":[{"href":"https:\/\/dr-thomas-pauly.de\/en\/wp-json\/wp\/v2\/types\/page"}],"author":[{"embeddable":true,"href":"https:\/\/dr-thomas-pauly.de\/en\/wp-json\/wp\/v2\/users\/1"}],"replies":[{"embeddable":true,"href":"https:\/\/dr-thomas-pauly.de\/en\/wp-json\/wp\/v2\/comments?post=262"}],"version-history":[{"count":11,"href":"https:\/\/dr-thomas-pauly.de\/en\/wp-json\/wp\/v2\/pages\/262\/revisions"}],"predecessor-version":[{"id":2002,"href":"https:\/\/dr-thomas-pauly.de\/en\/wp-json\/wp\/v2\/pages\/262\/revisions\/2002"}],"wp:attachment":[{"href":"https:\/\/dr-thomas-pauly.de\/en\/wp-json\/wp\/v2\/media?parent=262"}],"curies":[{"name":"wp","href":"https:\/\/api.w.org\/{rel}","templated":true}]}}