{"id":128,"date":"2018-08-23T09:06:20","date_gmt":"2018-08-23T07:06:20","guid":{"rendered":"https:\/\/lo-werbung.de\/dr-pauly-2018\/?page_id=128"},"modified":"2020-05-14T15:53:04","modified_gmt":"2020-05-14T13:53:04","slug":"orthopaedie","status":"publish","type":"page","link":"https:\/\/dr-thomas-pauly.de\/ru\/%d0%be%d1%80%d1%82%d0%be%d0%bf%d0%b5%d0%b4%d0%b8%d1%8f\/","title":{"rendered":"\u041e\u0440\u0442\u043e\u043f\u0435\u0434\u0438\u044f"},"content":{"rendered":"<div data-elementor-type=\"wp-post\" data-elementor-id=\"128\" class=\"elementor elementor-128\" data-elementor-post-type=\"page\">\n\t\t\t\t\t\t<section class=\"elementor-section elementor-top-section elementor-element elementor-element-482a7ca elementor-section-boxed elementor-section-height-default elementor-section-height-default\" data-id=\"482a7ca\" data-element_type=\"section\" data-settings=\"{&quot;background_background&quot;:&quot;gradient&quot;}\">\n\t\t\t\t\t\t<div class=\"elementor-container elementor-column-gap-default\">\n\t\t\t\t\t<div class=\"elementor-column elementor-col-100 elementor-top-column elementor-element elementor-element-0ce6294\" data-id=\"0ce6294\" data-element_type=\"column\">\n\t\t\t<div class=\"elementor-widget-wrap elementor-element-populated\">\n\t\t\t\t\t\t<div class=\"elementor-element elementor-element-2ffb1f7 elementor-widget elementor-widget-image\" data-id=\"2ffb1f7\" data-element_type=\"widget\" data-widget_type=\"image.default\">\n\t\t\t\t<div class=\"elementor-widget-container\">\n\t\t\t\t\t\t\t\t\t\t\t\t\t\t\t<img fetchpriority=\"high\" decoding=\"async\" width=\"2000\" height=\"600\" src=\"https:\/\/dr-thomas-pauly.de\/wp-content\/uploads\/2020\/05\/orthopaede-duesseldorf-dr-pauly-koenigsallee-praxis-orthopaedie-1.jpg\" class=\"attachment-2048x2048 size-2048x2048 wp-image-1942\" alt=\"\" srcset=\"https:\/\/dr-thomas-pauly.de\/wp-content\/uploads\/2020\/05\/orthopaede-duesseldorf-dr-pauly-koenigsallee-praxis-orthopaedie-1.jpg 2000w, https:\/\/dr-thomas-pauly.de\/wp-content\/uploads\/2020\/05\/orthopaede-duesseldorf-dr-pauly-koenigsallee-praxis-orthopaedie-1-300x90.jpg 300w, https:\/\/dr-thomas-pauly.de\/wp-content\/uploads\/2020\/05\/orthopaede-duesseldorf-dr-pauly-koenigsallee-praxis-orthopaedie-1-1024x307.jpg 1024w, https:\/\/dr-thomas-pauly.de\/wp-content\/uploads\/2020\/05\/orthopaede-duesseldorf-dr-pauly-koenigsallee-praxis-orthopaedie-1-768x230.jpg 768w, https:\/\/dr-thomas-pauly.de\/wp-content\/uploads\/2020\/05\/orthopaede-duesseldorf-dr-pauly-koenigsallee-praxis-orthopaedie-1-1536x461.jpg 1536w\" sizes=\"(max-width: 2000px) 100vw, 2000px\" \/>\t\t\t\t\t\t\t\t\t\t\t\t\t\t\t<\/div>\n\t\t\t\t<\/div>\n\t\t\t\t\t<\/div>\n\t\t<\/div>\n\t\t\t\t\t<\/div>\n\t\t<\/section>\n\t\t\t\t<section class=\"elementor-section elementor-top-section elementor-element elementor-element-ea87989 elementor-section-boxed elementor-section-height-default elementor-section-height-default\" data-id=\"ea87989\" data-element_type=\"section\">\n\t\t\t\t\t\t<div class=\"elementor-container elementor-column-gap-default\">\n\t\t\t\t\t<div class=\"elementor-column elementor-col-66 elementor-top-column elementor-element elementor-element-ebd4774\" data-id=\"ebd4774\" data-element_type=\"column\">\n\t\t\t<div class=\"elementor-widget-wrap elementor-element-populated\">\n\t\t\t\t\t\t<div class=\"elementor-element elementor-element-5bee22f elementor-widget elementor-widget-text-editor\" data-id=\"5bee22f\" data-element_type=\"widget\" data-widget_type=\"text-editor.default\">\n\t\t\t\t<div class=\"elementor-widget-container\">\n\t\t\t\t\t\t\t\t\t<h1>Orthop\u00e4die in der Privatpraxis Dr. med. Thomas Pauly<\/h1><p>Zum Begriff \u201eOrthop\u00e4die\u201c: Zusammengesetzt aus den griechischen Worten orthos (\u201egerade\u201c) und paidion (\u201eKind\u201c), bedeutet er w\u00f6rtlich so viel wie \u201eein Kind gerade richten\u201c.<\/p><p>Der Pariser Kinderarzt Nicolas Andry (1658\u20131742) war einer der ersten, die Verkr\u00fcmmungen und Verkr\u00fcppelungen bei Kindern nicht mehr als gottgegeben hinnahmen, sondern durch Schienen korrigierten. Heute ist die Orthop\u00e4die als Lehre von der Erkennung und Behandlung angeborener oder erworbener Fehler des Haltungs- und Bewegungsorganes etabliert und wird unterteilt in die chirurgische und die konservative Orthop\u00e4die.<\/p><p>Ich selbst besch\u00e4ftige mich ausschlie\u00dflich mit der konservativen (d. h. nicht-operativen) Orthop\u00e4die.<\/p><h3>\u00a0<\/h3><h3>Das Leistungsspektrum meiner orthop\u00e4dischen Privatpraxis K\u00f6 94 im \u00dcberblick:<\/h3><ul><li><a href=\"\/ru\/sportmedizin\/\">\u0421\u043f\u043e\u0440\u0442\u0438\u0432\u043d\u0430\u044f \u043c\u0435\u0434\u0438\u0446\u0438\u043d\u0430<\/a><\/li><li><a href=\"https:\/\/dr-thomas-pauly.de\/ru\/4d-wirbelsaeulen-analyse\/\">\u0410\u043d\u0430\u043b\u0438\u0437 \u043f\u043e\u0437\u0432\u043e\u043d\u043e\u0447\u043d\u0438\u043a\u0430 \u0432 4-\u0445 \u0438\u0437\u043c\u0435\u0440\u0435\u043d\u0438\u044f\u0445<\/a><\/li><li>CMD-Diagnostik (CMD = cranio-mandibul\u00e4re Dysfunktion, d. h. Kiefergelenks-Probleme)<\/li><li><a href=\"https:\/\/dr-thomas-pauly.de\/ru\/stand-ganganalyse\/\">Stand-Analyse und Gang-Analyse<\/a><\/li><li><a href=\"https:\/\/dr-thomas-pauly.de\/ru\/einlagenversorgung\/\">Versorgung mit (Schuh-)Einlagen, ggf. Schuhzurichtung<\/a><\/li><li><a href=\"https:\/\/dr-thomas-pauly.de\/ru\/kraftmessung\/\">Kraftmessung mit gezielten Trainingsanweisungen<\/a><\/li><li><a href=\"https:\/\/dr-thomas-pauly.de\/ru\/stosswellentherapie\/\">\u0423\u0434\u0430\u0440\u043d\u043e-\u0432\u043e\u043b\u043d\u043e\u0432\u0430\u044f \u0442\u0435\u0440\u0430\u043f\u0438\u044f (\u0444\u043e\u043a\u0443\u0441\u0438\u0440\u043e\u0432\u0430\u043d\u043d\u0430\u044f \u0438 \u0440\u0430\u0434\u0438\u0430\u043b\u044c\u043d\u0430\u044f)<\/a><\/li><li><a href=\"https:\/\/dr-thomas-pauly.de\/ru\/akupunktur\/\">\u0410\u043a\u0443\u043f\u0443\u043d\u043a\u0442\u0443\u0440\u0430<\/a><\/li><li><a href=\"https:\/\/dr-thomas-pauly.de\/ru\/vibrationstraining\/\">\u0412\u0438\u0431\u0440\u0430\u0446\u0438\u043e\u043d\u043d\u0430\u044f \u0442\u0440\u0435\u043d\u0438\u0440\u043e\u0432\u043a\u0430 \u043a\u0430\u043a \u0442\u0440\u0435\u043d\u0438\u0440\u043e\u0432\u043a\u0430 \u0441\u0438\u043b\u044b \u0438 \u0431\u043e\u0434\u0440\u043e\u0441\u0442\u0438<\/a><\/li><li><a href=\"https:\/\/dr-thomas-pauly.de\/ru\/manuelle-therapie\/\">\u041c\u0430\u043d\u0443\u0430\u043b\u044c\u043d\u0430\u044f \u0442\u0435\u0440\u0430\u043f\u0438\u044f (\u0445\u0438\u0440\u043e\u0442\u0435\u0440\u0430\u043f\u0438\u044f)<\/a><\/li><li><a href=\"https:\/\/dr-thomas-pauly.de\/ru\/spezielle-schmerztherapie\/\">\u0421\u043f\u0435\u0446\u0438\u0430\u043b\u044c\u043d\u0430\u044f \u043f\u0440\u043e\u0442\u0438\u0432\u043e\u0431\u043e\u043b\u0435\u0432\u0430\u044f \u0442\u0435\u0440\u0430\u043f\u0438\u044f<\/a><\/li><li><a href=\"https:\/\/dr-thomas-pauly.de\/ru\/arthrosebehandlung\/\">Arthrose-Behandlung<\/a><\/li><li><a href=\"https:\/\/dr-thomas-pauly.de\/ru\/koerperanalyse-bioimpedanzmessung\/\">Bioimpendanzmessung<\/a><\/li><\/ul>\t\t\t\t\t\t\t\t<\/div>\n\t\t\t\t<\/div>\n\t\t\t\t\t<\/div>\n\t\t<\/div>\n\t\t\t\t<div class=\"elementor-column elementor-col-33 elementor-top-column elementor-element elementor-element-0ca6a8a\" data-id=\"0ca6a8a\" data-element_type=\"column\">\n\t\t\t<div class=\"elementor-widget-wrap elementor-element-populated\">\n\t\t\t\t\t\t<div class=\"elementor-element elementor-element-dbd5173 elementor-widget elementor-widget-accordion\" data-id=\"dbd5173\" data-element_type=\"widget\" data-widget_type=\"accordion.default\">\n\t\t\t\t<div class=\"elementor-widget-container\">\n\t\t\t\t\t\t\t<div class=\"elementor-accordion\">\n\t\t\t\t\t\t\t<div class=\"elementor-accordion-item\">\n\t\t\t\t\t<div id=\"elementor-tab-title-2301\" class=\"elementor-tab-title\" data-tab=\"1\" role=\"button\" aria-controls=\"elementor-tab-content-2301\" aria-expanded=\"false\">\n\t\t\t\t\t\t\t\t\t\t\t\t\t<span class=\"elementor-accordion-icon elementor-accordion-icon-left\" aria-hidden=\"true\">\n\t\t\t\t\t\t\t\t\t\t\t\t\t\t\t<span class=\"elementor-accordion-icon-closed\"><i class=\"far fa-caret-square-down\"><\/i><\/span>\n\t\t\t\t\t\t\t\t<span class=\"elementor-accordion-icon-opened\"><i class=\"far fa-caret-square-up\"><\/i><\/span>\n\t\t\t\t\t\t\t\t\t\t\t\t\t\t<\/span>\n\t\t\t\t\t\t\t\t\t\t\t\t<a class=\"elementor-accordion-title\" tabindex=\"0\">Navigation Orthop\u00e4die<\/a>\n\t\t\t\t\t<\/div>\n\t\t\t\t\t<div id=\"elementor-tab-content-2301\" class=\"elementor-tab-content elementor-clearfix\" data-tab=\"1\" role=\"region\" aria-labelledby=\"elementor-tab-title-2301\"><\/div>\n\t\t\t\t<\/div>\n\t\t\t\t\t\t\t\t<\/div>\n\t\t\t\t\t\t<\/div>\n\t\t\t\t<\/div>\n\t\t\t\t<div class=\"elementor-element elementor-element-7c771ac elementor-widget elementor-widget-image\" data-id=\"7c771ac\" data-element_type=\"widget\" data-widget_type=\"image.default\">\n\t\t\t\t<div class=\"elementor-widget-container\">\n\t\t\t\t\t\t\t\t\t\t\t\t\t\t\t<img decoding=\"async\" width=\"650\" height=\"433\" src=\"https:\/\/dr-thomas-pauly.de\/wp-content\/uploads\/2020\/05\/ortopaede-orthopaedie-duesseldorf-praxis-koenigsallee.jpg\" class=\"attachment-medium_large size-medium_large wp-image-1872\" alt=\"\" srcset=\"https:\/\/dr-thomas-pauly.de\/wp-content\/uploads\/2020\/05\/ortopaede-orthopaedie-duesseldorf-praxis-koenigsallee.jpg 650w, https:\/\/dr-thomas-pauly.de\/wp-content\/uploads\/2020\/05\/ortopaede-orthopaedie-duesseldorf-praxis-koenigsallee-300x200.jpg 300w\" sizes=\"(max-width: 650px) 100vw, 650px\" \/>\t\t\t\t\t\t\t\t\t\t\t\t\t\t\t<\/div>\n\t\t\t\t<\/div>\n\t\t\t\t\t<\/div>\n\t\t<\/div>\n\t\t\t\t\t<\/div>\n\t\t<\/section>\n\t\t\t\t<\/div>","protected":false},"excerpt":{"rendered":"<p>Orthop\u00e4die in der Privatpraxis Dr. med. Thomas Pauly Zum Begriff \u201eOrthop\u00e4die\u201c: Zusammengesetzt aus den griechischen Worten orthos (\u201egerade\u201c) und paidion (\u201eKind\u201c), bedeutet er w\u00f6rtlich so viel wie \u201eein Kind gerade richten\u201c. Der Pariser Kinderarzt Nicolas Andry (1658\u20131742) war einer der ersten, die Verkr\u00fcmmungen und Verkr\u00fcppelungen bei Kindern nicht mehr als gottgegeben hinnahmen, sondern durch Schienen [&hellip;]<\/p>","protected":false},"author":1,"featured_media":0,"parent":0,"menu_order":0,"comment_status":"closed","ping_status":"closed","template":"","meta":{"footnotes":""},"class_list":["post-128","page","type-page","status-publish","hentry"],"yoast_head":"<!-- This site is optimized with the Yoast SEO plugin v25.4 - https:\/\/yoast.com\/wordpress\/plugins\/seo\/ -->\n<title>Orthop\u00e4die in der Privatpraxis Dr. med. Thomas Pauly in D\u00fcsseldorf<\/title>\n<meta name=\"description\" content=\"Orthop\u00e4die in der Privatpraxis Dr. Thomas Pauly - der Spezialist auf der K\u00f6nigsallee in D\u00fcsseldorf f\u00fcr Knieschmerzen, Gelenkschmerzen und R\u00fcckenschmerzen\" \/>\n<meta name=\"robots\" content=\"index, follow, max-snippet:-1, max-image-preview:large, max-video-preview:-1\" \/>\n<link rel=\"canonical\" href=\"https:\/\/dr-thomas-pauly.de\/ru\/orthopaedie\/\" \/>\n<meta property=\"og:locale\" content=\"ru_RU\" \/>\n<meta property=\"og:type\" content=\"article\" \/>\n<meta property=\"og:title\" content=\"Orthop\u00e4die in der Privatpraxis Dr. med. Thomas Pauly in D\u00fcsseldorf\" \/>\n<meta property=\"og:description\" content=\"Orthop\u00e4die in der Privatpraxis Dr. Thomas Pauly - der Spezialist auf der K\u00f6nigsallee in D\u00fcsseldorf f\u00fcr Knieschmerzen, Gelenkschmerzen und R\u00fcckenschmerzen\" \/>\n<meta property=\"og:url\" content=\"https:\/\/dr-thomas-pauly.de\/ru\/orthopaedie\/\" \/>\n<meta property=\"og:site_name\" content=\"Dr. Thomas Pauly\" \/>\n<meta property=\"article:modified_time\" content=\"2020-05-14T13:53:04+00:00\" \/>\n<meta property=\"og:image\" content=\"https:\/\/dr-thomas-pauly.de\/wp-content\/uploads\/2020\/05\/orthopaede-duesseldorf-dr-pauly-koenigsallee-praxis-orthopaedie-1.jpg\" \/>\n<meta name=\"twitter:card\" content=\"summary_large_image\" \/>\n<meta name=\"twitter:site\" content=\"@koe94\" \/>\n<meta name=\"twitter:label1\" content=\"\u041f\u0440\u0438\u043c\u0435\u0440\u043d\u043e\u0435 \u0432\u0440\u0435\u043c\u044f \u0434\u043b\u044f \u0447\u0442\u0435\u043d\u0438\u044f\" \/>\n\t<meta name=\"twitter:data1\" content=\"1 \u043c\u0438\u043d\u0443\u0442\u0430\" \/>\n<script type=\"application\/ld+json\" class=\"yoast-schema-graph\">{\"@context\":\"https:\/\/schema.org\",\"@graph\":[{\"@type\":\"WebPage\",\"@id\":\"https:\/\/dr-thomas-pauly.de\/orthopaedie\/\",\"url\":\"https:\/\/dr-thomas-pauly.de\/orthopaedie\/\",\"name\":\"Orthop\u00e4die in der Privatpraxis Dr. med. Thomas Pauly in D\u00fcsseldorf\",\"isPartOf\":{\"@id\":\"https:\/\/dr-thomas-pauly.de\/#website\"},\"primaryImageOfPage\":{\"@id\":\"https:\/\/dr-thomas-pauly.de\/orthopaedie\/#primaryimage\"},\"image\":{\"@id\":\"https:\/\/dr-thomas-pauly.de\/orthopaedie\/#primaryimage\"},\"thumbnailUrl\":\"https:\/\/dr-thomas-pauly.de\/wp-content\/uploads\/2020\/05\/orthopaede-duesseldorf-dr-pauly-koenigsallee-praxis-orthopaedie-1.jpg\",\"datePublished\":\"2018-08-23T07:06:20+00:00\",\"dateModified\":\"2020-05-14T13:53:04+00:00\",\"description\":\"Orthop\u00e4die in der Privatpraxis Dr. Thomas Pauly - der Spezialist auf der K\u00f6nigsallee in D\u00fcsseldorf f\u00fcr Knieschmerzen, Gelenkschmerzen und R\u00fcckenschmerzen\",\"breadcrumb\":{\"@id\":\"https:\/\/dr-thomas-pauly.de\/orthopaedie\/#breadcrumb\"},\"inLanguage\":\"ru-RU\",\"potentialAction\":[{\"@type\":\"ReadAction\",\"target\":[\"https:\/\/dr-thomas-pauly.de\/orthopaedie\/\"]}]},{\"@type\":\"ImageObject\",\"inLanguage\":\"ru-RU\",\"@id\":\"https:\/\/dr-thomas-pauly.de\/orthopaedie\/#primaryimage\",\"url\":\"https:\/\/dr-thomas-pauly.de\/wp-content\/uploads\/2020\/05\/orthopaede-duesseldorf-dr-pauly-koenigsallee-praxis-orthopaedie-1.jpg\",\"contentUrl\":\"https:\/\/dr-thomas-pauly.de\/wp-content\/uploads\/2020\/05\/orthopaede-duesseldorf-dr-pauly-koenigsallee-praxis-orthopaedie-1.jpg\"},{\"@type\":\"BreadcrumbList\",\"@id\":\"https:\/\/dr-thomas-pauly.de\/orthopaedie\/#breadcrumb\",\"itemListElement\":[{\"@type\":\"ListItem\",\"position\":1,\"name\":\"Startseite\",\"item\":\"https:\/\/dr-thomas-pauly.de\/\"},{\"@type\":\"ListItem\",\"position\":2,\"name\":\"Orthop\u00e4die\"}]},{\"@type\":\"WebSite\",\"@id\":\"https:\/\/dr-thomas-pauly.de\/#website\",\"url\":\"https:\/\/dr-thomas-pauly.de\/\",\"name\":\"Dr. Thomas Pauly\",\"description\":\"Orthop\u00e4dische Privatpraxis K\u00f6nigsallee 94 in D\u00fcsseldorf.\",\"publisher\":{\"@id\":\"https:\/\/dr-thomas-pauly.de\/#organization\"},\"potentialAction\":[{\"@type\":\"SearchAction\",\"target\":{\"@type\":\"EntryPoint\",\"urlTemplate\":\"https:\/\/dr-thomas-pauly.de\/?s={search_term_string}\"},\"query-input\":{\"@type\":\"PropertyValueSpecification\",\"valueRequired\":true,\"valueName\":\"search_term_string\"}}],\"inLanguage\":\"ru-RU\"},{\"@type\":\"Organization\",\"@id\":\"https:\/\/dr-thomas-pauly.de\/#organization\",\"name\":\"Dr Thomas Pauly\",\"url\":\"https:\/\/dr-thomas-pauly.de\/\",\"logo\":{\"@type\":\"ImageObject\",\"inLanguage\":\"ru-RU\",\"@id\":\"https:\/\/dr-thomas-pauly.de\/#\/schema\/logo\/image\/\",\"url\":\"https:\/\/dr-thomas-pauly.de\/wp-content\/uploads\/2019\/12\/logo-dr-thomas-pauly.png\",\"contentUrl\":\"https:\/\/dr-thomas-pauly.de\/wp-content\/uploads\/2019\/12\/logo-dr-thomas-pauly.png\",\"width\":804,\"height\":772,\"caption\":\"Dr Thomas Pauly\"},\"image\":{\"@id\":\"https:\/\/dr-thomas-pauly.de\/#\/schema\/logo\/image\/\"},\"sameAs\":[\"https:\/\/x.com\/koe94\",\"http:\/\/dr-thomas-pauly\"]}]}<\/script>\n<!-- \/ Yoast SEO plugin. -->","yoast_head_json":{"title":"Orthop\u00e4die in der Privatpraxis Dr. med. Thomas Pauly in D\u00fcsseldorf","description":"Orthop\u00e4die in der Privatpraxis Dr. Thomas Pauly - der Spezialist auf der K\u00f6nigsallee in D\u00fcsseldorf f\u00fcr Knieschmerzen, Gelenkschmerzen und R\u00fcckenschmerzen","robots":{"index":"index","follow":"follow","max-snippet":"max-snippet:-1","max-image-preview":"max-image-preview:large","max-video-preview":"max-video-preview:-1"},"canonical":"https:\/\/dr-thomas-pauly.de\/ru\/orthopaedie\/","og_locale":"ru_RU","og_type":"article","og_title":"Orthop\u00e4die in der Privatpraxis Dr. med. Thomas Pauly in D\u00fcsseldorf","og_description":"Orthop\u00e4die in der Privatpraxis Dr. Thomas Pauly - der Spezialist auf der K\u00f6nigsallee in D\u00fcsseldorf f\u00fcr Knieschmerzen, Gelenkschmerzen und R\u00fcckenschmerzen","og_url":"https:\/\/dr-thomas-pauly.de\/ru\/orthopaedie\/","og_site_name":"Dr. Thomas Pauly","article_modified_time":"2020-05-14T13:53:04+00:00","og_image":[{"url":"https:\/\/dr-thomas-pauly.de\/wp-content\/uploads\/2020\/05\/orthopaede-duesseldorf-dr-pauly-koenigsallee-praxis-orthopaedie-1.jpg","type":"","width":"","height":""}],"twitter_card":"summary_large_image","twitter_site":"@koe94","twitter_misc":{"\u041f\u0440\u0438\u043c\u0435\u0440\u043d\u043e\u0435 \u0432\u0440\u0435\u043c\u044f \u0434\u043b\u044f \u0447\u0442\u0435\u043d\u0438\u044f":"1 \u043c\u0438\u043d\u0443\u0442\u0430"},"schema":{"@context":"https:\/\/schema.org","@graph":[{"@type":"WebPage","@id":"https:\/\/dr-thomas-pauly.de\/orthopaedie\/","url":"https:\/\/dr-thomas-pauly.de\/orthopaedie\/","name":"Orthop\u00e4die in der Privatpraxis Dr. med. Thomas Pauly in D\u00fcsseldorf","isPartOf":{"@id":"https:\/\/dr-thomas-pauly.de\/#website"},"primaryImageOfPage":{"@id":"https:\/\/dr-thomas-pauly.de\/orthopaedie\/#primaryimage"},"image":{"@id":"https:\/\/dr-thomas-pauly.de\/orthopaedie\/#primaryimage"},"thumbnailUrl":"https:\/\/dr-thomas-pauly.de\/wp-content\/uploads\/2020\/05\/orthopaede-duesseldorf-dr-pauly-koenigsallee-praxis-orthopaedie-1.jpg","datePublished":"2018-08-23T07:06:20+00:00","dateModified":"2020-05-14T13:53:04+00:00","description":"Orthop\u00e4die in der Privatpraxis Dr. Thomas Pauly - der Spezialist auf der K\u00f6nigsallee in D\u00fcsseldorf f\u00fcr Knieschmerzen, Gelenkschmerzen und R\u00fcckenschmerzen","breadcrumb":{"@id":"https:\/\/dr-thomas-pauly.de\/orthopaedie\/#breadcrumb"},"inLanguage":"ru-RU","potentialAction":[{"@type":"ReadAction","target":["https:\/\/dr-thomas-pauly.de\/orthopaedie\/"]}]},{"@type":"ImageObject","inLanguage":"ru-RU","@id":"https:\/\/dr-thomas-pauly.de\/orthopaedie\/#primaryimage","url":"https:\/\/dr-thomas-pauly.de\/wp-content\/uploads\/2020\/05\/orthopaede-duesseldorf-dr-pauly-koenigsallee-praxis-orthopaedie-1.jpg","contentUrl":"https:\/\/dr-thomas-pauly.de\/wp-content\/uploads\/2020\/05\/orthopaede-duesseldorf-dr-pauly-koenigsallee-praxis-orthopaedie-1.jpg"},{"@type":"BreadcrumbList","@id":"https:\/\/dr-thomas-pauly.de\/orthopaedie\/#breadcrumb","itemListElement":[{"@type":"ListItem","position":1,"name":"Startseite","item":"https:\/\/dr-thomas-pauly.de\/"},{"@type":"ListItem","position":2,"name":"Orthop\u00e4die"}]},{"@type":"WebSite","@id":"https:\/\/dr-thomas-pauly.de\/#website","url":"https:\/\/dr-thomas-pauly.de\/","name":"Dr. Thomas Pauly","description":"Orthop\u00e4dische Privatpraxis K\u00f6nigsallee 94 in D\u00fcsseldorf.","publisher":{"@id":"https:\/\/dr-thomas-pauly.de\/#organization"},"potentialAction":[{"@type":"SearchAction","target":{"@type":"EntryPoint","urlTemplate":"https:\/\/dr-thomas-pauly.de\/?s={search_term_string}"},"query-input":{"@type":"PropertyValueSpecification","valueRequired":true,"valueName":"search_term_string"}}],"inLanguage":"ru-RU"},{"@type":"Organization","@id":"https:\/\/dr-thomas-pauly.de\/#organization","name":"Dr Thomas Pauly","url":"https:\/\/dr-thomas-pauly.de\/","logo":{"@type":"ImageObject","inLanguage":"ru-RU","@id":"https:\/\/dr-thomas-pauly.de\/#\/schema\/logo\/image\/","url":"https:\/\/dr-thomas-pauly.de\/wp-content\/uploads\/2019\/12\/logo-dr-thomas-pauly.png","contentUrl":"https:\/\/dr-thomas-pauly.de\/wp-content\/uploads\/2019\/12\/logo-dr-thomas-pauly.png","width":804,"height":772,"caption":"Dr Thomas Pauly"},"image":{"@id":"https:\/\/dr-thomas-pauly.de\/#\/schema\/logo\/image\/"},"sameAs":["https:\/\/x.com\/koe94","http:\/\/dr-thomas-pauly"]}]}},"_links":{"self":[{"href":"https:\/\/dr-thomas-pauly.de\/ru\/wp-json\/wp\/v2\/pages\/128","targetHints":{"allow":["GET"]}}],"collection":[{"href":"https:\/\/dr-thomas-pauly.de\/ru\/wp-json\/wp\/v2\/pages"}],"about":[{"href":"https:\/\/dr-thomas-pauly.de\/ru\/wp-json\/wp\/v2\/types\/page"}],"author":[{"embeddable":true,"href":"https:\/\/dr-thomas-pauly.de\/ru\/wp-json\/wp\/v2\/users\/1"}],"replies":[{"embeddable":true,"href":"https:\/\/dr-thomas-pauly.de\/ru\/wp-json\/wp\/v2\/comments?post=128"}],"version-history":[{"count":34,"href":"https:\/\/dr-thomas-pauly.de\/ru\/wp-json\/wp\/v2\/pages\/128\/revisions"}],"predecessor-version":[{"id":1962,"href":"https:\/\/dr-thomas-pauly.de\/ru\/wp-json\/wp\/v2\/pages\/128\/revisions\/1962"}],"wp:attachment":[{"href":"https:\/\/dr-thomas-pauly.de\/ru\/wp-json\/wp\/v2\/media?parent=128"}],"curies":[{"name":"wp","href":"https:\/\/api.w.org\/{rel}","templated":true}]}}