{"id":152,"date":"2018-08-23T09:49:56","date_gmt":"2018-08-23T07:49:56","guid":{"rendered":"https:\/\/lo-werbung.de\/dr-pauly-2018\/?page_id=152"},"modified":"2020-05-14T15:04:36","modified_gmt":"2020-05-14T13:04:36","slug":"stosswellentherapie-aesthetische-medizin","status":"publish","type":"page","link":"https:\/\/dr-thomas-pauly.de\/ru\/stosswellentherapie-aesthetische-medizin\/","title":{"rendered":"Sto\u00dfwellentherapie &#8211; \u00c4sthetische Medizin"},"content":{"rendered":"<div data-elementor-type=\"wp-post\" data-elementor-id=\"152\" class=\"elementor elementor-152\" data-elementor-post-type=\"page\">\n\t\t\t\t\t\t<section class=\"elementor-section elementor-top-section elementor-element elementor-element-516d6299 elementor-section-boxed elementor-section-height-default elementor-section-height-default\" data-id=\"516d6299\" data-element_type=\"section\" data-settings=\"{&quot;background_background&quot;:&quot;gradient&quot;}\">\n\t\t\t\t\t\t<div class=\"elementor-container elementor-column-gap-default\">\n\t\t\t\t\t<div class=\"elementor-column elementor-col-100 elementor-top-column elementor-element elementor-element-39971806\" data-id=\"39971806\" data-element_type=\"column\">\n\t\t\t<div class=\"elementor-widget-wrap elementor-element-populated\">\n\t\t\t\t\t\t<div class=\"elementor-element elementor-element-f44320c elementor-widget elementor-widget-image\" data-id=\"f44320c\" data-element_type=\"widget\" data-widget_type=\"image.default\">\n\t\t\t\t<div class=\"elementor-widget-container\">\n\t\t\t\t\t\t\t\t\t\t\t\t\t\t\t<img fetchpriority=\"high\" decoding=\"async\" width=\"2000\" height=\"600\" src=\"https:\/\/dr-thomas-pauly.de\/wp-content\/uploads\/2020\/05\/stosswellentherapie-eswt-stosswelle-duesseldorf-koenigsallee-duesseldorf-dr-thomas-pauly.jpg\" class=\"attachment-2048x2048 size-2048x2048 wp-image-1931\" alt=\"\" srcset=\"https:\/\/dr-thomas-pauly.de\/wp-content\/uploads\/2020\/05\/stosswellentherapie-eswt-stosswelle-duesseldorf-koenigsallee-duesseldorf-dr-thomas-pauly.jpg 2000w, https:\/\/dr-thomas-pauly.de\/wp-content\/uploads\/2020\/05\/stosswellentherapie-eswt-stosswelle-duesseldorf-koenigsallee-duesseldorf-dr-thomas-pauly-300x90.jpg 300w, https:\/\/dr-thomas-pauly.de\/wp-content\/uploads\/2020\/05\/stosswellentherapie-eswt-stosswelle-duesseldorf-koenigsallee-duesseldorf-dr-thomas-pauly-1024x307.jpg 1024w, https:\/\/dr-thomas-pauly.de\/wp-content\/uploads\/2020\/05\/stosswellentherapie-eswt-stosswelle-duesseldorf-koenigsallee-duesseldorf-dr-thomas-pauly-768x230.jpg 768w, https:\/\/dr-thomas-pauly.de\/wp-content\/uploads\/2020\/05\/stosswellentherapie-eswt-stosswelle-duesseldorf-koenigsallee-duesseldorf-dr-thomas-pauly-1536x461.jpg 1536w\" sizes=\"(max-width: 2000px) 100vw, 2000px\" \/>\t\t\t\t\t\t\t\t\t\t\t\t\t\t\t<\/div>\n\t\t\t\t<\/div>\n\t\t\t\t\t<\/div>\n\t\t<\/div>\n\t\t\t\t\t<\/div>\n\t\t<\/section>\n\t\t\t\t<section class=\"elementor-section elementor-top-section elementor-element elementor-element-c06fe3c elementor-section-boxed elementor-section-height-default elementor-section-height-default\" data-id=\"c06fe3c\" data-element_type=\"section\">\n\t\t\t\t\t\t<div class=\"elementor-container elementor-column-gap-default\">\n\t\t\t\t\t<div class=\"elementor-column elementor-col-50 elementor-top-column elementor-element elementor-element-1ddb29e\" data-id=\"1ddb29e\" data-element_type=\"column\">\n\t\t\t<div class=\"elementor-widget-wrap elementor-element-populated\">\n\t\t\t\t\t\t<div class=\"elementor-element elementor-element-23b2f9f elementor-widget elementor-widget-text-editor\" data-id=\"23b2f9f\" data-element_type=\"widget\" data-widget_type=\"text-editor.default\">\n\t\t\t\t<div class=\"elementor-widget-container\">\n\t\t\t\t\t\t\t\t\t<h1>\u0423\u0434\u0430\u0440\u043d\u043e-\u0432\u043e\u043b\u043d\u043e\u0432\u0430\u044f \u0442\u0435\u0440\u0430\u043f\u0438\u044f \u043d\u0430 \u041a\u0451\u043d\u0438\u0433\u0441\u0430\u043b\u043b\u0435\u0435, 94 \u2013 \u044d\u0441\u0442\u0435\u0442\u0438\u0447\u0435\u0441\u043a\u0430\u044f \u043c\u0435\u0434\u0438\u0446\u0438\u043d\u0430<\/h1><p>\u0412 \u0441\u043f\u0435\u043a\u0442\u0440 \u043c\u043e\u0438\u0445 \u0443\u0441\u043b\u0443\u0433 \u0432 \u043e\u0431\u043b\u0430\u0441\u0442\u0438 \u0443\u0434\u0430\u0440\u043d\u043e-\u0432\u043e\u043b\u043d\u043e\u0432\u043e\u0439 \u0442\u0435\u0440\u0430\u043f\u0438\u0438 \u0442\u0430\u043a\u0436\u0435 \u0432\u0445\u043e\u0434\u0438\u0442 \u0438 \u043b\u0435\u0447\u0435\u043d\u0438\u0435 \u043d\u0430\u0440\u0443\u0448\u0435\u043d\u0438\u0439 \u0436\u0438\u0440\u043e\u0432\u043e\u0433\u043e \u043e\u0431\u043c\u0435\u043d\u0430 \u043b\u043e\u043a\u0430\u043b\u044c\u043d\u043e\u0433\u043e \u0445\u0430\u0440\u0430\u043a\u0442\u0435\u0440\u0430, \u043f\u0440\u043e\u044f\u0432\u043b\u044f\u044e\u0449\u0438\u0445\u0441\u044f \u0432 \u0432\u0438\u0434\u0435 \u0446\u0435\u043b\u043b\u044e\u043b\u0438\u0442\u0430 (\u043d\u0430\u0437\u044b\u0432\u0430\u0435\u043c\u043e\u0433\u043e \u0442\u0430\u043a\u0436\u0435 peau d\u2019orange, \u043a\u043e\u0433\u0434\u0430 \u043a\u043e\u0436\u0430 \u0432\u044b\u0433\u043b\u044f\u0434\u0438\u0442 \u043a\u0430\u043a \u0430\u043f\u0435\u043b\u044c\u0441\u0438\u043d\u043e\u0432\u0430\u044f \u043a\u043e\u0440\u043a\u0430) \u0438\u043b\u0438 \u0442.\u043d. \u00ab\u0440\u0435\u0439\u0442\u0443\u0437\u043d\u043e\u0433\u043e \u043e\u0436\u0438\u0440\u0435\u043d\u0438\u044f\u00bb.<\/p><p>\u0426\u0435\u043b\u043b\u044e\u043b\u0438\u0442 (\u0441\u043c. \u0438\u043d\u0444\u043e\u0440\u043c\u0430\u0446\u0438\u043e\u043d\u043d\u044b\u0439 \u0444\u043b\u0430\u0435\u0440: \u00ab\u041b\u0435\u0447\u0435\u043d\u0438\u0435 \u0446\u0435\u043b\u043b\u044e\u043b\u0438\u0442\u0430\u00bb) \u2013 \u044d\u0442\u043e \u0443\u0433\u043b\u0443\u0431\u043b\u0435\u043d\u0438\u044f \u0432 \u043a\u043e\u0436\u0435 \u0438 \u043f\u043e\u0434\u043a\u043e\u0436\u043d\u044b\u0445 \u0442\u043a\u0430\u043d\u044f\u0445, \u043f\u043e\u044f\u0432\u043b\u044f\u044e\u0449\u0438\u0435\u0441\u044f \u0447\u0430\u0449\u0435 \u0432\u0441\u0435\u0433\u043e \u043d\u0430 \u0431\u0451\u0434\u0440\u0430\u0445 \u0438 \u043d\u0430 \u044f\u0433\u043e\u0434\u0438\u0446\u0430\u0445. \u041e\u043d\u0438 \u0432\u043e\u0437\u043d\u0438\u043a\u0430\u044e\u0442, \u0432 \u0447\u0430\u0441\u0442\u043d\u043e\u0441\u0442\u0438, \u0432\u0441\u043b\u0435\u0434\u0441\u0442\u0432\u0438\u0435 \u043d\u0430\u0440\u0443\u0448\u0435\u043d\u0438\u044f \u043e\u0431\u043c\u0435\u043d\u0430 \u0432\u0435\u0449\u0435\u0441\u0442\u0432 \u0432 \u043f\u043e\u0434\u043a\u043e\u0436\u043d\u043e\u0439 \u0436\u0438\u0440\u043e\u0432\u043e\u0439 \u0442\u043a\u0430\u043d\u0438, \u0432 \u0440\u0435\u0437\u0443\u043b\u044c\u0442\u0430\u0442\u0435 \u0447\u0435\u0433\u043e \u0436\u0438\u0440\u043e\u0432\u044b\u0435 \u043a\u043b\u0435\u0442\u043a\u0438 \u0443\u0432\u0435\u043b\u0438\u0447\u0438\u0432\u0430\u044e\u0442\u0441\u044f. \u042d\u0442\u043e, \u0432 \u0441\u0432\u043e\u044e \u043e\u0447\u0435\u0440\u0435\u0434\u044c, \u0432\u0435\u0434\u0451\u0442 \u043a \u043d\u0430\u0440\u0443\u0448\u0435\u043d\u0438\u044f\u043c \u043a\u0440\u043e\u0432\u043e\u043e\u0431\u0440\u0430\u0449\u0435\u043d\u0438\u044f \u0438 \u0443\u043c\u0435\u043d\u044c\u0448\u0435\u043d\u0438\u044e \u043a\u043e\u043b\u0438\u0447\u0435\u0441\u0442\u0432\u0430 \u0436\u0438\u0440\u043e\u0432. \u041e\u0442 \u0442\u0430\u043a\u0438\u0445 \u043b\u043e\u043a\u0430\u043b\u044c\u043d\u044b\u0445 \u043d\u0430\u0440\u0443\u0448\u0435\u043d\u0438\u0439 \u043e\u0431\u043c\u0435\u043d\u0430 \u0432\u0435\u0449\u0435\u0441\u0442\u0432, \u043a\u0430\u043a \u043f\u0440\u0430\u0432\u0438\u043b\u043e, \u043d\u0435\u0432\u043e\u0437\u043c\u043e\u0436\u043d\u043e \u0438\u0437\u0431\u0430\u0432\u0438\u0442\u044c\u0441\u044f \u0441 \u043f\u043e\u043c\u043e\u0449\u044c\u044e \u0434\u0438\u0435\u0442\u044b, \u043c\u0430\u0441\u0441\u0430\u0436\u0430 \u0441\u0443\u0445\u043e\u0439 \u0449\u0451\u0442\u043a\u043e\u0439 \u0438\u043b\u0438 \u0437\u0430\u043d\u044f\u0442\u0438\u0439 \u0441\u043f\u043e\u0440\u0442\u043e\u043c. \u0420\u0435\u0448\u0435\u043d\u0438\u0435\u043c \u0432 \u044d\u0442\u043e\u0439 \u0441\u0438\u0442\u0443\u0430\u0446\u0438\u0438 \u043c\u043e\u0436\u0435\u0442 \u0431\u044b\u0442\u044c \u0444\u043e\u043a\u0443\u0441\u0438\u0440\u043e\u0432\u0430\u043d\u043d\u0430\u044f \u0438\u043b\u0438 \u0440\u0430\u0434\u0438\u0430\u043b\u044c\u043d\u0430\u044f \u0443\u0434\u0430\u0440\u043d\u043e-\u0432\u043e\u043b\u043d\u043e\u0432\u0430\u044f \u0442\u0435\u0440\u0430\u043f\u0438\u044f, \u0443\u043b\u0443\u0447\u0448\u0430\u044e\u0449\u0430\u044f \u043e\u0442\u0442\u043e\u043a \u043b\u0438\u043c\u0444\u044b, \u0441\u0442\u0438\u043c\u0443\u043b\u0438\u0440\u0443\u044e\u0449\u0430\u044f \u043e\u0431\u043c\u0435\u043d \u0432\u0435\u0449\u0435\u0441\u0442\u0432 \u0438 \u0441\u043f\u043e\u0441\u043e\u0431\u0441\u0442\u0432\u0443\u044e\u0449\u0430\u044f \u0443\u043c\u0435\u043d\u044c\u0448\u0435\u043d\u0438\u044e \u043a\u043e\u043b\u0438\u0447\u0435\u0441\u0442\u0432\u0430 \u0436\u0438\u0440\u043e\u0432; \u043f\u0440\u0438 \u044d\u0442\u043e\u043c \u043f\u043e\u0432\u044b\u0448\u0430\u0435\u0442\u0441\u044f \u044d\u043b\u0430\u0441\u0442\u0438\u0447\u043d\u043e\u0441\u0442\u044c \u043a\u043e\u0436\u0438.<\/p><p>\u041b\u0435\u0447\u0435\u043d\u0438\u0435 \u0443\u0434\u0430\u0440\u043d\u044b\u043c\u0438 \u0432\u043e\u043b\u043d\u0430\u043c\u0438 \u043f\u0440\u0430\u043a\u0442\u0438\u0447\u0435\u0441\u043a\u0438 \u0431\u0435\u0437\u0431\u043e\u043b\u0435\u0437\u043d\u0435\u043d\u043d\u043e \u0438 \u0431\u0435\u0437\u043e\u043f\u0430\u0441\u043d\u043e. \u0427\u0442\u043e\u0431\u044b \u0434\u043e\u0431\u0438\u0442\u044c\u0441\u044f \u0443\u0441\u043f\u0435\u0445\u0430 \u0432 \u043b\u0435\u0447\u0435\u043d\u0438\u0438 \u0446\u0435\u043b\u043b\u044e\u043b\u0438\u0442\u0430, \u0440\u0435\u043a\u043e\u043c\u0435\u043d\u0434\u0443\u0435\u0442\u0441\u044f \u043f\u0440\u043e\u0432\u0435\u0441\u0442\u0438, \u043a\u0430\u043a \u043f\u0440\u0430\u0432\u0438\u043b\u043e, \u043e\u0442 6 \u0434\u043e 8 \u0441\u0435\u0430\u043d\u0441\u043e\u0432 (\u0432 \u0442\u0435\u0447\u0435\u043d\u0438\u0435 3-4 \u043d\u0435\u0434\u0435\u043b\u044c).\u00a0<span style=\"font-size: 0.9rem;\">\u00fcber 3 bis 4 Wochen) erforderlich.<\/span><\/p><p>\u0414\u043e\u043f\u043e\u043b\u043d\u0438\u0442\u0435\u043b\u044c\u043d\u043e \u043c\u044b \u043f\u0440\u0435\u0434\u043b\u0430\u0433\u0430\u0435\u043c \u043a\u043e\u043d\u0441\u0443\u043b\u044c\u0442\u0430\u0446\u0438\u0438 \u043f\u043e \u0432\u043e\u043f\u0440\u043e\u0441\u0430\u043c \u043f\u0438\u0442\u0430\u043d\u0438\u044f, \u0430 \u0442\u0430\u043a\u0436\u0435 \u0438\u043d\u0434\u0438\u0432\u0438\u0434\u0443\u0430\u043b\u044c\u043d\u044b\u0435 \u0432\u0438\u0431\u0440\u0430\u0446\u0438\u043e\u043d\u043d\u044b\u0435 \u0442\u0440\u0435\u043d\u0438\u0440\u043e\u0432\u043a\u0438 (\u043d\u0430 \u0432\u0438\u0431\u0440\u0430\u0446\u0438\u043e\u043d\u043d\u044b\u0445 \u043f\u043b\u0430\u0441\u0442\u0438\u043d\u0430\u0445 \u043c\u0430\u0440\u043a\u0438 PowerPlate) \u0432 \u043f\u043e\u043c\u0435\u0449\u0435\u043d\u0438\u0438 \u043d\u0430\u0448\u0435\u0439 \u043a\u043b\u0438\u043d\u0438\u043a\u0438.<\/p>\t\t\t\t\t\t\t\t<\/div>\n\t\t\t\t<\/div>\n\t\t\t\t\t<\/div>\n\t\t<\/div>\n\t\t\t\t<div class=\"elementor-column elementor-col-50 elementor-top-column elementor-element elementor-element-802d137\" data-id=\"802d137\" data-element_type=\"column\" data-settings=\"{&quot;background_background&quot;:&quot;classic&quot;}\">\n\t\t\t<div class=\"elementor-widget-wrap elementor-element-populated\">\n\t\t\t\t\t\t<div class=\"elementor-element elementor-element-6002c38 elementor-cta--skin-classic elementor-animated-content elementor-bg-transform elementor-bg-transform-zoom-in elementor-widget elementor-widget-call-to-action\" data-id=\"6002c38\" data-element_type=\"widget\" data-widget_type=\"call-to-action.default\">\n\t\t\t\t<div class=\"elementor-widget-container\">\n\t\t\t\t\t\t\t<div class=\"elementor-cta\">\n\t\t\t\t\t<div class=\"elementor-cta__bg-wrapper\">\n\t\t\t\t<div class=\"elementor-cta__bg elementor-bg\" style=\"background-image: url(https:\/\/dr-thomas-pauly.de\/wp-content\/uploads\/2019\/03\/cellolite-behandling-stosswelle-eswt-duesseldorf-orthopaede-koenigsallee-pauly.jpg);\" role=\"img\" aria-label=\"cellolite-behandling-stosswelle-eswt-duesseldorf-orthopaede-koenigsallee-pauly\"><\/div>\n\t\t\t\t<div class=\"elementor-cta__bg-overlay\"><\/div>\n\t\t\t<\/div>\n\t\t\t\t\t\t\t<div class=\"elementor-cta__content\">\n\t\t\t\t\n\t\t\t\t\t\t\t\t\t<h2 class=\"elementor-cta__title elementor-cta__content-item elementor-content-item\">\n\t\t\t\t\t\tFlyer - \u0421\u043a\u0430\u0447\u0430\u0442\u044c\t\t\t\t\t<\/h2>\n\t\t\t\t\n\t\t\t\t\t\t\t\t\t<div class=\"elementor-cta__description elementor-cta__content-item elementor-content-item\">\n\t\t\t\t\t\t\u0418\u043d\u0444\u043e\u0440\u043c\u0430\u0446\u0438\u044f \u043e \u043b\u0435\u0447\u0435\u043d\u0438\u0438 \u0446\u0435\u043b\u043b\u044e\u043b\u0438\u0442\u0430 (\u043d\u0430 \u043d\u0435\u043c\u0435\u0446\u043a\u043e\u043c \u044f\u0437\u044b\u043a\u0435)\t\t\t\t\t<\/div>\n\t\t\t\t\n\t\t\t\t\t\t\t\t\t<div class=\"elementor-cta__button-wrapper elementor-cta__content-item elementor-content-item\">\n\t\t\t\t\t<a class=\"elementor-cta__button elementor-button elementor-size-\" href=\"\/wp-content\/uploads\/2019\/03\/Orthop%C3%A4die-Praxis-Dr-Pauly-D%C3%BCsseldorf-Cellutite-Behandung.pdf\" target=\"_blank\">\n\t\t\t\t\t\t\u041f\u043e\u043a\u0430\u0437\u0430\u0442\u044c \u043b\u0438\u0441\u0442\u043e\u0432\u043a\u0438!\t\t\t\t\t<\/a>\n\t\t\t\t\t<\/div>\n\t\t\t\t\t\t\t<\/div>\n\t\t\t\t\t\t<\/div>\n\t\t\t\t\t\t<\/div>\n\t\t\t\t<\/div>\n\t\t\t\t<div class=\"elementor-element elementor-element-7051e12 elementor-widget elementor-widget-accordion\" data-id=\"7051e12\" data-element_type=\"widget\" data-widget_type=\"accordion.default\">\n\t\t\t\t<div class=\"elementor-widget-container\">\n\t\t\t\t\t\t\t<div class=\"elementor-accordion\">\n\t\t\t\t\t\t\t<div class=\"elementor-accordion-item\">\n\t\t\t\t\t<div id=\"elementor-tab-title-1171\" class=\"elementor-tab-title\" data-tab=\"1\" role=\"button\" aria-controls=\"elementor-tab-content-1171\" aria-expanded=\"false\">\n\t\t\t\t\t\t\t\t\t\t\t\t\t<span class=\"elementor-accordion-icon elementor-accordion-icon-left\" aria-hidden=\"true\">\n\t\t\t\t\t\t\t\t\t\t\t\t\t\t\t<i class=\"elementor-accordion-icon-closed fa fa-toggle-down\"><\/i>\n\t\t\t\t\t\t\t\t<i class=\"elementor-accordion-icon-opened fa fa-toggle-up\"><\/i>\n\t\t\t\t\t\t\t\t\t\t\t\t\t\t<\/span>\n\t\t\t\t\t\t\t\t\t\t\t\t<a class=\"elementor-accordion-title\" tabindex=\"0\">\u043d\u0430\u0432\u0438\u0433\u0430\u0446\u0438\u043e\u043d\u043d\u043e\u0435 \u043c\u0435\u043d\u044e<\/a>\n\t\t\t\t\t<\/div>\n\t\t\t\t\t<div id=\"elementor-tab-content-1171\" class=\"elementor-tab-content elementor-clearfix\" data-tab=\"1\" role=\"region\" aria-labelledby=\"elementor-tab-title-1171\"><\/div>\n\t\t\t\t<\/div>\n\t\t\t\t\t\t\t\t<\/div>\n\t\t\t\t\t\t<\/div>\n\t\t\t\t<\/div>\n\t\t\t\t\t<\/div>\n\t\t<\/div>\n\t\t\t\t\t<\/div>\n\t\t<\/section>\n\t\t\t\t<\/div>","protected":false},"excerpt":{"rendered":"<p>Sto\u00dfwellentherapie K\u00f694 \u2013 \u00c4sthetische Medizin Mein Leistungsspektrum in der Sto\u00dfwellen-Therapie umfasst auch die Behandlung lokaler Fett-Stoffwechselst\u00f6rungen, wie sie bei einer Cellulite (auch als peau d\u2018orange oder Orangenhaut bekannt) oder der \u201eReithosen\u201c-Problematik vorliegen. Cellulite (siehe Infoflyer: Cellulite-Behandlung) sind Vertiefungen der Haut und des Unterhautgewebes, meist an den Oberschenkeln, aber auch am Ges\u00e4\u00df. Sie entstehen u. a. [&hellip;]<\/p>","protected":false},"author":1,"featured_media":0,"parent":0,"menu_order":0,"comment_status":"closed","ping_status":"closed","template":"","meta":{"footnotes":""},"class_list":["post-152","page","type-page","status-publish","hentry"],"yoast_head":"<!-- This site is optimized with the Yoast SEO plugin v25.4 - https:\/\/yoast.com\/wordpress\/plugins\/seo\/ -->\n<title>Stosswellentherapie | \u00c4sthetische Medizin - Dr. Thomas Pauly | D\u00fcsseldorf<\/title>\n<meta name=\"description\" content=\"Stosswellentherapie D\u00fcsseldorf - Behandlung von Cellulite (Orangenhaut) oder der Reithosenproblematik in der orthop\u00e4dischen Privatpraxis Dr. Thomas Pauly\" \/>\n<meta name=\"robots\" content=\"index, follow, max-snippet:-1, max-image-preview:large, max-video-preview:-1\" \/>\n<link rel=\"canonical\" href=\"https:\/\/dr-thomas-pauly.de\/ru\/stosswellentherapie-aesthetische-medizin\/\" \/>\n<meta property=\"og:locale\" content=\"ru_RU\" \/>\n<meta property=\"og:type\" content=\"article\" \/>\n<meta property=\"og:title\" content=\"Stosswellentherapie | \u00c4sthetische Medizin - Dr. Thomas Pauly | D\u00fcsseldorf\" \/>\n<meta property=\"og:description\" content=\"Stosswellentherapie D\u00fcsseldorf - Behandlung von Cellulite (Orangenhaut) oder der Reithosenproblematik in der orthop\u00e4dischen Privatpraxis Dr. Thomas Pauly\" \/>\n<meta property=\"og:url\" content=\"https:\/\/dr-thomas-pauly.de\/ru\/stosswellentherapie-aesthetische-medizin\/\" \/>\n<meta property=\"og:site_name\" content=\"Dr. Thomas Pauly\" \/>\n<meta property=\"article:modified_time\" content=\"2020-05-14T13:04:36+00:00\" \/>\n<meta property=\"og:image\" content=\"https:\/\/dr-thomas-pauly.de\/wp-content\/uploads\/2020\/05\/stosswellentherapie-eswt-stosswelle-duesseldorf-koenigsallee-duesseldorf-dr-thomas-pauly.jpg\" \/>\n<meta name=\"twitter:card\" content=\"summary_large_image\" \/>\n<meta name=\"twitter:site\" content=\"@koe94\" \/>\n<meta name=\"twitter:label1\" content=\"\u041f\u0440\u0438\u043c\u0435\u0440\u043d\u043e\u0435 \u0432\u0440\u0435\u043c\u044f \u0434\u043b\u044f \u0447\u0442\u0435\u043d\u0438\u044f\" \/>\n\t<meta name=\"twitter:data1\" content=\"1 \u043c\u0438\u043d\u0443\u0442\u0430\" \/>\n<script type=\"application\/ld+json\" class=\"yoast-schema-graph\">{\"@context\":\"https:\/\/schema.org\",\"@graph\":[{\"@type\":\"WebPage\",\"@id\":\"https:\/\/dr-thomas-pauly.de\/ru\/stosswellentherapie-aesthetische-medizin\/\",\"url\":\"https:\/\/dr-thomas-pauly.de\/ru\/stosswellentherapie-aesthetische-medizin\/\",\"name\":\"Stosswellentherapie | \u00c4sthetische Medizin - Dr. Thomas Pauly | D\u00fcsseldorf\",\"isPartOf\":{\"@id\":\"https:\/\/dr-thomas-pauly.de\/#website\"},\"primaryImageOfPage\":{\"@id\":\"https:\/\/dr-thomas-pauly.de\/ru\/stosswellentherapie-aesthetische-medizin\/#primaryimage\"},\"image\":{\"@id\":\"https:\/\/dr-thomas-pauly.de\/ru\/stosswellentherapie-aesthetische-medizin\/#primaryimage\"},\"thumbnailUrl\":\"https:\/\/dr-thomas-pauly.de\/wp-content\/uploads\/2020\/05\/stosswellentherapie-eswt-stosswelle-duesseldorf-koenigsallee-duesseldorf-dr-thomas-pauly.jpg\",\"datePublished\":\"2018-08-23T07:49:56+00:00\",\"dateModified\":\"2020-05-14T13:04:36+00:00\",\"description\":\"Stosswellentherapie D\u00fcsseldorf - Behandlung von Cellulite (Orangenhaut) oder der Reithosenproblematik in der orthop\u00e4dischen Privatpraxis Dr. Thomas Pauly\",\"breadcrumb\":{\"@id\":\"https:\/\/dr-thomas-pauly.de\/ru\/stosswellentherapie-aesthetische-medizin\/#breadcrumb\"},\"inLanguage\":\"ru-RU\",\"potentialAction\":[{\"@type\":\"ReadAction\",\"target\":[\"https:\/\/dr-thomas-pauly.de\/ru\/stosswellentherapie-aesthetische-medizin\/\"]}]},{\"@type\":\"ImageObject\",\"inLanguage\":\"ru-RU\",\"@id\":\"https:\/\/dr-thomas-pauly.de\/ru\/stosswellentherapie-aesthetische-medizin\/#primaryimage\",\"url\":\"https:\/\/dr-thomas-pauly.de\/wp-content\/uploads\/2020\/05\/stosswellentherapie-eswt-stosswelle-duesseldorf-koenigsallee-duesseldorf-dr-thomas-pauly.jpg\",\"contentUrl\":\"https:\/\/dr-thomas-pauly.de\/wp-content\/uploads\/2020\/05\/stosswellentherapie-eswt-stosswelle-duesseldorf-koenigsallee-duesseldorf-dr-thomas-pauly.jpg\"},{\"@type\":\"BreadcrumbList\",\"@id\":\"https:\/\/dr-thomas-pauly.de\/ru\/stosswellentherapie-aesthetische-medizin\/#breadcrumb\",\"itemListElement\":[{\"@type\":\"ListItem\",\"position\":1,\"name\":\"Startseite\",\"item\":\"https:\/\/dr-thomas-pauly.de\/\"},{\"@type\":\"ListItem\",\"position\":2,\"name\":\"Sto\u00dfwellentherapie &#8211; \u00c4sthetische Medizin\"}]},{\"@type\":\"WebSite\",\"@id\":\"https:\/\/dr-thomas-pauly.de\/#website\",\"url\":\"https:\/\/dr-thomas-pauly.de\/\",\"name\":\"Dr. Thomas Pauly\",\"description\":\"Orthop\u00e4dische Privatpraxis K\u00f6nigsallee 94 in D\u00fcsseldorf.\",\"publisher\":{\"@id\":\"https:\/\/dr-thomas-pauly.de\/#organization\"},\"potentialAction\":[{\"@type\":\"SearchAction\",\"target\":{\"@type\":\"EntryPoint\",\"urlTemplate\":\"https:\/\/dr-thomas-pauly.de\/?s={search_term_string}\"},\"query-input\":{\"@type\":\"PropertyValueSpecification\",\"valueRequired\":true,\"valueName\":\"search_term_string\"}}],\"inLanguage\":\"ru-RU\"},{\"@type\":\"Organization\",\"@id\":\"https:\/\/dr-thomas-pauly.de\/#organization\",\"name\":\"Dr Thomas Pauly\",\"url\":\"https:\/\/dr-thomas-pauly.de\/\",\"logo\":{\"@type\":\"ImageObject\",\"inLanguage\":\"ru-RU\",\"@id\":\"https:\/\/dr-thomas-pauly.de\/#\/schema\/logo\/image\/\",\"url\":\"https:\/\/dr-thomas-pauly.de\/wp-content\/uploads\/2019\/12\/logo-dr-thomas-pauly.png\",\"contentUrl\":\"https:\/\/dr-thomas-pauly.de\/wp-content\/uploads\/2019\/12\/logo-dr-thomas-pauly.png\",\"width\":804,\"height\":772,\"caption\":\"Dr Thomas Pauly\"},\"image\":{\"@id\":\"https:\/\/dr-thomas-pauly.de\/#\/schema\/logo\/image\/\"},\"sameAs\":[\"https:\/\/x.com\/koe94\",\"http:\/\/dr-thomas-pauly\"]}]}<\/script>\n<!-- \/ Yoast SEO plugin. -->","yoast_head_json":{"title":"Stosswellentherapie | \u00c4sthetische Medizin - Dr. Thomas Pauly | D\u00fcsseldorf","description":"Stosswellentherapie D\u00fcsseldorf - Behandlung von Cellulite (Orangenhaut) oder der Reithosenproblematik in der orthop\u00e4dischen Privatpraxis Dr. Thomas Pauly","robots":{"index":"index","follow":"follow","max-snippet":"max-snippet:-1","max-image-preview":"max-image-preview:large","max-video-preview":"max-video-preview:-1"},"canonical":"https:\/\/dr-thomas-pauly.de\/ru\/stosswellentherapie-aesthetische-medizin\/","og_locale":"ru_RU","og_type":"article","og_title":"Stosswellentherapie | \u00c4sthetische Medizin - Dr. Thomas Pauly | D\u00fcsseldorf","og_description":"Stosswellentherapie D\u00fcsseldorf - Behandlung von Cellulite (Orangenhaut) oder der Reithosenproblematik in der orthop\u00e4dischen Privatpraxis Dr. Thomas Pauly","og_url":"https:\/\/dr-thomas-pauly.de\/ru\/stosswellentherapie-aesthetische-medizin\/","og_site_name":"Dr. Thomas Pauly","article_modified_time":"2020-05-14T13:04:36+00:00","og_image":[{"url":"https:\/\/dr-thomas-pauly.de\/wp-content\/uploads\/2020\/05\/stosswellentherapie-eswt-stosswelle-duesseldorf-koenigsallee-duesseldorf-dr-thomas-pauly.jpg","type":"","width":"","height":""}],"twitter_card":"summary_large_image","twitter_site":"@koe94","twitter_misc":{"\u041f\u0440\u0438\u043c\u0435\u0440\u043d\u043e\u0435 \u0432\u0440\u0435\u043c\u044f \u0434\u043b\u044f \u0447\u0442\u0435\u043d\u0438\u044f":"1 \u043c\u0438\u043d\u0443\u0442\u0430"},"schema":{"@context":"https:\/\/schema.org","@graph":[{"@type":"WebPage","@id":"https:\/\/dr-thomas-pauly.de\/ru\/stosswellentherapie-aesthetische-medizin\/","url":"https:\/\/dr-thomas-pauly.de\/ru\/stosswellentherapie-aesthetische-medizin\/","name":"Stosswellentherapie | \u00c4sthetische Medizin - Dr. Thomas Pauly | D\u00fcsseldorf","isPartOf":{"@id":"https:\/\/dr-thomas-pauly.de\/#website"},"primaryImageOfPage":{"@id":"https:\/\/dr-thomas-pauly.de\/ru\/stosswellentherapie-aesthetische-medizin\/#primaryimage"},"image":{"@id":"https:\/\/dr-thomas-pauly.de\/ru\/stosswellentherapie-aesthetische-medizin\/#primaryimage"},"thumbnailUrl":"https:\/\/dr-thomas-pauly.de\/wp-content\/uploads\/2020\/05\/stosswellentherapie-eswt-stosswelle-duesseldorf-koenigsallee-duesseldorf-dr-thomas-pauly.jpg","datePublished":"2018-08-23T07:49:56+00:00","dateModified":"2020-05-14T13:04:36+00:00","description":"Stosswellentherapie D\u00fcsseldorf - Behandlung von Cellulite (Orangenhaut) oder der Reithosenproblematik in der orthop\u00e4dischen Privatpraxis Dr. Thomas Pauly","breadcrumb":{"@id":"https:\/\/dr-thomas-pauly.de\/ru\/stosswellentherapie-aesthetische-medizin\/#breadcrumb"},"inLanguage":"ru-RU","potentialAction":[{"@type":"ReadAction","target":["https:\/\/dr-thomas-pauly.de\/ru\/stosswellentherapie-aesthetische-medizin\/"]}]},{"@type":"ImageObject","inLanguage":"ru-RU","@id":"https:\/\/dr-thomas-pauly.de\/ru\/stosswellentherapie-aesthetische-medizin\/#primaryimage","url":"https:\/\/dr-thomas-pauly.de\/wp-content\/uploads\/2020\/05\/stosswellentherapie-eswt-stosswelle-duesseldorf-koenigsallee-duesseldorf-dr-thomas-pauly.jpg","contentUrl":"https:\/\/dr-thomas-pauly.de\/wp-content\/uploads\/2020\/05\/stosswellentherapie-eswt-stosswelle-duesseldorf-koenigsallee-duesseldorf-dr-thomas-pauly.jpg"},{"@type":"BreadcrumbList","@id":"https:\/\/dr-thomas-pauly.de\/ru\/stosswellentherapie-aesthetische-medizin\/#breadcrumb","itemListElement":[{"@type":"ListItem","position":1,"name":"Startseite","item":"https:\/\/dr-thomas-pauly.de\/"},{"@type":"ListItem","position":2,"name":"Sto\u00dfwellentherapie &#8211; \u00c4sthetische Medizin"}]},{"@type":"WebSite","@id":"https:\/\/dr-thomas-pauly.de\/#website","url":"https:\/\/dr-thomas-pauly.de\/","name":"Dr. Thomas Pauly","description":"Orthop\u00e4dische Privatpraxis K\u00f6nigsallee 94 in D\u00fcsseldorf.","publisher":{"@id":"https:\/\/dr-thomas-pauly.de\/#organization"},"potentialAction":[{"@type":"SearchAction","target":{"@type":"EntryPoint","urlTemplate":"https:\/\/dr-thomas-pauly.de\/?s={search_term_string}"},"query-input":{"@type":"PropertyValueSpecification","valueRequired":true,"valueName":"search_term_string"}}],"inLanguage":"ru-RU"},{"@type":"Organization","@id":"https:\/\/dr-thomas-pauly.de\/#organization","name":"Dr Thomas Pauly","url":"https:\/\/dr-thomas-pauly.de\/","logo":{"@type":"ImageObject","inLanguage":"ru-RU","@id":"https:\/\/dr-thomas-pauly.de\/#\/schema\/logo\/image\/","url":"https:\/\/dr-thomas-pauly.de\/wp-content\/uploads\/2019\/12\/logo-dr-thomas-pauly.png","contentUrl":"https:\/\/dr-thomas-pauly.de\/wp-content\/uploads\/2019\/12\/logo-dr-thomas-pauly.png","width":804,"height":772,"caption":"Dr Thomas Pauly"},"image":{"@id":"https:\/\/dr-thomas-pauly.de\/#\/schema\/logo\/image\/"},"sameAs":["https:\/\/x.com\/koe94","http:\/\/dr-thomas-pauly"]}]}},"_links":{"self":[{"href":"https:\/\/dr-thomas-pauly.de\/ru\/wp-json\/wp\/v2\/pages\/152","targetHints":{"allow":["GET"]}}],"collection":[{"href":"https:\/\/dr-thomas-pauly.de\/ru\/wp-json\/wp\/v2\/pages"}],"about":[{"href":"https:\/\/dr-thomas-pauly.de\/ru\/wp-json\/wp\/v2\/types\/page"}],"author":[{"embeddable":true,"href":"https:\/\/dr-thomas-pauly.de\/ru\/wp-json\/wp\/v2\/users\/1"}],"replies":[{"embeddable":true,"href":"https:\/\/dr-thomas-pauly.de\/ru\/wp-json\/wp\/v2\/comments?post=152"}],"version-history":[{"count":11,"href":"https:\/\/dr-thomas-pauly.de\/ru\/wp-json\/wp\/v2\/pages\/152\/revisions"}],"predecessor-version":[{"id":1933,"href":"https:\/\/dr-thomas-pauly.de\/ru\/wp-json\/wp\/v2\/pages\/152\/revisions\/1933"}],"wp:attachment":[{"href":"https:\/\/dr-thomas-pauly.de\/ru\/wp-json\/wp\/v2\/media?parent=152"}],"curies":[{"name":"wp","href":"https:\/\/api.w.org\/{rel}","templated":true}]}}