{"id":211,"date":"2018-08-24T22:53:17","date_gmt":"2018-08-24T20:53:17","guid":{"rendered":"https:\/\/lo-werbung.de\/dr-pauly-2018\/?page_id=211"},"modified":"2020-05-26T17:51:55","modified_gmt":"2020-05-26T15:51:55","slug":"koerperanalyse-bioimpedanzmessung","status":"publish","type":"page","link":"https:\/\/dr-thomas-pauly.de\/ru\/koerperanalyse-bioimpedanzmessung\/","title":{"rendered":"\u0418\u0437\u043c\u0435\u0440\u0435\u043d\u0438\u044f \u0438 \u0430\u043d\u0430\u043b\u0438\u0437 \u0441\u043e\u0441\u0442\u0430\u0432\u0430 \u0442\u0435\u043b\u0430 \u043c\u0435\u0442\u043e\u0434\u043e\u043c \u0431\u0438\u043e\u0438\u043c\u043f\u0435\u0434\u0430\u043d\u0441\u0430"},"content":{"rendered":"<div data-elementor-type=\"wp-post\" data-elementor-id=\"211\" class=\"elementor elementor-211\" data-elementor-post-type=\"page\">\n\t\t\t\t\t\t<section class=\"elementor-section elementor-top-section elementor-element elementor-element-d31a782 elementor-section-boxed elementor-section-height-default elementor-section-height-default\" data-id=\"d31a782\" data-element_type=\"section\">\n\t\t\t\t\t\t<div class=\"elementor-container elementor-column-gap-default\">\n\t\t\t\t\t<div class=\"elementor-column elementor-col-100 elementor-top-column elementor-element elementor-element-6b80a6f\" data-id=\"6b80a6f\" data-element_type=\"column\">\n\t\t\t<div class=\"elementor-widget-wrap elementor-element-populated\">\n\t\t\t\t\t\t<div class=\"elementor-element elementor-element-60dde77 elementor-widget elementor-widget-image\" data-id=\"60dde77\" data-element_type=\"widget\" data-widget_type=\"image.default\">\n\t\t\t\t<div class=\"elementor-widget-container\">\n\t\t\t\t\t\t\t\t\t\t\t\t\t\t\t<img fetchpriority=\"high\" decoding=\"async\" width=\"1024\" height=\"307\" src=\"https:\/\/dr-thomas-pauly.de\/wp-content\/uploads\/2020\/05\/bioimpendanzmessung-orthopaede-duesseldorf-dr-pauly-koenigsallee-praxis-1024x307.jpg\" class=\"attachment-large size-large wp-image-1951\" alt=\"\" srcset=\"https:\/\/dr-thomas-pauly.de\/wp-content\/uploads\/2020\/05\/bioimpendanzmessung-orthopaede-duesseldorf-dr-pauly-koenigsallee-praxis-1024x307.jpg 1024w, https:\/\/dr-thomas-pauly.de\/wp-content\/uploads\/2020\/05\/bioimpendanzmessung-orthopaede-duesseldorf-dr-pauly-koenigsallee-praxis-300x90.jpg 300w, https:\/\/dr-thomas-pauly.de\/wp-content\/uploads\/2020\/05\/bioimpendanzmessung-orthopaede-duesseldorf-dr-pauly-koenigsallee-praxis-768x230.jpg 768w, https:\/\/dr-thomas-pauly.de\/wp-content\/uploads\/2020\/05\/bioimpendanzmessung-orthopaede-duesseldorf-dr-pauly-koenigsallee-praxis-1536x461.jpg 1536w, https:\/\/dr-thomas-pauly.de\/wp-content\/uploads\/2020\/05\/bioimpendanzmessung-orthopaede-duesseldorf-dr-pauly-koenigsallee-praxis.jpg 2000w\" sizes=\"(max-width: 1024px) 100vw, 1024px\" \/>\t\t\t\t\t\t\t\t\t\t\t\t\t\t\t<\/div>\n\t\t\t\t<\/div>\n\t\t\t\t\t<\/div>\n\t\t<\/div>\n\t\t\t\t\t<\/div>\n\t\t<\/section>\n\t\t\t\t<section class=\"elementor-section elementor-top-section elementor-element elementor-element-23c41f1a elementor-section-boxed elementor-section-height-default elementor-section-height-default\" data-id=\"23c41f1a\" data-element_type=\"section\">\n\t\t\t\t\t\t<div class=\"elementor-container elementor-column-gap-default\">\n\t\t\t\t\t<div class=\"elementor-column elementor-col-50 elementor-top-column elementor-element elementor-element-57b8bd65\" data-id=\"57b8bd65\" data-element_type=\"column\">\n\t\t\t<div class=\"elementor-widget-wrap elementor-element-populated\">\n\t\t\t\t\t\t<div class=\"elementor-element elementor-element-570763ad box-white elementor-widget elementor-widget-text-editor\" data-id=\"570763ad\" data-element_type=\"widget\" data-widget_type=\"text-editor.default\">\n\t\t\t\t<div class=\"elementor-widget-container\">\n\t\t\t\t\t\t\t\t\t<h1>\u0418\u0437\u043c\u0435\u0440\u0435\u043d\u0438\u044f \u0438 \u0430\u043d\u0430\u043b\u0438\u0437 \u0441\u043e\u0441\u0442\u0430\u0432\u0430 \u0442\u0435\u043b\u0430 \u043c\u0435\u0442\u043e\u0434\u043e\u043c \u0431\u0438\u043e\u0438\u043c\u043f\u0435\u0434\u0430\u043d\u0441\u0430<\/h1><h2>K\u00f6rperanalyse nach der BIA-Methode<\/h2><p style=\"font-size: 14.4px; color: #7a7a7a;\">Das weithin bekannte, herk\u00f6mmliche Vorgehen zur K\u00f6rperanalyse ist die Ermittlung der Messwerte f\u00fcr den K\u00f6rpermassen-Index (BMI \u2013 body mass index).<br \/>Wie allerdings Ergebnisse der j\u00fcngeren medizinischen Forschung belegen, l\u00e4sst sich anhand dieses BMI der Fettanteil nicht mit hinreichender Zuverl\u00e4ssigkeit ermitteln; in einem Viertel der F\u00e4lle sind die Messergebnisse sogar unzutreffend.<\/p><p style=\"font-size: 14.4px; color: #7a7a7a;\">Vor diesem Hintergrund wird im Bereich der Medizin zur K\u00f6rperanalyse seit geraumer Zeit anstelle des BMI die wissenschaftlich anerkannte Methode der sog. bioelektrischen Impedanz-Analyse angewendet; diese BIA-Analyse liefert sehr zuverl\u00e4ssige und pr\u00e4zise Werte.<\/p><p style=\"font-size: 14.4px; color: #7a7a7a;\">Grundlage der BIA-Methode ist die Tatsache, dass Muskeln eine h\u00f6here Stromleitf\u00e4higkeit aufweisen als K\u00f6rperfett. F\u00fcr Zwecke der BIA-Analyse werden deshalb minimale \u2014 nicht sp\u00fcrbare \u2014 Strom-Impulse durch den K\u00f6rper geschickt und dabei der Flie\u00dfwiderstand (auch als \u201ebioelektrische Impedanz\u201c bezeichnet) gemessen.<\/p><p style=\"font-size: 14.4px; color: #7a7a7a;\">Anhand der so ermittelten Messwerte l\u00e4sst sich die K\u00f6rperzusammensetzung recht detailliert bestimmen, insbesondere die Wasser-, Fett- und Muskel-Anteile.<\/p><p style=\"font-size: 14.4px; color: #7a7a7a;\">Im Einzelnen werden folgende Parameter gemessen:<\/p><ul style=\"color: #7a7a7a; font-size: 14.4px;\"><li>K\u00f6rpermassen-Index (BMI)<\/li><li>Phasenwinkel (PhA \u2013 phase angle)<\/li><li>K\u00f6rperzell-Masse (BCM \u2013 body cell mass)<\/li><li>Fettfreie Masse (FFM \u2013 fat-free mass)<\/li><li>Gesamt-K\u00f6rperwasser (TBW \u2013 total body water)<\/li><li>Extrazellul\u00e4re Masse (ECM \u2013 extracellular mass)<\/li><\/ul><p style=\"font-size: 14.4px; color: #7a7a7a;\">Aus den so ermittelten Daten kann ich als Arzt genaue Empfehlungen ableiten: zur Ern\u00e4hrung und zur Zufuhr von Fl\u00fcssigkeiten, aber auch zum gebotenen Training. Meine Patienten sch\u00e4tzen diese wertvollen Hinweise, die ihnen helfen, l\u00e4nger fit und gesund zu bleiben.<\/p>\t\t\t\t\t\t\t\t<\/div>\n\t\t\t\t<\/div>\n\t\t\t\t\t<\/div>\n\t\t<\/div>\n\t\t\t\t<div class=\"elementor-column elementor-col-50 elementor-top-column elementor-element elementor-element-46412b5 box-vertical\" data-id=\"46412b5\" data-element_type=\"column\" data-settings=\"{&quot;background_background&quot;:&quot;classic&quot;}\">\n\t\t\t<div class=\"elementor-widget-wrap elementor-element-populated\">\n\t\t\t\t\t\t<div class=\"elementor-element elementor-element-3fd5e908 elementor-widget elementor-widget-accordion\" data-id=\"3fd5e908\" data-element_type=\"widget\" data-widget_type=\"accordion.default\">\n\t\t\t\t<div class=\"elementor-widget-container\">\n\t\t\t\t\t\t\t<div class=\"elementor-accordion\">\n\t\t\t\t\t\t\t<div class=\"elementor-accordion-item\">\n\t\t\t\t\t<div id=\"elementor-tab-title-1071\" class=\"elementor-tab-title\" data-tab=\"1\" role=\"button\" aria-controls=\"elementor-tab-content-1071\" aria-expanded=\"false\">\n\t\t\t\t\t\t\t\t\t\t\t\t\t<span class=\"elementor-accordion-icon elementor-accordion-icon-left\" aria-hidden=\"true\">\n\t\t\t\t\t\t\t\t\t\t\t\t\t\t\t<span class=\"elementor-accordion-icon-closed\"><i class=\"far fa-caret-square-down\"><\/i><\/span>\n\t\t\t\t\t\t\t\t<span class=\"elementor-accordion-icon-opened\"><i class=\"far fa-caret-square-up\"><\/i><\/span>\n\t\t\t\t\t\t\t\t\t\t\t\t\t\t<\/span>\n\t\t\t\t\t\t\t\t\t\t\t\t<a class=\"elementor-accordion-title\" tabindex=\"0\">\u041d\u0430\u0432\u0438\u0433\u0430\u0446\u0438\u043e\u043d\u043d\u0430\u044f \u043a\u043b\u0438\u043d\u0438\u043a\u0430 <\/a>\n\t\t\t\t\t<\/div>\n\t\t\t\t\t<div id=\"elementor-tab-content-1071\" class=\"elementor-tab-content elementor-clearfix\" data-tab=\"1\" role=\"region\" aria-labelledby=\"elementor-tab-title-1071\"><\/div>\n\t\t\t\t<\/div>\n\t\t\t\t\t\t\t\t<\/div>\n\t\t\t\t\t\t<\/div>\n\t\t\t\t<\/div>\n\t\t\t\t<div class=\"elementor-element elementor-element-026546a elementor-widget elementor-widget-image\" data-id=\"026546a\" data-element_type=\"widget\" data-widget_type=\"image.default\">\n\t\t\t\t<div class=\"elementor-widget-container\">\n\t\t\t\t\t\t\t\t\t\t\t\t\t\t\t<img decoding=\"async\" width=\"450\" height=\"341\" src=\"https:\/\/dr-thomas-pauly.de\/wp-content\/uploads\/2020\/05\/bioimpendanzmessung-orthopaede-duesseldorf-pauly-koenigsallee-praxis-fettmessung.jpg\" class=\"attachment-2048x2048 size-2048x2048 wp-image-1972\" alt=\"\" srcset=\"https:\/\/dr-thomas-pauly.de\/wp-content\/uploads\/2020\/05\/bioimpendanzmessung-orthopaede-duesseldorf-pauly-koenigsallee-praxis-fettmessung.jpg 450w, https:\/\/dr-thomas-pauly.de\/wp-content\/uploads\/2020\/05\/bioimpendanzmessung-orthopaede-duesseldorf-pauly-koenigsallee-praxis-fettmessung-300x227.jpg 300w\" sizes=\"(max-width: 450px) 100vw, 450px\" \/>\t\t\t\t\t\t\t\t\t\t\t\t\t\t\t<\/div>\n\t\t\t\t<\/div>\n\t\t\t\t<section class=\"elementor-section elementor-inner-section elementor-element elementor-element-154d14e elementor-section-boxed elementor-section-height-default elementor-section-height-default\" data-id=\"154d14e\" data-element_type=\"section\" data-settings=\"{&quot;background_background&quot;:&quot;classic&quot;}\">\n\t\t\t\t\t\t<div class=\"elementor-container elementor-column-gap-default\">\n\t\t\t\t\t<div class=\"elementor-column elementor-col-100 elementor-inner-column elementor-element elementor-element-7ee2b80b\" data-id=\"7ee2b80b\" data-element_type=\"column\" data-settings=\"{&quot;background_background&quot;:&quot;classic&quot;}\">\n\t\t\t<div class=\"elementor-widget-wrap elementor-element-populated\">\n\t\t\t\t\t\t\t<\/div>\n\t\t<\/div>\n\t\t\t\t\t<\/div>\n\t\t<\/section>\n\t\t\t\t<div class=\"elementor-element elementor-element-62181034 elementor-widget elementor-widget-text-editor\" data-id=\"62181034\" data-element_type=\"widget\" data-widget_type=\"text-editor.default\">\n\t\t\t\t<div class=\"elementor-widget-container\">\n\t\t\t\t\t\t\t\t\t<p style=\"text-align: left;\">\u0427\u0430\u0441\u0442\u043d\u0430\u044f \u043e\u0440\u0442\u043e\u043f\u0435\u0434\u0438\u0447\u0435\u0441\u043a\u0430\u044f \u043a\u043b\u0438\u043d\u0438\u043a\u0430 \u0434\u043e\u043a\u0442\u043e\u0440\u0430 \u0422\u043e\u043c\u0430\u0441\u0430 \u041f\u0430\u0443\u043b\u0438 \u043d\u0430\u0445\u043e\u0434\u0438\u0442\u0441\u044f \u043f\u043e \u0430\u0434\u0440\u0435\u0441\u0443 \u041a\u0451\u043d\u0438\u0433\u0441\u0430\u043b\u043b\u0435\u0435, 94 \u0432 \u0433. \u0414\u044e\u0441\u0441\u0435\u043b\u044c\u0434\u043e\u0440\u0444\u0435<\/p><p style=\"text-align: left;\">\u041f\u0440\u0438\u0451\u043c\u043d\u044b\u0435 \u0447\u0430\u0441\u044b: \u043f\u043e\u043d\u0435\u0434\u0435\u043b\u044c\u043d\u0438\u043a \u2013 \u043f\u044f\u0442\u043d\u0438\u0446\u0430 \u0441 7:00 \u0434\u043e 20:00, \u043f\u0440\u0438 \u043d\u0435\u043e\u0431\u0445\u043e\u0434\u0438\u043c\u043e\u0441\u0442\u0438 \u2013 \u0442\u0430\u043a\u0436\u0435 \u0438 \u043f\u043e \u0441\u0443\u0431\u0431\u043e\u0442\u0430\u043c.<\/p><p style=\"text-align: left;\">\u0422\u0435\u043b.:\u00a0<a href=\"https:\/\/dr-thomas-pauly.de\/ru\/kontakt\/\">0211 300 40 383<\/a><\/p><p style=\"text-align: left;\">\u042d\u043b\u0435\u043a\u0442\u0440\u043e\u043d\u043d\u0430\u044f \u043f\u043e\u0447\u0442\u0430:\u00a0<a href=\"mailto:praxis@dr-thomas-pauly.de\">clinic@dr-thomas-pauly.de<\/a>.<\/p><p style=\"text-align: left;\"><a class=\"pauly-button\" href=\"http:\/\/kontakt\">\u041e\u0440\u0433\u0430\u043d\u0438\u0437\u043e\u0432\u0430\u0442\u044c \u0432\u0441\u0442\u0440\u0435\u0447\u0443<\/a><\/p>\t\t\t\t\t\t\t\t<\/div>\n\t\t\t\t<\/div>\n\t\t\t\t\t<\/div>\n\t\t<\/div>\n\t\t\t\t\t<\/div>\n\t\t<\/section>\n\t\t\t\t<\/div>","protected":false},"excerpt":{"rendered":"<p>Bioimpedanz-Messung zur K\u00f6rperanalyse K\u00f6rperanalyse nach der BIA-Methode Das weithin bekannte, herk\u00f6mmliche Vorgehen zur K\u00f6rperanalyse ist die Ermittlung der Messwerte f\u00fcr den K\u00f6rpermassen-Index (BMI \u2013 body mass index).Wie allerdings Ergebnisse der j\u00fcngeren medizinischen Forschung belegen, l\u00e4sst sich anhand dieses BMI der Fettanteil nicht mit hinreichender Zuverl\u00e4ssigkeit ermitteln; in einem Viertel der F\u00e4lle sind die Messergebnisse sogar [&hellip;]<\/p>","protected":false},"author":1,"featured_media":0,"parent":0,"menu_order":0,"comment_status":"closed","ping_status":"closed","template":"","meta":{"footnotes":""},"class_list":["post-211","page","type-page","status-publish","hentry"],"yoast_head":"<!-- This site is optimized with the Yoast SEO plugin v25.4 - https:\/\/yoast.com\/wordpress\/plugins\/seo\/ -->\n<title>Bioimpedanz-Messung zur K\u00f6rperanalyse - Dr. Thomas Pauly | D\u00fcsseldorf<\/title>\n<meta name=\"description\" content=\"Bioimpedanz-Messung zur K\u00f6rperanalyseK\u00f6rperanalyse (BIA-Methode) in der orthop\u00e4dischen Privatpraxis Dr. Thomas Pauly auf der K\u00f6nigsallee 94 in D\u00fcsseldorf\" \/>\n<meta name=\"robots\" content=\"index, follow, max-snippet:-1, max-image-preview:large, max-video-preview:-1\" \/>\n<link rel=\"canonical\" href=\"https:\/\/dr-thomas-pauly.de\/ru\/koerperanalyse-bioimpedanzmessung\/\" \/>\n<meta property=\"og:locale\" content=\"ru_RU\" \/>\n<meta property=\"og:type\" content=\"article\" \/>\n<meta property=\"og:title\" content=\"Bioimpedanz-Messung zur K\u00f6rperanalyse - Dr. Thomas Pauly | D\u00fcsseldorf\" \/>\n<meta property=\"og:description\" content=\"Bioimpedanz-Messung zur K\u00f6rperanalyseK\u00f6rperanalyse (BIA-Methode) in der orthop\u00e4dischen Privatpraxis Dr. Thomas Pauly auf der K\u00f6nigsallee 94 in D\u00fcsseldorf\" \/>\n<meta property=\"og:url\" content=\"https:\/\/dr-thomas-pauly.de\/ru\/koerperanalyse-bioimpedanzmessung\/\" \/>\n<meta property=\"og:site_name\" content=\"Dr. Thomas Pauly\" \/>\n<meta property=\"article:modified_time\" content=\"2020-05-26T15:51:55+00:00\" \/>\n<meta property=\"og:image\" content=\"https:\/\/dr-thomas-pauly.de\/wp-content\/uploads\/2020\/05\/bioimpendanzmessung-orthopaede-duesseldorf-dr-pauly-koenigsallee-praxis-1024x307.jpg\" \/>\n<meta name=\"twitter:card\" content=\"summary_large_image\" \/>\n<meta name=\"twitter:site\" content=\"@koe94\" \/>\n<meta name=\"twitter:label1\" content=\"\u041f\u0440\u0438\u043c\u0435\u0440\u043d\u043e\u0435 \u0432\u0440\u0435\u043c\u044f \u0434\u043b\u044f \u0447\u0442\u0435\u043d\u0438\u044f\" \/>\n\t<meta name=\"twitter:data1\" content=\"1 \u043c\u0438\u043d\u0443\u0442\u0430\" \/>\n<script type=\"application\/ld+json\" class=\"yoast-schema-graph\">{\"@context\":\"https:\/\/schema.org\",\"@graph\":[{\"@type\":\"WebPage\",\"@id\":\"https:\/\/dr-thomas-pauly.de\/koerperanalyse-bioimpedanzmessung\/\",\"url\":\"https:\/\/dr-thomas-pauly.de\/koerperanalyse-bioimpedanzmessung\/\",\"name\":\"Bioimpedanz-Messung zur K\u00f6rperanalyse - Dr. Thomas Pauly | D\u00fcsseldorf\",\"isPartOf\":{\"@id\":\"https:\/\/dr-thomas-pauly.de\/#website\"},\"primaryImageOfPage\":{\"@id\":\"https:\/\/dr-thomas-pauly.de\/koerperanalyse-bioimpedanzmessung\/#primaryimage\"},\"image\":{\"@id\":\"https:\/\/dr-thomas-pauly.de\/koerperanalyse-bioimpedanzmessung\/#primaryimage\"},\"thumbnailUrl\":\"https:\/\/dr-thomas-pauly.de\/wp-content\/uploads\/2020\/05\/bioimpendanzmessung-orthopaede-duesseldorf-dr-pauly-koenigsallee-praxis-1024x307.jpg\",\"datePublished\":\"2018-08-24T20:53:17+00:00\",\"dateModified\":\"2020-05-26T15:51:55+00:00\",\"description\":\"Bioimpedanz-Messung zur K\u00f6rperanalyseK\u00f6rperanalyse (BIA-Methode) in der orthop\u00e4dischen Privatpraxis Dr. Thomas Pauly auf der K\u00f6nigsallee 94 in D\u00fcsseldorf\",\"breadcrumb\":{\"@id\":\"https:\/\/dr-thomas-pauly.de\/koerperanalyse-bioimpedanzmessung\/#breadcrumb\"},\"inLanguage\":\"ru-RU\",\"potentialAction\":[{\"@type\":\"ReadAction\",\"target\":[\"https:\/\/dr-thomas-pauly.de\/koerperanalyse-bioimpedanzmessung\/\"]}]},{\"@type\":\"ImageObject\",\"inLanguage\":\"ru-RU\",\"@id\":\"https:\/\/dr-thomas-pauly.de\/koerperanalyse-bioimpedanzmessung\/#primaryimage\",\"url\":\"https:\/\/dr-thomas-pauly.de\/wp-content\/uploads\/2020\/05\/bioimpendanzmessung-orthopaede-duesseldorf-dr-pauly-koenigsallee-praxis-1024x307.jpg\",\"contentUrl\":\"https:\/\/dr-thomas-pauly.de\/wp-content\/uploads\/2020\/05\/bioimpendanzmessung-orthopaede-duesseldorf-dr-pauly-koenigsallee-praxis-1024x307.jpg\"},{\"@type\":\"BreadcrumbList\",\"@id\":\"https:\/\/dr-thomas-pauly.de\/koerperanalyse-bioimpedanzmessung\/#breadcrumb\",\"itemListElement\":[{\"@type\":\"ListItem\",\"position\":1,\"name\":\"Startseite\",\"item\":\"https:\/\/dr-thomas-pauly.de\/\"},{\"@type\":\"ListItem\",\"position\":2,\"name\":\"Bioimpedanz-Messung zur K\u00f6rperanalyse\"}]},{\"@type\":\"WebSite\",\"@id\":\"https:\/\/dr-thomas-pauly.de\/#website\",\"url\":\"https:\/\/dr-thomas-pauly.de\/\",\"name\":\"Dr. Thomas Pauly\",\"description\":\"Orthop\u00e4dische Privatpraxis K\u00f6nigsallee 94 in D\u00fcsseldorf.\",\"publisher\":{\"@id\":\"https:\/\/dr-thomas-pauly.de\/#organization\"},\"potentialAction\":[{\"@type\":\"SearchAction\",\"target\":{\"@type\":\"EntryPoint\",\"urlTemplate\":\"https:\/\/dr-thomas-pauly.de\/?s={search_term_string}\"},\"query-input\":{\"@type\":\"PropertyValueSpecification\",\"valueRequired\":true,\"valueName\":\"search_term_string\"}}],\"inLanguage\":\"ru-RU\"},{\"@type\":\"Organization\",\"@id\":\"https:\/\/dr-thomas-pauly.de\/#organization\",\"name\":\"Dr Thomas Pauly\",\"url\":\"https:\/\/dr-thomas-pauly.de\/\",\"logo\":{\"@type\":\"ImageObject\",\"inLanguage\":\"ru-RU\",\"@id\":\"https:\/\/dr-thomas-pauly.de\/#\/schema\/logo\/image\/\",\"url\":\"https:\/\/dr-thomas-pauly.de\/wp-content\/uploads\/2019\/12\/logo-dr-thomas-pauly.png\",\"contentUrl\":\"https:\/\/dr-thomas-pauly.de\/wp-content\/uploads\/2019\/12\/logo-dr-thomas-pauly.png\",\"width\":804,\"height\":772,\"caption\":\"Dr Thomas Pauly\"},\"image\":{\"@id\":\"https:\/\/dr-thomas-pauly.de\/#\/schema\/logo\/image\/\"},\"sameAs\":[\"https:\/\/x.com\/koe94\",\"http:\/\/dr-thomas-pauly\"]}]}<\/script>\n<!-- \/ Yoast SEO plugin. -->","yoast_head_json":{"title":"Bioimpedanz-Messung zur K\u00f6rperanalyse - Dr. Thomas Pauly | D\u00fcsseldorf","description":"Bioimpedanz-Messung zur K\u00f6rperanalyseK\u00f6rperanalyse (BIA-Methode) in der orthop\u00e4dischen Privatpraxis Dr. Thomas Pauly auf der K\u00f6nigsallee 94 in D\u00fcsseldorf","robots":{"index":"index","follow":"follow","max-snippet":"max-snippet:-1","max-image-preview":"max-image-preview:large","max-video-preview":"max-video-preview:-1"},"canonical":"https:\/\/dr-thomas-pauly.de\/ru\/koerperanalyse-bioimpedanzmessung\/","og_locale":"ru_RU","og_type":"article","og_title":"Bioimpedanz-Messung zur K\u00f6rperanalyse - Dr. Thomas Pauly | D\u00fcsseldorf","og_description":"Bioimpedanz-Messung zur K\u00f6rperanalyseK\u00f6rperanalyse (BIA-Methode) in der orthop\u00e4dischen Privatpraxis Dr. Thomas Pauly auf der K\u00f6nigsallee 94 in D\u00fcsseldorf","og_url":"https:\/\/dr-thomas-pauly.de\/ru\/koerperanalyse-bioimpedanzmessung\/","og_site_name":"Dr. Thomas Pauly","article_modified_time":"2020-05-26T15:51:55+00:00","og_image":[{"url":"https:\/\/dr-thomas-pauly.de\/wp-content\/uploads\/2020\/05\/bioimpendanzmessung-orthopaede-duesseldorf-dr-pauly-koenigsallee-praxis-1024x307.jpg","type":"","width":"","height":""}],"twitter_card":"summary_large_image","twitter_site":"@koe94","twitter_misc":{"\u041f\u0440\u0438\u043c\u0435\u0440\u043d\u043e\u0435 \u0432\u0440\u0435\u043c\u044f \u0434\u043b\u044f \u0447\u0442\u0435\u043d\u0438\u044f":"1 \u043c\u0438\u043d\u0443\u0442\u0430"},"schema":{"@context":"https:\/\/schema.org","@graph":[{"@type":"WebPage","@id":"https:\/\/dr-thomas-pauly.de\/koerperanalyse-bioimpedanzmessung\/","url":"https:\/\/dr-thomas-pauly.de\/koerperanalyse-bioimpedanzmessung\/","name":"Bioimpedanz-Messung zur K\u00f6rperanalyse - Dr. Thomas Pauly | D\u00fcsseldorf","isPartOf":{"@id":"https:\/\/dr-thomas-pauly.de\/#website"},"primaryImageOfPage":{"@id":"https:\/\/dr-thomas-pauly.de\/koerperanalyse-bioimpedanzmessung\/#primaryimage"},"image":{"@id":"https:\/\/dr-thomas-pauly.de\/koerperanalyse-bioimpedanzmessung\/#primaryimage"},"thumbnailUrl":"https:\/\/dr-thomas-pauly.de\/wp-content\/uploads\/2020\/05\/bioimpendanzmessung-orthopaede-duesseldorf-dr-pauly-koenigsallee-praxis-1024x307.jpg","datePublished":"2018-08-24T20:53:17+00:00","dateModified":"2020-05-26T15:51:55+00:00","description":"Bioimpedanz-Messung zur K\u00f6rperanalyseK\u00f6rperanalyse (BIA-Methode) in der orthop\u00e4dischen Privatpraxis Dr. Thomas Pauly auf der K\u00f6nigsallee 94 in D\u00fcsseldorf","breadcrumb":{"@id":"https:\/\/dr-thomas-pauly.de\/koerperanalyse-bioimpedanzmessung\/#breadcrumb"},"inLanguage":"ru-RU","potentialAction":[{"@type":"ReadAction","target":["https:\/\/dr-thomas-pauly.de\/koerperanalyse-bioimpedanzmessung\/"]}]},{"@type":"ImageObject","inLanguage":"ru-RU","@id":"https:\/\/dr-thomas-pauly.de\/koerperanalyse-bioimpedanzmessung\/#primaryimage","url":"https:\/\/dr-thomas-pauly.de\/wp-content\/uploads\/2020\/05\/bioimpendanzmessung-orthopaede-duesseldorf-dr-pauly-koenigsallee-praxis-1024x307.jpg","contentUrl":"https:\/\/dr-thomas-pauly.de\/wp-content\/uploads\/2020\/05\/bioimpendanzmessung-orthopaede-duesseldorf-dr-pauly-koenigsallee-praxis-1024x307.jpg"},{"@type":"BreadcrumbList","@id":"https:\/\/dr-thomas-pauly.de\/koerperanalyse-bioimpedanzmessung\/#breadcrumb","itemListElement":[{"@type":"ListItem","position":1,"name":"Startseite","item":"https:\/\/dr-thomas-pauly.de\/"},{"@type":"ListItem","position":2,"name":"Bioimpedanz-Messung zur K\u00f6rperanalyse"}]},{"@type":"WebSite","@id":"https:\/\/dr-thomas-pauly.de\/#website","url":"https:\/\/dr-thomas-pauly.de\/","name":"Dr. Thomas Pauly","description":"Orthop\u00e4dische Privatpraxis K\u00f6nigsallee 94 in D\u00fcsseldorf.","publisher":{"@id":"https:\/\/dr-thomas-pauly.de\/#organization"},"potentialAction":[{"@type":"SearchAction","target":{"@type":"EntryPoint","urlTemplate":"https:\/\/dr-thomas-pauly.de\/?s={search_term_string}"},"query-input":{"@type":"PropertyValueSpecification","valueRequired":true,"valueName":"search_term_string"}}],"inLanguage":"ru-RU"},{"@type":"Organization","@id":"https:\/\/dr-thomas-pauly.de\/#organization","name":"Dr Thomas Pauly","url":"https:\/\/dr-thomas-pauly.de\/","logo":{"@type":"ImageObject","inLanguage":"ru-RU","@id":"https:\/\/dr-thomas-pauly.de\/#\/schema\/logo\/image\/","url":"https:\/\/dr-thomas-pauly.de\/wp-content\/uploads\/2019\/12\/logo-dr-thomas-pauly.png","contentUrl":"https:\/\/dr-thomas-pauly.de\/wp-content\/uploads\/2019\/12\/logo-dr-thomas-pauly.png","width":804,"height":772,"caption":"Dr Thomas Pauly"},"image":{"@id":"https:\/\/dr-thomas-pauly.de\/#\/schema\/logo\/image\/"},"sameAs":["https:\/\/x.com\/koe94","http:\/\/dr-thomas-pauly"]}]}},"_links":{"self":[{"href":"https:\/\/dr-thomas-pauly.de\/ru\/wp-json\/wp\/v2\/pages\/211","targetHints":{"allow":["GET"]}}],"collection":[{"href":"https:\/\/dr-thomas-pauly.de\/ru\/wp-json\/wp\/v2\/pages"}],"about":[{"href":"https:\/\/dr-thomas-pauly.de\/ru\/wp-json\/wp\/v2\/types\/page"}],"author":[{"embeddable":true,"href":"https:\/\/dr-thomas-pauly.de\/ru\/wp-json\/wp\/v2\/users\/1"}],"replies":[{"embeddable":true,"href":"https:\/\/dr-thomas-pauly.de\/ru\/wp-json\/wp\/v2\/comments?post=211"}],"version-history":[{"count":12,"href":"https:\/\/dr-thomas-pauly.de\/ru\/wp-json\/wp\/v2\/pages\/211\/revisions"}],"predecessor-version":[{"id":1992,"href":"https:\/\/dr-thomas-pauly.de\/ru\/wp-json\/wp\/v2\/pages\/211\/revisions\/1992"}],"wp:attachment":[{"href":"https:\/\/dr-thomas-pauly.de\/ru\/wp-json\/wp\/v2\/media?parent=211"}],"curies":[{"name":"wp","href":"https:\/\/api.w.org\/{rel}","templated":true}]}}