{"id":239,"date":"2018-08-25T04:22:37","date_gmt":"2018-08-25T02:22:37","guid":{"rendered":"https:\/\/lo-werbung.de\/dr-pauly-2018\/?page_id=239"},"modified":"2020-06-06T12:32:05","modified_gmt":"2020-06-06T10:32:05","slug":"einlagenversorgung","status":"publish","type":"page","link":"https:\/\/dr-thomas-pauly.de\/ru\/einlagenversorgung\/","title":{"rendered":"\u041e\u0440\u0442\u043e\u043f\u0435\u0434\u0438\u0447\u0435\u0441\u043a\u0438\u0435 \u0441\u0442\u0435\u043b\u044c\u043a\u0438"},"content":{"rendered":"<div data-elementor-type=\"wp-post\" data-elementor-id=\"239\" class=\"elementor elementor-239\" data-elementor-post-type=\"page\">\n\t\t\t\t\t\t<section class=\"elementor-section elementor-top-section elementor-element elementor-element-3c0bb8b1 elementor-section-boxed elementor-section-height-default elementor-section-height-default\" data-id=\"3c0bb8b1\" data-element_type=\"section\" data-settings=\"{&quot;background_background&quot;:&quot;gradient&quot;}\">\n\t\t\t\t\t\t<div class=\"elementor-container elementor-column-gap-default\">\n\t\t\t\t\t<div class=\"elementor-column elementor-col-100 elementor-top-column elementor-element elementor-element-5ca43f88\" data-id=\"5ca43f88\" data-element_type=\"column\">\n\t\t\t<div class=\"elementor-widget-wrap elementor-element-populated\">\n\t\t\t\t\t\t<div class=\"elementor-element elementor-element-8a32737 elementor-widget elementor-widget-image\" data-id=\"8a32737\" data-element_type=\"widget\" data-widget_type=\"image.default\">\n\t\t\t\t<div class=\"elementor-widget-container\">\n\t\t\t\t\t\t\t\t\t\t\t\t\t\t\t<img fetchpriority=\"high\" decoding=\"async\" width=\"1024\" height=\"305\" src=\"https:\/\/dr-thomas-pauly.de\/wp-content\/uploads\/2020\/05\/orthopaedische-einlagen-duesseldorf-koenigsallee-praxis-orthopaedie-head-1024x305.jpg\" class=\"attachment-large size-large wp-image-1881\" alt=\"\" srcset=\"https:\/\/dr-thomas-pauly.de\/wp-content\/uploads\/2020\/05\/orthopaedische-einlagen-duesseldorf-koenigsallee-praxis-orthopaedie-head-1024x305.jpg 1024w, https:\/\/dr-thomas-pauly.de\/wp-content\/uploads\/2020\/05\/orthopaedische-einlagen-duesseldorf-koenigsallee-praxis-orthopaedie-head-300x89.jpg 300w, https:\/\/dr-thomas-pauly.de\/wp-content\/uploads\/2020\/05\/orthopaedische-einlagen-duesseldorf-koenigsallee-praxis-orthopaedie-head-768x229.jpg 768w, https:\/\/dr-thomas-pauly.de\/wp-content\/uploads\/2020\/05\/orthopaedische-einlagen-duesseldorf-koenigsallee-praxis-orthopaedie-head-1536x458.jpg 1536w, https:\/\/dr-thomas-pauly.de\/wp-content\/uploads\/2020\/05\/orthopaedische-einlagen-duesseldorf-koenigsallee-praxis-orthopaedie-head.jpg 2000w\" sizes=\"(max-width: 1024px) 100vw, 1024px\" \/>\t\t\t\t\t\t\t\t\t\t\t\t\t\t\t<\/div>\n\t\t\t\t<\/div>\n\t\t\t\t\t<\/div>\n\t\t<\/div>\n\t\t\t\t\t<\/div>\n\t\t<\/section>\n\t\t\t\t<section class=\"elementor-section elementor-top-section elementor-element elementor-element-9d6e0b8 elementor-section-boxed elementor-section-height-default elementor-section-height-default\" data-id=\"9d6e0b8\" data-element_type=\"section\">\n\t\t\t\t\t\t<div class=\"elementor-container elementor-column-gap-default\">\n\t\t\t\t\t<div class=\"elementor-column elementor-col-50 elementor-top-column elementor-element elementor-element-6b853a9b\" data-id=\"6b853a9b\" data-element_type=\"column\">\n\t\t\t<div class=\"elementor-widget-wrap elementor-element-populated\">\n\t\t\t\t\t\t<div class=\"elementor-element elementor-element-3676f4f9 box-white elementor-widget elementor-widget-text-editor\" data-id=\"3676f4f9\" data-element_type=\"widget\" data-widget_type=\"text-editor.default\">\n\t\t\t\t<div class=\"elementor-widget-container\">\n\t\t\t\t\t\t\t\t\t<h1>\u0427\u0430\u0441\u0442\u043d\u0430\u044f \u043f\u0440\u0430\u043a\u0442\u0438\u043a\u0430 \u0434\u043e\u043a\u0442\u043e\u0440\u0430 \u0422\u043e\u043c\u0430\u0441\u0430 \u041f\u0430\u0443\u043b\u0438  \u2013  \u043f\u043e\u0434\u0431\u043e\u0440 \u043e\u0440\u0442\u043e\u043f\u0435\u0434\u0438\u0447\u0435\u0441\u043a\u0438\u0445 \u0441\u0442\u0435\u043b\u0435\u043a \u0434\u043b\u044f \u043e\u0431\u0443\u0432\u0438 \/ \u043f\u043e\u0434\u0433\u043e\u043d\u043a\u0430 \u043e\u0431\u0443\u0432\u0438:<\/h1><p>\u0411\u0435\u0437 \u043f\u043e\u043c\u043e\u0449\u0438 \u0432\u0441\u043f\u043e\u043c\u043e\u0433\u0430\u0442\u0435\u043b\u044c\u043d\u044b\u0445 \u0442\u0435\u0445\u043d\u0438\u0447\u0435\u0441\u043a\u0438\u0445 \u0441\u0440\u0435\u0434\u0441\u0442\u0432 \u0441\u0442\u043e\u043f\u0430 \u043c\u043e\u0436\u0435\u0442 \u0431\u044b\u0442\u044c \u043e\u0431\u0441\u043b\u0435\u0434\u043e\u0432\u0430\u043d\u0430 \u0442\u043e\u043b\u044c\u043a\u043e \u0432 \u0441\u043e\u0441\u0442\u043e\u044f\u043d\u0438\u0438 \u043f\u043e\u043a\u043e\u044f; \u043e\u0434\u043d\u0430\u043a\u043e \u043f\u0440\u0438 \u043e\u043f\u0440\u0435\u0434\u0435\u043b\u0451\u043d\u043d\u044b\u0445 \u043f\u0440\u043e\u0431\u043b\u0435\u043c\u0430\u0445 \u0441\u043e \u0441\u0442\u043e\u043f\u0430\u043c\u0438 \u044d\u0442\u043e\u0433\u043e \u0434\u043b\u044f \u043f\u043e\u0441\u0442\u0430\u043d\u043e\u0432\u043a\u0438 \u0434\u0438\u0430\u0433\u043d\u043e\u0437\u0430 \u043d\u0435\u0434\u043e\u0441\u0442\u0430\u0442\u043e\u0447\u043d\u043e.<\/p><p>\u041f\u0440\u043e\u0431\u043b\u0435\u043c\u044b \u043d\u0438\u0436\u043d\u0438\u0445 \u043a\u043e\u043d\u0435\u0447\u043d\u043e\u0441\u0442\u0435\u0439 \u043c\u043e\u0433\u0443\u0442 \u0431\u044b\u0442\u044c \u0441\u0432\u044f\u0437\u0430\u043d\u044b \u0441 \u0434\u0438\u0441\u0431\u0430\u043b\u0430\u043d\u0441\u043e\u043c \u0438 \u043d\u0435\u043f\u0440\u0430\u0432\u0438\u043b\u044c\u043d\u043e\u0439 \u043d\u0430\u0433\u0440\u0443\u0437\u043a\u043e\u0439 \u0432 \u043e\u0431\u043b\u0430\u0441\u0442\u0438 \u0441\u0442\u043e\u043f. \u041f\u043e\u044d\u0442\u043e\u043c\u0443 \u043e\u0447\u0435\u043d\u044c \u0432\u0430\u0436\u043d\u043e \u043f\u043e\u0441\u043b\u0435\u0434\u0438\u0442\u044c \u0437\u0430 \u0441\u0442\u043e\u043f\u0430\u043c\u0438 \u043f\u0440\u0438 \u0441\u0442\u043e\u044f\u043d\u0438\u0438 \u0438 \u0445\u043e\u0434\u044c\u0431\u0435. \u0421 \u043f\u043e\u043c\u043e\u0449\u044c\u044e \u044d\u043b\u0435\u043a\u0442\u0440\u043e\u043d\u043d\u043e\u0433\u043e \u0438\u0437\u043c\u0435\u0440\u0435\u043d\u0438\u044f \u0434\u0430\u0432\u043b\u0435\u043d\u0438\u044f \u0441\u0442\u043e\u043f\u044b \u043c\u043e\u0436\u043d\u043e \u0442\u043e\u0447\u043d\u043e \u0443\u0441\u0442\u0430\u043d\u043e\u0432\u0438\u0442\u044c, \u043a\u0430\u043a \u0438\u043c\u0435\u043d\u043d\u043e \u0440\u0430\u0441\u043f\u0440\u0435\u0434\u0435\u043b\u044f\u0435\u0442\u0441\u044f \u0434\u0430\u0432\u043b\u0435\u043d\u0438\u0435 \u043f\u043e \u0441\u0442\u043e\u043f\u0435 \u0438 \u043a\u0430\u043a\u0430\u044f \u043d\u0430\u0433\u0440\u0443\u0437\u043a\u0430 \u0434\u0435\u0439\u0441\u0442\u0432\u0443\u0435\u0442 \u043d\u0430 \u043f\u043e\u0437\u0432\u043e\u043d\u043e\u0447\u043d\u0438\u043a.<\/p><p>\u041a\u0440\u043e\u043c\u0435 \u0442\u043e\u0433\u043e, \u043c\u044b \u0430\u043a\u0442\u0438\u0432\u043d\u043e \u0440\u0430\u0431\u043e\u0442\u0430\u0435\u043c \u0441 \u043f\u0440\u043e\u043f\u0440\u0438\u043e\u0446\u0435\u043f\u0442\u0438\u0432\u043d\u044b\u043c\u0438 \u0441\u0442\u0435\u043b\u044c\u043a\u0430\u043c\u0438 \u0434\u043b\u044f \u043e\u0431\u0443\u0432\u0438. \u0421\u043d\u0430\u0447\u0430\u043b\u0430 \u0441\u0435\u043d\u0441\u043e\u043c\u043e\u0442\u043e\u0440\u043d\u0430\u044f \u0441\u0442\u0435\u043b\u044c\u043a\u0430 \u0432\u043e\u0437\u0434\u0435\u0439\u0441\u0442\u0432\u0443\u0435\u0442 \u043d\u0430 \u0441\u0442\u043e\u043f\u0443, \u0430 \u0437\u0430\u0442\u0435\u043c \u0443\u0436\u0435 \u043d\u0430 \u0432\u0441\u0451 \u0442\u0435\u043b\u043e. \u0421\u0435\u043d\u0441\u043e\u043c\u043e\u0442\u043e\u0440\u043d\u044b\u0435 \u044d\u043b\u0435\u043c\u0435\u043d\u0442\u044b \u0441\u0442\u0435\u043b\u044c\u043a\u0438 \u0430\u043a\u0442\u0438\u0432\u0438\u0440\u0443\u044e\u0442 \u0440\u0435\u0446\u0435\u043f\u0442\u043e\u0440\u044b \u043c\u044b\u0448\u0446 \u0441\u0442\u043e\u043f\u044b \u0438 \u0447\u0435\u0440\u0435\u0437 \u0432\u043e\u0441\u0445\u043e\u0434\u044f\u0449\u0438\u0435 \u043d\u0435\u0440\u0432\u043d\u044b\u0435 \u043f\u0443\u0442\u0438 \u0432\u043b\u0438\u044f\u044e\u0442 \u043d\u0430 \u0430\u043a\u0442\u0438\u0432\u043d\u043e\u0441\u0442\u044c \u0433\u0440\u0443\u043f\u043f \u043c\u044b\u0448\u0446, \u0440\u0435\u0433\u0443\u043b\u0438\u0440\u0443\u044e\u0449\u0438\u0445 \u043e\u0441\u0430\u043d\u043a\u0443 \u0438 \u0440\u0430\u0432\u043d\u043e\u0432\u0435\u0441\u0438\u0435.<\/p><p>\u0412 \u0440\u0430\u043c\u043a\u0430\u0445 \u043b\u0435\u0447\u0435\u043d\u0438\u044f \u043a\u0440\u0430\u043d\u0438\u043e\u043c\u0430\u043d\u0434\u0438\u0431\u0443\u043b\u044f\u0440\u043d\u043e\u0439 \u0434\u0438\u0441\u0444\u0443\u043d\u043a\u0446\u0438\u0438 \u041a\u041c\u0414 (\u043d\u0430\u0440\u0443\u0448\u0435\u043d\u0438\u0439 \u0444\u0443\u043d\u043a\u0446\u0438\u0438 \u0432\u0438\u0441\u043e\u0447\u043d\u043e-\u0447\u0435\u043b\u044e\u0441\u0442\u043d\u043e\u0433\u043e \u0441\u0443\u0441\u0442\u0430\u0432\u0430) \u043e\u0440\u0442\u043e\u043f\u0435\u0434\u0438\u0447\u0435\u0441\u043a\u0438\u0435 \u0441\u0442\u0435\u043b\u044c\u043a\u0438 \u044f\u0432\u043b\u044f\u044e\u0442\u0441\u044f \u0432\u0430\u0436\u043d\u043e\u0439 \u0447\u0430\u0441\u0442\u044c\u044e \u043a\u043e\u043d\u0446\u0435\u043f\u0446\u0438\u0438 \u043b\u0435\u0447\u0435\u043d\u0438\u044f.<\/p>\t\t\t\t\t\t\t\t<\/div>\n\t\t\t\t<\/div>\n\t\t\t\t\t<\/div>\n\t\t<\/div>\n\t\t\t\t<div class=\"elementor-column elementor-col-50 elementor-top-column elementor-element elementor-element-7daccad2 box-vertical\" data-id=\"7daccad2\" data-element_type=\"column\" data-settings=\"{&quot;background_background&quot;:&quot;classic&quot;}\">\n\t\t\t<div class=\"elementor-widget-wrap elementor-element-populated\">\n\t\t\t\t\t\t<div class=\"elementor-element elementor-element-620883c3 elementor-widget elementor-widget-accordion\" data-id=\"620883c3\" data-element_type=\"widget\" data-widget_type=\"accordion.default\">\n\t\t\t\t<div class=\"elementor-widget-container\">\n\t\t\t\t\t\t\t<div class=\"elementor-accordion\">\n\t\t\t\t\t\t\t<div class=\"elementor-accordion-item\">\n\t\t\t\t\t<div id=\"elementor-tab-title-1641\" class=\"elementor-tab-title\" data-tab=\"1\" role=\"button\" aria-controls=\"elementor-tab-content-1641\" aria-expanded=\"false\">\n\t\t\t\t\t\t\t\t\t\t\t\t\t<span class=\"elementor-accordion-icon elementor-accordion-icon-left\" aria-hidden=\"true\">\n\t\t\t\t\t\t\t\t\t\t\t\t\t\t\t<i class=\"elementor-accordion-icon-closed fa fa-toggle-down\"><\/i>\n\t\t\t\t\t\t\t\t<i class=\"elementor-accordion-icon-opened fa fa-toggle-up\"><\/i>\n\t\t\t\t\t\t\t\t\t\t\t\t\t\t<\/span>\n\t\t\t\t\t\t\t\t\t\t\t\t<a class=\"elementor-accordion-title\" tabindex=\"0\">\u041d\u0430\u0432\u0438\u0433\u0430\u0446\u0438\u043e\u043d\u043d\u0430\u044f \u043a\u043b\u0438\u043d\u0438\u043a\u0430 <\/a>\n\t\t\t\t\t<\/div>\n\t\t\t\t\t<div id=\"elementor-tab-content-1641\" class=\"elementor-tab-content elementor-clearfix\" data-tab=\"1\" role=\"region\" aria-labelledby=\"elementor-tab-title-1641\"><\/div>\n\t\t\t\t<\/div>\n\t\t\t\t\t\t\t\t<\/div>\n\t\t\t\t\t\t<\/div>\n\t\t\t\t<\/div>\n\t\t\t\t<div class=\"elementor-element elementor-element-6ae90b7 elementor-widget elementor-widget-image\" data-id=\"6ae90b7\" data-element_type=\"widget\" data-widget_type=\"image.default\">\n\t\t\t\t<div class=\"elementor-widget-container\">\n\t\t\t\t\t\t\t\t\t\t\t\t\t\t\t<img decoding=\"async\" width=\"649\" height=\"423\" src=\"https:\/\/dr-thomas-pauly.de\/wp-content\/uploads\/2020\/05\/orthopaedische-einlagen-duesseldorf-koenigsallee-praxis-pauly.jpg\" class=\"attachment-large size-large wp-image-1880\" alt=\"\" srcset=\"https:\/\/dr-thomas-pauly.de\/wp-content\/uploads\/2020\/05\/orthopaedische-einlagen-duesseldorf-koenigsallee-praxis-pauly.jpg 649w, https:\/\/dr-thomas-pauly.de\/wp-content\/uploads\/2020\/05\/orthopaedische-einlagen-duesseldorf-koenigsallee-praxis-pauly-300x196.jpg 300w\" sizes=\"(max-width: 649px) 100vw, 649px\" \/>\t\t\t\t\t\t\t\t\t\t\t\t\t\t\t<\/div>\n\t\t\t\t<\/div>\n\t\t\t\t<section class=\"elementor-section elementor-inner-section elementor-element elementor-element-392b0aae elementor-section-boxed elementor-section-height-default elementor-section-height-default\" data-id=\"392b0aae\" data-element_type=\"section\" data-settings=\"{&quot;background_background&quot;:&quot;classic&quot;}\">\n\t\t\t\t\t\t<div class=\"elementor-container elementor-column-gap-default\">\n\t\t\t\t\t<div class=\"elementor-column elementor-col-100 elementor-inner-column elementor-element elementor-element-4a4a6b7\" data-id=\"4a4a6b7\" data-element_type=\"column\" data-settings=\"{&quot;background_background&quot;:&quot;classic&quot;}\">\n\t\t\t<div class=\"elementor-widget-wrap elementor-element-populated\">\n\t\t\t\t\t\t\t<\/div>\n\t\t<\/div>\n\t\t\t\t\t<\/div>\n\t\t<\/section>\n\t\t\t\t<div class=\"elementor-element elementor-element-34dda043 elementor-widget elementor-widget-text-editor\" data-id=\"34dda043\" data-element_type=\"widget\" data-widget_type=\"text-editor.default\">\n\t\t\t\t<div class=\"elementor-widget-container\">\n\t\t\t\t\t\t\t\t\t<p style=\"text-align: left;\">\u0427\u0430\u0441\u0442\u043d\u0430\u044f \u043e\u0440\u0442\u043e\u043f\u0435\u0434\u0438\u0447\u0435\u0441\u043a\u0430\u044f \u043a\u043b\u0438\u043d\u0438\u043a\u0430 \u0434\u043e\u043a\u0442\u043e\u0440\u0430 \u0422\u043e\u043c\u0430\u0441\u0430 \u041f\u0430\u0443\u043b\u0438 \u043d\u0430\u0445\u043e\u0434\u0438\u0442\u0441\u044f \u043f\u043e \u0430\u0434\u0440\u0435\u0441\u0443 \u041a\u0451\u043d\u0438\u0433\u0441\u0430\u043b\u043b\u0435\u0435, 94 \u0432 \u0433. \u0414\u044e\u0441\u0441\u0435\u043b\u044c\u0434\u043e\u0440\u0444\u0435<\/p><p style=\"text-align: left;\">\u041f\u0440\u0438\u0451\u043c\u043d\u044b\u0435 \u0447\u0430\u0441\u044b: \u043f\u043e\u043d\u0435\u0434\u0435\u043b\u044c\u043d\u0438\u043a \u2013 \u043f\u044f\u0442\u043d\u0438\u0446\u0430 \u0441 7:00 \u0434\u043e 20:00, \u043f\u0440\u0438 \u043d\u0435\u043e\u0431\u0445\u043e\u0434\u0438\u043c\u043e\u0441\u0442\u0438 \u2013 \u0442\u0430\u043a\u0436\u0435 \u0438 \u043f\u043e \u0441\u0443\u0431\u0431\u043e\u0442\u0430\u043c.<\/p><p style=\"text-align: left;\">\u0422\u0435\u043b.:\u00a0<a href=\"https:\/\/dr-thomas-pauly.de\/ru\/kontakt\/\">0211 300 40 383<\/a><\/p><p style=\"text-align: left;\">\u042d\u043b\u0435\u043a\u0442\u0440\u043e\u043d\u043d\u0430\u044f \u043f\u043e\u0447\u0442\u0430:\u00a0<a href=\"mailto:praxis@dr-thomas-pauly.de\">clinic@dr-thomas-pauly.de<\/a>.<\/p><p style=\"text-align: left;\"><a class=\"pauly-button\" href=\"http:\/\/kontakt\">\u041e\u0440\u0433\u0430\u043d\u0438\u0437\u043e\u0432\u0430\u0442\u044c \u0432\u0441\u0442\u0440\u0435\u0447\u0443<\/a><\/p>\t\t\t\t\t\t\t\t<\/div>\n\t\t\t\t<\/div>\n\t\t\t\t\t<\/div>\n\t\t<\/div>\n\t\t\t\t\t<\/div>\n\t\t<\/section>\n\t\t\t\t<\/div>","protected":false},"excerpt":{"rendered":"<p>Privatpraxis Dr. med. Thomas Pauly \u2013 Versorgung mit Einlagen \/ Schuh-Zurichtung Ohne technische Hilfsmittel kann ein Fu\u00df ausschlie\u00dflich im Ruhezustand untersucht werden; bei bestimmten Fu\u00dfproblemen reicht dies zur Diagnose jedoch nicht aus. Beschwerden der unteren Extremit\u00e4ten k\u00f6nnen im Zusammenhang mit Imbalancen und Fehlbelastungen im Bereich der F\u00fc\u00dfe stehen. Deshalb ist es wichtig, die Bewegung der [&hellip;]<\/p>","protected":false},"author":1,"featured_media":0,"parent":0,"menu_order":0,"comment_status":"closed","ping_status":"closed","template":"","meta":{"footnotes":""},"class_list":["post-239","page","type-page","status-publish","hentry"],"yoast_head":"<!-- This site is optimized with the Yoast SEO plugin v25.4 - https:\/\/yoast.com\/wordpress\/plugins\/seo\/ -->\n<title>Einlagenversorgung - Dr. Thomas Pauly - K\u00f6nigsallee 94 in D\u00fcsseldorf<\/title>\n<meta name=\"description\" content=\"Versorgung mit Einlagen und Schuh-Zurichtung in der orthop\u00e4dischen Privatpraxis Dr. med. Thomas Pauly auf der K\u00f6nigsallee 94 in D\u00fcsseldorf.\" \/>\n<meta name=\"robots\" content=\"index, follow, max-snippet:-1, max-image-preview:large, max-video-preview:-1\" \/>\n<link rel=\"canonical\" href=\"https:\/\/dr-thomas-pauly.de\/ru\/einlagenversorgung\/\" \/>\n<meta property=\"og:locale\" content=\"ru_RU\" \/>\n<meta property=\"og:type\" content=\"article\" \/>\n<meta property=\"og:title\" content=\"Einlagenversorgung - Dr. Thomas Pauly - K\u00f6nigsallee 94 in D\u00fcsseldorf\" \/>\n<meta property=\"og:description\" content=\"Versorgung mit Einlagen und Schuh-Zurichtung in der orthop\u00e4dischen Privatpraxis Dr. med. Thomas Pauly auf der K\u00f6nigsallee 94 in D\u00fcsseldorf.\" \/>\n<meta property=\"og:url\" content=\"https:\/\/dr-thomas-pauly.de\/ru\/einlagenversorgung\/\" \/>\n<meta property=\"og:site_name\" content=\"Dr. Thomas Pauly\" \/>\n<meta property=\"article:modified_time\" content=\"2020-06-06T10:32:05+00:00\" \/>\n<meta property=\"og:image\" content=\"https:\/\/dr-thomas-pauly.de\/wp-content\/uploads\/2020\/05\/orthopaedische-einlagen-duesseldorf-koenigsallee-praxis-orthopaedie-head-1024x305.jpg\" \/>\n<meta name=\"twitter:card\" content=\"summary_large_image\" \/>\n<meta name=\"twitter:site\" content=\"@koe94\" \/>\n<meta name=\"twitter:label1\" content=\"\u041f\u0440\u0438\u043c\u0435\u0440\u043d\u043e\u0435 \u0432\u0440\u0435\u043c\u044f \u0434\u043b\u044f \u0447\u0442\u0435\u043d\u0438\u044f\" \/>\n\t<meta name=\"twitter:data1\" content=\"1 \u043c\u0438\u043d\u0443\u0442\u0430\" \/>\n<script type=\"application\/ld+json\" class=\"yoast-schema-graph\">{\"@context\":\"https:\/\/schema.org\",\"@graph\":[{\"@type\":\"WebPage\",\"@id\":\"https:\/\/dr-thomas-pauly.de\/einlagenversorgung\/\",\"url\":\"https:\/\/dr-thomas-pauly.de\/einlagenversorgung\/\",\"name\":\"Einlagenversorgung - Dr. Thomas Pauly - K\u00f6nigsallee 94 in D\u00fcsseldorf\",\"isPartOf\":{\"@id\":\"https:\/\/dr-thomas-pauly.de\/#website\"},\"primaryImageOfPage\":{\"@id\":\"https:\/\/dr-thomas-pauly.de\/einlagenversorgung\/#primaryimage\"},\"image\":{\"@id\":\"https:\/\/dr-thomas-pauly.de\/einlagenversorgung\/#primaryimage\"},\"thumbnailUrl\":\"https:\/\/dr-thomas-pauly.de\/wp-content\/uploads\/2020\/05\/orthopaedische-einlagen-duesseldorf-koenigsallee-praxis-orthopaedie-head-1024x305.jpg\",\"datePublished\":\"2018-08-25T02:22:37+00:00\",\"dateModified\":\"2020-06-06T10:32:05+00:00\",\"description\":\"Versorgung mit Einlagen und Schuh-Zurichtung in der orthop\u00e4dischen Privatpraxis Dr. med. Thomas Pauly auf der K\u00f6nigsallee 94 in D\u00fcsseldorf.\",\"breadcrumb\":{\"@id\":\"https:\/\/dr-thomas-pauly.de\/einlagenversorgung\/#breadcrumb\"},\"inLanguage\":\"ru-RU\",\"potentialAction\":[{\"@type\":\"ReadAction\",\"target\":[\"https:\/\/dr-thomas-pauly.de\/einlagenversorgung\/\"]}]},{\"@type\":\"ImageObject\",\"inLanguage\":\"ru-RU\",\"@id\":\"https:\/\/dr-thomas-pauly.de\/einlagenversorgung\/#primaryimage\",\"url\":\"https:\/\/dr-thomas-pauly.de\/wp-content\/uploads\/2020\/05\/orthopaedische-einlagen-duesseldorf-koenigsallee-praxis-orthopaedie-head-1024x305.jpg\",\"contentUrl\":\"https:\/\/dr-thomas-pauly.de\/wp-content\/uploads\/2020\/05\/orthopaedische-einlagen-duesseldorf-koenigsallee-praxis-orthopaedie-head-1024x305.jpg\"},{\"@type\":\"BreadcrumbList\",\"@id\":\"https:\/\/dr-thomas-pauly.de\/einlagenversorgung\/#breadcrumb\",\"itemListElement\":[{\"@type\":\"ListItem\",\"position\":1,\"name\":\"Startseite\",\"item\":\"https:\/\/dr-thomas-pauly.de\/\"},{\"@type\":\"ListItem\",\"position\":2,\"name\":\"Einlagenversorgung\"}]},{\"@type\":\"WebSite\",\"@id\":\"https:\/\/dr-thomas-pauly.de\/#website\",\"url\":\"https:\/\/dr-thomas-pauly.de\/\",\"name\":\"Dr. Thomas Pauly\",\"description\":\"Orthop\u00e4dische Privatpraxis K\u00f6nigsallee 94 in D\u00fcsseldorf.\",\"publisher\":{\"@id\":\"https:\/\/dr-thomas-pauly.de\/#organization\"},\"potentialAction\":[{\"@type\":\"SearchAction\",\"target\":{\"@type\":\"EntryPoint\",\"urlTemplate\":\"https:\/\/dr-thomas-pauly.de\/?s={search_term_string}\"},\"query-input\":{\"@type\":\"PropertyValueSpecification\",\"valueRequired\":true,\"valueName\":\"search_term_string\"}}],\"inLanguage\":\"ru-RU\"},{\"@type\":\"Organization\",\"@id\":\"https:\/\/dr-thomas-pauly.de\/#organization\",\"name\":\"Dr Thomas Pauly\",\"url\":\"https:\/\/dr-thomas-pauly.de\/\",\"logo\":{\"@type\":\"ImageObject\",\"inLanguage\":\"ru-RU\",\"@id\":\"https:\/\/dr-thomas-pauly.de\/#\/schema\/logo\/image\/\",\"url\":\"https:\/\/dr-thomas-pauly.de\/wp-content\/uploads\/2019\/12\/logo-dr-thomas-pauly.png\",\"contentUrl\":\"https:\/\/dr-thomas-pauly.de\/wp-content\/uploads\/2019\/12\/logo-dr-thomas-pauly.png\",\"width\":804,\"height\":772,\"caption\":\"Dr Thomas Pauly\"},\"image\":{\"@id\":\"https:\/\/dr-thomas-pauly.de\/#\/schema\/logo\/image\/\"},\"sameAs\":[\"https:\/\/x.com\/koe94\",\"http:\/\/dr-thomas-pauly\"]}]}<\/script>\n<!-- \/ Yoast SEO plugin. -->","yoast_head_json":{"title":"Einlagenversorgung - Dr. Thomas Pauly - K\u00f6nigsallee 94 in D\u00fcsseldorf","description":"Versorgung mit Einlagen und Schuh-Zurichtung in der orthop\u00e4dischen Privatpraxis Dr. med. Thomas Pauly auf der K\u00f6nigsallee 94 in D\u00fcsseldorf.","robots":{"index":"index","follow":"follow","max-snippet":"max-snippet:-1","max-image-preview":"max-image-preview:large","max-video-preview":"max-video-preview:-1"},"canonical":"https:\/\/dr-thomas-pauly.de\/ru\/einlagenversorgung\/","og_locale":"ru_RU","og_type":"article","og_title":"Einlagenversorgung - Dr. Thomas Pauly - K\u00f6nigsallee 94 in D\u00fcsseldorf","og_description":"Versorgung mit Einlagen und Schuh-Zurichtung in der orthop\u00e4dischen Privatpraxis Dr. med. Thomas Pauly auf der K\u00f6nigsallee 94 in D\u00fcsseldorf.","og_url":"https:\/\/dr-thomas-pauly.de\/ru\/einlagenversorgung\/","og_site_name":"Dr. Thomas Pauly","article_modified_time":"2020-06-06T10:32:05+00:00","og_image":[{"url":"https:\/\/dr-thomas-pauly.de\/wp-content\/uploads\/2020\/05\/orthopaedische-einlagen-duesseldorf-koenigsallee-praxis-orthopaedie-head-1024x305.jpg","type":"","width":"","height":""}],"twitter_card":"summary_large_image","twitter_site":"@koe94","twitter_misc":{"\u041f\u0440\u0438\u043c\u0435\u0440\u043d\u043e\u0435 \u0432\u0440\u0435\u043c\u044f \u0434\u043b\u044f \u0447\u0442\u0435\u043d\u0438\u044f":"1 \u043c\u0438\u043d\u0443\u0442\u0430"},"schema":{"@context":"https:\/\/schema.org","@graph":[{"@type":"WebPage","@id":"https:\/\/dr-thomas-pauly.de\/einlagenversorgung\/","url":"https:\/\/dr-thomas-pauly.de\/einlagenversorgung\/","name":"Einlagenversorgung - Dr. Thomas Pauly - K\u00f6nigsallee 94 in D\u00fcsseldorf","isPartOf":{"@id":"https:\/\/dr-thomas-pauly.de\/#website"},"primaryImageOfPage":{"@id":"https:\/\/dr-thomas-pauly.de\/einlagenversorgung\/#primaryimage"},"image":{"@id":"https:\/\/dr-thomas-pauly.de\/einlagenversorgung\/#primaryimage"},"thumbnailUrl":"https:\/\/dr-thomas-pauly.de\/wp-content\/uploads\/2020\/05\/orthopaedische-einlagen-duesseldorf-koenigsallee-praxis-orthopaedie-head-1024x305.jpg","datePublished":"2018-08-25T02:22:37+00:00","dateModified":"2020-06-06T10:32:05+00:00","description":"Versorgung mit Einlagen und Schuh-Zurichtung in der orthop\u00e4dischen Privatpraxis Dr. med. Thomas Pauly auf der K\u00f6nigsallee 94 in D\u00fcsseldorf.","breadcrumb":{"@id":"https:\/\/dr-thomas-pauly.de\/einlagenversorgung\/#breadcrumb"},"inLanguage":"ru-RU","potentialAction":[{"@type":"ReadAction","target":["https:\/\/dr-thomas-pauly.de\/einlagenversorgung\/"]}]},{"@type":"ImageObject","inLanguage":"ru-RU","@id":"https:\/\/dr-thomas-pauly.de\/einlagenversorgung\/#primaryimage","url":"https:\/\/dr-thomas-pauly.de\/wp-content\/uploads\/2020\/05\/orthopaedische-einlagen-duesseldorf-koenigsallee-praxis-orthopaedie-head-1024x305.jpg","contentUrl":"https:\/\/dr-thomas-pauly.de\/wp-content\/uploads\/2020\/05\/orthopaedische-einlagen-duesseldorf-koenigsallee-praxis-orthopaedie-head-1024x305.jpg"},{"@type":"BreadcrumbList","@id":"https:\/\/dr-thomas-pauly.de\/einlagenversorgung\/#breadcrumb","itemListElement":[{"@type":"ListItem","position":1,"name":"Startseite","item":"https:\/\/dr-thomas-pauly.de\/"},{"@type":"ListItem","position":2,"name":"Einlagenversorgung"}]},{"@type":"WebSite","@id":"https:\/\/dr-thomas-pauly.de\/#website","url":"https:\/\/dr-thomas-pauly.de\/","name":"Dr. Thomas Pauly","description":"Orthop\u00e4dische Privatpraxis K\u00f6nigsallee 94 in D\u00fcsseldorf.","publisher":{"@id":"https:\/\/dr-thomas-pauly.de\/#organization"},"potentialAction":[{"@type":"SearchAction","target":{"@type":"EntryPoint","urlTemplate":"https:\/\/dr-thomas-pauly.de\/?s={search_term_string}"},"query-input":{"@type":"PropertyValueSpecification","valueRequired":true,"valueName":"search_term_string"}}],"inLanguage":"ru-RU"},{"@type":"Organization","@id":"https:\/\/dr-thomas-pauly.de\/#organization","name":"Dr Thomas Pauly","url":"https:\/\/dr-thomas-pauly.de\/","logo":{"@type":"ImageObject","inLanguage":"ru-RU","@id":"https:\/\/dr-thomas-pauly.de\/#\/schema\/logo\/image\/","url":"https:\/\/dr-thomas-pauly.de\/wp-content\/uploads\/2019\/12\/logo-dr-thomas-pauly.png","contentUrl":"https:\/\/dr-thomas-pauly.de\/wp-content\/uploads\/2019\/12\/logo-dr-thomas-pauly.png","width":804,"height":772,"caption":"Dr Thomas Pauly"},"image":{"@id":"https:\/\/dr-thomas-pauly.de\/#\/schema\/logo\/image\/"},"sameAs":["https:\/\/x.com\/koe94","http:\/\/dr-thomas-pauly"]}]}},"_links":{"self":[{"href":"https:\/\/dr-thomas-pauly.de\/ru\/wp-json\/wp\/v2\/pages\/239","targetHints":{"allow":["GET"]}}],"collection":[{"href":"https:\/\/dr-thomas-pauly.de\/ru\/wp-json\/wp\/v2\/pages"}],"about":[{"href":"https:\/\/dr-thomas-pauly.de\/ru\/wp-json\/wp\/v2\/types\/page"}],"author":[{"embeddable":true,"href":"https:\/\/dr-thomas-pauly.de\/ru\/wp-json\/wp\/v2\/users\/1"}],"replies":[{"embeddable":true,"href":"https:\/\/dr-thomas-pauly.de\/ru\/wp-json\/wp\/v2\/comments?post=239"}],"version-history":[{"count":7,"href":"https:\/\/dr-thomas-pauly.de\/ru\/wp-json\/wp\/v2\/pages\/239\/revisions"}],"predecessor-version":[{"id":2000,"href":"https:\/\/dr-thomas-pauly.de\/ru\/wp-json\/wp\/v2\/pages\/239\/revisions\/2000"}],"wp:attachment":[{"href":"https:\/\/dr-thomas-pauly.de\/ru\/wp-json\/wp\/v2\/media?parent=239"}],"curies":[{"name":"wp","href":"https:\/\/api.w.org\/{rel}","templated":true}]}}