{"id":241,"date":"2018-08-25T04:23:06","date_gmt":"2018-08-25T02:23:06","guid":{"rendered":"https:\/\/lo-werbung.de\/dr-pauly-2018\/?page_id=241"},"modified":"2020-05-14T15:33:36","modified_gmt":"2020-05-14T13:33:36","slug":"spezielle-schmerztherapie","status":"publish","type":"page","link":"https:\/\/dr-thomas-pauly.de\/ru\/spezielle-schmerztherapie\/","title":{"rendered":"\u0421\u043f\u0435\u0446\u0438\u0430\u043b\u044c\u043d\u0430\u044f \u043f\u0440\u043e\u0442\u0438\u0432\u043e\u0431\u043e\u043b\u0435\u0432\u0430\u044f \u0442\u0435\u0440\u0430\u043f\u0438\u044f"},"content":{"rendered":"<div data-elementor-type=\"wp-post\" data-elementor-id=\"241\" class=\"elementor elementor-241\" data-elementor-post-type=\"page\">\n\t\t\t\t\t\t<section class=\"elementor-section elementor-top-section elementor-element elementor-element-585a87dc elementor-section-boxed elementor-section-height-default elementor-section-height-default\" data-id=\"585a87dc\" data-element_type=\"section\" data-settings=\"{&quot;background_background&quot;:&quot;gradient&quot;}\">\n\t\t\t\t\t\t<div class=\"elementor-container elementor-column-gap-default\">\n\t\t\t\t\t<div class=\"elementor-column elementor-col-100 elementor-top-column elementor-element elementor-element-2e499faf\" data-id=\"2e499faf\" data-element_type=\"column\">\n\t\t\t<div class=\"elementor-widget-wrap elementor-element-populated\">\n\t\t\t\t\t\t<div class=\"elementor-element elementor-element-6188e824 elementor-widget elementor-widget-image\" data-id=\"6188e824\" data-element_type=\"widget\" data-widget_type=\"image.default\">\n\t\t\t\t<div class=\"elementor-widget-container\">\n\t\t\t\t\t\t\t\t\t\t\t\t\t\t\t<img fetchpriority=\"high\" decoding=\"async\" width=\"2000\" height=\"600\" src=\"https:\/\/dr-thomas-pauly.de\/wp-content\/uploads\/2020\/05\/spezielle-schmerztherapie-duesseldorf-koenigsallee-orthopaede-pauly-header.jpg\" class=\"attachment-2048x2048 size-2048x2048 wp-image-1949\" alt=\"\" srcset=\"https:\/\/dr-thomas-pauly.de\/wp-content\/uploads\/2020\/05\/spezielle-schmerztherapie-duesseldorf-koenigsallee-orthopaede-pauly-header.jpg 2000w, https:\/\/dr-thomas-pauly.de\/wp-content\/uploads\/2020\/05\/spezielle-schmerztherapie-duesseldorf-koenigsallee-orthopaede-pauly-header-300x90.jpg 300w, https:\/\/dr-thomas-pauly.de\/wp-content\/uploads\/2020\/05\/spezielle-schmerztherapie-duesseldorf-koenigsallee-orthopaede-pauly-header-1024x307.jpg 1024w, https:\/\/dr-thomas-pauly.de\/wp-content\/uploads\/2020\/05\/spezielle-schmerztherapie-duesseldorf-koenigsallee-orthopaede-pauly-header-768x230.jpg 768w, https:\/\/dr-thomas-pauly.de\/wp-content\/uploads\/2020\/05\/spezielle-schmerztherapie-duesseldorf-koenigsallee-orthopaede-pauly-header-1536x461.jpg 1536w\" sizes=\"(max-width: 2000px) 100vw, 2000px\" \/>\t\t\t\t\t\t\t\t\t\t\t\t\t\t\t<\/div>\n\t\t\t\t<\/div>\n\t\t\t\t\t<\/div>\n\t\t<\/div>\n\t\t\t\t\t<\/div>\n\t\t<\/section>\n\t\t\t\t<section class=\"elementor-section elementor-top-section elementor-element elementor-element-7cd36660 elementor-section-boxed elementor-section-height-default elementor-section-height-default\" data-id=\"7cd36660\" data-element_type=\"section\">\n\t\t\t\t\t\t<div class=\"elementor-container elementor-column-gap-default\">\n\t\t\t\t\t<div class=\"elementor-column elementor-col-50 elementor-top-column elementor-element elementor-element-6f808b47\" data-id=\"6f808b47\" data-element_type=\"column\">\n\t\t\t<div class=\"elementor-widget-wrap elementor-element-populated\">\n\t\t\t\t\t\t<div class=\"elementor-element elementor-element-31292851 box-white elementor-widget elementor-widget-text-editor\" data-id=\"31292851\" data-element_type=\"widget\" data-widget_type=\"text-editor.default\">\n\t\t\t\t<div class=\"elementor-widget-container\">\n\t\t\t\t\t\t\t\t\t<h1>\u0427\u0430\u0441\u0442\u043d\u0430\u044f \u043a\u043b\u0438\u043d\u0438\u043a\u0430 \u0434\u043e\u043a\u0442\u043e\u0440\u0430 \u0422\u043e\u043c\u0430\u0441\u0430 \u041f\u0430\u0443\u043b\u0438  \u2013  \u0441\u043f\u0435\u0446\u0438\u0430\u043b\u044c\u043d\u0430\u044f \u043f\u0440\u043e\u0442\u0438\u0432\u043e\u0431\u043e\u043b\u0435\u0432\u0430\u044f \u0442\u0435\u0440\u0430\u043f\u0438\u044f<\/h1><p>At the\u00a0Private Orthopedics Clinic Dr. Thomas Pauly, we collaborate with radiologists to use computed tomography (CT, targeted method to localize the source of disease) to assist us in the treatment of acute and chronic back pain.<\/p><p><span style=\"font-size: 0.9rem;\">\u041f\u0440\u0438 \u044d\u0442\u043e\u043c \u043c\u044b \u0447\u0451\u0442\u043a\u043e \u0443\u0441\u0442\u0430\u043d\u0430\u0432\u043b\u0438\u0432\u0430\u0435\u043c \u043f\u043e\u043a\u0430\u0437\u0430\u043d\u0438\u044f \u0438 \u043f\u0440\u043e\u0432\u043e\u0434\u0438\u043c \u043b\u0443\u0447\u0435\u0432\u0443\u044e \u0442\u0435\u0440\u0430\u043f\u0438\u044e \u0446\u0435\u043b\u0435\u043d\u0430\u043f\u0440\u0430\u0432\u043b\u0435\u043d\u043d\u043e, \u0447\u0442\u043e\u0431\u044b \u0434\u043e\u0437\u0430 \u043e\u0431\u043b\u0443\u0447\u0435\u043d\u0438\u044f \u043f\u0430\u0446\u0438\u0435\u043d\u0442\u0430 \u0431\u044b\u043b\u0430 \u043a\u0430\u043a \u043c\u043e\u0436\u043d\u043e \u0431\u043e\u043b\u0435\u0435 \u043d\u0438\u0437\u043a\u043e\u0439.<\/span><\/p><p><span style=\"font-size: 0.9rem;\">\u0412 \u0440\u0430\u043c\u043a\u0430\u0445 \u043c\u0438\u043d\u0438\u043c\u0430\u043b\u044c\u043d\u043e-\u0438\u043d\u0432\u0430\u0437\u0438\u0432\u043d\u043e\u0439 \u0442\u0435\u0440\u0430\u043f\u0438\u0438 \u0432 \u043e\u0431\u043b\u0430\u0441\u0442\u0438 \u043d\u0435\u0440\u0432\u043d\u044b\u0445 \u043a\u043e\u0440\u0435\u0448\u043a\u043e\u0432 \u0438\u043b\u0438 \u043f\u043e\u0437\u0432\u043e\u043d\u043e\u0447\u043d\u044b\u0445 \u0441\u0443\u0441\u0442\u0430\u0432\u043e\u0432 \u0438\u0437\u0431\u0438\u0440\u0430\u0442\u0435\u043b\u044c\u043d\u043e \u0432\u043f\u0440\u044b\u0441\u043a\u0438\u0432\u0430\u044e\u0442\u0441\u044f \u043f\u0440\u043e\u0442\u0438\u0432\u043e\u0432\u043e\u0441\u043f\u0430\u043b\u0438\u0442\u0435\u043b\u044c\u043d\u044b\u0435 \u0441\u0440\u0435\u0434\u0441\u0442\u0432\u0430 \u0438\u043b\u0438 \u043c\u0435\u0434\u0438\u043a\u0430\u043c\u0435\u043d\u0442\u044b, \u0441\u0442\u0430\u0431\u0438\u043b\u0438\u0437\u0438\u0440\u0443\u044e\u0449\u0438\u0435 \u0445\u0440\u044f\u0449\u0435\u0432\u044b\u0435 \u0442\u043a\u0430\u043d\u0438, \u043e\u0431\u0435\u0441\u043f\u0435\u0447\u0438\u0432\u0430\u044e\u0449\u0438\u0435 \u0443\u0442\u0438\u0445\u0430\u043d\u0438\u0435 \u0431\u043e\u043b\u0438 \u0432 \u043a\u043e\u0440\u043e\u0442\u043a\u0438\u0435 \u0438\u043b\u0438 \u0434\u043e\u0441\u0442\u0430\u0442\u043e\u0447\u043d\u043e \u043d\u0435\u043f\u0440\u043e\u0434\u043e\u043b\u0436\u0438\u0442\u0435\u043b\u044c\u043d\u044b\u0435 \u0441\u0440\u043e\u043a\u0438.<\/span><\/p><p><span style=\"font-size: 0.9rem;\">\u0412\u0441\u0435 \u043c\u0435\u0442\u043e\u0434\u044b \u043f\u0440\u043e\u0442\u0438\u0432\u043e\u0431\u043e\u043b\u0435\u0432\u043e\u0439 \u0442\u0435\u0440\u0430\u043f\u0438\u0438 \u0441\u043e\u043f\u0440\u043e\u0432\u043e\u0436\u0434\u0430\u044e\u0442\u0441\u044f \u043c\u044b\u0448\u0435\u0447\u043d\u043e-\u0441\u0442\u0430\u0431\u0438\u043b\u0438\u0437\u0438\u0440\u0443\u044e\u0449\u0438\u043c\u0438 \u043c\u0435\u0440\u0430\u043c\u0438, \u0447\u0430\u0441\u0442\u043e \u0432 \u0441\u043e\u0447\u0435\u0442\u0430\u043d\u0438\u0438 \u0441 \u0434\u043e\u043f\u043e\u043b\u043d\u0438\u0442\u0435\u043b\u044c\u043d\u044b\u043c \u043c\u0435\u0434\u0438\u043a\u0430\u043c\u0435\u043d\u0442\u043e\u0437\u043d\u044b\u043c \u043b\u0435\u0447\u0435\u043d\u0438\u0435\u043c.<\/span><\/p>\t\t\t\t\t\t\t\t<\/div>\n\t\t\t\t<\/div>\n\t\t\t\t\t<\/div>\n\t\t<\/div>\n\t\t\t\t<div class=\"elementor-column elementor-col-50 elementor-top-column elementor-element elementor-element-8391fdc\" data-id=\"8391fdc\" data-element_type=\"column\">\n\t\t\t<div class=\"elementor-widget-wrap elementor-element-populated\">\n\t\t\t\t\t\t<div class=\"elementor-element elementor-element-015e03e elementor-widget elementor-widget-accordion\" data-id=\"015e03e\" data-element_type=\"widget\" data-widget_type=\"accordion.default\">\n\t\t\t\t<div class=\"elementor-widget-container\">\n\t\t\t\t\t\t\t<div class=\"elementor-accordion\">\n\t\t\t\t\t\t\t<div class=\"elementor-accordion-item\">\n\t\t\t\t\t<div id=\"elementor-tab-title-1431\" class=\"elementor-tab-title\" data-tab=\"1\" role=\"button\" aria-controls=\"elementor-tab-content-1431\" aria-expanded=\"false\">\n\t\t\t\t\t\t\t\t\t\t\t\t\t<span class=\"elementor-accordion-icon elementor-accordion-icon-left\" aria-hidden=\"true\">\n\t\t\t\t\t\t\t\t\t\t\t\t\t\t\t<span class=\"elementor-accordion-icon-closed\"><i class=\"far fa-caret-square-down\"><\/i><\/span>\n\t\t\t\t\t\t\t\t<span class=\"elementor-accordion-icon-opened\"><i class=\"far fa-caret-square-up\"><\/i><\/span>\n\t\t\t\t\t\t\t\t\t\t\t\t\t\t<\/span>\n\t\t\t\t\t\t\t\t\t\t\t\t<a class=\"elementor-accordion-title\" tabindex=\"0\">\u041d\u0430\u0432\u0438\u0433\u0430\u0446\u0438\u043e\u043d\u043d\u0430\u044f \u043a\u043b\u0438\u043d\u0438\u043a\u0430 <\/a>\n\t\t\t\t\t<\/div>\n\t\t\t\t\t<div id=\"elementor-tab-content-1431\" class=\"elementor-tab-content elementor-clearfix\" data-tab=\"1\" role=\"region\" aria-labelledby=\"elementor-tab-title-1431\"><\/div>\n\t\t\t\t<\/div>\n\t\t\t\t\t\t\t\t<\/div>\n\t\t\t\t\t\t<\/div>\n\t\t\t\t<\/div>\n\t\t\t\t<div class=\"elementor-element elementor-element-54454da elementor--h-position-center elementor--v-position-middle elementor-arrows-position-inside elementor-pagination-position-inside elementor-widget elementor-widget-slides\" data-id=\"54454da\" data-element_type=\"widget\" data-settings=\"{&quot;navigation&quot;:&quot;both&quot;,&quot;autoplay&quot;:&quot;yes&quot;,&quot;pause_on_hover&quot;:&quot;yes&quot;,&quot;pause_on_interaction&quot;:&quot;yes&quot;,&quot;autoplay_speed&quot;:5000,&quot;infinite&quot;:&quot;yes&quot;,&quot;transition&quot;:&quot;slide&quot;,&quot;transition_speed&quot;:500}\" data-widget_type=\"slides.default\">\n\t\t\t\t<div class=\"elementor-widget-container\">\n\t\t\t\t\t\t\t\t\t<div class=\"elementor-swiper\">\n\t\t\t\t\t<div class=\"elementor-slides-wrapper elementor-main-swiper swiper\" role=\"region\" aria-roledescription=\"carousel\" aria-label=\"\u0421\u043b\u0430\u0439\u0434\u0435\u0440\" dir=\"ltr\" data-animation=\"fadeInUp\">\n\t\t\t\t<div class=\"swiper-wrapper elementor-slides\">\n\t\t\t\t\t\t\t\t\t\t<div class=\"elementor-repeater-item-af9ec4f swiper-slide\" role=\"group\" aria-roledescription=\"slide\"><div class=\"swiper-slide-bg elementor-ken-burns elementor-ken-burns--in\" role=\"img\"><\/div><div class=\"swiper-slide-inner\" ><div class=\"swiper-slide-contents\"><\/div><\/div><\/div>\t\t\t\t<\/div>\n\t\t\t\t\t\t\t<\/div>\n\t\t\t\t<\/div>\n\t\t\t\t\t\t\t\t<\/div>\n\t\t\t\t<\/div>\n\t\t\t\t<div class=\"elementor-element elementor-element-8544d1a elementor-widget elementor-widget-text-editor\" data-id=\"8544d1a\" data-element_type=\"widget\" data-widget_type=\"text-editor.default\">\n\t\t\t\t<div class=\"elementor-widget-container\">\n\t\t\t\t\t\t\t\t\t<p style=\"text-align: left;\">\u0427\u0430\u0441\u0442\u043d\u0430\u044f \u043e\u0440\u0442\u043e\u043f\u0435\u0434\u0438\u0447\u0435\u0441\u043a\u0430\u044f \u043a\u043b\u0438\u043d\u0438\u043a\u0430 \u0434\u043e\u043a\u0442\u043e\u0440\u0430 \u0422\u043e\u043c\u0430\u0441\u0430 \u041f\u0430\u0443\u043b\u0438 \u043d\u0430\u0445\u043e\u0434\u0438\u0442\u0441\u044f \u043f\u043e \u0430\u0434\u0440\u0435\u0441\u0443 \u041a\u0451\u043d\u0438\u0433\u0441\u0430\u043b\u043b\u0435\u0435, 94 \u0432 \u0433. \u0414\u044e\u0441\u0441\u0435\u043b\u044c\u0434\u043e\u0440\u0444\u0435<\/p><p style=\"text-align: left;\">\u041f\u0440\u0438\u0451\u043c\u043d\u044b\u0435 \u0447\u0430\u0441\u044b: \u043f\u043e\u043d\u0435\u0434\u0435\u043b\u044c\u043d\u0438\u043a \u2013 \u043f\u044f\u0442\u043d\u0438\u0446\u0430 \u0441 7:00 \u0434\u043e 20:00, \u043f\u0440\u0438 \u043d\u0435\u043e\u0431\u0445\u043e\u0434\u0438\u043c\u043e\u0441\u0442\u0438 \u2013 \u0442\u0430\u043a\u0436\u0435 \u0438 \u043f\u043e \u0441\u0443\u0431\u0431\u043e\u0442\u0430\u043c.<\/p><p style=\"text-align: left;\">\u0422\u0435\u043b.:\u00a0<a href=\"https:\/\/dr-thomas-pauly.de\/ru\/kontakt\/\">0211 300 40 383<\/a><\/p><p style=\"text-align: left;\">\u042d\u043b\u0435\u043a\u0442\u0440\u043e\u043d\u043d\u0430\u044f \u043f\u043e\u0447\u0442\u0430:\u00a0<a href=\"mailto:praxis@dr-thomas-pauly.de\">clinic@dr-thomas-pauly.de<\/a>.<\/p><p style=\"text-align: left;\"><a class=\"pauly-button\" href=\"http:\/\/kontakt\">\u041e\u0440\u0433\u0430\u043d\u0438\u0437\u043e\u0432\u0430\u0442\u044c \u0432\u0441\u0442\u0440\u0435\u0447\u0443<\/a><\/p>\t\t\t\t\t\t\t\t<\/div>\n\t\t\t\t<\/div>\n\t\t\t\t\t<\/div>\n\t\t<\/div>\n\t\t\t\t\t<\/div>\n\t\t<\/section>\n\t\t\t\t<\/div>","protected":false},"excerpt":{"rendered":"<p>Privatpraxis Dr. med. Thomas Pauly \u2013 Spezielle Schmerztherapie In der orthop\u00e4dischen Privatpraxis Dr. med. Thomas Pauly setzen wir in Kooperation mit radiologischen Kollegen durch Computertomographie (gezieltes Verfahren zur Lokalisierung des Krankheitsherdes) gest\u00fctzte Verfahren zur Behandlung akuter und chronischer Schmerzen im R\u00fccken ein. Dabei erfolgt eine strenge Indikationsstellung und zielorientierte Durchf\u00fchrung um die Strahlenbelastung f\u00fcr den [&hellip;]<\/p>","protected":false},"author":1,"featured_media":0,"parent":0,"menu_order":0,"comment_status":"closed","ping_status":"closed","template":"","meta":{"footnotes":""},"class_list":["post-241","page","type-page","status-publish","hentry"],"yoast_head":"<!-- This site is optimized with the Yoast SEO plugin v25.4 - https:\/\/yoast.com\/wordpress\/plugins\/seo\/ -->\n<title>Spezielle Schmerztherapie auf der K\u00f6nigsallee in D\u00fcsseldorf<\/title>\n<meta name=\"description\" content=\"Behandlung akuter und chronischer Schmerzen im R\u00fccken durch Computertomographie gest\u00fctzte Verfahren | Orthop\u00e4de Dr. Thomas Pauly in D\u00fcsseldorf\" \/>\n<meta name=\"robots\" content=\"index, follow, max-snippet:-1, max-image-preview:large, max-video-preview:-1\" \/>\n<link rel=\"canonical\" href=\"https:\/\/dr-thomas-pauly.de\/ru\/spezielle-schmerztherapie\/\" \/>\n<meta property=\"og:locale\" content=\"ru_RU\" \/>\n<meta property=\"og:type\" content=\"article\" \/>\n<meta property=\"og:title\" content=\"Spezielle Schmerztherapie auf der K\u00f6nigsallee in D\u00fcsseldorf\" \/>\n<meta property=\"og:description\" content=\"Behandlung akuter und chronischer Schmerzen im R\u00fccken durch Computertomographie gest\u00fctzte Verfahren | Orthop\u00e4de Dr. Thomas Pauly in D\u00fcsseldorf\" \/>\n<meta property=\"og:url\" content=\"https:\/\/dr-thomas-pauly.de\/ru\/spezielle-schmerztherapie\/\" \/>\n<meta property=\"og:site_name\" content=\"Dr. Thomas Pauly\" \/>\n<meta property=\"article:modified_time\" content=\"2020-05-14T13:33:36+00:00\" \/>\n<meta property=\"og:image\" content=\"https:\/\/dr-thomas-pauly.de\/wp-content\/uploads\/2020\/05\/spezielle-schmerztherapie-duesseldorf-koenigsallee-orthopaede-pauly-header.jpg\" \/>\n<meta name=\"twitter:card\" content=\"summary_large_image\" \/>\n<meta name=\"twitter:site\" content=\"@koe94\" \/>\n<meta name=\"twitter:label1\" content=\"\u041f\u0440\u0438\u043c\u0435\u0440\u043d\u043e\u0435 \u0432\u0440\u0435\u043c\u044f \u0434\u043b\u044f \u0447\u0442\u0435\u043d\u0438\u044f\" \/>\n\t<meta name=\"twitter:data1\" content=\"1 \u043c\u0438\u043d\u0443\u0442\u0430\" \/>\n<script type=\"application\/ld+json\" class=\"yoast-schema-graph\">{\"@context\":\"https:\/\/schema.org\",\"@graph\":[{\"@type\":\"WebPage\",\"@id\":\"https:\/\/dr-thomas-pauly.de\/spezielle-schmerztherapie\/\",\"url\":\"https:\/\/dr-thomas-pauly.de\/spezielle-schmerztherapie\/\",\"name\":\"Spezielle Schmerztherapie auf der K\u00f6nigsallee in D\u00fcsseldorf\",\"isPartOf\":{\"@id\":\"https:\/\/dr-thomas-pauly.de\/#website\"},\"primaryImageOfPage\":{\"@id\":\"https:\/\/dr-thomas-pauly.de\/spezielle-schmerztherapie\/#primaryimage\"},\"image\":{\"@id\":\"https:\/\/dr-thomas-pauly.de\/spezielle-schmerztherapie\/#primaryimage\"},\"thumbnailUrl\":\"https:\/\/dr-thomas-pauly.de\/wp-content\/uploads\/2020\/05\/spezielle-schmerztherapie-duesseldorf-koenigsallee-orthopaede-pauly-header.jpg\",\"datePublished\":\"2018-08-25T02:23:06+00:00\",\"dateModified\":\"2020-05-14T13:33:36+00:00\",\"description\":\"Behandlung akuter und chronischer Schmerzen im R\u00fccken durch Computertomographie gest\u00fctzte Verfahren | Orthop\u00e4de Dr. Thomas Pauly in D\u00fcsseldorf\",\"breadcrumb\":{\"@id\":\"https:\/\/dr-thomas-pauly.de\/spezielle-schmerztherapie\/#breadcrumb\"},\"inLanguage\":\"ru-RU\",\"potentialAction\":[{\"@type\":\"ReadAction\",\"target\":[\"https:\/\/dr-thomas-pauly.de\/spezielle-schmerztherapie\/\"]}]},{\"@type\":\"ImageObject\",\"inLanguage\":\"ru-RU\",\"@id\":\"https:\/\/dr-thomas-pauly.de\/spezielle-schmerztherapie\/#primaryimage\",\"url\":\"https:\/\/dr-thomas-pauly.de\/wp-content\/uploads\/2020\/05\/spezielle-schmerztherapie-duesseldorf-koenigsallee-orthopaede-pauly-header.jpg\",\"contentUrl\":\"https:\/\/dr-thomas-pauly.de\/wp-content\/uploads\/2020\/05\/spezielle-schmerztherapie-duesseldorf-koenigsallee-orthopaede-pauly-header.jpg\"},{\"@type\":\"BreadcrumbList\",\"@id\":\"https:\/\/dr-thomas-pauly.de\/spezielle-schmerztherapie\/#breadcrumb\",\"itemListElement\":[{\"@type\":\"ListItem\",\"position\":1,\"name\":\"Startseite\",\"item\":\"https:\/\/dr-thomas-pauly.de\/\"},{\"@type\":\"ListItem\",\"position\":2,\"name\":\"Spezielle Schmerztherapie\"}]},{\"@type\":\"WebSite\",\"@id\":\"https:\/\/dr-thomas-pauly.de\/#website\",\"url\":\"https:\/\/dr-thomas-pauly.de\/\",\"name\":\"Dr. Thomas Pauly\",\"description\":\"Orthop\u00e4dische Privatpraxis K\u00f6nigsallee 94 in D\u00fcsseldorf.\",\"publisher\":{\"@id\":\"https:\/\/dr-thomas-pauly.de\/#organization\"},\"potentialAction\":[{\"@type\":\"SearchAction\",\"target\":{\"@type\":\"EntryPoint\",\"urlTemplate\":\"https:\/\/dr-thomas-pauly.de\/?s={search_term_string}\"},\"query-input\":{\"@type\":\"PropertyValueSpecification\",\"valueRequired\":true,\"valueName\":\"search_term_string\"}}],\"inLanguage\":\"ru-RU\"},{\"@type\":\"Organization\",\"@id\":\"https:\/\/dr-thomas-pauly.de\/#organization\",\"name\":\"Dr Thomas Pauly\",\"url\":\"https:\/\/dr-thomas-pauly.de\/\",\"logo\":{\"@type\":\"ImageObject\",\"inLanguage\":\"ru-RU\",\"@id\":\"https:\/\/dr-thomas-pauly.de\/#\/schema\/logo\/image\/\",\"url\":\"https:\/\/dr-thomas-pauly.de\/wp-content\/uploads\/2019\/12\/logo-dr-thomas-pauly.png\",\"contentUrl\":\"https:\/\/dr-thomas-pauly.de\/wp-content\/uploads\/2019\/12\/logo-dr-thomas-pauly.png\",\"width\":804,\"height\":772,\"caption\":\"Dr Thomas Pauly\"},\"image\":{\"@id\":\"https:\/\/dr-thomas-pauly.de\/#\/schema\/logo\/image\/\"},\"sameAs\":[\"https:\/\/x.com\/koe94\",\"http:\/\/dr-thomas-pauly\"]}]}<\/script>\n<!-- \/ Yoast SEO plugin. -->","yoast_head_json":{"title":"Spezielle Schmerztherapie auf der K\u00f6nigsallee in D\u00fcsseldorf","description":"Behandlung akuter und chronischer Schmerzen im R\u00fccken durch Computertomographie gest\u00fctzte Verfahren | Orthop\u00e4de Dr. Thomas Pauly in D\u00fcsseldorf","robots":{"index":"index","follow":"follow","max-snippet":"max-snippet:-1","max-image-preview":"max-image-preview:large","max-video-preview":"max-video-preview:-1"},"canonical":"https:\/\/dr-thomas-pauly.de\/ru\/spezielle-schmerztherapie\/","og_locale":"ru_RU","og_type":"article","og_title":"Spezielle Schmerztherapie auf der K\u00f6nigsallee in D\u00fcsseldorf","og_description":"Behandlung akuter und chronischer Schmerzen im R\u00fccken durch Computertomographie gest\u00fctzte Verfahren | Orthop\u00e4de Dr. Thomas Pauly in D\u00fcsseldorf","og_url":"https:\/\/dr-thomas-pauly.de\/ru\/spezielle-schmerztherapie\/","og_site_name":"Dr. Thomas Pauly","article_modified_time":"2020-05-14T13:33:36+00:00","og_image":[{"url":"https:\/\/dr-thomas-pauly.de\/wp-content\/uploads\/2020\/05\/spezielle-schmerztherapie-duesseldorf-koenigsallee-orthopaede-pauly-header.jpg","type":"","width":"","height":""}],"twitter_card":"summary_large_image","twitter_site":"@koe94","twitter_misc":{"\u041f\u0440\u0438\u043c\u0435\u0440\u043d\u043e\u0435 \u0432\u0440\u0435\u043c\u044f \u0434\u043b\u044f \u0447\u0442\u0435\u043d\u0438\u044f":"1 \u043c\u0438\u043d\u0443\u0442\u0430"},"schema":{"@context":"https:\/\/schema.org","@graph":[{"@type":"WebPage","@id":"https:\/\/dr-thomas-pauly.de\/spezielle-schmerztherapie\/","url":"https:\/\/dr-thomas-pauly.de\/spezielle-schmerztherapie\/","name":"Spezielle Schmerztherapie auf der K\u00f6nigsallee in D\u00fcsseldorf","isPartOf":{"@id":"https:\/\/dr-thomas-pauly.de\/#website"},"primaryImageOfPage":{"@id":"https:\/\/dr-thomas-pauly.de\/spezielle-schmerztherapie\/#primaryimage"},"image":{"@id":"https:\/\/dr-thomas-pauly.de\/spezielle-schmerztherapie\/#primaryimage"},"thumbnailUrl":"https:\/\/dr-thomas-pauly.de\/wp-content\/uploads\/2020\/05\/spezielle-schmerztherapie-duesseldorf-koenigsallee-orthopaede-pauly-header.jpg","datePublished":"2018-08-25T02:23:06+00:00","dateModified":"2020-05-14T13:33:36+00:00","description":"Behandlung akuter und chronischer Schmerzen im R\u00fccken durch Computertomographie gest\u00fctzte Verfahren | Orthop\u00e4de Dr. Thomas Pauly in D\u00fcsseldorf","breadcrumb":{"@id":"https:\/\/dr-thomas-pauly.de\/spezielle-schmerztherapie\/#breadcrumb"},"inLanguage":"ru-RU","potentialAction":[{"@type":"ReadAction","target":["https:\/\/dr-thomas-pauly.de\/spezielle-schmerztherapie\/"]}]},{"@type":"ImageObject","inLanguage":"ru-RU","@id":"https:\/\/dr-thomas-pauly.de\/spezielle-schmerztherapie\/#primaryimage","url":"https:\/\/dr-thomas-pauly.de\/wp-content\/uploads\/2020\/05\/spezielle-schmerztherapie-duesseldorf-koenigsallee-orthopaede-pauly-header.jpg","contentUrl":"https:\/\/dr-thomas-pauly.de\/wp-content\/uploads\/2020\/05\/spezielle-schmerztherapie-duesseldorf-koenigsallee-orthopaede-pauly-header.jpg"},{"@type":"BreadcrumbList","@id":"https:\/\/dr-thomas-pauly.de\/spezielle-schmerztherapie\/#breadcrumb","itemListElement":[{"@type":"ListItem","position":1,"name":"Startseite","item":"https:\/\/dr-thomas-pauly.de\/"},{"@type":"ListItem","position":2,"name":"Spezielle Schmerztherapie"}]},{"@type":"WebSite","@id":"https:\/\/dr-thomas-pauly.de\/#website","url":"https:\/\/dr-thomas-pauly.de\/","name":"Dr. Thomas Pauly","description":"Orthop\u00e4dische Privatpraxis K\u00f6nigsallee 94 in D\u00fcsseldorf.","publisher":{"@id":"https:\/\/dr-thomas-pauly.de\/#organization"},"potentialAction":[{"@type":"SearchAction","target":{"@type":"EntryPoint","urlTemplate":"https:\/\/dr-thomas-pauly.de\/?s={search_term_string}"},"query-input":{"@type":"PropertyValueSpecification","valueRequired":true,"valueName":"search_term_string"}}],"inLanguage":"ru-RU"},{"@type":"Organization","@id":"https:\/\/dr-thomas-pauly.de\/#organization","name":"Dr Thomas Pauly","url":"https:\/\/dr-thomas-pauly.de\/","logo":{"@type":"ImageObject","inLanguage":"ru-RU","@id":"https:\/\/dr-thomas-pauly.de\/#\/schema\/logo\/image\/","url":"https:\/\/dr-thomas-pauly.de\/wp-content\/uploads\/2019\/12\/logo-dr-thomas-pauly.png","contentUrl":"https:\/\/dr-thomas-pauly.de\/wp-content\/uploads\/2019\/12\/logo-dr-thomas-pauly.png","width":804,"height":772,"caption":"Dr Thomas Pauly"},"image":{"@id":"https:\/\/dr-thomas-pauly.de\/#\/schema\/logo\/image\/"},"sameAs":["https:\/\/x.com\/koe94","http:\/\/dr-thomas-pauly"]}]}},"_links":{"self":[{"href":"https:\/\/dr-thomas-pauly.de\/ru\/wp-json\/wp\/v2\/pages\/241","targetHints":{"allow":["GET"]}}],"collection":[{"href":"https:\/\/dr-thomas-pauly.de\/ru\/wp-json\/wp\/v2\/pages"}],"about":[{"href":"https:\/\/dr-thomas-pauly.de\/ru\/wp-json\/wp\/v2\/types\/page"}],"author":[{"embeddable":true,"href":"https:\/\/dr-thomas-pauly.de\/ru\/wp-json\/wp\/v2\/users\/1"}],"replies":[{"embeddable":true,"href":"https:\/\/dr-thomas-pauly.de\/ru\/wp-json\/wp\/v2\/comments?post=241"}],"version-history":[{"count":9,"href":"https:\/\/dr-thomas-pauly.de\/ru\/wp-json\/wp\/v2\/pages\/241\/revisions"}],"predecessor-version":[{"id":1950,"href":"https:\/\/dr-thomas-pauly.de\/ru\/wp-json\/wp\/v2\/pages\/241\/revisions\/1950"}],"wp:attachment":[{"href":"https:\/\/dr-thomas-pauly.de\/ru\/wp-json\/wp\/v2\/media?parent=241"}],"curies":[{"name":"wp","href":"https:\/\/api.w.org\/{rel}","templated":true}]}}